{"id":1016,"date":"2026-02-22T16:17:45","date_gmt":"2026-02-22T16:17:45","guid":{"rendered":"https:\/\/shatranj.art\/?page_id=1016"},"modified":"2026-02-24T09:42:49","modified_gmt":"2026-02-24T09:42:49","slug":"poster-24","status":"publish","type":"page","link":"https:\/\/shatranj.art\/tk\/exhibit\/poster-24\/","title":{"rendered":"24-nji plakat"},"content":{"rendered":"<div data-elementor-type=\"wp-page\" data-elementor-id=\"1016\" class=\"elementor elementor-1016\" data-elementor-post-type=\"page\">\n\t\t\t\t<div class=\"elementor-element elementor-element-cbef851 e-flex e-con-boxed e-con e-parent\" data-id=\"cbef851\" data-element_type=\"container\" data-e-type=\"container\" data-settings=\"{&quot;background_background&quot;:&quot;classic&quot;}\">\n\t\t\t\t\t<div class=\"e-con-inner\">\n\t\t<div class=\"elementor-element elementor-element-919ca16 e-con-full e-flex e-con e-child\" data-id=\"919ca16\" data-element_type=\"container\" data-e-type=\"container\">\n\t\t\t\t<div class=\"elementor-element elementor-element-3a8b40d elementor-widget elementor-widget-image\" data-id=\"3a8b40d\" data-element_type=\"widget\" data-e-type=\"widget\" data-widget_type=\"image.default\">\n\t\t\t\t<div class=\"elementor-widget-container\">\n\t\t\t\t\t\t\t\t\t\t\t\t\t\t\t<img fetchpriority=\"high\" decoding=\"async\" width=\"800\" height=\"534\" src=\"https:\/\/shatranj.art\/wp-content\/uploads\/2026\/02\/21-1024x683.jpg\" class=\"attachment-large size-large wp-image-995\" alt=\"\" srcset=\"https:\/\/shatranj.art\/wp-content\/uploads\/2026\/02\/21-1024x683.jpg 1024w, https:\/\/shatranj.art\/wp-content\/uploads\/2026\/02\/21-300x200.jpg 300w, https:\/\/shatranj.art\/wp-content\/uploads\/2026\/02\/21-768x512.jpg 768w, https:\/\/shatranj.art\/wp-content\/uploads\/2026\/02\/21-1536x1024.jpg 1536w, https:\/\/shatranj.art\/wp-content\/uploads\/2026\/02\/21-2048x1366.jpg 2048w\" sizes=\"(max-width: 800px) 100vw, 800px\" \/>\t\t\t\t\t\t\t\t\t\t\t\t\t\t\t<\/div>\n\t\t\t\t<\/div>\n\t\t\t\t<div class=\"elementor-element elementor-element-07a7613 elementor-widget elementor-widget-text-editor\" data-id=\"07a7613\" data-element_type=\"widget\" data-e-type=\"widget\" data-widget_type=\"text-editor.default\">\n\t\t\t\t<div class=\"elementor-widget-container\">\n\t\t\t\t\t\t\t\t\t<p>\u015eAH\u00ce \u015fahmat toplumy di\u0148e o\u00fdun d\u00e4l; ol medeni\u00fdetleri\u0148, d\u00f6w\u00fcrleri\u0148 we filosofi\u00fdalary\u0148 arasynda k\u00f6pridir. Imperi\u00fda we paty\u015falyk du\u00fdgularyny d\u00f6retmek \u00fc\u00e7in ni\u00fdetlenen bu toplumy\u0148 ady Balkan \u00fdurtlarynda we k\u00f6p sanly slan\u00fdan dillerinde \u015fahmat o\u00fdny a\u0148latmak \u00fc\u00e7in gi\u0148den ulanyl\u00fdan termininden alnan.<\/p><p>\u201c\u015eAH\u00ce\u201d s\u00f6zi \u00f6z\u00fc paty\u015fa h\u00e4si\u00fdetlendiriji h\u00f6km\u00fcnde i\u015fle\u00fd\u00e4r, \u00fdagny \u201c\u015eaha mahsus\u201d di\u00fdmegi a\u0148lad\u00fdar we g\u00fc\u00fd\u00e7, be\u00fdiklik hem-de strategiki \u00e7u\u0148luk manylaryny ber\u00fd\u00e4n edebi agrama e\u00fdedir.<\/p><h3><b>Medeni \u00f6s\u00fc\u015fi\u0148 \u015faheseri<\/b><\/h3><p>Tejribeli \u015fahmat mugallymy we \u00f6\u0148ki MIT-i\u0148 birinji doska o\u00fdun\u00e7ysy Tamer Karatekin tarapyndan d\u00f6redilen bu toplum o\u00fdnu\u0148 taryhyny owadan be\u00fdan ed\u00fd\u00e4r. Her bir fi\u00fdgur \u00f6zbolu\u015fly taryhy heka\u00fdany be\u00fdan etmek \u00fc\u00e7in \u00fd\u00f6rite ta\u00fd\u00fdarlanyldy:<\/p><ul><li style=\"font-weight: 400;\" aria-level=\"1\"><b>G\u00fcl\u015fah (Paty\u015fa):<\/b><span style=\"font-weight: 400;\"> Hagia Sophia we Pantheon \u00fdaly gurlu\u015flardan ylhamlanan kubb\u00e4ni\u0148 mukaddesligini we ba\u015f \u00f6rt\u00fcgini\u0148 intellektual mirasyny a\u0148lad\u00fdar.<\/span><\/li><li style=\"font-weight: 400;\" aria-level=\"1\"><b>Sokol (Paty\u015fa\/Wezir):<\/b><span style=\"font-weight: 400;\"> Falcon harby ny\u015fanyny\u0148 ady bilen atlandyrylan we Awstria kafe \u00f6\u00fdlerini\u0148 \u015fahmat toplumyny\u0148 so\u0148ky piyaz kubbeli diza\u00fdny hem-de kask formasyndan ylham alan bu ny\u015fan harby h\u00e4kim\u00fdeti we \u201cvezir\u201di\u0148 akyl-pa\u00fdhaslygyny simwolizir ed\u00fd\u00e4r. Sokolovichi Osman imperi\u00fdasyny\u0148 i\u0148 t\u00e4sirli ba\u015f veziri Sokollu Mehmet Pa\u015fa\u0148 doglan \u015f\u00e4heri boldy.<\/span><\/li><li style=\"font-weight: 400;\" aria-level=\"1\"><b>Bukefal (Rytsar):<\/b><span style=\"font-weight: 400;\"> Ulug Aleksandr-i\u0148 rowa\u00fdatdaky atyny\u0148 ady bilen atlandyrylan, G\u00fcndogar bilen G\u00fcnbatar arasynda medeni\u00fdeti\u0148 iki tarapla\u00fdyn aly\u015f-\u00e7aly\u015fyny ny\u015fanlandyr\u00fdar.<\/span><\/li><li style=\"font-weight: 400;\" aria-level=\"1\"><b>\u015eahrukh (The Rook):<\/b><span style=\"font-weight: 400;\"> Ur\u015f arabanasyny\u0148, galany\u0148, topy\u0148 we g\u00e4mini\u0148 elementlerini \u00f6z i\u00e7ine al\u00fdan harby \u00f6s\u00fc\u015fi\u0148 aja\u00fdyp sintezi. \u015eahmat ussady we serkerd\u00e4 Timur ogluna \u015eahruh adyny berdi, seb\u00e4bi onu\u0148 doglandygy baradaky habar \u015fahmat o\u00fdny wagtynda gelipdi.<\/span><\/li><li style=\"font-weight: 400;\" aria-level=\"1\"><b>Abul-Abbas (Piskopos\/Fil):<\/b><span style=\"font-weight: 400;\"> \u015earlman\u00fda sowgat edilen filli\u0148 ny\u015fanly sy\u00fdahatyny g\u00f6rkez\u00fd\u00e4r we \u015fahmaty\u0148 \u00fc\u00e7 kontinenti\u0148 \u00fcsti bilen g\u00f6\u00e7ini yzarlap bar\u00fdar.<\/span><\/li><li style=\"font-weight: 400;\" aria-level=\"1\"><b>R\u00e9gence-Philidor (Piyon):<\/b><span style=\"font-weight: 400;\"> Parisi\u0148 Akl-\u00fdeterlilik d\u00f6wr\u00fcni\u0148 kafeleri we Filidory\u0148 me\u015fhur maksymyndan ylham alnan: \u201cPiyadalar \u015fahmaty\u0148 janydyr\u201d.<\/span><\/li><\/ul>\t\t\t\t\t\t\t\t<\/div>\n\t\t\t\t<\/div>\n\t\t\t\t<div class=\"elementor-element elementor-element-52a94ef elementor-widget elementor-widget-text-editor\" data-id=\"52a94ef\" data-element_type=\"widget\" data-e-type=\"widget\" data-widget_type=\"text-editor.default\">\n\t\t\t\t<div class=\"elementor-widget-container\">\n\t\t\t\t\t\t\t\t\t<h3><b>Diza\u00fdn we maksady<\/b><\/h3><p>\u015eAH\u00ce toplumy sungat sergisi we bilim-tournament maksatly funksi\u00fdaly gurala \u00f6wr\u00fclmek \u00fc\u00e7in \u00fcns bilen ta\u00fd\u00fdarlanyldy. Onu\u0148 diza\u00fdn filosofi\u00fdasy medeni we ruhy ta\u00fddan hemmeleri \u00f6z i\u00e7ine al\u00fdanlyga esaslan\u00fdar we d\u00fcn\u00fd\u00e4ni\u0148 d\u00fcrli k\u00fcnjeginden bolan o\u00fdun\u00e7ylary\u0148 du\u00fdgularyna deg\u00fd\u00e4ndigini \u00fcpj\u00fcn ed\u00fd\u00e4r.<\/p><p><b>Goldawy\u0148 mirasy:<\/b><\/p><p>Bu toplumy\u0148 \u00f6nd\u00fcrilmegi Massachusetts Medeni\u00fdet Ge\u0148e\u015fi we \u00ddewropa Bilele\u015figini\u0148 \u00dda\u015flar programmasyny\u0148 goldawy bilen m\u00fcmkin boldy.<\/p>\t\t\t\t\t\t\t\t<\/div>\n\t\t\t\t<\/div>\n\t\t\t\t<\/div>\n\t\t\t\t\t<\/div>\n\t\t\t\t<\/div>\n\t\t\t\t<\/div>","protected":false},"excerpt":{"rendered":"<p>The \u015eAH\u00ce Chess Set is more than just a game; it is a bridge between cultures, eras, and philosophies. Designed to evoke both imperial and royal sensations, the set draws its name from a term widely used in the Balkans and many Slavic languages to refer to the game of chess. The word &#8220;\u015eAH\u00ce&#8221; itself [&hellip;]<\/p>\n","protected":false},"author":1,"featured_media":0,"parent":743,"menu_order":0,"comment_status":"closed","ping_status":"closed","template":"","meta":{"footnotes":""},"class_list":["post-1016","page","type-page","status-publish","hentry"],"_links":{"self":[{"href":"https:\/\/shatranj.art\/tk\/wp-json\/wp\/v2\/pages\/1016","targetHints":{"allow":["GET"]}}],"collection":[{"href":"https:\/\/shatranj.art\/tk\/wp-json\/wp\/v2\/pages"}],"about":[{"href":"https:\/\/shatranj.art\/tk\/wp-json\/wp\/v2\/types\/page"}],"author":[{"embeddable":true,"href":"https:\/\/shatranj.art\/tk\/wp-json\/wp\/v2\/users\/1"}],"replies":[{"embeddable":true,"href":"https:\/\/shatranj.art\/tk\/wp-json\/wp\/v2\/comments?post=1016"}],"version-history":[{"count":19,"href":"https:\/\/shatranj.art\/tk\/wp-json\/wp\/v2\/pages\/1016\/revisions"}],"predecessor-version":[{"id":1601,"href":"https:\/\/shatranj.art\/tk\/wp-json\/wp\/v2\/pages\/1016\/revisions\/1601"}],"up":[{"embeddable":true,"href":"https:\/\/shatranj.art\/tk\/wp-json\/wp\/v2\/pages\/743"}],"wp:attachment":[{"href":"https:\/\/shatranj.art\/tk\/wp-json\/wp\/v2\/media?parent=1016"}],"curies":[{"name":"wp","href":"https:\/\/api.w.org\/{rel}","templated":true}]}}