{"id":1045,"date":"2026-02-22T18:00:08","date_gmt":"2026-02-22T18:00:08","guid":{"rendered":"https:\/\/shatranj.art\/?page_id=1045"},"modified":"2026-02-23T06:54:44","modified_gmt":"2026-02-23T06:54:44","slug":"poster-27","status":"publish","type":"page","link":"https:\/\/shatranj.art\/tk\/exhibit\/poster-27\/","title":{"rendered":"27-nji poster"},"content":{"rendered":"<div data-elementor-type=\"wp-page\" data-elementor-id=\"1045\" class=\"elementor elementor-1045\" data-elementor-post-type=\"page\">\n\t\t\t\t<div class=\"elementor-element elementor-element-cb9e80e e-flex e-con-boxed e-con e-parent\" data-id=\"cb9e80e\" data-element_type=\"container\" data-e-type=\"container\" data-settings=\"{&quot;background_background&quot;:&quot;classic&quot;}\">\n\t\t\t\t\t<div class=\"e-con-inner\">\n\t\t<div class=\"elementor-element elementor-element-c0024d0 e-con-full e-flex e-con e-child\" data-id=\"c0024d0\" data-element_type=\"container\" data-e-type=\"container\">\n\t\t\t\t<div class=\"elementor-element elementor-element-99752bb elementor-widget elementor-widget-image\" data-id=\"99752bb\" data-element_type=\"widget\" data-e-type=\"widget\" data-widget_type=\"image.default\">\n\t\t\t\t<div class=\"elementor-widget-container\">\n\t\t\t\t\t\t\t\t\t\t\t\t\t\t\t<img fetchpriority=\"high\" decoding=\"async\" width=\"800\" height=\"720\" src=\"https:\/\/shatranj.art\/wp-content\/uploads\/2026\/02\/dede-takimi-kale-top-subotica.jpg\" class=\"attachment-large size-large wp-image-1047\" alt=\"\" srcset=\"https:\/\/shatranj.art\/wp-content\/uploads\/2026\/02\/dede-takimi-kale-top-subotica.jpg 1024w, https:\/\/shatranj.art\/wp-content\/uploads\/2026\/02\/dede-takimi-kale-top-subotica-300x270.jpg 300w, https:\/\/shatranj.art\/wp-content\/uploads\/2026\/02\/dede-takimi-kale-top-subotica-768x692.jpg 768w\" sizes=\"(max-width: 800px) 100vw, 800px\" \/>\t\t\t\t\t\t\t\t\t\t\t\t\t\t\t<\/div>\n\t\t\t\t<\/div>\n\t\t\t\t<div class=\"elementor-element elementor-element-d61bb1f elementor-widget elementor-widget-text-editor\" data-id=\"d61bb1f\" data-element_type=\"widget\" data-e-type=\"widget\" data-widget_type=\"text-editor.default\">\n\t\t\t\t<div class=\"elementor-widget-container\">\n\t\t\t\t\t\t\t\t\t<h3><b>Balkanlary\u0148 kanony<\/b><\/h3><p><b>G\u00fcnorta Slowen \u201cTop\u201d (Cannon) diza\u00fdny<\/b><\/p><p>G\u00fcnorta Slaw d\u00e4plerinde rok ikonografiyasy arhitekturadan artiller\u00fda ugruna ge\u00e7\u00fd\u00e4r. Bu b\u00f6lek \u201cTop\u201d (\u00fdagny \"kanon\") di\u00fdlip atlandyryl\u00fdandygy \u00fc\u00e7in, me\u015fhur Subotica toplumy \u00fdaly k\u00f6p sebit diza\u00fdnlary galany\u0148 bur\u00e7ly diwarlaryny terk ed\u00fd\u00e4rler. Munu\u0148 \u00fderine, bu b\u00f6lek silindrik \u00fda-da in\u00e7e ugruk\u00fdan g\u00f6rn\u00fc\u015fe e\u00fde bolup, i\u00e7e \u00e7\u00f6k\u00fck, kupa me\u0148ze\u015f \u00fdokarky b\u00f6legi bilen topy\u0148 agzyny \u00fdatlad\u00fdar. Bu \u00f6s\u00fc\u015f Balkanlary\u0148 \u00f6zbolu\u015fly dil we medeni gatlaklaryny g\u00f6rkez\u00fd\u00e4r; t\u00fcrk, slan\u00fd we Awstri\u00fda-Wengri\u00fda t\u00e4sirleri k\u00f6plen\u00e7 b\u00f6lekleri\u0148 iki adyny d\u00f6red\u00fd\u00e4r, meselem Top we Kula (Gala). Bu medeni kesi\u015fme \u015fahmaty\u0148 d\u00fcrli taryhy d\u00f6w\u00fcrler we jemgy\u00fdetler arasynda k\u00f6pr\u00fc bolup hyzmat ed\u00fd\u00e4ndigini nygta\u00fdar.<\/p>\t\t\t\t\t\t\t\t<\/div>\n\t\t\t\t<\/div>\n\t\t\t\t<\/div>\n\t\t<div class=\"elementor-element elementor-element-d9490d4 e-con-full e-flex e-con e-child\" data-id=\"d9490d4\" data-element_type=\"container\" data-e-type=\"container\">\n\t\t\t\t<div class=\"elementor-element elementor-element-53c002b elementor-widget elementor-widget-image\" data-id=\"53c002b\" data-element_type=\"widget\" data-e-type=\"widget\" data-widget_type=\"image.default\">\n\t\t\t\t<div class=\"elementor-widget-container\">\n\t\t\t\t\t\t\t\t\t\t\t\t\t\t\t<img decoding=\"async\" width=\"800\" height=\"921\" src=\"https:\/\/shatranj.art\/wp-content\/uploads\/2026\/02\/rook-nishapur-889x1024.jpeg\" class=\"attachment-large size-large wp-image-1048\" alt=\"\" srcset=\"https:\/\/shatranj.art\/wp-content\/uploads\/2026\/02\/rook-nishapur-889x1024.jpeg 889w, https:\/\/shatranj.art\/wp-content\/uploads\/2026\/02\/rook-nishapur-261x300.jpeg 261w, https:\/\/shatranj.art\/wp-content\/uploads\/2026\/02\/rook-nishapur-768x884.jpeg 768w, https:\/\/shatranj.art\/wp-content\/uploads\/2026\/02\/rook-nishapur.jpeg 1042w\" sizes=\"(max-width: 800px) 100vw, 800px\" \/>\t\t\t\t\t\t\t\t\t\t\t\t\t\t\t<\/div>\n\t\t\t\t<\/div>\n\t\t\t\t<div class=\"elementor-element elementor-element-7b2ef7f elementor-widget elementor-widget-text-editor\" data-id=\"7b2ef7f\" data-element_type=\"widget\" data-e-type=\"widget\" data-widget_type=\"text-editor.default\">\n\t\t\t\t<div class=\"elementor-widget-container\">\n\t\t\t\t\t\t\t\t\t<p><b>Ni\u015fapur rook (Rukh)<\/b> <span style=\"font-weight: 400;\"><br \/><\/span><span style=\"font-weight: 400;\"><br \/><\/span>Ni\u015fapurdan gel\u00fd\u00e4n bu da\u015f b\u00f6legi gadymy Rook bolup, aslynda \"Rukh\" di\u00fdlip atlandyryl\u00fdardy. H\u00e4zirki d\u00f6w\u00fcrde ulanyl\u00fdan Pion\u00e7any\u0148 b\u00f6l\u00fcn\u00fd\u00e4n \u00fdokarky b\u00f6legi k\u00f6plen\u00e7 gadymy filli\u0148 di\u015fleri bilen baglany\u015fdyryl\u00fdar, emma hakykatda iki belent kenary\u0148 arasynda a\u00fddy\u0148 bo\u015fluk bolan d\u00e4p bolan Rook-dyr. Bu V g\u00f6rn\u00fc\u015fli siluet arabany\u0148 abstrakt g\u00f6rn\u00fc\u015fi bolup, irki pars we Orta\u00fder de\u0148zi \u015fahmat toplumlaryny kesgitle\u00fd\u00e4n geometrik diza\u00fdn dilini nygta\u00fdar.<\/p>\t\t\t\t\t\t\t\t<\/div>\n\t\t\t\t<\/div>\n\t\t\t\t<\/div>\n\t\t<div class=\"elementor-element elementor-element-03fdcd4 e-con-full e-flex e-con e-child\" data-id=\"03fdcd4\" data-element_type=\"container\" data-e-type=\"container\">\n\t\t\t\t<div class=\"elementor-element elementor-element-05ec882 elementor-widget elementor-widget-image\" data-id=\"05ec882\" data-element_type=\"widget\" data-e-type=\"widget\" data-widget_type=\"image.default\">\n\t\t\t\t<div class=\"elementor-widget-container\">\n\t\t\t\t\t\t\t\t\t\t\t\t\t\t\t<img decoding=\"async\" width=\"800\" height=\"800\" src=\"https:\/\/shatranj.art\/wp-content\/uploads\/2026\/02\/shahi-rook-shahkrukh-piece-1024x1024.png\" class=\"attachment-large size-large wp-image-1049\" alt=\"\" srcset=\"https:\/\/shatranj.art\/wp-content\/uploads\/2026\/02\/shahi-rook-shahkrukh-piece-1024x1024.png 1024w, https:\/\/shatranj.art\/wp-content\/uploads\/2026\/02\/shahi-rook-shahkrukh-piece-300x300.png 300w, https:\/\/shatranj.art\/wp-content\/uploads\/2026\/02\/shahi-rook-shahkrukh-piece-150x150.png 150w, https:\/\/shatranj.art\/wp-content\/uploads\/2026\/02\/shahi-rook-shahkrukh-piece-768x768.png 768w, https:\/\/shatranj.art\/wp-content\/uploads\/2026\/02\/shahi-rook-shahkrukh-piece-1536x1536.png 1536w, https:\/\/shatranj.art\/wp-content\/uploads\/2026\/02\/shahi-rook-shahkrukh-piece-2048x2048.png 2048w\" sizes=\"(max-width: 800px) 100vw, 800px\" \/>\t\t\t\t\t\t\t\t\t\t\t\t\t\t\t<\/div>\n\t\t\t\t<\/div>\n\t\t\t\t<div class=\"elementor-element elementor-element-cb65d08 elementor-widget elementor-widget-text-editor\" data-id=\"cb65d08\" data-element_type=\"widget\" data-e-type=\"widget\" data-widget_type=\"text-editor.default\">\n\t\t\t\t<div class=\"elementor-widget-container\">\n\t\t\t\t\t\t\t\t\t<p><b>\u015eAH\u00ce seti\u0148 rook b\u00f6legi: \u015eahrukh<\/b><span style=\"font-weight: 400;\"><br \/><\/span><span style=\"font-weight: 400;\"><br \/><\/span>\u015eahruh, serkerd\u00e4ni\u0148 we \u015fahmat ussady Timury\u0148 oglyny\u0148 ady bilen atlandyrylan, \u201drooklary\u0148 h\u00f6k\u00fcmdary, ussady we be\u00fdik\u201d di\u00fdmekdir. \u015eahruh ylym, medeni\u00fdet we sungat babatynda m\u00f6h\u00fcm goldaw\u00e7y boldy. \u201cRukh\u201d termini uru\u015f araba di\u00fdmekdir we so\u0148ra ispan we ital\u00fdan dillerinde \u201croca\u201d di\u00fdlip atlandy, bu s\u00f6z \"mynara\" manysyny ber\u00fd\u00e4r we \u015fahmat fi\u00fdguralaryny\u0148 diza\u00fdnyna t\u00e4sir etdi. Bu fi\u00fdgura taryhda uru\u015f araba, minara, g\u00e4mi we top di\u00fdlip atlandyryldy. \u015eahruh fi\u00fdgurasy uru\u015f arabasyny\u0148 a\u00fdlan\u00fdan tekerlerini, minarany\u0148 kerpi\u00e7lerini, topy\u0148 lufasyny we g\u00e4mini\u0148 ankulyny \u00f6z i\u00e7ine al\u00fdar.<\/p>\t\t\t\t\t\t\t\t<\/div>\n\t\t\t\t<\/div>\n\t\t\t\t<\/div>\n\t\t\t\t\t<\/div>\n\t\t\t\t<\/div>\n\t\t\t\t<\/div>","protected":false},"excerpt":{"rendered":"<p>The Cannon of the Balkans South Slavic &#8220;Top&#8221; (Cannon) Design In the South Slavic tradition, the iconography of the rook shifts from architecture to artillery. Because the piece is named Top (meaning &#8220;Cannon&#8221;), many regional designs such as the famous Subotica set abandon the traditional battlements of a castle tower. Instead, the piece takes on [&hellip;]<\/p>\n","protected":false},"author":1,"featured_media":0,"parent":743,"menu_order":0,"comment_status":"closed","ping_status":"closed","template":"","meta":{"footnotes":""},"class_list":["post-1045","page","type-page","status-publish","hentry"],"_links":{"self":[{"href":"https:\/\/shatranj.art\/tk\/wp-json\/wp\/v2\/pages\/1045","targetHints":{"allow":["GET"]}}],"collection":[{"href":"https:\/\/shatranj.art\/tk\/wp-json\/wp\/v2\/pages"}],"about":[{"href":"https:\/\/shatranj.art\/tk\/wp-json\/wp\/v2\/types\/page"}],"author":[{"embeddable":true,"href":"https:\/\/shatranj.art\/tk\/wp-json\/wp\/v2\/users\/1"}],"replies":[{"embeddable":true,"href":"https:\/\/shatranj.art\/tk\/wp-json\/wp\/v2\/comments?post=1045"}],"version-history":[{"count":10,"href":"https:\/\/shatranj.art\/tk\/wp-json\/wp\/v2\/pages\/1045\/revisions"}],"predecessor-version":[{"id":1292,"href":"https:\/\/shatranj.art\/tk\/wp-json\/wp\/v2\/pages\/1045\/revisions\/1292"}],"up":[{"embeddable":true,"href":"https:\/\/shatranj.art\/tk\/wp-json\/wp\/v2\/pages\/743"}],"wp:attachment":[{"href":"https:\/\/shatranj.art\/tk\/wp-json\/wp\/v2\/media?parent=1045"}],"curies":[{"name":"wp","href":"https:\/\/api.w.org\/{rel}","templated":true}]}}