{"id":1068,"date":"2026-02-22T18:39:42","date_gmt":"2026-02-22T18:39:42","guid":{"rendered":"https:\/\/shatranj.art\/?page_id=1068"},"modified":"2026-02-24T09:00:42","modified_gmt":"2026-02-24T09:00:42","slug":"poster-29","status":"publish","type":"page","link":"https:\/\/shatranj.art\/tk\/exhibit\/poster-29\/","title":{"rendered":"29-njy plakat"},"content":{"rendered":"<div data-elementor-type=\"wp-page\" data-elementor-id=\"1068\" class=\"elementor elementor-1068\" data-elementor-post-type=\"page\">\n\t\t\t\t<div class=\"elementor-element elementor-element-cfd54a0 e-flex e-con-boxed e-con e-parent\" data-id=\"cfd54a0\" data-element_type=\"container\" data-e-type=\"container\" data-settings=\"{&quot;background_background&quot;:&quot;classic&quot;}\">\n\t\t\t\t\t<div class=\"e-con-inner\">\n\t\t<div class=\"elementor-element elementor-element-00cae2a e-con-full e-flex e-con e-child\" data-id=\"00cae2a\" data-element_type=\"container\" data-e-type=\"container\">\n\t\t<div class=\"elementor-element elementor-element-edcf7ea e-con-full e-flex e-con e-child\" data-id=\"edcf7ea\" data-element_type=\"container\" data-e-type=\"container\">\n\t\t\t\t<div class=\"elementor-element elementor-element-411efec elementor-widget elementor-widget-image\" data-id=\"411efec\" data-element_type=\"widget\" data-e-type=\"widget\" data-widget_type=\"image.default\">\n\t\t\t\t<div class=\"elementor-widget-container\">\n\t\t\t\t\t\t\t\t\t\t\t\t\t\t\t<img fetchpriority=\"high\" decoding=\"async\" width=\"800\" height=\"384\" src=\"https:\/\/shatranj.art\/wp-content\/uploads\/2026\/02\/regence-cafe-chess-set-1780-1820-1-1024x491.png\" class=\"attachment-large size-large wp-image-1073\" alt=\"\" srcset=\"https:\/\/shatranj.art\/wp-content\/uploads\/2026\/02\/regence-cafe-chess-set-1780-1820-1-1024x491.png 1024w, https:\/\/shatranj.art\/wp-content\/uploads\/2026\/02\/regence-cafe-chess-set-1780-1820-1-300x144.png 300w, https:\/\/shatranj.art\/wp-content\/uploads\/2026\/02\/regence-cafe-chess-set-1780-1820-1-768x369.png 768w, https:\/\/shatranj.art\/wp-content\/uploads\/2026\/02\/regence-cafe-chess-set-1780-1820-1-1536x737.png 1536w, https:\/\/shatranj.art\/wp-content\/uploads\/2026\/02\/regence-cafe-chess-set-1780-1820-1.png 1886w\" sizes=\"(max-width: 800px) 100vw, 800px\" \/>\t\t\t\t\t\t\t\t\t\t\t\t\t\t\t<\/div>\n\t\t\t\t<\/div>\n\t\t\t\t<div class=\"elementor-element elementor-element-6e231da elementor-widget-tablet__width-inherit elementor-widget elementor-widget-text-editor\" data-id=\"6e231da\" data-element_type=\"widget\" data-e-type=\"widget\" data-widget_type=\"text-editor.default\">\n\t\t\t\t<div class=\"elementor-widget-container\">\n\t\t\t\t\t\t\t\t\t<p><strong>\u015eAH\u00ce sazlady monarh\/paty\u015fa\/\u015fah b\u00f6legi: G\u00fcl\u015fah<\/strong><\/p><p>G\u00fcl\u015fah ba\u015f \u00f6rt\u00fcgini\u0148 akyl-pa\u00fdhasyny, kubb\u00e4ni\u0148 mukaddesligini we ygty\u00fdarlygyny, \u015fe\u00fdle hem \u00f6mr\u00fc\u0148 we g\u00f6zelligi\u0148 ny\u015fany bolan g\u00fcli \u015fahmatdaky matdan goramak zerurdygyny a\u0148lad\u00fdar. Kubbe Hagia Sophia, Panteon we MIT \u00fdaly ny\u015fanly gurlu\u015flardan ylham al\u00fdar. Ba\u015f \u00f6rt\u00fck As-Suli we Stamma \u00fdaly ilkinji \u015fahmat awtorlaryny\u0148 intellektual mirasyny aks etdir\u00fd\u00e4r, tac bolsa gadymy Olimpi\u00fdadaky zeytun taclaryna me\u0148ze\u00fd\u00e4r. Taryhy ta\u00fddan bu fi\u00fdgura raja, \u015fah, paty\u015fa \u00fda-da komandir di\u00fdlip atlandyryl\u00fdar. \u201cG\u00fcl\u201d Merkezi Azi\u00fda dillerinde g\u00fcl manysyny ber\u00fd\u00e4r. \u201c\u015eah\u201d, \u2018\u015eah\u2019 di\u00fdlip okal\u00fdan, k\u00f6p dillerde \u015fahmaty\u0148 adydyr. \u015eah ilkinji d\u00f6w\u00fcrde erkek h\u00f6k\u00fcmdarlary a\u0148lad\u00fdan bolsa-da, onu\u0148 metaforik \u00fda-da h\u00e4zirki zaman ulanyly\u015fy jyns ta\u00fddan ne\u00fdtral h\u00e4si\u00fdete e\u00fde boldy.<\/p>\t\t\t\t\t\t\t\t<\/div>\n\t\t\t\t<\/div>\n\t\t\t\t<div class=\"elementor-element elementor-element-10b021d elementor-widget elementor-widget-image\" data-id=\"10b021d\" data-element_type=\"widget\" data-e-type=\"widget\" data-widget_type=\"image.default\">\n\t\t\t\t<div class=\"elementor-widget-container\">\n\t\t\t\t\t\t\t\t\t\t\t\t\t\t\t<img decoding=\"async\" width=\"188\" height=\"237\" src=\"https:\/\/shatranj.art\/wp-content\/uploads\/2026\/02\/Philipp-Stamma-Public-Domain.jpg\" class=\"attachment-large size-large wp-image-1071\" alt=\"\" \/>\t\t\t\t\t\t\t\t\t\t\t\t\t\t\t<\/div>\n\t\t\t\t<\/div>\n\t\t\t\t<\/div>\n\t\t<div class=\"elementor-element elementor-element-538608d e-con-full e-flex e-con e-child\" data-id=\"538608d\" data-element_type=\"container\" data-e-type=\"container\">\n\t\t\t\t<div class=\"elementor-element elementor-element-60ca9fa elementor-widget elementor-widget-image\" data-id=\"60ca9fa\" data-element_type=\"widget\" data-e-type=\"widget\" data-widget_type=\"image.default\">\n\t\t\t\t<div class=\"elementor-widget-container\">\n\t\t\t\t\t\t\t\t\t\t\t\t\t\t\t<img decoding=\"async\" width=\"800\" height=\"800\" src=\"https:\/\/shatranj.art\/wp-content\/uploads\/2026\/02\/shahi-gulsah-king-piece-1-1024x1024.png\" class=\"attachment-large size-large wp-image-1074\" alt=\"\" srcset=\"https:\/\/shatranj.art\/wp-content\/uploads\/2026\/02\/shahi-gulsah-king-piece-1-1024x1024.png 1024w, https:\/\/shatranj.art\/wp-content\/uploads\/2026\/02\/shahi-gulsah-king-piece-1-300x300.png 300w, https:\/\/shatranj.art\/wp-content\/uploads\/2026\/02\/shahi-gulsah-king-piece-1-150x150.png 150w, https:\/\/shatranj.art\/wp-content\/uploads\/2026\/02\/shahi-gulsah-king-piece-1-768x768.png 768w, https:\/\/shatranj.art\/wp-content\/uploads\/2026\/02\/shahi-gulsah-king-piece-1-1536x1536.png 1536w, https:\/\/shatranj.art\/wp-content\/uploads\/2026\/02\/shahi-gulsah-king-piece-1-2048x2048.png 2048w\" sizes=\"(max-width: 800px) 100vw, 800px\" \/>\t\t\t\t\t\t\t\t\t\t\t\t\t\t\t<\/div>\n\t\t\t\t<\/div>\n\t\t\t\t<div class=\"elementor-element elementor-element-aa06c95 elementor-widget-tablet__width-inherit elementor-widget elementor-widget-text-editor\" data-id=\"aa06c95\" data-element_type=\"widget\" data-e-type=\"widget\" data-widget_type=\"text-editor.default\">\n\t\t\t\t<div class=\"elementor-widget-container\">\n\t\t\t\t\t\t\t\t\t<p><strong>Bellik we mirasy<\/strong><\/p><p>G\u00fcl\u015fah eserinde \u015fahmat taryhyny\u0148 akyl-pa\u00fdhasly uly ussatlaryny hormatla\u00fdan a\u00fdratyn ba\u015f \u00f6rt\u00fcgi diza\u00fdny g\u00f6rkezil\u00fd\u00e4r. Bu ba\u015f \u00f6rt\u00fck orta asyr ussady as-Suli we XVIII asyry\u0148 ussady hem-de paty\u015fa terjime\u00e7isi Philipp Stamma \u00fdaly \u015fahslary\u0148 d\u00e4p bolan turbanyna me\u0148ze\u015f g\u00f6rn\u00fc\u015fde d\u00f6redildi. Halepde dogulyp, Londony\u0148 we Pari\u017ei\u0148 esasy intellektual merkezlerinde i\u015fje\u0148 bolan Stamma hakykatdanam k\u00f6p medeni\u00fdetli \u015fahsy\u00fdetdi; onu\u0148 Britani\u00fda d\u00f6wleti \u00fc\u00e7in terjime\u00e7i h\u00f6km\u00fcnde \u00fderine \u00fdetiren i\u015fi we t\u00e4zelik\u00e7i \u015fahmat ny\u015fan ulgamlary G\u00fcndogar we G\u00fcnbatar d\u00e4p-dessurlaryny birle\u015fdirdi. Bu diza\u00fdn bu par\u00e7any \u00e7u\u0148 d\u00fc\u015f\u00fcnje we ylmy ygty\u00fdarlyk du\u00fdgusy bilen doldur\u00fdar.<\/p>\t\t\t\t\t\t\t\t<\/div>\n\t\t\t\t<\/div>\n\t\t\t\t<div class=\"elementor-element elementor-element-117e242 elementor-widget elementor-widget-image\" data-id=\"117e242\" data-element_type=\"widget\" data-e-type=\"widget\" data-widget_type=\"image.default\">\n\t\t\t\t<div class=\"elementor-widget-container\">\n\t\t\t\t\t\t\t\t\t\t\t\t\t\t\t<img loading=\"lazy\" decoding=\"async\" width=\"800\" height=\"592\" src=\"https:\/\/shatranj.art\/wp-content\/uploads\/2026\/02\/olive-crown-olympos-1024x758.jpg\" class=\"attachment-large size-large wp-image-1558\" alt=\"\" srcset=\"https:\/\/shatranj.art\/wp-content\/uploads\/2026\/02\/olive-crown-olympos-1024x758.jpg 1024w, https:\/\/shatranj.art\/wp-content\/uploads\/2026\/02\/olive-crown-olympos-300x222.jpg 300w, https:\/\/shatranj.art\/wp-content\/uploads\/2026\/02\/olive-crown-olympos-768x568.jpg 768w, https:\/\/shatranj.art\/wp-content\/uploads\/2026\/02\/olive-crown-olympos-16x12.jpg 16w, https:\/\/shatranj.art\/wp-content\/uploads\/2026\/02\/olive-crown-olympos.jpg 1280w\" sizes=\"(max-width: 800px) 100vw, 800px\" \/>\t\t\t\t\t\t\t\t\t\t\t\t\t\t\t<\/div>\n\t\t\t\t<\/div>\n\t\t\t\t<div class=\"elementor-element elementor-element-07417e4 elementor-widget-tablet__width-inherit elementor-widget elementor-widget-text-editor\" data-id=\"07417e4\" data-element_type=\"widget\" data-e-type=\"widget\" data-widget_type=\"text-editor.default\">\n\t\t\t\t<div class=\"elementor-widget-container\">\n\t\t\t\t\t\t\t\t\t<p><strong>G\u00fcl petekleri we Olimposy\u0148 zeytun \u00e7elegi<\/strong><\/p><p>\u015eAH\u00ce monarh b\u00f6legini\u0148 taji g\u00fcl peteklerini \u00f6z\u00fcnde jemle\u00fd\u00e4r, olar durmu\u015fy\u0148 g\u00f6zelligini we ejizligini nygta\u00fdar \u2014 bu gymmatly \u00fdagda\u00fd, \u015fahmat tahtasynda \u015fahy\u0148 mat edilmegini\u0148 \u00f6\u0148\u00fcni almak \u00fc\u00e7in berk goralan \u00fdaly berk goramaly. Bu diza\u00fdn, taryhy \u00fde\u0148i\u015f g\u00f6zlegini durmu\u015fy\u0148 nozik tebigatyny goramak bilen birle\u015fdir\u00fd\u00e4n Olimposy\u0148 zeytun taji bilen hem ylhamlan\u00fdar.<\/p>\t\t\t\t\t\t\t\t<\/div>\n\t\t\t\t<\/div>\n\t\t\t\t<\/div>\n\t\t<div class=\"elementor-element elementor-element-2d81034 e-con-full e-flex e-con e-child\" data-id=\"2d81034\" data-element_type=\"container\" data-e-type=\"container\">\n\t\t\t\t<div class=\"elementor-element elementor-element-71345be elementor-widget elementor-widget-image\" data-id=\"71345be\" data-element_type=\"widget\" data-e-type=\"widget\" data-widget_type=\"image.default\">\n\t\t\t\t<div class=\"elementor-widget-container\">\n\t\t\t\t\t\t\t\t\t\t\t\t\t\t\t<img loading=\"lazy\" decoding=\"async\" width=\"600\" height=\"800\" src=\"https:\/\/shatranj.art\/wp-content\/uploads\/2026\/02\/suli-statue.jpg\" class=\"attachment-large size-large wp-image-1075\" alt=\"\" srcset=\"https:\/\/shatranj.art\/wp-content\/uploads\/2026\/02\/suli-statue.jpg 600w, https:\/\/shatranj.art\/wp-content\/uploads\/2026\/02\/suli-statue-225x300.jpg 225w\" sizes=\"(max-width: 600px) 100vw, 600px\" \/>\t\t\t\t\t\t\t\t\t\t\t\t\t\t\t<\/div>\n\t\t\t\t<\/div>\n\t\t\t\t<div class=\"elementor-element elementor-element-1f7e824 elementor-widget-tablet__width-inherit elementor-widget elementor-widget-text-editor\" data-id=\"1f7e824\" data-element_type=\"widget\" data-e-type=\"widget\" data-widget_type=\"text-editor.default\">\n\t\t\t\t<div class=\"elementor-widget-container\">\n\t\t\t\t\t\t\t\t\t<p><strong>A\u00fddy\u0148la\u015fma mirasy<\/strong><br \/><strong>\u015eah\u00ee toplumyndaky R\u00e9gence mirasy<\/strong><\/p><p>\u00a0<\/p><p>Fransuz R\u00e9gence \u015fahmat toplumy Akl\u00e7ylyk d\u00f6wr\u00fcni\u0148 ny\u015fany bolup, bu d\u00f6w\u00fcr akyl we bilim g\u00f6zlegi bilen kesgitlen\u00fd\u00e4r. Benjamin Franklin, Napoleon Bonaparte we ussat Philidor \u00fdaly taryhy uly \u015fahsy\u00fdetleri\u0148 me\u015fhur Caf\u00e9 de la R\u00e9gence-de o\u00fdnan bu toplum intellektual b\u00e4sle\u015figi\u0148 standartyna \u00f6wr\u00fcldi. \u015eah\u00ee \u015fahmat toplumy bu mirasy maksatla\u00fdyn sakla\u00fdar. G\u00fcl\u015fah \u015fahmat b\u00f6legi \u00fc\u00e7in R\u00e9gence paty\u015fasyny\u0148 g\u00fcl bezeglerinden ylham alyp, \u015eah\u00ee toplumy XVIII asyry\u0148 \u00ddewropa owadanlygyny G\u00fcndogary\u0148 \u00e7u\u0148 ylmy d\u00e4p-dessurlary bilen birle\u015fdir\u00fd\u00e4r we o\u00fduny\u0148 altyn d\u00f6wr\u00fcni kesgitlendir\u00fd\u00e4n ussatlary hormatla\u00fdar.<\/p>\t\t\t\t\t\t\t\t<\/div>\n\t\t\t\t<\/div>\n\t\t\t\t<\/div>\n\t\t\t\t<\/div>\n\t\t\t\t\t<\/div>\n\t\t\t\t<\/div>\n\t\t\t\t<\/div>","protected":false},"excerpt":{"rendered":"<p>\u015eAH\u00ce set monarch\/king\/shah piece: G\u00fcl\u015fah G\u00fcl\u015fah represents the wisdom of the headwrap, the sanctity and authority of the dome, and rose as a symbol of life and beauty, which must be protected from checkmate. The dome draws inspiration from iconic structures like the Hagia Sophia, the Pantheon, and MIT. The headwrap reflects the intellectual legacy [&hellip;]<\/p>\n","protected":false},"author":1,"featured_media":0,"parent":743,"menu_order":0,"comment_status":"closed","ping_status":"closed","template":"","meta":{"footnotes":""},"class_list":["post-1068","page","type-page","status-publish","hentry"],"_links":{"self":[{"href":"https:\/\/shatranj.art\/tk\/wp-json\/wp\/v2\/pages\/1068","targetHints":{"allow":["GET"]}}],"collection":[{"href":"https:\/\/shatranj.art\/tk\/wp-json\/wp\/v2\/pages"}],"about":[{"href":"https:\/\/shatranj.art\/tk\/wp-json\/wp\/v2\/types\/page"}],"author":[{"embeddable":true,"href":"https:\/\/shatranj.art\/tk\/wp-json\/wp\/v2\/users\/1"}],"replies":[{"embeddable":true,"href":"https:\/\/shatranj.art\/tk\/wp-json\/wp\/v2\/comments?post=1068"}],"version-history":[{"count":10,"href":"https:\/\/shatranj.art\/tk\/wp-json\/wp\/v2\/pages\/1068\/revisions"}],"predecessor-version":[{"id":1561,"href":"https:\/\/shatranj.art\/tk\/wp-json\/wp\/v2\/pages\/1068\/revisions\/1561"}],"up":[{"embeddable":true,"href":"https:\/\/shatranj.art\/tk\/wp-json\/wp\/v2\/pages\/743"}],"wp:attachment":[{"href":"https:\/\/shatranj.art\/tk\/wp-json\/wp\/v2\/media?parent=1068"}],"curies":[{"name":"wp","href":"https:\/\/api.w.org\/{rel}","templated":true}]}}