{"id":1115,"date":"2026-02-22T19:38:33","date_gmt":"2026-02-22T19:38:33","guid":{"rendered":"https:\/\/shatranj.art\/?page_id=1115"},"modified":"2026-02-23T05:23:39","modified_gmt":"2026-02-23T05:23:39","slug":"poster-30","status":"publish","type":"page","link":"https:\/\/shatranj.art\/tk\/exhibit\/poster-30\/","title":{"rendered":"Plakat 30"},"content":{"rendered":"<div data-elementor-type=\"wp-page\" data-elementor-id=\"1115\" class=\"elementor elementor-1115\" data-elementor-post-type=\"page\">\n\t\t\t\t<div class=\"elementor-element elementor-element-98c0e8e e-flex e-con-boxed e-con e-parent\" data-id=\"98c0e8e\" data-element_type=\"container\" data-e-type=\"container\" data-settings=\"{&quot;background_background&quot;:&quot;classic&quot;}\">\n\t\t\t\t\t<div class=\"e-con-inner\">\n\t\t<div class=\"elementor-element elementor-element-ab167a6 e-con-full e-flex e-con e-child\" data-id=\"ab167a6\" data-element_type=\"container\" data-e-type=\"container\">\n\t\t\t\t<div class=\"elementor-element elementor-element-37084a7 elementor-widget__width-initial elementor-widget elementor-widget-image\" data-id=\"37084a7\" data-element_type=\"widget\" data-e-type=\"widget\" data-widget_type=\"image.default\">\n\t\t\t\t<div class=\"elementor-widget-container\">\n\t\t\t\t\t\t\t\t\t\t\t\t\t\t\t<img fetchpriority=\"high\" decoding=\"async\" width=\"683\" height=\"1024\" src=\"https:\/\/shatranj.art\/wp-content\/uploads\/2026\/02\/30-683x1024.jpg\" class=\"attachment-large size-large wp-image-1118\" alt=\"\" srcset=\"https:\/\/shatranj.art\/wp-content\/uploads\/2026\/02\/30-683x1024.jpg 683w, https:\/\/shatranj.art\/wp-content\/uploads\/2026\/02\/30-200x300.jpg 200w, https:\/\/shatranj.art\/wp-content\/uploads\/2026\/02\/30-768x1152.jpg 768w, https:\/\/shatranj.art\/wp-content\/uploads\/2026\/02\/30-1024x1536.jpg 1024w, https:\/\/shatranj.art\/wp-content\/uploads\/2026\/02\/30-8x12.jpg 8w, https:\/\/shatranj.art\/wp-content\/uploads\/2026\/02\/30.jpg 1085w\" sizes=\"(max-width: 683px) 100vw, 683px\" \/>\t\t\t\t\t\t\t\t\t\t\t\t\t\t\t<\/div>\n\t\t\t\t<\/div>\n\t\t\t\t<div class=\"elementor-element elementor-element-c04f36b elementor-widget__width-initial elementor-widget-tablet__width-inherit elementor-widget elementor-widget-text-editor\" data-id=\"c04f36b\" data-element_type=\"widget\" data-e-type=\"widget\" data-widget_type=\"text-editor.default\">\n\t\t\t\t<div class=\"elementor-widget-container\">\n\t\t\t\t\t\t\t\t\t<p><b>\u015eAH\u00ce vezir\/paty\u015fa zarbasy:<\/b><span style=\"font-weight: 400;\"><br \/><\/span><span style=\"font-weight: 400;\"><br \/><\/span><\/p><p>Sokol, Slav dillerinde \u201c\u015fahin\u201d di\u00fdmek bol\u00fdan, ady we Timurid spiral kask diza\u00fdny bilen harby g\u00fc\u00fdji ny\u015fanlandyr\u00fdar. \u201cSokolovichi\u201d, \u201c\u015fahinler obasy\u201d di\u00fdmek bolup, G\u00fcndogar hem-de G\u00fcnbatar d\u00fcn\u00fd\u00e4ni\u0148 geljegini kesgitlendir\u00fd\u00e4n i\u0148 me\u015fhur vezirleri\u0148 biri Sokollu Mehmed Pa\u015fany\u0148 doglan \u00fderi boldy.<\/p><p><br \/>Onu\u0148 uzyn, \u015fem\u015fire me\u0148ze\u015f g\u00f6rn\u00fc\u015fi we tersine \u00f6w\u00fcrilen pen diza\u00fdny veziri\u0148 ygty\u00fdarlygyny we akyl-pa\u00fdhaslygyny alamatlandyr\u00fdar. Sekizbur\u00e7ly disk bu par\u00e7any\u0148 h\u00e4zirki zaman hereketlerini a\u0148lad\u00fdar. Taryhy ta\u00fddan firz\/vezir di\u0148e bir kwadraty diagonal ugrda s\u00fc\u00fd\u015f\u00fcp bil\u00fd\u00e4rdi.<\/p><p><br \/>Wagt ge\u00e7digi\u00e7e bu \u015fahmat b\u00f6legi Mantri, Firz, Vizier, Ge\u0148e\u015f\u00e7i, Ministr, General, Lider, Vierge, Dame, Donna, Lady we Queen di\u00fdlip atlandyryldy.<\/p>\t\t\t\t\t\t\t\t<\/div>\n\t\t\t\t<\/div>\n\t\t\t\t<div class=\"elementor-element elementor-element-cd19c67 elementor-widget__width-initial elementor-widget elementor-widget-image\" data-id=\"cd19c67\" data-element_type=\"widget\" data-e-type=\"widget\" data-widget_type=\"image.default\">\n\t\t\t\t<div class=\"elementor-widget-container\">\n\t\t\t\t\t\t\t\t\t\t\t\t\t\t\t<img decoding=\"async\" width=\"683\" height=\"1024\" src=\"https:\/\/shatranj.art\/wp-content\/uploads\/2026\/02\/30-1-683x1024.jpg\" class=\"attachment-large size-large wp-image-1119\" alt=\"\" srcset=\"https:\/\/shatranj.art\/wp-content\/uploads\/2026\/02\/30-1-683x1024.jpg 683w, https:\/\/shatranj.art\/wp-content\/uploads\/2026\/02\/30-1-200x300.jpg 200w, https:\/\/shatranj.art\/wp-content\/uploads\/2026\/02\/30-1-768x1152.jpg 768w, https:\/\/shatranj.art\/wp-content\/uploads\/2026\/02\/30-1-1024x1536.jpg 1024w, https:\/\/shatranj.art\/wp-content\/uploads\/2026\/02\/30-1-8x12.jpg 8w, https:\/\/shatranj.art\/wp-content\/uploads\/2026\/02\/30-1.jpg 1090w\" sizes=\"(max-width: 683px) 100vw, 683px\" \/>\t\t\t\t\t\t\t\t\t\t\t\t\t\t\t<\/div>\n\t\t\t\t<\/div>\n\t\t\t\t<\/div>\n\t\t<div class=\"elementor-element elementor-element-cdc39f8 e-con-full e-flex e-con e-child\" data-id=\"cdc39f8\" data-element_type=\"container\" data-e-type=\"container\">\n\t\t<div class=\"elementor-element elementor-element-88c4f8e e-con-full e-flex e-con e-child\" data-id=\"88c4f8e\" data-element_type=\"container\" data-e-type=\"container\">\n\t\t\t\t<div class=\"elementor-element elementor-element-715b2a6 elementor-widget elementor-widget-image\" data-id=\"715b2a6\" data-element_type=\"widget\" data-e-type=\"widget\" data-widget_type=\"image.default\">\n\t\t\t\t<div class=\"elementor-widget-container\">\n\t\t\t\t\t\t\t\t\t\t\t\t\t\t\t<img decoding=\"async\" width=\"655\" height=\"1024\" src=\"https:\/\/shatranj.art\/wp-content\/uploads\/2026\/02\/30-4-655x1024.jpg\" class=\"attachment-large size-large wp-image-1122\" alt=\"\" srcset=\"https:\/\/shatranj.art\/wp-content\/uploads\/2026\/02\/30-4-655x1024.jpg 655w, https:\/\/shatranj.art\/wp-content\/uploads\/2026\/02\/30-4-192x300.jpg 192w, https:\/\/shatranj.art\/wp-content\/uploads\/2026\/02\/30-4-768x1201.jpg 768w, https:\/\/shatranj.art\/wp-content\/uploads\/2026\/02\/30-4-982x1536.jpg 982w, https:\/\/shatranj.art\/wp-content\/uploads\/2026\/02\/30-4-8x12.jpg 8w, https:\/\/shatranj.art\/wp-content\/uploads\/2026\/02\/30-4.jpg 1027w\" sizes=\"(max-width: 655px) 100vw, 655px\" \/>\t\t\t\t\t\t\t\t\t\t\t\t\t\t\t<\/div>\n\t\t\t\t<\/div>\n\t\t\t\t<div class=\"elementor-element elementor-element-02f6e81 elementor-widget-tablet__width-inherit elementor-widget elementor-widget-text-editor\" data-id=\"02f6e81\" data-element_type=\"widget\" data-e-type=\"widget\" data-widget_type=\"text-editor.default\">\n\t\t\t\t<div class=\"elementor-widget-container\">\n\t\t\t\t\t\t\t\t\t<p><b>12-nji asyr G\u00fcnorta Itali\u00fda weziri<\/b> <span style=\"font-weight: 400;\"><br \/><\/span><span style=\"font-weight: 400;\"><br \/><\/span><span style=\"font-weight: 400;\">Bu 12-nji asyry\u0148 fil s\u00fcm\u00fck eserinde paty\u015fany\u0148 ornynda oturan erkek maslahat\u00e7y (wizir) g\u00f6rkezil\u00fd\u00e4r, paty\u015fa a\u00fdal d\u00e4l. Bu eser onu\u0148 taryhy rolyny \u2014 paty\u015fany\u0148 maslahat\u00e7ysy bolmagyny we \u015fol d\u00f6wri\u0148 monarhik simwolizmini \u2014 be\u00fdan ed\u00fd\u00e4r; so\u0148ra bolsa ol \u00ddewropada a\u00fdal ke\u015fbine \u00f6wr\u00fcldi.\u00a0<\/span><\/p>\t\t\t\t\t\t\t\t<\/div>\n\t\t\t\t<\/div>\n\t\t\t\t<\/div>\n\t\t<div class=\"elementor-element elementor-element-79c00e3 e-con-full e-flex e-con e-child\" data-id=\"79c00e3\" data-element_type=\"container\" data-e-type=\"container\">\n\t\t\t\t<div class=\"elementor-element elementor-element-6a3ee3e elementor-widget elementor-widget-image\" data-id=\"6a3ee3e\" data-element_type=\"widget\" data-e-type=\"widget\" data-widget_type=\"image.default\">\n\t\t\t\t<div class=\"elementor-widget-container\">\n\t\t\t\t\t\t\t\t\t\t\t\t\t\t\t<img loading=\"lazy\" decoding=\"async\" width=\"674\" height=\"1024\" src=\"https:\/\/shatranj.art\/wp-content\/uploads\/2026\/02\/30-5-674x1024.jpg\" class=\"attachment-large size-large wp-image-1123\" alt=\"\" srcset=\"https:\/\/shatranj.art\/wp-content\/uploads\/2026\/02\/30-5-674x1024.jpg 674w, https:\/\/shatranj.art\/wp-content\/uploads\/2026\/02\/30-5-198x300.jpg 198w, https:\/\/shatranj.art\/wp-content\/uploads\/2026\/02\/30-5-768x1166.jpg 768w, https:\/\/shatranj.art\/wp-content\/uploads\/2026\/02\/30-5-1012x1536.jpg 1012w, https:\/\/shatranj.art\/wp-content\/uploads\/2026\/02\/30-5-8x12.jpg 8w, https:\/\/shatranj.art\/wp-content\/uploads\/2026\/02\/30-5.jpg 1026w\" sizes=\"(max-width: 674px) 100vw, 674px\" \/>\t\t\t\t\t\t\t\t\t\t\t\t\t\t\t<\/div>\n\t\t\t\t<\/div>\n\t\t\t\t<div class=\"elementor-element elementor-element-eca811b elementor-widget-tablet__width-inherit elementor-widget elementor-widget-text-editor\" data-id=\"eca811b\" data-element_type=\"widget\" data-e-type=\"widget\" data-widget_type=\"text-editor.default\">\n\t\t\t\t<div class=\"elementor-widget-container\">\n\t\t\t\t\t\t\t\t\t<p><b>E\u00fdrany\u0148 veziri: Bozorgmehr<\/b> <span style=\"font-weight: 400;\"><br \/><\/span><span style=\"font-weight: 400;\"><br \/><\/span><span style=\"font-weight: 400;\">Bu he\u00fdkel Sasan imperi\u00fdasyny\u0148 rowa\u00fdatly ba\u015f weziri Bozorgmehri g\u00f6rkez\u00fd\u00e4r. \u015e\u00f6hlelen\u00fd\u00e4r <\/span><i><span style=\"font-weight: 400;\">\u015eahna\u00fdama<\/span><\/i><span style=\"font-weight: 400;\"> Onu\u0148 a\u00fdratyn akyl-pa\u00fdhasy seb\u00e4pli, o\u00fduny\u0148 logikasyny \u00e7\u00f6z\u00fcp, \u015fahmat barada bilin\u00fd\u00e4n ilkinji risalany \u00fdazandygy a\u00fddyl\u00fdar. Bu \u015fahsy\u00fdet strategi\u00fda bo\u00fdun\u00e7a pars mirasyny we Sasanylar d\u00f6wr\u00fcni\u0148 intellektual be\u00fdikligini \u00f6z\u00fcnde jemle\u00fd\u00e4r.\u00a0<\/span><\/p>\t\t\t\t\t\t\t\t<\/div>\n\t\t\t\t<\/div>\n\t\t\t\t<\/div>\n\t\t<div class=\"elementor-element elementor-element-640763c e-con-full e-flex e-con e-child\" data-id=\"640763c\" data-element_type=\"container\" data-e-type=\"container\">\n\t\t\t\t<div class=\"elementor-element elementor-element-72b86e1 elementor-widget elementor-widget-image\" data-id=\"72b86e1\" data-element_type=\"widget\" data-e-type=\"widget\" data-widget_type=\"image.default\">\n\t\t\t\t<div class=\"elementor-widget-container\">\n\t\t\t\t\t\t\t\t\t\t\t\t\t\t\t<img loading=\"lazy\" decoding=\"async\" width=\"649\" height=\"1024\" src=\"https:\/\/shatranj.art\/wp-content\/uploads\/2026\/02\/30-6-649x1024.jpg\" class=\"attachment-large size-large wp-image-1124\" alt=\"\" srcset=\"https:\/\/shatranj.art\/wp-content\/uploads\/2026\/02\/30-6-649x1024.jpg 649w, https:\/\/shatranj.art\/wp-content\/uploads\/2026\/02\/30-6-190x300.jpg 190w, https:\/\/shatranj.art\/wp-content\/uploads\/2026\/02\/30-6-768x1211.jpg 768w, https:\/\/shatranj.art\/wp-content\/uploads\/2026\/02\/30-6-974x1536.jpg 974w, https:\/\/shatranj.art\/wp-content\/uploads\/2026\/02\/30-6-8x12.jpg 8w, https:\/\/shatranj.art\/wp-content\/uploads\/2026\/02\/30-6.jpg 1027w\" sizes=\"(max-width: 649px) 100vw, 649px\" \/>\t\t\t\t\t\t\t\t\t\t\t\t\t\t\t<\/div>\n\t\t\t\t<\/div>\n\t\t\t\t<div class=\"elementor-element elementor-element-0d091a5 elementor-widget-tablet__width-inherit elementor-widget elementor-widget-text-editor\" data-id=\"0d091a5\" data-element_type=\"widget\" data-e-type=\"widget\" data-widget_type=\"text-editor.default\">\n\t\t\t\t<div class=\"elementor-widget-container\">\n\t\t\t\t\t\t\t\t\t<p><b>9-njy asyr fil di\u015finden \u00fdasalan Shatranj weziri<\/b> <span style=\"font-weight: 400;\"><br \/><\/span><span style=\"font-weight: 400;\"><br \/><\/span>Bu se\u00fdrek fil s\u00fcm\u00fckden \u00fdasalan artefakt orta asyrlarda h\u00e4zirki \u015fahmaty\u0148 \u00f6\u0148ki g\u00f6rn\u00fc\u015fi bolan Shatranj-d\u00e4ki \u201cWezir\u201d (Fers) ni\u0148 ny\u015fanydyr. Onu\u0148 diza\u00fdny \u015fol d\u00f6w\u00fcrde Akdeniz sebitinde gi\u0148den \u00fda\u00fdran wizual dilini aks etdir\u00fd\u00e4r. H\u00e4zirki \u015fahbanudan tapawutlylykda, bu wezir di\u0148e diagonal ugrda bir k\u00fcnjek hereket edip, \u015fol d\u00f6w\u00fcrde o\u00fdnu\u0148 ha\u00fdal we has taktiki tempini kesgitle\u00fd\u00e4rdi.<\/p>\t\t\t\t\t\t\t\t<\/div>\n\t\t\t\t<\/div>\n\t\t\t\t<\/div>\n\t\t<div class=\"elementor-element elementor-element-7d0682e e-con-full e-flex e-con e-child\" data-id=\"7d0682e\" data-element_type=\"container\" data-e-type=\"container\">\n\t\t\t\t<div class=\"elementor-element elementor-element-09add86 elementor-widget elementor-widget-image\" data-id=\"09add86\" data-element_type=\"widget\" data-e-type=\"widget\" data-widget_type=\"image.default\">\n\t\t\t\t<div class=\"elementor-widget-container\">\n\t\t\t\t\t\t\t\t\t\t\t\t\t\t\t<img loading=\"lazy\" decoding=\"async\" width=\"788\" height=\"1024\" src=\"https:\/\/shatranj.art\/wp-content\/uploads\/2026\/02\/30-7-788x1024.jpg\" class=\"attachment-large size-large wp-image-1125\" alt=\"\" srcset=\"https:\/\/shatranj.art\/wp-content\/uploads\/2026\/02\/30-7-788x1024.jpg 788w, https:\/\/shatranj.art\/wp-content\/uploads\/2026\/02\/30-7-231x300.jpg 231w, https:\/\/shatranj.art\/wp-content\/uploads\/2026\/02\/30-7-768x998.jpg 768w, https:\/\/shatranj.art\/wp-content\/uploads\/2026\/02\/30-7-1182x1536.jpg 1182w, https:\/\/shatranj.art\/wp-content\/uploads\/2026\/02\/30-7-9x12.jpg 9w, https:\/\/shatranj.art\/wp-content\/uploads\/2026\/02\/30-7.jpg 1197w\" sizes=\"(max-width: 788px) 100vw, 788px\" \/>\t\t\t\t\t\t\t\t\t\t\t\t\t\t\t<\/div>\n\t\t\t\t<\/div>\n\t\t\t\t<div class=\"elementor-element elementor-element-7f84f01 elementor-widget-tablet__width-inherit elementor-widget elementor-widget-text-editor\" data-id=\"7f84f01\" data-element_type=\"widget\" data-e-type=\"widget\" data-widget_type=\"text-editor.default\">\n\t\t\t\t<div class=\"elementor-widget-container\">\n\t\t\t\t\t\t\t\t\t<p><b>12-nji asyr ispan weziri<\/b> <span style=\"font-weight: 400;\"><br \/><\/span><span style=\"font-weight: 400;\"><br \/><\/span>Bu 12-nji asyr Ispani\u00fda wizi\u00fderi (Fers) arhitektura bezegleri bilen jikme-jik o\u00fdulyp, \u00f6zbolu\u015flylykda galany\u0148 g\u00f6rn\u00fc\u015finde diza\u00fdn edilendir. \u00dcz\u00fc\u0148 a\u00fdratynlyklary we sa\u00e7 d\u00fcz\u00fcmi \u00fdaly in\u00e7e jikme-jiklikler bu eseri\u0148 1497-nji \u00fdylda Lucena\u0148 kitabyndan hem \u00f6\u0148 a\u00fdal ke\u015fbi di\u00fdlip atlandyryl\u00fdandygyny nygta\u00fdar. Orta asyr Ispani\u00fdasyny\u0148 m\u00f6h\u00fcm artefakty h\u00f6km\u00fcnde ol \u015fol d\u00f6wri\u0148 \u00e7eper gymmatlyklaryny we eseri\u0148 erkek ge\u0148e\u015f\u00e7i h\u00f6km\u00fcnde d\u00e4p bolan \u015fahsy\u00fdetini g\u00f6rkez\u00fd\u00e4r.<\/p>\t\t\t\t\t\t\t\t<\/div>\n\t\t\t\t<\/div>\n\t\t\t\t<\/div>\n\t\t\t\t<\/div>\n\t\t<div class=\"elementor-element elementor-element-c3fa9df e-con-full e-flex e-con e-child\" data-id=\"c3fa9df\" data-element_type=\"container\" data-e-type=\"container\">\n\t\t\t\t<div class=\"elementor-element elementor-element-7179e97 elementor-widget__width-initial elementor-widget elementor-widget-image\" data-id=\"7179e97\" data-element_type=\"widget\" data-e-type=\"widget\" data-widget_type=\"image.default\">\n\t\t\t\t<div class=\"elementor-widget-container\">\n\t\t\t\t\t\t\t\t\t\t\t\t\t\t\t<img loading=\"lazy\" decoding=\"async\" width=\"469\" height=\"1024\" src=\"https:\/\/shatranj.art\/wp-content\/uploads\/2026\/02\/30-2-469x1024.jpg\" class=\"attachment-large size-large wp-image-1120\" alt=\"\" srcset=\"https:\/\/shatranj.art\/wp-content\/uploads\/2026\/02\/30-2-469x1024.jpg 469w, https:\/\/shatranj.art\/wp-content\/uploads\/2026\/02\/30-2-137x300.jpg 137w, https:\/\/shatranj.art\/wp-content\/uploads\/2026\/02\/30-2-5x12.jpg 5w, https:\/\/shatranj.art\/wp-content\/uploads\/2026\/02\/30-2.jpg 591w\" sizes=\"(max-width: 469px) 100vw, 469px\" \/>\t\t\t\t\t\t\t\t\t\t\t\t\t\t\t<\/div>\n\t\t\t\t<\/div>\n\t\t\t\t<div class=\"elementor-element elementor-element-f5a2496 elementor-widget__width-initial elementor-widget-tablet__width-inherit elementor-widget elementor-widget-text-editor\" data-id=\"f5a2496\" data-element_type=\"widget\" data-e-type=\"widget\" data-widget_type=\"text-editor.default\">\n\t\t\t\t<div class=\"elementor-widget-container\">\n\t\t\t\t\t\t\t\t\t<p><b>Awstri\u00fdaly kofe \u00f6\u00fdi \u201cSo\u011fan Kubbesi\u201d Paty\u015fasy<\/b> <span style=\"font-weight: 400;\"><br \/><\/span><span style=\"font-weight: 400;\"><br \/><\/span><span style=\"font-weight: 400;\">Bu paty\u015fa b\u00f6legi a\u00fddy\u0148 g\u00f6rn\u00fc\u015fde \u201cso\u011fan kubbeli\u201d bezegi g\u00f6rkez\u00fd\u00e4r; bu diza\u00fdn ny\u015fany 20-nji asyry\u0148 ortalarynda Merkezi \u00ddewropadaky kofehanalary\u0148 toplumlarynda a\u00fdratyn me\u015fhur boldy. Klasiki ot re\u0148kli aga\u00e7y\u0148 ulanylmagy bu \u015fekile \u00fdyly we tebigy du\u00fdgy ber\u00fd\u00e4r. Bu \u00fd\u00f6rite stil o\u00fdnu\u0148 \u00e7u\u0148\u0148ur taryhyna hormat go\u00fd\u00fdar we \u015fol d\u00f6wri\u0148 funksi\u00fda ta\u00fddan amatly, emma \u00e7eper\u00e7ilikli hunarmand\u00e7ylygyna h\u00e4si\u00fdetli has akymly, h\u00e4zirki zaman \u00e7yky\u015fyny h\u00f6d\u00fcrle\u00fd\u00e4r.\u00a0<\/span><\/p>\t\t\t\t\t\t\t\t<\/div>\n\t\t\t\t<\/div>\n\t\t\t\t<div class=\"elementor-element elementor-element-bd35636 elementor-widget__width-initial elementor-widget elementor-widget-image\" data-id=\"bd35636\" data-element_type=\"widget\" data-e-type=\"widget\" data-widget_type=\"image.default\">\n\t\t\t\t<div class=\"elementor-widget-container\">\n\t\t\t\t\t\t\t\t\t\t\t\t\t\t\t<img loading=\"lazy\" decoding=\"async\" width=\"495\" height=\"1024\" src=\"https:\/\/shatranj.art\/wp-content\/uploads\/2026\/02\/30-3-495x1024.jpg\" class=\"attachment-large size-large wp-image-1121\" alt=\"\" srcset=\"https:\/\/shatranj.art\/wp-content\/uploads\/2026\/02\/30-3-495x1024.jpg 495w, https:\/\/shatranj.art\/wp-content\/uploads\/2026\/02\/30-3-145x300.jpg 145w, https:\/\/shatranj.art\/wp-content\/uploads\/2026\/02\/30-3-6x12.jpg 6w, https:\/\/shatranj.art\/wp-content\/uploads\/2026\/02\/30-3.jpg 618w\" sizes=\"(max-width: 495px) 100vw, 495px\" \/>\t\t\t\t\t\t\t\t\t\t\t\t\t\t\t<\/div>\n\t\t\t\t<\/div>\n\t\t\t\t<\/div>\n\t\t\t\t\t<\/div>\n\t\t\t\t<\/div>\n\t\t\t\t<\/div>","protected":false},"excerpt":{"rendered":"<p>\u015eAH\u00ce vizier\/queen piece: Sokol, meaning &#8220;falcon&#8221; in Slavic languages, symbolizes military power with its name and Timurid spiral helmet design. &#8220;Sokolovichi,&#8221; meaning &#8220;village of falcons,&#8221; was the birthplace of Sokollu Mehmed Pasha, one of the most renowned viziers shaping both East and West. Its tall, spire-like shape and inverted pen design signify the vizier&#8217;s authority [&hellip;]<\/p>\n","protected":false},"author":1,"featured_media":0,"parent":743,"menu_order":0,"comment_status":"closed","ping_status":"closed","template":"","meta":{"footnotes":""},"class_list":["post-1115","page","type-page","status-publish","hentry"],"_links":{"self":[{"href":"https:\/\/shatranj.art\/tk\/wp-json\/wp\/v2\/pages\/1115","targetHints":{"allow":["GET"]}}],"collection":[{"href":"https:\/\/shatranj.art\/tk\/wp-json\/wp\/v2\/pages"}],"about":[{"href":"https:\/\/shatranj.art\/tk\/wp-json\/wp\/v2\/types\/page"}],"author":[{"embeddable":true,"href":"https:\/\/shatranj.art\/tk\/wp-json\/wp\/v2\/users\/1"}],"replies":[{"embeddable":true,"href":"https:\/\/shatranj.art\/tk\/wp-json\/wp\/v2\/comments?post=1115"}],"version-history":[{"count":7,"href":"https:\/\/shatranj.art\/tk\/wp-json\/wp\/v2\/pages\/1115\/revisions"}],"predecessor-version":[{"id":1258,"href":"https:\/\/shatranj.art\/tk\/wp-json\/wp\/v2\/pages\/1115\/revisions\/1258"}],"up":[{"embeddable":true,"href":"https:\/\/shatranj.art\/tk\/wp-json\/wp\/v2\/pages\/743"}],"wp:attachment":[{"href":"https:\/\/shatranj.art\/tk\/wp-json\/wp\/v2\/media?parent=1115"}],"curies":[{"name":"wp","href":"https:\/\/api.w.org\/{rel}","templated":true}]}}