{"id":1136,"date":"2026-02-22T20:20:00","date_gmt":"2026-02-22T20:20:00","guid":{"rendered":"https:\/\/shatranj.art\/?page_id=1136"},"modified":"2026-02-23T09:27:46","modified_gmt":"2026-02-23T09:27:46","slug":"poster-32","status":"publish","type":"page","link":"https:\/\/shatranj.art\/tk\/exhibit\/poster-32\/","title":{"rendered":"plakat 32"},"content":{"rendered":"<div data-elementor-type=\"wp-page\" data-elementor-id=\"1136\" class=\"elementor elementor-1136\" data-elementor-post-type=\"page\">\n\t\t\t\t<div class=\"elementor-element elementor-element-e6ecba5 e-flex e-con-boxed e-con e-parent\" data-id=\"e6ecba5\" data-element_type=\"container\" data-e-type=\"container\" data-settings=\"{&quot;background_background&quot;:&quot;classic&quot;}\">\n\t\t\t\t\t<div class=\"e-con-inner\">\n\t\t<div class=\"elementor-element elementor-element-0433a85 e-con-full e-flex e-con e-child\" data-id=\"0433a85\" data-element_type=\"container\" data-e-type=\"container\">\n\t\t\t\t<div class=\"elementor-element elementor-element-4888e73 elementor-widget__width-initial elementor-widget-mobile__width-initial elementor-widget elementor-widget-image\" data-id=\"4888e73\" data-element_type=\"widget\" data-e-type=\"widget\" data-widget_type=\"image.default\">\n\t\t\t\t<div class=\"elementor-widget-container\">\n\t\t\t\t\t\t\t\t\t\t\t\t\t\t\t<img fetchpriority=\"high\" decoding=\"async\" width=\"800\" height=\"600\" src=\"https:\/\/shatranj.art\/wp-content\/uploads\/2024\/05\/il_1588xN.5358651901_7asf-1-1-1024x768.jpg\" class=\"attachment-large size-large wp-image-593\" alt=\"\" srcset=\"https:\/\/shatranj.art\/wp-content\/uploads\/2024\/05\/il_1588xN.5358651901_7asf-1-1-1024x768.jpg 1024w, https:\/\/shatranj.art\/wp-content\/uploads\/2024\/05\/il_1588xN.5358651901_7asf-1-1-300x225.jpg 300w, https:\/\/shatranj.art\/wp-content\/uploads\/2024\/05\/il_1588xN.5358651901_7asf-1-1-768x576.jpg 768w, https:\/\/shatranj.art\/wp-content\/uploads\/2024\/05\/il_1588xN.5358651901_7asf-1-1-1536x1152.jpg 1536w, https:\/\/shatranj.art\/wp-content\/uploads\/2024\/05\/il_1588xN.5358651901_7asf-1-1.jpg 1588w\" sizes=\"(max-width: 800px) 100vw, 800px\" \/>\t\t\t\t\t\t\t\t\t\t\t\t\t\t\t<\/div>\n\t\t\t\t<\/div>\n\t\t\t\t<div class=\"elementor-element elementor-element-7e4018a elementor-widget__width-initial elementor-widget-mobile__width-initial elementor-widget elementor-widget-image\" data-id=\"7e4018a\" data-element_type=\"widget\" data-e-type=\"widget\" data-widget_type=\"image.default\">\n\t\t\t\t<div class=\"elementor-widget-container\">\n\t\t\t\t\t\t\t\t\t\t\t\t\t\t\t<img decoding=\"async\" width=\"599\" height=\"515\" src=\"https:\/\/shatranj.art\/wp-content\/uploads\/2026\/02\/soviet-magnetic-set-baku-design.jpeg\" class=\"attachment-large size-large wp-image-1264\" alt=\"\" srcset=\"https:\/\/shatranj.art\/wp-content\/uploads\/2026\/02\/soviet-magnetic-set-baku-design.jpeg 599w, https:\/\/shatranj.art\/wp-content\/uploads\/2026\/02\/soviet-magnetic-set-baku-design-300x258.jpeg 300w, https:\/\/shatranj.art\/wp-content\/uploads\/2026\/02\/soviet-magnetic-set-baku-design-14x12.jpeg 14w\" sizes=\"(max-width: 599px) 100vw, 599px\" \/>\t\t\t\t\t\t\t\t\t\t\t\t\t\t\t<\/div>\n\t\t\t\t<\/div>\n\t\t\t\t<div class=\"elementor-element elementor-element-0bbe733 elementor-widget__width-initial elementor-widget-mobile__width-inherit elementor-widget elementor-widget-image\" data-id=\"0bbe733\" data-element_type=\"widget\" data-e-type=\"widget\" data-widget_type=\"image.default\">\n\t\t\t\t<div class=\"elementor-widget-container\">\n\t\t\t\t\t\t\t\t\t\t\t\t\t\t\t<img decoding=\"async\" width=\"564\" height=\"407\" src=\"https:\/\/shatranj.art\/wp-content\/uploads\/2026\/02\/soviet-chess-set-1.jpg\" class=\"attachment-large size-large wp-image-1263\" alt=\"\" srcset=\"https:\/\/shatranj.art\/wp-content\/uploads\/2026\/02\/soviet-chess-set-1.jpg 564w, https:\/\/shatranj.art\/wp-content\/uploads\/2026\/02\/soviet-chess-set-1-300x216.jpg 300w, https:\/\/shatranj.art\/wp-content\/uploads\/2026\/02\/soviet-chess-set-1-18x12.jpg 18w\" sizes=\"(max-width: 564px) 100vw, 564px\" \/>\t\t\t\t\t\t\t\t\t\t\t\t\t\t\t<\/div>\n\t\t\t\t<\/div>\n\t\t\t\t<div class=\"elementor-element elementor-element-0c9e576 elementor-widget__width-initial elementor-widget-mobile__width-inherit elementor-widget elementor-widget-image\" data-id=\"0c9e576\" data-element_type=\"widget\" data-e-type=\"widget\" data-widget_type=\"image.default\">\n\t\t\t\t<div class=\"elementor-widget-container\">\n\t\t\t\t\t\t\t\t\t\t\t\t\t\t\t<img loading=\"lazy\" decoding=\"async\" width=\"683\" height=\"1024\" src=\"https:\/\/shatranj.art\/wp-content\/uploads\/2026\/02\/tamerkaratekin-yenisafak-tam-683x1024.jpg\" class=\"attachment-large size-large wp-image-1265\" alt=\"\" srcset=\"https:\/\/shatranj.art\/wp-content\/uploads\/2026\/02\/tamerkaratekin-yenisafak-tam-683x1024.jpg 683w, https:\/\/shatranj.art\/wp-content\/uploads\/2026\/02\/tamerkaratekin-yenisafak-tam-200x300.jpg 200w, https:\/\/shatranj.art\/wp-content\/uploads\/2026\/02\/tamerkaratekin-yenisafak-tam-8x12.jpg 8w, https:\/\/shatranj.art\/wp-content\/uploads\/2026\/02\/tamerkaratekin-yenisafak-tam.jpg 720w\" sizes=\"(max-width: 683px) 100vw, 683px\" \/>\t\t\t\t\t\t\t\t\t\t\t\t\t\t\t<\/div>\n\t\t\t\t<\/div>\n\t\t\t\t<\/div>\n\t\t<div class=\"elementor-element elementor-element-14728a8 e-con-full e-flex e-con e-child\" data-id=\"14728a8\" data-element_type=\"container\" data-e-type=\"container\">\n\t\t\t\t<div class=\"elementor-element elementor-element-98fcbd1 elementor-widget__width-initial elementor-widget-tablet__width-inherit elementor-widget elementor-widget-text-editor\" data-id=\"98fcbd1\" data-element_type=\"widget\" data-e-type=\"widget\" data-widget_type=\"text-editor.default\">\n\t\t\t\t<div class=\"elementor-widget-container\">\n\t\t\t\t\t\t\t\t\t<div class=\"elementor-element elementor-element-486eb829 elementor-widget__width-auto elementor-widget elementor-widget-text-editor\" data-id=\"486eb829\" data-element_type=\"widget\" data-widget_type=\"text-editor.default\"><div class=\"elementor-widget-container\"><p><b>Serhetleri\u0148 \u00dcst\u00fcnden K\u00f6pr\u00fcler: Balkan we Sosialistik Mirasy (1950\u20131991)<\/b><span style=\"font-weight: 400;\"> \u265f\ufe0f<\/span><\/p><p>Bu g\u00f6\u00e7\u00fcrilip bol\u00fdan \u015fahmat toplumlary Balkan, Slaw, Sowet we T\u00fcrki\u00fde medeni\u00fdetlerini\u0148 \u00f6zbolu\u015fly kesi\u015f nokadyny g\u00f6rkez\u00fd\u00e4r. Bir sy\u00fdasy bloku\u0148 d\u00e4l-de, bu b\u00f6lekler Jugoslawi\u00fdany\u0148 tarapsyz sebitlerinden Sowet So\u00fduzyny\u0148 \u00fd\u00fcregine \u00e7enli d\u00fcrli diza\u00fdnlary\u0148 g\u00fcll\u00e4p \u00f6s\u00fd\u00e4n k\u00f6pugurly intellektual gur\u015fawyny suratlandyr\u00fdar. T\u00fcrki\u00fd\u00e4ni\u0148 2000-nji \u00fdyldaky milli \u015fahmat \u00e7empiony we FIDE ussady Tamer Karatekin \u00fc\u00e7in bu toplumlar onu\u0148 \u00f6s\u00fc\u015f \u00fdoluny\u0148 we h\u00fcn\u00e4r derejesind\u00e4ki m\u00f6h\u00fcm basgan\u00e7aklaryny\u0148 \u015fahsy kartasy bolup hyzmat ed\u00fd\u00e4r.<\/p><ul><li style=\"font-weight: 400;\" aria-level=\"1\"><b>Bulgaristan magnit toplumy<\/b><span style=\"font-weight: 400;\">: Tamer o\u00fdny ilkinji gezek atasyndan \u00f6wrenen Balkan diza\u00fdny. Ol dini d\u00e4l ny\u015fanlary \u00f6z\u00fcnde jemle\u00fd\u00e4r, bu gi\u0148 sebitle\u00fdin ulanyly\u015f \u00fc\u00e7in ni\u00fdetlenen toplumlary\u0148 umumy a\u00fdratynlygy.<\/span><\/li><li style=\"font-weight: 400;\" aria-level=\"1\"><b>Sowet plastmassa toplumy buklap bol\u00fdan aga\u00e7 gutuda<\/b><span style=\"font-weight: 400;\">: Silivri gola\u00fdyndaky tomuslyk \u00f6\u00fdlerinde Tamer bilen onu\u0148 babasyny\u0148 arasynda sanawsyz o\u00fdunlary\u0148 me\u00fddany bolan klassiki, \u00e7ydamly diza\u00fdn.<\/span><\/li><li style=\"font-weight: 400;\" aria-level=\"1\"><b>Sovet Baku diza\u00fdnyndaky magnitli sy\u00fdahat toplumy<\/b><span style=\"font-weight: 400;\">: Tamer tarapyndan ussat o\u00fdunlary seljerip, \u00f6z strategi\u00fdalaryny k\u00e4mille\u015fdirmek \u00fc\u00e7in ulanyl\u00fdan Sovet d\u00f6wr\u00fcne degi\u015fli bir \u00f6wreni\u015f guraly.<\/span><\/li><li style=\"font-weight: 400;\" aria-level=\"1\"><b>Subotica diza\u00fdn toplumy (Makedoni\u00fda, Jugoslawi\u00fda)<\/b><span style=\"font-weight: 400;\">Istanbuly\u0148 K\u00f6ne \u015f\u00e4herinde ma\u015fgalasyny\u0148 \u00f6\u00fd\u00fcnde \u015fahmat \u00f6wrenmek \u00fc\u00e7in Tamer ulanan me\u015fhur Jugsloweni\u00fda toplumy. Tamer bu toplumdaky fi\u0433\u0443\u0440lar bilen k\u00f6p o\u00fdun ge\u00e7irdi we o\u00fdnu\u0148 jikme-jikliklerini \u015fol fi\u0433\u0443\u0440lar arkaly \u00f6wrenip, ata-babas M\u00fccahit Kor\u00e7a bilen k\u00f6p o\u00fdun ge\u00e7irdi. Kor\u00e7a \u00f6mr\u00fcni\u0148 dowamynda fizika we dil mugallymy hem-de \u00f6\u0148debaryjy alym bolup, Balkan \u00fdarymadasynda ilkinji Jugsloweni\u00fda-t\u00fcrk we Alban\u00fda-t\u00fcrk s\u00f6zl\u00fcklaryny\u0148 birini\u0148 awtory boldy.<\/span><\/li><li style=\"font-weight: 400;\" aria-level=\"1\"><b>Varna 1962 \/ \u201cGambit\u201d toplumy<\/b><span style=\"font-weight: 400;\">Aslynda 1962-nji Varna Olimpiadasyndan ylham alnyp, Bolgari\u00fdadan g\u00f6\u00e7en t\u00fcrk g\u00f6\u00e7menleri tarapyndan T\u00fcrki\u00fd\u00e4 getirilen bu a\u00fdratyn stil 2000-nji \u00fdyldaky T\u00fcrki\u00fde \u015eahmat \u00c7empionatyny\u0148 resmi toplumy bolup, \u015fol \u00fderde Tamer Milli \u00e7empion adyna mynasyp boldy. \u015eol bir diza\u00fdn toplumy Tameri\u0148 has \u00fda\u015f wagtynda \u015fahmat o\u00fdna\u00fdan suratyny\u0148 fonunda hem g\u00f6r\u00fcn\u00fd\u00e4r. I\u0148 t\u00e4sin tarapy, bu diza\u00fdn Tameri\u0148 1997-nji \u00fdyldaky g\u00f6rkezme du\u015fu\u015fyklarynda ulanyl\u00fdan takyk nusga bolup, ol du\u015fu\u015fyklar legendalar Garri Kasparow we Anatoli Karpow bilen de\u0148lik bilen tamamlandy.<\/span><\/li><\/ul><\/div><\/div>\t\t\t\t\t\t\t\t<\/div>\n\t\t\t\t<\/div>\n\t\t\t\t<\/div>\n\t\t\t\t\t<\/div>\n\t\t\t\t<\/div>\n\t\t\t\t<\/div>","protected":false},"excerpt":{"rendered":"<p>Bridges Across Borders: The Balkan and Socialist Legacy (1950\u20131991) \u265f\ufe0f This collection of portable chess sets represents a unique intersection of Balkan, Slavic, Soviet, and Turkish cultures. Rather than reflecting a single political bloc, these pieces illustrate a diverse intellectual landscape where distinct designs flourished from the Non-Aligned regions of Yugoslavia to the heart of [&hellip;]<\/p>\n","protected":false},"author":1,"featured_media":0,"parent":743,"menu_order":0,"comment_status":"closed","ping_status":"closed","template":"","meta":{"footnotes":""},"class_list":["post-1136","page","type-page","status-publish","hentry"],"_links":{"self":[{"href":"https:\/\/shatranj.art\/tk\/wp-json\/wp\/v2\/pages\/1136","targetHints":{"allow":["GET"]}}],"collection":[{"href":"https:\/\/shatranj.art\/tk\/wp-json\/wp\/v2\/pages"}],"about":[{"href":"https:\/\/shatranj.art\/tk\/wp-json\/wp\/v2\/types\/page"}],"author":[{"embeddable":true,"href":"https:\/\/shatranj.art\/tk\/wp-json\/wp\/v2\/users\/1"}],"replies":[{"embeddable":true,"href":"https:\/\/shatranj.art\/tk\/wp-json\/wp\/v2\/comments?post=1136"}],"version-history":[{"count":16,"href":"https:\/\/shatranj.art\/tk\/wp-json\/wp\/v2\/pages\/1136\/revisions"}],"predecessor-version":[{"id":1383,"href":"https:\/\/shatranj.art\/tk\/wp-json\/wp\/v2\/pages\/1136\/revisions\/1383"}],"up":[{"embeddable":true,"href":"https:\/\/shatranj.art\/tk\/wp-json\/wp\/v2\/pages\/743"}],"wp:attachment":[{"href":"https:\/\/shatranj.art\/tk\/wp-json\/wp\/v2\/media?parent=1136"}],"curies":[{"name":"wp","href":"https:\/\/api.w.org\/{rel}","templated":true}]}}