{"id":1488,"date":"2026-02-24T06:58:44","date_gmt":"2026-02-24T06:58:44","guid":{"rendered":"https:\/\/shatranj.art\/?page_id=1488"},"modified":"2026-02-24T07:15:32","modified_gmt":"2026-02-24T07:15:32","slug":"plakat-36","status":"publish","type":"page","link":"https:\/\/shatranj.art\/tk\/exhibit\/plakat-36\/","title":{"rendered":"plakat-36"},"content":{"rendered":"<div data-elementor-type=\"wp-page\" data-elementor-id=\"1488\" class=\"elementor elementor-1488\" data-elementor-post-type=\"page\">\n\t\t\t\t<div class=\"elementor-element elementor-element-ffdb7d2 e-flex e-con-boxed e-con e-parent\" data-id=\"ffdb7d2\" data-element_type=\"container\" data-e-type=\"container\" data-settings=\"{&quot;background_background&quot;:&quot;classic&quot;}\">\n\t\t\t\t\t<div class=\"e-con-inner\">\n\t\t<div class=\"elementor-element elementor-element-5551562 e-con-full e-flex e-con e-child\" data-id=\"5551562\" data-element_type=\"container\" data-e-type=\"container\">\n\t\t\t\t<div class=\"elementor-element elementor-element-1e762c9 elementor-widget elementor-widget-image\" data-id=\"1e762c9\" data-element_type=\"widget\" data-e-type=\"widget\" data-widget_type=\"image.default\">\n\t\t\t\t<div class=\"elementor-widget-container\">\n\t\t\t\t\t\t\t\t\t\t\t\t\t\t\t<img fetchpriority=\"high\" decoding=\"async\" width=\"569\" height=\"860\" src=\"https:\/\/shatranj.art\/wp-content\/uploads\/2026\/02\/damiano.jpg\" class=\"attachment-full size-full wp-image-1490\" alt=\"\" srcset=\"https:\/\/shatranj.art\/wp-content\/uploads\/2026\/02\/damiano.jpg 569w, https:\/\/shatranj.art\/wp-content\/uploads\/2026\/02\/damiano-198x300.jpg 198w, https:\/\/shatranj.art\/wp-content\/uploads\/2026\/02\/damiano-8x12.jpg 8w\" sizes=\"(max-width: 569px) 100vw, 569px\" \/>\t\t\t\t\t\t\t\t\t\t\t\t\t\t\t<\/div>\n\t\t\t\t<\/div>\n\t\t\t\t<div class=\"elementor-element elementor-element-4488bb1 elementor-widget elementor-widget-text-editor\" data-id=\"4488bb1\" data-element_type=\"widget\" data-e-type=\"widget\" data-widget_type=\"text-editor.default\">\n\t\t\t\t<div class=\"elementor-widget-container\">\n\t\t\t\t\t\t\t\t\t<h3 data-path-to-node=\"0\">Damiano \u015fahmat toplumy (t. 1512 t\u00f6weregi)<\/h3><p data-path-to-node=\"1\">Pedro Damiano ady bilen atlandyrylan, t\u00e4sirli 1512-nji \u00fdyldaky \"Questo Libro e da Imparare Giocare a Scacchi\" gollanmasyny\u0148 awtory bolan portuga\u00fd aptek\u00e7isi bu toplum \u015fahmat diza\u00fdnynda m\u00f6h\u00fcm ge\u00e7i\u015f pursadyny a\u0148lad\u00fdar. Bu fi\u00fdguralar ilkinji simwolik g\u00f6rn\u00fc\u015fler bilen h\u00e4zirki zaman g\u00f6rkezili\u015fi arasyndaky bo\u015flugy dolduryar. Paty\u015falar we paty\u015fa a\u00fdallary owadan burul\u00fdan basgan\u00e7aklar bilen bezelip, atlar o\u00fduly at ba\u015fy g\u00f6rn\u00fc\u015finde g\u00f6rkezilse-de, ruyklar we fileler henizem orta asyr \u00f6\u0148ki nusgalaryny \u00fdatlad\u00fdar. Hususan-da, ruyk gadymy uru\u015f arabanasyny\u0148 abstrakt siluetini sakla\u00fdar; bu g\u00f6rn\u00fc\u015f \u00fdakynda h\u00e4zirki zaman galany\u0148 bur\u00e7ly binasyna \u00f6wr\u00fcler.<\/p><p data-path-to-node=\"2\">Damiano\u0148 risalesi h\u00e4zirki zaman d\u00f6wr\u00fcni\u0148 ilkinji bestselleri bolup, o\u00fdun\u00e7yny\u0148 sag tarapynda ak kwadrat bolmalydygy \u00fdaly esasy kadalary kesgitledi. Onu\u0148 wagty\u0148 synagyndan ge\u00e7en maslahaty, \u201cEger gowy bir hereketi g\u00f6rse\u0148, has gowusyny tap,\u201d o\u00fduna getiren akyl-pa\u00fdhas derejesini g\u00f6rkez\u00fd\u00e4r. Bu toplum gadymy satranjy h\u00e4zirki d\u00fcn\u00fd\u00e4ni\u0148 halkara sportyna \u00f6w\u00fcr\u00fd\u00e4n 16-njy asyr \u00f6s\u00fc\u015fini\u0148 wizual \u00fdazgysy bolup hyzmat ed\u00fd\u00e4r.<\/p>\t\t\t\t\t\t\t\t<\/div>\n\t\t\t\t<\/div>\n\t\t\t\t<\/div>\n\t\t\t\t\t<\/div>\n\t\t\t\t<\/div>\n\t\t\t\t<\/div>","protected":false},"excerpt":{"rendered":"<p>The Damiano Chess Set (c. 1512) Named after Pedro Damiano, the Portuguese apothecary who authored the influential 1512 manual Questo Libro e da Imparare Giocare a Scacchi, this set represents a significant transitional moment in chess design. The pieces bridge the gap between early symbolic forms and modern representation. While the Kings and Queens feature [&hellip;]<\/p>\n","protected":false},"author":1,"featured_media":0,"parent":743,"menu_order":0,"comment_status":"closed","ping_status":"closed","template":"","meta":{"footnotes":""},"class_list":["post-1488","page","type-page","status-publish","hentry"],"_links":{"self":[{"href":"https:\/\/shatranj.art\/tk\/wp-json\/wp\/v2\/pages\/1488","targetHints":{"allow":["GET"]}}],"collection":[{"href":"https:\/\/shatranj.art\/tk\/wp-json\/wp\/v2\/pages"}],"about":[{"href":"https:\/\/shatranj.art\/tk\/wp-json\/wp\/v2\/types\/page"}],"author":[{"embeddable":true,"href":"https:\/\/shatranj.art\/tk\/wp-json\/wp\/v2\/users\/1"}],"replies":[{"embeddable":true,"href":"https:\/\/shatranj.art\/tk\/wp-json\/wp\/v2\/comments?post=1488"}],"version-history":[{"count":5,"href":"https:\/\/shatranj.art\/tk\/wp-json\/wp\/v2\/pages\/1488\/revisions"}],"predecessor-version":[{"id":1501,"href":"https:\/\/shatranj.art\/tk\/wp-json\/wp\/v2\/pages\/1488\/revisions\/1501"}],"up":[{"embeddable":true,"href":"https:\/\/shatranj.art\/tk\/wp-json\/wp\/v2\/pages\/743"}],"wp:attachment":[{"href":"https:\/\/shatranj.art\/tk\/wp-json\/wp\/v2\/media?parent=1488"}],"curies":[{"name":"wp","href":"https:\/\/api.w.org\/{rel}","templated":true}]}}