{"id":1504,"date":"2026-02-24T07:16:45","date_gmt":"2026-02-24T07:16:45","guid":{"rendered":"https:\/\/shatranj.art\/?page_id=1504"},"modified":"2026-02-24T07:21:26","modified_gmt":"2026-02-24T07:21:26","slug":"poster-38","status":"publish","type":"page","link":"https:\/\/shatranj.art\/tk\/exhibit\/poster-38\/","title":{"rendered":"plakat-38"},"content":{"rendered":"<div data-elementor-type=\"wp-page\" data-elementor-id=\"1504\" class=\"elementor elementor-1504\" data-elementor-post-type=\"page\">\n\t\t\t\t<div class=\"elementor-element elementor-element-d6ea98c e-flex e-con-boxed e-con e-parent\" data-id=\"d6ea98c\" data-element_type=\"container\" data-e-type=\"container\" data-settings=\"{&quot;background_background&quot;:&quot;classic&quot;}\">\n\t\t\t\t\t<div class=\"e-con-inner\">\n\t\t<div class=\"elementor-element elementor-element-8942b74 e-con-full e-flex e-con e-child\" data-id=\"8942b74\" data-element_type=\"container\" data-e-type=\"container\">\n\t\t\t\t<div class=\"elementor-element elementor-element-f1e4538 elementor-widget elementor-widget-image\" data-id=\"f1e4538\" data-element_type=\"widget\" data-e-type=\"widget\" data-widget_type=\"image.default\">\n\t\t\t\t<div class=\"elementor-widget-container\">\n\t\t\t\t\t\t\t\t\t\t\t\t\t\t\t<img fetchpriority=\"high\" decoding=\"async\" width=\"1893\" height=\"798\" src=\"https:\/\/shatranj.art\/wp-content\/uploads\/2026\/02\/romanian-cafe-house-langer-collection.jpg\" class=\"attachment-full size-full wp-image-1506\" alt=\"\" srcset=\"https:\/\/shatranj.art\/wp-content\/uploads\/2026\/02\/romanian-cafe-house-langer-collection.jpg 1893w, https:\/\/shatranj.art\/wp-content\/uploads\/2026\/02\/romanian-cafe-house-langer-collection-300x126.jpg 300w, https:\/\/shatranj.art\/wp-content\/uploads\/2026\/02\/romanian-cafe-house-langer-collection-1024x432.jpg 1024w, https:\/\/shatranj.art\/wp-content\/uploads\/2026\/02\/romanian-cafe-house-langer-collection-768x324.jpg 768w, https:\/\/shatranj.art\/wp-content\/uploads\/2026\/02\/romanian-cafe-house-langer-collection-1536x648.jpg 1536w, https:\/\/shatranj.art\/wp-content\/uploads\/2026\/02\/romanian-cafe-house-langer-collection-18x8.jpg 18w\" sizes=\"(max-width: 1893px) 100vw, 1893px\" \/>\t\t\t\t\t\t\t\t\t\t\t\t\t\t\t<\/div>\n\t\t\t\t<\/div>\n\t\t\t\t<div class=\"elementor-element elementor-element-dced84d elementor-widget elementor-widget-text-editor\" data-id=\"dced84d\" data-element_type=\"widget\" data-e-type=\"widget\" data-widget_type=\"text-editor.default\">\n\t\t\t\t<div class=\"elementor-widget-container\">\n\t\t\t\t\t\t\t\t\t<div id=\"1440505187\" class=\"u_1440505187 dmNewParagraph\"><h3><strong>Rumyni\u00fdany\u0148 kafe \u00f6\u00fdi \u015fahmat toplumy, takmynan 1920\u20131940<\/strong><br \/><br \/><\/h3><div>Birinji jahan ur\u015funa \u00e7enli h\u00e4zirki Rumyni\u00fdany\u0148 k\u00e4bir sebitleri \u2013 a\u00fdratyn-da Transilwani\u00fda di\u00fdlip atlandyryl\u00fdan \u00fderi \u2013 Habsburg s\u00fclalesini\u0148 dolandyry\u015fyndaky Awstro-Wengri\u00fda imperi\u00fdasyna degi\u015fli boldy. Bu baglany\u015fyk arkaly Awstri\u00fdany\u0148 kofe \u00f6\u00fdleri medeni\u00fdeti we \u2019Wena kofe \u00f6\u00fdi\" stili di\u00fdlip atlandyryl\u00fdan umumy \u015fahmat toplumlary hem Rumyni\u00fdany\u0148 g\u00fcnorta paty\u015falygyna \u00fdetipdir; bu toplum 20-nji asyry\u0148 ilkinji \u00fdyllarynda ulanylypdyr. Toplum tornadan i\u015flenen aga\u00e7dan \u00fdasalypdyr; bir tarapy tebigy, be\u00fdlekisi gara laka bilen \u00f6rt\u00fclen. Ol \u00f6\u0148de agzalan Wena toplumlaryna mahsus k\u00e4bir diza\u00fdn a\u00fdratynlyklaryny g\u00f6rkez\u00fd\u00e4r, esasanam \u015fapka g\u00f6rn\u00fc\u015fli paty\u015fa ta\u00e7lary, ters re\u0148kli top g\u00f6rn\u00fc\u015fli ba\u015fly fil'ler \u00fda-da berk kuleler. A\u00fdratyn gyzykly tarapy paty\u015fa\u0148 adaty d\u00e4l g\u00f6rn\u00fc\u015fidir; onu\u0148 ta\u00e7yny\u0148 \u00fdokarky tarapy in\u00e7e uzaldylan bezegine ge\u00e7\u00fd\u00e4r we \u00fcst\u00fcnde ki\u00e7i top\u00e7a bar, sanki ki\u00e7i piyada paty\u015fa\u0148 ta\u00e7yny\u0148 \u00fcst\u00fcnde otur\u00fdar. Toplumy\u0148 intensiv ulanylandygyny g\u00f6rkez\u00fd\u00e4n k\u00e4bir alamatlary bar. K\u00e4bir b\u00f6lekleri\u0148 \u00e7al\u015fylan \u00fdaly g\u00f6r\u00fcn\u00fd\u00e4r, \u00fd\u00f6ne bu umumy t\u00e4sirden hi\u00e7 zat a\u00fdyrma\u00fdar. Surat we tekst Langer \u00fdygyndysyndan alyndy.<\/div><\/div>\t\t\t\t\t\t\t\t<\/div>\n\t\t\t\t<\/div>\n\t\t\t\t<\/div>\n\t\t\t\t\t<\/div>\n\t\t\t\t<\/div>\n\t\t\t\t<\/div>","protected":false},"excerpt":{"rendered":"<p>Romanian Coffee House Chess set, ca. 1920-1940 Until WWI, some parts of today&#8217;s Romania &#8211; namely the region known as Transylvania &#8211; belonged to the Austro-Hungarian Empire ruled by the Habsburg dynasty. It can be assumed that through this connection the Austrian coffee house culture and the common chess sets of the so called Vienna [&hellip;]<\/p>\n","protected":false},"author":1,"featured_media":0,"parent":743,"menu_order":0,"comment_status":"closed","ping_status":"closed","template":"","meta":{"footnotes":""},"class_list":["post-1504","page","type-page","status-publish","hentry"],"_links":{"self":[{"href":"https:\/\/shatranj.art\/tk\/wp-json\/wp\/v2\/pages\/1504","targetHints":{"allow":["GET"]}}],"collection":[{"href":"https:\/\/shatranj.art\/tk\/wp-json\/wp\/v2\/pages"}],"about":[{"href":"https:\/\/shatranj.art\/tk\/wp-json\/wp\/v2\/types\/page"}],"author":[{"embeddable":true,"href":"https:\/\/shatranj.art\/tk\/wp-json\/wp\/v2\/users\/1"}],"replies":[{"embeddable":true,"href":"https:\/\/shatranj.art\/tk\/wp-json\/wp\/v2\/comments?post=1504"}],"version-history":[{"count":4,"href":"https:\/\/shatranj.art\/tk\/wp-json\/wp\/v2\/pages\/1504\/revisions"}],"predecessor-version":[{"id":1509,"href":"https:\/\/shatranj.art\/tk\/wp-json\/wp\/v2\/pages\/1504\/revisions\/1509"}],"up":[{"embeddable":true,"href":"https:\/\/shatranj.art\/tk\/wp-json\/wp\/v2\/pages\/743"}],"wp:attachment":[{"href":"https:\/\/shatranj.art\/tk\/wp-json\/wp\/v2\/media?parent=1504"}],"curies":[{"name":"wp","href":"https:\/\/api.w.org\/{rel}","templated":true}]}}