{"id":1510,"date":"2026-02-24T07:22:35","date_gmt":"2026-02-24T07:22:35","guid":{"rendered":"https:\/\/shatranj.art\/?page_id=1510"},"modified":"2026-02-24T07:36:00","modified_gmt":"2026-02-24T07:36:00","slug":"poster-39","status":"publish","type":"page","link":"https:\/\/shatranj.art\/tk\/exhibit\/poster-39\/","title":{"rendered":"plakat-39"},"content":{"rendered":"<div data-elementor-type=\"wp-page\" data-elementor-id=\"1510\" class=\"elementor elementor-1510\" data-elementor-post-type=\"page\">\n\t\t\t\t<div class=\"elementor-element elementor-element-1426eb0 e-flex e-con-boxed e-con e-parent\" data-id=\"1426eb0\" data-element_type=\"container\" data-e-type=\"container\" data-settings=\"{&quot;background_background&quot;:&quot;classic&quot;}\">\n\t\t\t\t\t<div class=\"e-con-inner\">\n\t\t<div class=\"elementor-element elementor-element-d76d2b5 e-con-full e-flex e-con e-child\" data-id=\"d76d2b5\" data-element_type=\"container\" data-e-type=\"container\">\n\t\t\t\t<div class=\"elementor-element elementor-element-e675f73 elementor-widget elementor-widget-image\" data-id=\"e675f73\" data-element_type=\"widget\" data-e-type=\"widget\" data-widget_type=\"image.default\">\n\t\t\t\t<div class=\"elementor-widget-container\">\n\t\t\t\t\t\t\t\t\t\t\t\t\t\t\t<img fetchpriority=\"high\" decoding=\"async\" width=\"1200\" height=\"942\" src=\"https:\/\/shatranj.art\/wp-content\/uploads\/2026\/02\/Ben-Franklin-Chess-scaled-1200x942-1.jpeg\" class=\"attachment-full size-full wp-image-1513\" alt=\"\" srcset=\"https:\/\/shatranj.art\/wp-content\/uploads\/2026\/02\/Ben-Franklin-Chess-scaled-1200x942-1.jpeg 1200w, https:\/\/shatranj.art\/wp-content\/uploads\/2026\/02\/Ben-Franklin-Chess-scaled-1200x942-1-300x236.jpeg 300w, https:\/\/shatranj.art\/wp-content\/uploads\/2026\/02\/Ben-Franklin-Chess-scaled-1200x942-1-1024x804.jpeg 1024w, https:\/\/shatranj.art\/wp-content\/uploads\/2026\/02\/Ben-Franklin-Chess-scaled-1200x942-1-768x603.jpeg 768w, https:\/\/shatranj.art\/wp-content\/uploads\/2026\/02\/Ben-Franklin-Chess-scaled-1200x942-1-15x12.jpeg 15w\" sizes=\"(max-width: 1200px) 100vw, 1200px\" \/>\t\t\t\t\t\t\t\t\t\t\t\t\t\t\t<\/div>\n\t\t\t\t<\/div>\n\t\t\t\t<div class=\"elementor-element elementor-element-225c171 elementor-widget elementor-widget-text-editor\" data-id=\"225c171\" data-element_type=\"widget\" data-e-type=\"widget\" data-widget_type=\"text-editor.default\">\n\t\t\t\t<div class=\"elementor-widget-container\">\n\t\t\t\t\t\t\t\t\t<h3 data-path-to-node=\"0\"><span class=\"citation-214 citation-end-214\">\u201c\u015ea\u00fdblary\u0148 Ahlagy\u201d Benjamin Franklin tarapyndan<\/span><\/h3><p data-path-to-node=\"0\"><span class=\"citation-214 citation-end-214\"><br \/><br \/>Benjamin Franklini\u0148 1786-njy \u00fdyldaky \u201c\u015eahy\u0148 Ahlagy\u201d atly esse\u00fdi o\u00fdny \u015fahsy \u00f6s\u00fc\u015f we a\u0148-bilim ahlagy \u00fc\u00e7in m\u00f6h\u00fcm gural h\u00f6km\u00fcnde t\u00e4zeden kesgitledi.<\/span> <span class=\"citation-213 citation-end-213\">Franklin \u015fa\u00fdmaty\u0148 di\u0148e wagt ge\u00e7irmek \u00fc\u00e7in d\u00e4l-de, geljegi \u00f6\u0148\u00fcnden \u00e7aklamak, \u00fcnsli we ehtiyatly bolmak bo\u00fdun\u00e7a ma\u015fgala bolup dur\u00fdandygyna ynan\u00fdardy \u2014 ol bu h\u00e4si\u00fdetleri hususy durmu\u015fda hem-de d\u00f6wlet diplomati\u00fdasynda \u00fcst\u00fcnlik gazanmak \u00fc\u00e7in zerur hasap ed\u00fd\u00e4rdi.<\/span> <span class=\"citation-212 citation-end-212\">Akl-pa\u00fdhas asyrynda Franklin Pari\u017edeki Caf\u00e9 de la R\u00e9gence \u00fdaly me\u015fhur \u015fahmat kafelerine \u00fdygy-\u00fdygydan baryp durdy.<\/span> Bu gi\u0148i\u015flikler \u015fol d\u00f6wri\u0148 ilkinji sosial torlary bolup hyzmat etdi; o\u00fdun berk \u00e7eki\u015fmeleri we inqilap\u00e7y pikirleri\u0148 aly\u015f-\u00e7al\u015fyny \u00fde\u0148ille\u015fdirip, ylym, sy\u00fdasat we filosofi\u00fda d\u00fcn\u00fdelerini birle\u015fdirdi.<\/p><p data-path-to-node=\"0\">\u00a0<\/p><p data-path-to-node=\"0\">Franklini\u0148 o\u00fduny\u0148 intellektual \u00e7\u00e4klerine bolan gyzyklanmasy ony d\u00fcn\u00fd\u00e4ni\u0148 i\u0148 me\u015fhur \u015fahmat o\u00fdna\u00fdan awtomaty Mekaniki Turk bilen taryhy du\u015fu\u015fyga alyp geldi. 1783-nji \u00fdylda Pari\u017ede ge\u00e7irilen du\u015fu\u015fykda Franklin makinaly\u0148 gar\u015fysyna ussatlygyny synap g\u00f6rd\u00fc; bu makina Ayd\u0131nlanma d\u00f6wr\u00fcni\u0148 mehaniki a\u0148yga bolan h\u00f6wesini\u0148 nusgasy boldy. Turk so\u0148unda Birle\u015fen \u015etatlara sy\u00fdahat etdi we Filadelfi\u00fdadaky Peale muze\u00fdinde (so\u0148ra Hyta\u00fd muze\u00fdinde) hemi\u015felik \u00fderle\u015fdi. Ol 1854-nji \u00fdylda \u00fdangynda \u00fditirilmezden ozal onlar\u00e7a \u00fdyl Pennsilwani\u00fdany\u0148 ylmy medeni\u00fdetini\u0148 m\u00f6h\u00fcm b\u00f6legi bolup galdy. Adam zehinini\u0148 we ma\u015fyn a\u0148yny\u0148 bu mirasy taryh, o\u00fdunlar we a\u0148y\u0148 \u00f6s\u00fc\u015fi temalaryny seljer\u00fd\u00e4n sergilerde esasy heka\u00fdalary\u0148 biri bolup gal\u00fdar.<br \/><br \/><br \/><\/p><p data-path-to-node=\"0\">Suratda Benjamin Franklin \u015fatranc o\u00fdna\u00fdar.   Edward Harrison May tarapyndan 1867-nji \u00fdylda d\u00f6redilen surat eseridir.<\/p>\t\t\t\t\t\t\t\t<\/div>\n\t\t\t\t<\/div>\n\t\t\t\t<\/div>\n\t\t\t\t\t<\/div>\n\t\t\t\t<\/div>\n\t\t\t\t<\/div>","protected":false},"excerpt":{"rendered":"<p>&#8220;The Morals of Chess&#8221; by Benjamin Franklin Benjamin Franklin\u2019s 1786 essay, &#8220;The Morals of Chess,&#8221; redefined the game as a vital tool for personal development and intellectual virtue. Franklin believed that chess was more than a pastime; it was an exercise in foresight, circumspection, and caution\u2014qualities he deemed essential for success in both private life [&hellip;]<\/p>\n","protected":false},"author":1,"featured_media":0,"parent":743,"menu_order":0,"comment_status":"closed","ping_status":"closed","template":"","meta":{"footnotes":""},"class_list":["post-1510","page","type-page","status-publish","hentry"],"_links":{"self":[{"href":"https:\/\/shatranj.art\/tk\/wp-json\/wp\/v2\/pages\/1510","targetHints":{"allow":["GET"]}}],"collection":[{"href":"https:\/\/shatranj.art\/tk\/wp-json\/wp\/v2\/pages"}],"about":[{"href":"https:\/\/shatranj.art\/tk\/wp-json\/wp\/v2\/types\/page"}],"author":[{"embeddable":true,"href":"https:\/\/shatranj.art\/tk\/wp-json\/wp\/v2\/users\/1"}],"replies":[{"embeddable":true,"href":"https:\/\/shatranj.art\/tk\/wp-json\/wp\/v2\/comments?post=1510"}],"version-history":[{"count":4,"href":"https:\/\/shatranj.art\/tk\/wp-json\/wp\/v2\/pages\/1510\/revisions"}],"predecessor-version":[{"id":1516,"href":"https:\/\/shatranj.art\/tk\/wp-json\/wp\/v2\/pages\/1510\/revisions\/1516"}],"up":[{"embeddable":true,"href":"https:\/\/shatranj.art\/tk\/wp-json\/wp\/v2\/pages\/743"}],"wp:attachment":[{"href":"https:\/\/shatranj.art\/tk\/wp-json\/wp\/v2\/media?parent=1510"}],"curies":[{"name":"wp","href":"https:\/\/api.w.org\/{rel}","templated":true}]}}