{"id":1521,"date":"2026-02-24T07:53:08","date_gmt":"2026-02-24T07:53:08","guid":{"rendered":"https:\/\/shatranj.art\/?page_id=1521"},"modified":"2026-02-24T10:48:54","modified_gmt":"2026-02-24T10:48:54","slug":"poster-40","status":"publish","type":"page","link":"https:\/\/shatranj.art\/tk\/exhibit\/poster-40\/","title":{"rendered":"poster-40"},"content":{"rendered":"<div data-elementor-type=\"wp-page\" data-elementor-id=\"1521\" class=\"elementor elementor-1521\" data-elementor-post-type=\"page\">\n\t\t\t\t<div class=\"elementor-element elementor-element-e98c0ef e-flex e-con-boxed e-con e-parent\" data-id=\"e98c0ef\" data-element_type=\"container\" data-e-type=\"container\" data-settings=\"{&quot;background_background&quot;:&quot;classic&quot;}\">\n\t\t\t\t\t<div class=\"e-con-inner\">\n\t\t<div class=\"elementor-element elementor-element-1fd6b3d e-con-full e-flex e-con e-child\" data-id=\"1fd6b3d\" data-element_type=\"container\" data-e-type=\"container\">\n\t\t\t\t<div class=\"elementor-element elementor-element-bf9198e elementor-widget elementor-widget-image\" data-id=\"bf9198e\" data-element_type=\"widget\" data-e-type=\"widget\" data-widget_type=\"image.default\">\n\t\t\t\t<div class=\"elementor-widget-container\">\n\t\t\t\t\t\t\t\t\t\t\t\t\t\t\t<img fetchpriority=\"high\" decoding=\"async\" width=\"1225\" height=\"919\" src=\"https:\/\/shatranj.art\/wp-content\/uploads\/2026\/02\/shahi-chess-set-pieces-fsvmu-uskudar-istanbul-2022.jpg\" class=\"attachment-full size-full wp-image-1523\" alt=\"\" srcset=\"https:\/\/shatranj.art\/wp-content\/uploads\/2026\/02\/shahi-chess-set-pieces-fsvmu-uskudar-istanbul-2022.jpg 1225w, https:\/\/shatranj.art\/wp-content\/uploads\/2026\/02\/shahi-chess-set-pieces-fsvmu-uskudar-istanbul-2022-300x225.jpg 300w, https:\/\/shatranj.art\/wp-content\/uploads\/2026\/02\/shahi-chess-set-pieces-fsvmu-uskudar-istanbul-2022-1024x768.jpg 1024w, https:\/\/shatranj.art\/wp-content\/uploads\/2026\/02\/shahi-chess-set-pieces-fsvmu-uskudar-istanbul-2022-768x576.jpg 768w, https:\/\/shatranj.art\/wp-content\/uploads\/2026\/02\/shahi-chess-set-pieces-fsvmu-uskudar-istanbul-2022-16x12.jpg 16w\" sizes=\"(max-width: 1225px) 100vw, 1225px\" \/>\t\t\t\t\t\t\t\t\t\t\t\t\t\t\t<\/div>\n\t\t\t\t<\/div>\n\t\t\t\t<div class=\"elementor-element elementor-element-72424f5 elementor-widget elementor-widget-text-editor\" data-id=\"72424f5\" data-element_type=\"widget\" data-e-type=\"widget\" data-widget_type=\"text-editor.default\">\n\t\t\t\t<div class=\"elementor-widget-container\">\n\t\t\t\t\t\t\t\t\t<h3 data-path-to-node=\"0\"><strong>Shatranj taslama topary we \u015eAH\u00ce prototipi<\/strong><\/h3><p data-path-to-node=\"1\">\u00a0<\/p><p data-path-to-node=\"1\">\u015eAH\u00ce \u015fahmat toplumyny\u0148 i\u015flenmegi shatranj.ai we shatranj.art taslamalaryny\u0148 arkasyndaky toparlar \u00fc\u00e7in bilelikd\u00e4ki m\u00f6h\u00fcm \u00e4dim boldy. Bu ba\u015flangy\u00e7lar Fatih Sultan Mehmet Vak\u0131f Uniwersitetini\u0148 (FSMVU) Ylym Taryhy B\u00f6l\u00fcmi tarapyndan utga\u015fdyryl\u00fdar we \u00ddewropa Bilele\u015figini\u0148 Erasmus+ \u00dda\u015flar programmasy tarapyndan goldanyl\u00fdar; olary\u0148 maksady ylym, sungat, strategiki o\u00fdunlar we s\u00fcni a\u0148 taryhyny birle\u015fdirmekdir.<\/p><p data-path-to-node=\"2\">\u00a0<\/p><p data-path-to-node=\"2\">Surat 1: FSMVU \u00dcsk\u00fcdar kampusyndaky taslama topary<\/p><p data-path-to-node=\"3\">\u00a0<\/p><p data-path-to-node=\"3\">Bu surat 2022-nji \u00fdyly\u0148 26-njy ma\u00fdynda ilkinji \u015eAH\u00ce prototipini\u0148 tamamlanmagyny belle\u00fd\u00e4n taslama toparyny dokumentir\u00fd\u00e4r. B\u00f6l\u00fcmi\u0148 ge\u00e7iren g\u00f6zlegleri toplumy\u0148 \u00f6zbolu\u015fly estetikasyny\u0148 taryhy bin\u00fdadyny d\u00f6retdi.<\/p><p data-path-to-node=\"4\">\u00a0<\/p><p data-path-to-node=\"4\">\u00c7epden saga:<\/p><p data-path-to-node=\"4\">\u00a0<\/p><p data-path-to-node=\"4\">Jahangir Ashurov: D\u00fcn\u00fd\u00e4 belli miniat\u00fdura suratke\u015fi we mugallym (Buhara mekdebi). Ol Afrasyab \u015fahmaty\u0148 k\u00f6kleri arkaly \u015eAH\u00ce diza\u00fdn prosesine maslahat berdi.\u00a0<\/p><p data-path-to-node=\"4\">\u00a0<\/p><p data-path-to-node=\"4\">Prof. Dr. G\u00fcner Karatekin: \u00e7agalary\u0148 saglygy we neonatologi\u00fda professory.<\/p><p data-path-to-node=\"4\">\u00a0<\/p><p data-path-to-node=\"4\">Tamer Karatekin: shatranj.ai okuw me\u00fdilnamasyny\u0148 tehniki utga\u015fdyryjysy we shatranj.art sergisini\u0148 bilelikd\u00e4ki kuratory, \u015eAH\u00ce \u015fahmat toplumy we figurkalaryny\u0148 diza\u00fdneri<\/p><p data-path-to-node=\"4\">\u00a0<\/p><p data-path-to-node=\"4\">Prof. Dr. Mustafa Ka\u00e7ar: FSMVU-ny\u0148 Ylym taryhy b\u00f6l\u00fcmini\u0148 dekany. shatranj.ai we shatranj.art taslamalaryny\u0148 utga\u015fdyryjysy.<\/p><p data-path-to-node=\"4\">\u00a0<\/p><p data-path-to-node=\"4\">Prof. Dr. Atilla Bir: Ylym taryhy we taryhy gurallar bo\u00fdun\u00e7a professor we \u00f6\u0148debaryjy h\u00fcn\u00e4rmen. Ol \u015eAH\u00ce \u015fahmat toplumyny\u0148 diza\u00fdn prosesine ylym taryhyna degi\u015fli k\u00f6p sanly salgylary\u0148 \u00fcsti bilen maslahat berdi.<\/p>\t\t\t\t\t\t\t\t<\/div>\n\t\t\t\t<\/div>\n\t\t\t\t<div class=\"elementor-element elementor-element-b19a222 elementor-widget elementor-widget-image\" data-id=\"b19a222\" data-element_type=\"widget\" data-e-type=\"widget\" data-widget_type=\"image.default\">\n\t\t\t\t<div class=\"elementor-widget-container\">\n\t\t\t\t\t\t\t\t\t\t\t\t\t\t\t<img decoding=\"async\" width=\"1000\" height=\"667\" src=\"https:\/\/shatranj.art\/wp-content\/uploads\/2026\/02\/sergi-ayasofya-11Ocak2024.jpg\" class=\"attachment-full size-full wp-image-1524\" alt=\"\" srcset=\"https:\/\/shatranj.art\/wp-content\/uploads\/2026\/02\/sergi-ayasofya-11Ocak2024.jpg 1000w, https:\/\/shatranj.art\/wp-content\/uploads\/2026\/02\/sergi-ayasofya-11Ocak2024-300x200.jpg 300w, https:\/\/shatranj.art\/wp-content\/uploads\/2026\/02\/sergi-ayasofya-11Ocak2024-768x512.jpg 768w, https:\/\/shatranj.art\/wp-content\/uploads\/2026\/02\/sergi-ayasofya-11Ocak2024-18x12.jpg 18w\" sizes=\"(max-width: 1000px) 100vw, 1000px\" \/>\t\t\t\t\t\t\t\t\t\t\t\t\t\t\t<\/div>\n\t\t\t\t<\/div>\n\t\t\t\t<div class=\"elementor-element elementor-element-8b672e6 elementor-widget elementor-widget-text-editor\" data-id=\"8b672e6\" data-element_type=\"widget\" data-e-type=\"widget\" data-widget_type=\"text-editor.default\">\n\t\t\t\t<div class=\"elementor-widget-container\">\n\t\t\t\t\t\t\t\t\t<p data-path-to-node=\"5\">Surat 2: FSVMU-ny\u0148 Hagia Sophia kampusynda Shatranj.art sergisi<\/p><p data-path-to-node=\"6\">\u00a0<\/p><p data-path-to-node=\"6\">\u015eAH\u00ce \u015fahmat toplumy ilkinji gezek 2024-nji \u00fdyly\u0148 11-nji \u00fdanwarynda FSMVU-ny\u0148 Hagia Sophia kampusynda shatranj.art sergisi arkaly jemgy\u00fdet\u00e7ilige g\u00f6rkezildi. Prof. Dr. Mustafa Ka\u00e7ar we Tamer Karatekin \u015fahmat fi\u0433\u0443\u0440laryny\u0148 medeni we taryhy \u00f6s\u00fc\u015fini ara alyp maslahatla\u015fdylar. \u00c7yky\u015fda Kitab-ash Shatranj-de tapylan Bizans\/Rumi \u015fahmat warianty we \u015eAH\u00ce toplumyny\u0148 paty\u015fa b\u00f6legini\u0148 diza\u00fdnyna t\u00e4sir eden a\u00fdratyn arhitektura ylhamlary \u2014 Hagia Sophia, Panteon we MIT-i\u0148 ny\u015fanly kubbeleri \u2014 nygtaldy.<\/p>\t\t\t\t\t\t\t\t<\/div>\n\t\t\t\t<\/div>\n\t\t\t\t<div class=\"elementor-element elementor-element-c44898c elementor-widget elementor-widget-image\" data-id=\"c44898c\" data-element_type=\"widget\" data-e-type=\"widget\" data-widget_type=\"image.default\">\n\t\t\t\t<div class=\"elementor-widget-container\">\n\t\t\t\t\t\t\t\t\t\t\t\t\t\t\t<img decoding=\"async\" width=\"1225\" height=\"919\" src=\"https:\/\/shatranj.art\/wp-content\/uploads\/2026\/02\/fsmvu-halic-creativity-prof.jpg\" class=\"attachment-full size-full wp-image-1534\" alt=\"\" srcset=\"https:\/\/shatranj.art\/wp-content\/uploads\/2026\/02\/fsmvu-halic-creativity-prof.jpg 1225w, https:\/\/shatranj.art\/wp-content\/uploads\/2026\/02\/fsmvu-halic-creativity-prof-300x225.jpg 300w, https:\/\/shatranj.art\/wp-content\/uploads\/2026\/02\/fsmvu-halic-creativity-prof-1024x768.jpg 1024w, https:\/\/shatranj.art\/wp-content\/uploads\/2026\/02\/fsmvu-halic-creativity-prof-768x576.jpg 768w, https:\/\/shatranj.art\/wp-content\/uploads\/2026\/02\/fsmvu-halic-creativity-prof-16x12.jpg 16w\" sizes=\"(max-width: 1225px) 100vw, 1225px\" \/>\t\t\t\t\t\t\t\t\t\t\t\t\t\t\t<\/div>\n\t\t\t\t<\/div>\n\t\t\t\t<div class=\"elementor-element elementor-element-58d2518 elementor-widget elementor-widget-text-editor\" data-id=\"58d2518\" data-element_type=\"widget\" data-e-type=\"widget\" data-widget_type=\"text-editor.default\">\n\t\t\t\t<div class=\"elementor-widget-container\">\n\t\t\t\t\t\t\t\t\t<p data-path-to-node=\"6\">Surat 3: \u015eAH\u00ce toplumy\u0148 prototip suraty Prof. Se\u00e7il \u015eatyr bilen<\/p><p data-path-to-node=\"5\">\u00a0<\/p><p data-path-to-node=\"5\">Prof. Dr. Se\u00e7il \u015eat\u0131r Hitit Uniwersitetini\u0148 G\u00f6zellik sungaty, diza\u00fdn we arhitektura fakultetini\u0148 esaslandyryjy dekani we FSMVU-ny\u0148 Arhitektura we Diza\u00fdn fakultetini\u0148 professorydyr. Ol \u015eAH\u00ce diza\u00fdn prosesinde esasy diza\u00fdn maslahat\u00e7ysy bolup i\u015fledi. \u00c7epde Tamer Karatekin, sagda prof. Dr. G\u00fcner Karatekin.<\/p><p><em>\u00a0<\/em><\/p>\t\t\t\t\t\t\t\t<\/div>\n\t\t\t\t<\/div>\n\t\t\t\t<\/div>\n\t\t\t\t\t<\/div>\n\t\t\t\t<\/div>\n\t\t\t\t<\/div>","protected":false},"excerpt":{"rendered":"<p>The Shatranj Project Team and the \u015eAH\u00ce Prototype \u00a0 The development of the \u015eAH\u00ce chess set was a collaborative milestone for the teams behind the shatranj.ai and shatranj.art projects. These initiatives, coordinated through the Science History Department of Fatih Sultan Mehmet Vak\u0131f University (FSMVU) and supported by the EU Erasmus+ Youth programme, aim to bridge [&hellip;]<\/p>\n","protected":false},"author":1,"featured_media":0,"parent":743,"menu_order":0,"comment_status":"closed","ping_status":"closed","template":"","meta":{"footnotes":""},"class_list":["post-1521","page","type-page","status-publish","hentry"],"_links":{"self":[{"href":"https:\/\/shatranj.art\/tk\/wp-json\/wp\/v2\/pages\/1521","targetHints":{"allow":["GET"]}}],"collection":[{"href":"https:\/\/shatranj.art\/tk\/wp-json\/wp\/v2\/pages"}],"about":[{"href":"https:\/\/shatranj.art\/tk\/wp-json\/wp\/v2\/types\/page"}],"author":[{"embeddable":true,"href":"https:\/\/shatranj.art\/tk\/wp-json\/wp\/v2\/users\/1"}],"replies":[{"embeddable":true,"href":"https:\/\/shatranj.art\/tk\/wp-json\/wp\/v2\/comments?post=1521"}],"version-history":[{"count":22,"href":"https:\/\/shatranj.art\/tk\/wp-json\/wp\/v2\/pages\/1521\/revisions"}],"predecessor-version":[{"id":1637,"href":"https:\/\/shatranj.art\/tk\/wp-json\/wp\/v2\/pages\/1521\/revisions\/1637"}],"up":[{"embeddable":true,"href":"https:\/\/shatranj.art\/tk\/wp-json\/wp\/v2\/pages\/743"}],"wp:attachment":[{"href":"https:\/\/shatranj.art\/tk\/wp-json\/wp\/v2\/media?parent=1521"}],"curies":[{"name":"wp","href":"https:\/\/api.w.org\/{rel}","templated":true}]}}