{"id":788,"date":"2026-02-21T17:52:41","date_gmt":"2026-02-21T17:52:41","guid":{"rendered":"https:\/\/shatranj.art\/?page_id=788"},"modified":"2026-02-23T08:09:25","modified_gmt":"2026-02-23T08:09:25","slug":"poster-5","status":"publish","type":"page","link":"https:\/\/shatranj.art\/tk\/exhibit\/poster-5\/","title":{"rendered":"plakat 5"},"content":{"rendered":"<div data-elementor-type=\"wp-page\" data-elementor-id=\"788\" class=\"elementor elementor-788\" data-elementor-post-type=\"page\">\n\t\t\t\t<div class=\"elementor-element elementor-element-392e0f4 e-flex e-con-boxed e-con e-parent\" data-id=\"392e0f4\" data-element_type=\"container\" data-e-type=\"container\" data-settings=\"{&quot;background_background&quot;:&quot;classic&quot;}\">\n\t\t\t\t\t<div class=\"e-con-inner\">\n\t\t<div class=\"elementor-element elementor-element-7cea5b8 e-con-full e-flex e-con e-child\" data-id=\"7cea5b8\" data-element_type=\"container\" data-e-type=\"container\">\n\t\t\t\t<div class=\"elementor-element elementor-element-022fe27 elementor-widget elementor-widget-image\" data-id=\"022fe27\" data-element_type=\"widget\" data-e-type=\"widget\" data-widget_type=\"image.default\">\n\t\t\t\t<div class=\"elementor-widget-container\">\n\t\t\t\t\t\t\t\t\t\t\t\t\t\t\t<img fetchpriority=\"high\" decoding=\"async\" width=\"800\" height=\"667\" src=\"https:\/\/shatranj.art\/wp-content\/uploads\/2026\/02\/22-1024x854.jpg\" class=\"attachment-large size-large wp-image-1004\" alt=\"\" srcset=\"https:\/\/shatranj.art\/wp-content\/uploads\/2026\/02\/22-1024x854.jpg 1024w, https:\/\/shatranj.art\/wp-content\/uploads\/2026\/02\/22-300x250.jpg 300w, https:\/\/shatranj.art\/wp-content\/uploads\/2026\/02\/22-768x640.jpg 768w, https:\/\/shatranj.art\/wp-content\/uploads\/2026\/02\/22-1536x1280.jpg 1536w, https:\/\/shatranj.art\/wp-content\/uploads\/2026\/02\/22-2048x1707.jpg 2048w\" sizes=\"(max-width: 800px) 100vw, 800px\" \/>\t\t\t\t\t\t\t\t\t\t\t\t\t\t\t<\/div>\n\t\t\t\t<\/div>\n\t\t\t\t<div class=\"elementor-element elementor-element-883ad20 elementor-widget elementor-widget-text-editor\" data-id=\"883ad20\" data-element_type=\"widget\" data-e-type=\"widget\" data-widget_type=\"text-editor.default\">\n\t\t\t\t<div class=\"elementor-widget-container\">\n\t\t\t\t\t\t\t\t\t<h3><b>Ludus Duodecim Scriptorum: Tavla o\u00fdunyny\u0148 Rim mirasy<\/b><\/h3><p>Latyn dilinde \u201cOn iki bellik o\u00fdny\u201d di\u00fdmek bolan Ludus Duodecim Scriptorum Rim imperi\u00fdasyny\u0148 harby kazarmalaryndan imperator k\u00f6\u015fklerine \u00e7enli gi\u0148den o\u00fdnal\u00fdan strategi\u00fda we \u015fans o\u00fdny boldy. Efes \u015f\u00e4herini\u0148 mermer pollaryna, esasan-da Kelsus Kitaphanasyny\u0148 basgan\u00e7aklaryna o\u00fdul\u00fdan mysallar bu o\u00fdnu\u0148 Rim g\u00fcndelik durmu\u015fyndaky merkezi orny subut ed\u00fd\u00e4r. Her biri 12 belgili \u00fc\u00e7 setirden ybarat tabla we \u00fc\u00e7 zar bilen o\u00fdnal\u00fdan bu o\u00fdun, par\u00e7alary \u00f6\u00fd zolagyna ge\u00e7irmek \u00fc\u00e7in b\u00e4sle\u015figi a\u0148lad\u00fdar.<\/p><p>\u00a0<\/p><p><b>Backgammony\u0148 ata-babas<\/b> <span style=\"font-weight: 400;\"><br \/><\/span>Asyrlar bo\u00fdy d\u00fczg\u00fcnlerini\u0148 \u00fd\u00f6neke\u00fdle\u015fdirilmegi we iki setirli formata ge\u00e7megi h\u00e4zirki bakgamonu\u0148 g\u00f6ni \u00f6\u0148j\u00fcri bolan Tabula o\u00fdunyny\u0148 d\u00f6rmegine seb\u00e4p boldy.  Ludus Duodecim Scriptorum di\u0148e bir wagt ge\u00e7irmek d\u00e4l; ol gadymy a\u0148y\u0148 matematiki \u00e4htimallyk, t\u00f6wekgel\u00e7ilik dolandyry\u015f we ta\u0148ry\u00e7ylyga gar\u015fy ebedi g\u00f6re\u015f ugrunda gazanan \u00fcst\u00fcnliklerini\u0148 da\u015flara o\u00fdulyp \u00fdazylan subutnamasy.<\/p>\t\t\t\t\t\t\t\t<\/div>\n\t\t\t\t<\/div>\n\t\t\t\t<\/div>\n\t\t\t\t\t<\/div>\n\t\t\t\t<\/div>\n\t\t\t\t<\/div>","protected":false},"excerpt":{"rendered":"<p>Ludus Duodecim Scriptorum: The Roman Heritage of Backgammon The Mystery of the Twelve Markings Meaning &#8220;The Game of Twelve Markings&#8221; in Latin, Ludus Duodecim Scriptorum was a widely played strategy and chance game throughout the Roman Empire, from military barracks to imperial palaces. Examples etched into the marble floors of the ancient city of Ephesus [&hellip;]<\/p>\n","protected":false},"author":1,"featured_media":0,"parent":743,"menu_order":0,"comment_status":"closed","ping_status":"closed","template":"","meta":{"footnotes":""},"class_list":["post-788","page","type-page","status-publish","hentry"],"_links":{"self":[{"href":"https:\/\/shatranj.art\/tk\/wp-json\/wp\/v2\/pages\/788","targetHints":{"allow":["GET"]}}],"collection":[{"href":"https:\/\/shatranj.art\/tk\/wp-json\/wp\/v2\/pages"}],"about":[{"href":"https:\/\/shatranj.art\/tk\/wp-json\/wp\/v2\/types\/page"}],"author":[{"embeddable":true,"href":"https:\/\/shatranj.art\/tk\/wp-json\/wp\/v2\/users\/1"}],"replies":[{"embeddable":true,"href":"https:\/\/shatranj.art\/tk\/wp-json\/wp\/v2\/comments?post=788"}],"version-history":[{"count":19,"href":"https:\/\/shatranj.art\/tk\/wp-json\/wp\/v2\/pages\/788\/revisions"}],"predecessor-version":[{"id":1301,"href":"https:\/\/shatranj.art\/tk\/wp-json\/wp\/v2\/pages\/788\/revisions\/1301"}],"up":[{"embeddable":true,"href":"https:\/\/shatranj.art\/tk\/wp-json\/wp\/v2\/pages\/743"}],"wp:attachment":[{"href":"https:\/\/shatranj.art\/tk\/wp-json\/wp\/v2\/media?parent=788"}],"curies":[{"name":"wp","href":"https:\/\/api.w.org\/{rel}","templated":true}]}}