{"id":817,"date":"2026-02-21T20:02:15","date_gmt":"2026-02-21T20:02:15","guid":{"rendered":"https:\/\/shatranj.art\/?page_id=817"},"modified":"2026-02-24T06:26:33","modified_gmt":"2026-02-24T06:26:33","slug":"poster-8","status":"publish","type":"page","link":"https:\/\/shatranj.art\/tk\/exhibit\/poster-8\/","title":{"rendered":"plakat 8"},"content":{"rendered":"<div data-elementor-type=\"wp-page\" data-elementor-id=\"817\" class=\"elementor elementor-817\" data-elementor-post-type=\"page\">\n\t\t\t\t<div class=\"elementor-element elementor-element-3be2f38 e-flex e-con-boxed e-con e-parent\" data-id=\"3be2f38\" data-element_type=\"container\" data-e-type=\"container\" data-settings=\"{&quot;background_background&quot;:&quot;classic&quot;}\">\n\t\t\t\t\t<div class=\"e-con-inner\">\n\t\t\t\t<div class=\"elementor-element elementor-element-18ff8b2 elementor-widget elementor-widget-image\" data-id=\"18ff8b2\" data-element_type=\"widget\" data-e-type=\"widget\" data-widget_type=\"image.default\">\n\t\t\t\t<div class=\"elementor-widget-container\">\n\t\t\t\t\t\t\t\t\t\t\t\t\t\t\t<img fetchpriority=\"high\" decoding=\"async\" width=\"480\" height=\"321\" src=\"https:\/\/shatranj.art\/wp-content\/uploads\/2026\/02\/bobby-fischer-dubrovnik.jpg\" class=\"attachment-full size-full wp-image-1458\" alt=\"\" srcset=\"https:\/\/shatranj.art\/wp-content\/uploads\/2026\/02\/bobby-fischer-dubrovnik.jpg 480w, https:\/\/shatranj.art\/wp-content\/uploads\/2026\/02\/bobby-fischer-dubrovnik-300x201.jpg 300w, https:\/\/shatranj.art\/wp-content\/uploads\/2026\/02\/bobby-fischer-dubrovnik-18x12.jpg 18w\" sizes=\"(max-width: 480px) 100vw, 480px\" \/>\t\t\t\t\t\t\t\t\t\t\t\t\t\t\t<\/div>\n\t\t\t\t<\/div>\n\t\t\t\t<div class=\"elementor-element elementor-element-cec26d3 elementor-widget elementor-widget-image\" data-id=\"cec26d3\" data-element_type=\"widget\" data-e-type=\"widget\" data-widget_type=\"image.default\">\n\t\t\t\t<div class=\"elementor-widget-container\">\n\t\t\t\t\t\t\t\t\t\t\t\t\t\t\t<img decoding=\"async\" width=\"964\" height=\"582\" src=\"https:\/\/shatranj.art\/wp-content\/uploads\/2026\/02\/8.png\" class=\"attachment-full size-full wp-image-820\" alt=\"\" srcset=\"https:\/\/shatranj.art\/wp-content\/uploads\/2026\/02\/8.png 964w, https:\/\/shatranj.art\/wp-content\/uploads\/2026\/02\/8-300x181.png 300w, https:\/\/shatranj.art\/wp-content\/uploads\/2026\/02\/8-768x464.png 768w\" sizes=\"(max-width: 964px) 100vw, 964px\" \/>\t\t\t\t\t\t\t\t\t\t\t\t\t\t\t<\/div>\n\t\t\t\t<\/div>\n\t\t\t\t<div class=\"elementor-element elementor-element-411e3a4 elementor-widget__width-initial elementor-widget elementor-widget-text-editor\" data-id=\"411e3a4\" data-element_type=\"widget\" data-e-type=\"widget\" data-widget_type=\"text-editor.default\">\n\t\t\t\t<div class=\"elementor-widget-container\">\n\t\t\t\t\t\t\t\t\t<p><b>Ideologi\u00fdalardan Da\u015farda: 1950-nji \u00fdyly\u0148 Dubrovnik toplumy<\/b><\/p><p>1950-nji \u00fdylda Jugsloweni\u00fdada ge\u00e7irilen 9-njy \u015fahmat olimpiadasy \u00fc\u00e7in \u00fd\u00f6rite d\u00f6redilen bu toplum \u015fahmat taryhyndaky i\u0148 radikal diza\u00fdn inqilaplaryny\u0148 birini\u0148 nusgasy bolup dur\u00fdar. Montenegroly suratke\u015f we he\u00fdkeltara\u015f Petar Po\u00e7ek tarapyndan d\u00f6redilen bu toplum Ikinji jahan ur\u015fundan so\u0148 o\u00fdnu\u0148 birle\u015fdiriji g\u00fc\u00fdji arkaly d\u00fcn\u00fd\u00e4ni t\u00e4zeden birle\u015fdirmegi maksat edin\u00fd\u00e4rdi. Bu maksady nazarda tutup, \u00e4hli dini ny\u015fanlar maksatla\u00fdyn a\u00fdryldy: Paty\u015fany\u0148 ba\u015fyndaky d\u00e4p bolan ha\u00e7 \u00fd\u00f6neke\u00fd bir sfera bilen \u00e7al\u015fyldy we ruhany\u0148 mitrasyny a\u0148lad\u00fdan filin \u00fdarysy \u00fdok edildi.<\/p><p>Bu \u201csek\u00fcler\u201d we hemmeleri \u00f6z i\u00e7ine al\u00fdan diza\u00fdn \u015fahmaty belli bir ynan\u00e7lary\u0148 ny\u015fanyndan umumy sungat eserine \u00f6w\u00fcrdi. Me\u015fhur Bobby Fischer tarapyndan \u201cmen o\u00fdnan i\u0148 gowy toplum\u201d di\u00fdip s\u00f6\u00fd\u00fclip, ol 1992-nji \u00fdyldaky taryhy Spassky bilen ga\u00fdtadan du\u015fu\u015fygynda \u015fol toplumy ulanmagy berk talap etdi; bu diza\u00fdn parahat we d\u00f6wrebap geljek \u00fc\u00e7in hunarmen\u00e7iligi\u0148 \u00e7u\u0148\u0148ur estetik wadasy bolup dur\u00fdar.<\/p>\t\t\t\t\t\t\t\t<\/div>\n\t\t\t\t<\/div>\n\t\t<div class=\"elementor-element elementor-element-8bffdfb e-con-full e-flex e-con e-child\" data-id=\"8bffdfb\" data-element_type=\"container\" data-e-type=\"container\">\n\t\t\t\t<div class=\"elementor-element elementor-element-e67be09 elementor-widget__width-initial elementor-widget elementor-widget-image\" data-id=\"e67be09\" data-element_type=\"widget\" data-e-type=\"widget\" data-widget_type=\"image.default\">\n\t\t\t\t<div class=\"elementor-widget-container\">\n\t\t\t\t\t\t\t\t\t\t\t\t\t\t\t<img decoding=\"async\" width=\"1028\" height=\"817\" src=\"https:\/\/shatranj.art\/wp-content\/uploads\/2026\/02\/8.jpg\" class=\"attachment-full size-full wp-image-821\" alt=\"\" srcset=\"https:\/\/shatranj.art\/wp-content\/uploads\/2026\/02\/8.jpg 1028w, https:\/\/shatranj.art\/wp-content\/uploads\/2026\/02\/8-300x238.jpg 300w, https:\/\/shatranj.art\/wp-content\/uploads\/2026\/02\/8-1024x814.jpg 1024w, https:\/\/shatranj.art\/wp-content\/uploads\/2026\/02\/8-768x610.jpg 768w\" sizes=\"(max-width: 1028px) 100vw, 1028px\" \/>\t\t\t\t\t\t\t\t\t\t\t\t\t\t\t<\/div>\n\t\t\t\t<\/div>\n\t\t\t\t<div class=\"elementor-element elementor-element-f215331 elementor-widget__width-initial elementor-widget elementor-widget-text-editor\" data-id=\"f215331\" data-element_type=\"widget\" data-e-type=\"widget\" data-widget_type=\"text-editor.default\">\n\t\t\t\t<div class=\"elementor-widget-container\">\n\t\t\t\t\t\t\t\t\t<p><b>Serhetlerden Da\u015fda Galyan \u015eowhun: Subotica \u015fa\u00fdmat mirasy<\/b><\/p><p>Subotica serhet \u015f\u00e4herinde janlandyrylan we rowa\u00fdatly Subozan at\u00f6lylerinde \u00f6nd\u00fcrilen bu toplum, \u015fahmat d\u00fcn\u00fd\u00e4sinde Jugoslawi\u00fdany\u0148 altyn d\u00f6wr\u00fcni\u0148 g\u00fc\u00fd\u00e7li ny\u015fanydyr. Bu fi\u00fdg\u00fcrler \u015fahmaty\u0148 her \u00f6\u00fdde, mekdepde we jemgy\u00fdet\u00e7ilik baglarynda hakyky halk medeni\u00fdeti h\u00f6km\u00fcnde k\u00f6k uran d\u00f6wri a\u0148lad\u00fdar. Balkan hunarmand\u00e7ylygyny\u0148 \u00fd\u00f6neke\u00fd, \u00e7ydamly we mertebeli estetikasyny g\u00f6terip, olar \u015fahmaty\u0148 elit o\u00fdun h\u00f6km\u00fcnde ba\u015flanan sy\u00fdahatyny jemgy\u00fdeti\u0148 \u00e4hli gatlaklaryny birle\u015fdir\u00fd\u00e4n umumy sosial diline \u00f6wr\u00fclmegini\u0148 heka\u00fdasyny a\u00fdd\u00fdarlar. Subotica toplumy bolsa sungat bilen strategi\u00fdany\u0148 du\u015fu\u015f\u00fdan d\u00f6w\u00fcrsyz medeni k\u00f6pr\u00fc bolup gal\u00fdar.<\/p>\t\t\t\t\t\t\t\t<\/div>\n\t\t\t\t<\/div>\n\t\t\t\t<\/div>\n\t\t\t\t\t<\/div>\n\t\t\t\t<\/div>\n\t\t\t\t<\/div>","protected":false},"excerpt":{"rendered":"<p>Beyond Ideologies: The 1950 Dubrovnik Set Specially created for the 9th Chess Olympiad in 1950 in Yugoslavia, this set represents one of the most radical design revolutions in chess history. Designed by Montenegrin painter and sculptor Petar Po\u010dek, the set aimed to reunite the world through the unifying power of play following the Second World [&hellip;]<\/p>\n","protected":false},"author":1,"featured_media":0,"parent":743,"menu_order":0,"comment_status":"closed","ping_status":"closed","template":"","meta":{"footnotes":""},"class_list":["post-817","page","type-page","status-publish","hentry"],"_links":{"self":[{"href":"https:\/\/shatranj.art\/tk\/wp-json\/wp\/v2\/pages\/817","targetHints":{"allow":["GET"]}}],"collection":[{"href":"https:\/\/shatranj.art\/tk\/wp-json\/wp\/v2\/pages"}],"about":[{"href":"https:\/\/shatranj.art\/tk\/wp-json\/wp\/v2\/types\/page"}],"author":[{"embeddable":true,"href":"https:\/\/shatranj.art\/tk\/wp-json\/wp\/v2\/users\/1"}],"replies":[{"embeddable":true,"href":"https:\/\/shatranj.art\/tk\/wp-json\/wp\/v2\/comments?post=817"}],"version-history":[{"count":13,"href":"https:\/\/shatranj.art\/tk\/wp-json\/wp\/v2\/pages\/817\/revisions"}],"predecessor-version":[{"id":1461,"href":"https:\/\/shatranj.art\/tk\/wp-json\/wp\/v2\/pages\/817\/revisions\/1461"}],"up":[{"embeddable":true,"href":"https:\/\/shatranj.art\/tk\/wp-json\/wp\/v2\/pages\/743"}],"wp:attachment":[{"href":"https:\/\/shatranj.art\/tk\/wp-json\/wp\/v2\/media?parent=817"}],"curies":[{"name":"wp","href":"https:\/\/api.w.org\/{rel}","templated":true}]}}