{"id":826,"date":"2026-02-21T20:39:58","date_gmt":"2026-02-21T20:39:58","guid":{"rendered":"https:\/\/shatranj.art\/?page_id=826"},"modified":"2026-02-23T04:40:58","modified_gmt":"2026-02-23T04:40:58","slug":"poster-9","status":"publish","type":"page","link":"https:\/\/shatranj.art\/tk\/exhibit\/poster-9\/","title":{"rendered":"plakat 9"},"content":{"rendered":"<div data-elementor-type=\"wp-page\" data-elementor-id=\"826\" class=\"elementor elementor-826\" data-elementor-post-type=\"page\">\n\t\t\t\t<div class=\"elementor-element elementor-element-33b56aa e-flex e-con-boxed e-con e-parent\" data-id=\"33b56aa\" data-element_type=\"container\" data-e-type=\"container\" data-settings=\"{&quot;background_background&quot;:&quot;classic&quot;}\">\n\t\t\t\t\t<div class=\"e-con-inner\">\n\t\t<div class=\"elementor-element elementor-element-44a7504 e-con-full e-flex e-con e-child\" data-id=\"44a7504\" data-element_type=\"container\" data-e-type=\"container\">\n\t\t\t\t<div class=\"elementor-element elementor-element-53f2410 elementor-widget__width-initial elementor-widget elementor-widget-image\" data-id=\"53f2410\" data-element_type=\"widget\" data-e-type=\"widget\" data-widget_type=\"image.default\">\n\t\t\t\t<div class=\"elementor-widget-container\">\n\t\t\t\t\t\t\t\t\t\t\t\t\t\t\t<img fetchpriority=\"high\" decoding=\"async\" width=\"1356\" height=\"1803\" src=\"https:\/\/shatranj.art\/wp-content\/uploads\/2026\/02\/9.jpg\" class=\"attachment-full size-full wp-image-828\" alt=\"\" srcset=\"https:\/\/shatranj.art\/wp-content\/uploads\/2026\/02\/9.jpg 1356w, https:\/\/shatranj.art\/wp-content\/uploads\/2026\/02\/9-226x300.jpg 226w, https:\/\/shatranj.art\/wp-content\/uploads\/2026\/02\/9-770x1024.jpg 770w, https:\/\/shatranj.art\/wp-content\/uploads\/2026\/02\/9-768x1021.jpg 768w, https:\/\/shatranj.art\/wp-content\/uploads\/2026\/02\/9-1155x1536.jpg 1155w\" sizes=\"(max-width: 1356px) 100vw, 1356px\" \/>\t\t\t\t\t\t\t\t\t\t\t\t\t\t\t<\/div>\n\t\t\t\t<\/div>\n\t\t\t\t<div class=\"elementor-element elementor-element-efc76fe elementor-widget__width-initial elementor-widget elementor-widget-text-editor\" data-id=\"efc76fe\" data-element_type=\"widget\" data-e-type=\"widget\" data-widget_type=\"text-editor.default\">\n\t\t\t\t<div class=\"elementor-widget-container\">\n\t\t\t\t\t\t\t\t\t<p><strong>Stratejik miras: Averbakh toplumyny\u0148 arhitektura ugurlary<\/strong><\/p><p>\u00a0<\/p><p>H\u00e4zirki zaman \u015fahmaty\u0148 i\u0148 be\u00fdik teoretiklerinden we so\u0148ky o\u00fdun ussady Yury Awerbakh ady bilen atlandyrylan bu toplum Sowet \u015fahmat mekdebini\u0148 altyn d\u00f6wr\u00fcni a\u0148lad\u00fdar. 1950\u201360-njy \u00fdyllary\u0148 abra\u00fdly turnirlerinde k\u00f6plen\u00e7 ulanyl\u00fdan bu diza\u00fdn minimalist, \u00fcns\u00fc g\u00fc\u00fd\u00e7lendiriji we arhitektura ta\u00fddan de\u0148agramly \u00e7yzgylary bilen me\u015fhurdyr. Averbakhy\u0148 \u015fahmat doskasyny laboratori\u00fda h\u00f6km\u00fcnde kabul ed\u00fd\u00e4n ylmy \u00e7emele\u015fmesini be\u00fdan edip, bu fi\u00fdguralar in\u00e7e g\u00f6vdeleri we \u00fd\u00f6neke\u00fdle\u015fdirilen siluetleri bilen a\u0148y\u0148 i\u0148 arassa g\u00f6rn\u00fc\u015fini nygta\u00fdar. Bu toplum o\u00fdun guralyndan has k\u00f6p; ol Sowet \u015fahmatyny\u0148 hegemoni\u00fda d\u00f6wr\u00fcni\u0148 wizual manifesti we hunarmand\u00e7ylyk bilen strategi\u00fdany\u0148 tertipli kesi\u015figidir.<\/p>\t\t\t\t\t\t\t\t<\/div>\n\t\t\t\t<\/div>\n\t\t\t\t<\/div>\n\t\t<div class=\"elementor-element elementor-element-ae859ed e-con-full e-flex e-con e-child\" data-id=\"ae859ed\" data-element_type=\"container\" data-e-type=\"container\">\n\t\t\t\t<div class=\"elementor-element elementor-element-c38a481 elementor-widget elementor-widget-image\" data-id=\"c38a481\" data-element_type=\"widget\" data-e-type=\"widget\" data-widget_type=\"image.default\">\n\t\t\t\t<div class=\"elementor-widget-container\">\n\t\t\t\t\t\t\t\t\t\t\t\t\t\t\t<img decoding=\"async\" width=\"1972\" height=\"1308\" src=\"https:\/\/shatranj.art\/wp-content\/uploads\/2026\/02\/9-1.jpg\" class=\"attachment-full size-full wp-image-829\" alt=\"\" srcset=\"https:\/\/shatranj.art\/wp-content\/uploads\/2026\/02\/9-1.jpg 1972w, https:\/\/shatranj.art\/wp-content\/uploads\/2026\/02\/9-1-300x199.jpg 300w, https:\/\/shatranj.art\/wp-content\/uploads\/2026\/02\/9-1-1024x679.jpg 1024w, https:\/\/shatranj.art\/wp-content\/uploads\/2026\/02\/9-1-768x509.jpg 768w, https:\/\/shatranj.art\/wp-content\/uploads\/2026\/02\/9-1-1536x1019.jpg 1536w\" sizes=\"(max-width: 1972px) 100vw, 1972px\" \/>\t\t\t\t\t\t\t\t\t\t\t\t\t\t\t<\/div>\n\t\t\t\t<\/div>\n\t\t\t\t<div class=\"elementor-element elementor-element-f7be571 elementor-widget elementor-widget-image\" data-id=\"f7be571\" data-element_type=\"widget\" data-e-type=\"widget\" data-widget_type=\"image.default\">\n\t\t\t\t<div class=\"elementor-widget-container\">\n\t\t\t\t\t\t\t\t\t\t\t\t\t\t\t<img decoding=\"async\" width=\"2160\" height=\"1317\" src=\"https:\/\/shatranj.art\/wp-content\/uploads\/2026\/02\/9-2.jpg\" class=\"attachment-full size-full wp-image-830\" alt=\"\" srcset=\"https:\/\/shatranj.art\/wp-content\/uploads\/2026\/02\/9-2.jpg 2160w, https:\/\/shatranj.art\/wp-content\/uploads\/2026\/02\/9-2-300x183.jpg 300w, https:\/\/shatranj.art\/wp-content\/uploads\/2026\/02\/9-2-1024x624.jpg 1024w, https:\/\/shatranj.art\/wp-content\/uploads\/2026\/02\/9-2-768x468.jpg 768w, https:\/\/shatranj.art\/wp-content\/uploads\/2026\/02\/9-2-1536x937.jpg 1536w, https:\/\/shatranj.art\/wp-content\/uploads\/2026\/02\/9-2-2048x1249.jpg 2048w\" sizes=\"(max-width: 2160px) 100vw, 2160px\" \/>\t\t\t\t\t\t\t\t\t\t\t\t\t\t\t<\/div>\n\t\t\t\t<\/div>\n\t\t\t\t<\/div>\n\t\t\t\t<div class=\"elementor-element elementor-element-9d4fead elementor-widget elementor-widget-text-editor\" data-id=\"9d4fead\" data-element_type=\"widget\" data-e-type=\"widget\" data-widget_type=\"text-editor.default\">\n\t\t\t\t<div class=\"elementor-widget-container\">\n\t\t\t\t\t\t\t\t\t<p><b>Medeni fenomen:\u00a0<\/b><b> Beth Harmon-y\u0148 Latwi\u00fda mirasy<\/b><\/p><p>Me\u015fhur medeni\u00fdeti\u0148 \u015fahmat bilen t\u00e4zeden birle\u015fen inqilap\u00e7y pursadyny\u0148 ny\u015fany bolan bu toplum, 1950-nji \u00fdyllary\u0148 rowa\u00fdata \u00f6wr\u00fclen \u201cSovet Latwi\u00fda\u201d diza\u00fdnyny\u0148 nusgasydyr. Beth Harmon bilen Wasili\u00fd Borgowy\u0148 arasyndaky t\u00e4sin so\u0148ky du\u015fu\u015fykda g\u00f6rkezilen bu \u015fahmat b\u00f6lekleri in\u00e7e, uzyn we owadan siluetleri bilen d\u00fcn\u00fd\u00e4 \u00e7empiony Mihail Taly\u0148, \u201cRiga jadyg\u00f6\u00fdi\u201d di\u00fdlip atlandyryl\u00fdan \u015fahsy hala\u00fdan toplumy h\u00f6km\u00fcnde tanal\u00fdardy. Ebonizlenen g\u00fcrgen we boxwood aga\u00e7laryndan \u00fdasalyp, bu diza\u00fdn \u015fahmat gyzyklanmasyny\u0148 d\u00fcn\u00fd\u00e4 derejesinde uly artmagyna seb\u00e4p bolan \u201cPaty\u015fabany\u0148 Gambiti T\u00e4sirini\u0148\u201d esasy ny\u015fanydyr. Hunarmand\u00e7ylyk bilen kinematik heka\u00fda a\u00fdtmak usuly birle\u015f\u00fd\u00e4n \u00fderde, bu toplum h\u00e4zirki d\u00f6w\u00fcrde \u015fahmaty\u0148 umumy me\u015fhurlygyny\u0148 g\u00fc\u00fd\u00e7li subutnamasy bolup dur\u00fdar.<\/p>\t\t\t\t\t\t\t\t<\/div>\n\t\t\t\t<\/div>\n\t\t<div class=\"elementor-element elementor-element-dc9aff1 e-con-full e-flex e-con e-child\" data-id=\"dc9aff1\" data-element_type=\"container\" data-e-type=\"container\">\n\t\t\t\t<div class=\"elementor-element elementor-element-96cc3e0 elementor-widget elementor-widget-image\" data-id=\"96cc3e0\" data-element_type=\"widget\" data-e-type=\"widget\" data-widget_type=\"image.default\">\n\t\t\t\t<div class=\"elementor-widget-container\">\n\t\t\t\t\t\t\t\t\t\t\t\t\t\t\t<img loading=\"lazy\" decoding=\"async\" width=\"1513\" height=\"1360\" src=\"https:\/\/shatranj.art\/wp-content\/uploads\/2026\/02\/9-3.jpg\" class=\"attachment-full size-full wp-image-831\" alt=\"\" srcset=\"https:\/\/shatranj.art\/wp-content\/uploads\/2026\/02\/9-3.jpg 1513w, https:\/\/shatranj.art\/wp-content\/uploads\/2026\/02\/9-3-300x270.jpg 300w, https:\/\/shatranj.art\/wp-content\/uploads\/2026\/02\/9-3-1024x920.jpg 1024w, https:\/\/shatranj.art\/wp-content\/uploads\/2026\/02\/9-3-768x690.jpg 768w\" sizes=\"(max-width: 1513px) 100vw, 1513px\" \/>\t\t\t\t\t\t\t\t\t\t\t\t\t\t\t<\/div>\n\t\t\t\t<\/div>\n\t\t\t\t<div class=\"elementor-element elementor-element-59f8cf3 elementor-widget elementor-widget-image\" data-id=\"59f8cf3\" data-element_type=\"widget\" data-e-type=\"widget\" data-widget_type=\"image.default\">\n\t\t\t\t<div class=\"elementor-widget-container\">\n\t\t\t\t\t\t\t\t\t\t\t\t\t\t\t<img loading=\"lazy\" decoding=\"async\" width=\"1637\" height=\"990\" src=\"https:\/\/shatranj.art\/wp-content\/uploads\/2026\/02\/9-4.jpg\" class=\"attachment-full size-full wp-image-833\" alt=\"\" srcset=\"https:\/\/shatranj.art\/wp-content\/uploads\/2026\/02\/9-4.jpg 1637w, https:\/\/shatranj.art\/wp-content\/uploads\/2026\/02\/9-4-300x181.jpg 300w, https:\/\/shatranj.art\/wp-content\/uploads\/2026\/02\/9-4-1024x619.jpg 1024w, https:\/\/shatranj.art\/wp-content\/uploads\/2026\/02\/9-4-768x464.jpg 768w, https:\/\/shatranj.art\/wp-content\/uploads\/2026\/02\/9-4-1536x929.jpg 1536w\" sizes=\"(max-width: 1637px) 100vw, 1637px\" \/>\t\t\t\t\t\t\t\t\t\t\t\t\t\t\t<\/div>\n\t\t\t\t<\/div>\n\t\t\t\t<div class=\"elementor-element elementor-element-5ed6e7b elementor-widget elementor-widget-image\" data-id=\"5ed6e7b\" data-element_type=\"widget\" data-e-type=\"widget\" data-widget_type=\"image.default\">\n\t\t\t\t<div class=\"elementor-widget-container\">\n\t\t\t\t\t\t\t\t\t\t\t\t\t\t\t<img loading=\"lazy\" decoding=\"async\" width=\"1464\" height=\"1310\" src=\"https:\/\/shatranj.art\/wp-content\/uploads\/2026\/02\/9-5.jpg\" class=\"attachment-full size-full wp-image-834\" alt=\"\" srcset=\"https:\/\/shatranj.art\/wp-content\/uploads\/2026\/02\/9-5.jpg 1464w, https:\/\/shatranj.art\/wp-content\/uploads\/2026\/02\/9-5-300x268.jpg 300w, https:\/\/shatranj.art\/wp-content\/uploads\/2026\/02\/9-5-1024x916.jpg 1024w, https:\/\/shatranj.art\/wp-content\/uploads\/2026\/02\/9-5-768x687.jpg 768w\" sizes=\"(max-width: 1464px) 100vw, 1464px\" \/>\t\t\t\t\t\t\t\t\t\t\t\t\t\t\t<\/div>\n\t\t\t\t<\/div>\n\t\t\t\t<\/div>\n\t\t\t\t<div class=\"elementor-element elementor-element-cd06d9e elementor-widget elementor-widget-text-editor\" data-id=\"cd06d9e\" data-element_type=\"widget\" data-e-type=\"widget\" data-widget_type=\"text-editor.default\">\n\t\t\t\t<div class=\"elementor-widget-container\">\n\t\t\t\t\t\t\t\t\t<p><b>\u015e\u00e4her, \u00c7empionat, Mif:\u00a0<\/b><b>Leningrady\u0148 \u201cBaku\u201d mirasy<\/b><\/p><p>\u015eahmat d\u00fcn\u00fd\u00e4sinde \u201cBaku 1961\u201d toplumy h\u00f6km\u00fcnde me\u015fhur bolan bu diza\u00fdn, hakykatda Leningrad sebitind\u00e4ki Artel Drevprom k\u00e4rhanalaryny\u0148 ussutlyk eseridir. Ol 1961-nji \u00fdylda Bakuda ge\u00e7irilen SSSR \u00e7empionatynda Mihail Tal \u00fdaly uly ussatlar tarapyndan ulanylandan so\u0148 bu ady aldy. Onu\u0148 ikoniki silueti \u2013 uzyn we in\u00e7e g\u00f6wreleri \u2013 hakykatda Leningrad modernizmini\u0148 arassa be\u00fdan edi\u015fidir.<\/p><p>Ur\u015f d\u00f6wr\u00fcni\u0148 \u00fdetmez\u00e7ilikleri seb\u00e4pli s\u00fcm\u00fcrg\u00e4ni\u0148 ornuna basylyp si\u0148dirilen aga\u00e7 tozasy bilen agyrlanan bu b\u00f6lekler, h\u00fcn\u00e4r ussatlygyny\u0148 agyr \u015fertlerde hem estetik bolup galyp biljekdigini subut ed\u00fd\u00e4r. Dini ny\u015fanlardan doly arassalanan sek\u00fcler we minimalist g\u00f6rn\u00fc\u015fi bilen bu toplum strategi\u00fda \u00fc\u00e7in umumy gural \u00f6wr\u00fcldi. Bakuda bu b\u00f6lekler bilen o\u00fdun o\u00fdnap \u00f6s\u00fcp baran \u00fda\u015f Kasparowy\u0148 \u015fekilli barmak izlerini g\u00f6ter\u00fd\u00e4n bu Leningrad diza\u00fdny, n\u00e4dogry atlandyryly\u015fy\u0148 n\u00e4hili edip d\u00fcn\u00fd\u00e4 derejesinde bir rowa\u00fdata \u00f6wr\u00fclip biljekdigini\u0148 klassik mysaly bolup dur\u00fdar.<\/p>\t\t\t\t\t\t\t\t<\/div>\n\t\t\t\t<\/div>\n\t\t\t\t\t<\/div>\n\t\t\t\t<\/div>\n\t\t\t\t<\/div>","protected":false},"excerpt":{"rendered":"<p>A Strategic Legacy:\u00a0The Architectural Lines of the Averbakh Set \u00a0 Named after Yuri Averbakh, one of the greatest theorists of modern chess and a master of the endgame, this set represents the golden age of the Soviet Chess School. Frequently used in the prestigious tournaments of the 1950s and 60s, this design is renowned for [&hellip;]<\/p>\n","protected":false},"author":1,"featured_media":0,"parent":743,"menu_order":0,"comment_status":"closed","ping_status":"closed","template":"","meta":{"footnotes":""},"class_list":["post-826","page","type-page","status-publish","hentry"],"_links":{"self":[{"href":"https:\/\/shatranj.art\/tk\/wp-json\/wp\/v2\/pages\/826","targetHints":{"allow":["GET"]}}],"collection":[{"href":"https:\/\/shatranj.art\/tk\/wp-json\/wp\/v2\/pages"}],"about":[{"href":"https:\/\/shatranj.art\/tk\/wp-json\/wp\/v2\/types\/page"}],"author":[{"embeddable":true,"href":"https:\/\/shatranj.art\/tk\/wp-json\/wp\/v2\/users\/1"}],"replies":[{"embeddable":true,"href":"https:\/\/shatranj.art\/tk\/wp-json\/wp\/v2\/comments?post=826"}],"version-history":[{"count":10,"href":"https:\/\/shatranj.art\/tk\/wp-json\/wp\/v2\/pages\/826\/revisions"}],"predecessor-version":[{"id":1195,"href":"https:\/\/shatranj.art\/tk\/wp-json\/wp\/v2\/pages\/826\/revisions\/1195"}],"up":[{"embeddable":true,"href":"https:\/\/shatranj.art\/tk\/wp-json\/wp\/v2\/pages\/743"}],"wp:attachment":[{"href":"https:\/\/shatranj.art\/tk\/wp-json\/wp\/v2\/media?parent=826"}],"curies":[{"name":"wp","href":"https:\/\/api.w.org\/{rel}","templated":true}]}}