{"id":894,"date":"2026-02-22T08:28:54","date_gmt":"2026-02-22T08:28:54","guid":{"rendered":"https:\/\/shatranj.art\/?page_id=894"},"modified":"2026-02-23T04:42:50","modified_gmt":"2026-02-23T04:42:50","slug":"poster-10","status":"publish","type":"page","link":"https:\/\/shatranj.art\/tk\/exhibit\/poster-10\/","title":{"rendered":"Plakat 10"},"content":{"rendered":"<div data-elementor-type=\"wp-page\" data-elementor-id=\"894\" class=\"elementor elementor-894\" data-elementor-post-type=\"page\">\n\t\t\t\t<div class=\"elementor-element elementor-element-96a2a82 e-flex e-con-boxed e-con e-parent\" data-id=\"96a2a82\" data-element_type=\"container\" data-e-type=\"container\" data-settings=\"{&quot;background_background&quot;:&quot;classic&quot;}\">\n\t\t\t\t\t<div class=\"e-con-inner\">\n\t\t<div class=\"elementor-element elementor-element-7a9d5df e-con-full e-flex e-con e-child\" data-id=\"7a9d5df\" data-element_type=\"container\" data-e-type=\"container\">\n\t\t\t\t<div class=\"elementor-element elementor-element-4c3a07b elementor-widget__width-initial elementor-widget elementor-widget-text-editor\" data-id=\"4c3a07b\" data-element_type=\"widget\" data-e-type=\"widget\" data-widget_type=\"text-editor.default\">\n\t\t\t\t<div class=\"elementor-widget-container\">\n\t\t\t\t\t\t\t\t\t<p><strong>Akyl-pa\u00fdhas du\u015fu\u015fygy: Orta asyrlary\u0148 zenan \u015fahmat\u00e7ylary<\/strong><\/p><p>\u00a0<\/p><p>1283-nji \u00fdylda \u00fdazylan Libro de los Juegos el\u00fdazmasyny\u0148 bu se\u00fdrek miniat\u00fdurasy \u015fahmat taryhyndaky a\u00fdallary\u0148 i\u0148 g\u00fc\u00fd\u00e7li suratlandyryly\u015flaryny\u0148 birini g\u00f6rkez\u00fd\u00e4r. \u00c7adyry\u0148 k\u00f6legesinde \u00e7u\u0148 strategiki o\u00fdun bilen me\u015fgullan\u00fdan bu iki figuralar d\u00f6wri\u0148 jemgy\u00fdet\u00e7ilik we dini \u00e7\u00e4klerinden ge\u00e7\u00fd\u00e4n a\u0148 birligini a\u0148lad\u00fdar. Al-Andalusy\u0148 k\u00f6p medeni\u00fdetli \u201cConvivencia\u201dsyny aks etdir\u00fd\u00e4n bu eser \u015fahmaty\u0148 di\u0148e saray o\u00fdny d\u00e4ldigini, e\u00fdsem a\u00fdallary\u0148 a\u0148-zehin g\u00fc\u00fdj\u00fcni g\u00f6rkez\u00fd\u00e4n umumy be\u00fdan me\u00fddany bolandygyny subut ed\u00fd\u00e4r. Bu stolda bolsa d\u00fcrli ynan\u00e7 we medeni\u00fdetlerden bolan a\u00fdallary\u0148 o\u00fdnu\u0148 adalatly we tertipli d\u00fcn\u00fd\u00e4sinde du\u015fu\u015fyp, medeni geple\u015fik ge\u00e7ir\u00fd\u00e4ndigi be\u00fdany tap\u00fdar.<\/p>\t\t\t\t\t\t\t\t<\/div>\n\t\t\t\t<\/div>\n\t\t\t\t<div class=\"elementor-element elementor-element-0b75406 elementor-widget__width-initial elementor-widget elementor-widget-image\" data-id=\"0b75406\" data-element_type=\"widget\" data-e-type=\"widget\" data-widget_type=\"image.default\">\n\t\t\t\t<div class=\"elementor-widget-container\">\n\t\t\t\t\t\t\t\t\t\t\t\t\t\t\t<img fetchpriority=\"high\" decoding=\"async\" width=\"800\" height=\"570\" src=\"https:\/\/shatranj.art\/wp-content\/uploads\/2026\/02\/10-1024x730.jpg\" class=\"attachment-large size-large wp-image-900\" alt=\"\" srcset=\"https:\/\/shatranj.art\/wp-content\/uploads\/2026\/02\/10-1024x730.jpg 1024w, https:\/\/shatranj.art\/wp-content\/uploads\/2026\/02\/10-300x214.jpg 300w, https:\/\/shatranj.art\/wp-content\/uploads\/2026\/02\/10-768x548.jpg 768w, https:\/\/shatranj.art\/wp-content\/uploads\/2026\/02\/10.jpg 1474w\" sizes=\"(max-width: 800px) 100vw, 800px\" \/>\t\t\t\t\t\t\t\t\t\t\t\t\t\t\t<\/div>\n\t\t\t\t<\/div>\n\t\t\t\t<div class=\"elementor-element elementor-element-58f2c39 elementor-widget__width-initial elementor-widget elementor-widget-image\" data-id=\"58f2c39\" data-element_type=\"widget\" data-e-type=\"widget\" data-widget_type=\"image.default\">\n\t\t\t\t<div class=\"elementor-widget-container\">\n\t\t\t\t\t\t\t\t\t\t\t\t\t\t\t<img decoding=\"async\" width=\"800\" height=\"450\" src=\"https:\/\/shatranj.art\/wp-content\/uploads\/2026\/02\/10-1-1024x576.jpg\" class=\"attachment-large size-large wp-image-901\" alt=\"\" srcset=\"https:\/\/shatranj.art\/wp-content\/uploads\/2026\/02\/10-1-1024x576.jpg 1024w, https:\/\/shatranj.art\/wp-content\/uploads\/2026\/02\/10-1-300x169.jpg 300w, https:\/\/shatranj.art\/wp-content\/uploads\/2026\/02\/10-1-768x432.jpg 768w, https:\/\/shatranj.art\/wp-content\/uploads\/2026\/02\/10-1.jpg 1534w\" sizes=\"(max-width: 800px) 100vw, 800px\" \/>\t\t\t\t\t\t\t\t\t\t\t\t\t\t\t<\/div>\n\t\t\t\t<\/div>\n\t\t\t\t<div class=\"elementor-element elementor-element-41081fb elementor-widget__width-initial elementor-widget elementor-widget-text-editor\" data-id=\"41081fb\" data-element_type=\"widget\" data-e-type=\"widget\" data-widget_type=\"text-editor.default\">\n\t\t\t\t<div class=\"elementor-widget-container\">\n\t\t\t\t\t\t\t\t\t<p><b>Irk\u00e7ylygy mat etmek: <\/b><b>Al-Andalusy\u0148 medeni k\u00f6prisi<\/b><\/p><p>\u00a0<\/p><p>1283-nji \u00fdylda \u00fdazylan Libro de los Juegos el\u00fdazmasyny\u0148 bu t\u00e4sirli sahnasy Orta asyry\u0148 k\u00f6p medeni\u00fdetli dokumasyny bir \u015fahmat tahtasyna jemle\u00fd\u00e4r. Bir musulman bilen bir \u00fdewre\u00fdi\u0148 dini we jemgy\u00fdet\u00e7ilik p\u00e4sgel\u00e7iliklerini \u00fde\u0148ip ge\u00e7ip akyl g\u00f6re\u015fine giri\u015f\u00fd\u00e4ndigini g\u00f6rkez\u00fd\u00e4r; bu \u015fahmaty\u0148 sek\u00fcler we umumy g\u00fc\u00fdj\u00fcni\u0148 subutnamasy bolup dur\u00fdar. \u015eahmat fi\u0433\u0443\u0440leri Akdeniz, Demirgazyk Afrika we Orta G\u00fcndogary\u0148 birle\u015fen medeni mirasyny a\u0148lad\u00fdar; olar dini ikonografi\u00fdadan doly arassalanan abstrakt we geometrik g\u00f6rn\u00fc\u015flere e\u00fdedir. Bu tutumly diza\u00fdn filosofi\u00fdasy o\u00fdun\u00e7ylary\u0148 di\u0148e o\u00fdun d\u00fczg\u00fcnlerine we biri-birini\u0148 a\u0148-zehinine \u00fcnsi jemlemegine m\u00fcmkin\u00e7ilik ber\u00fd\u00e4r, \u015fatyr taxtasyny hakyky manyda tarapsyz me\u00fddana \u00f6w\u00fcr\u00fd\u00e4r. Bu stolda d\u00f6redilen medeni geple\u015fik hunarmand\u00e7ylyk we strategi\u00fdany\u0148 birle\u015fdiriji g\u00fc\u00fdj\u00fcni\u0148 ny\u015fanydyr.<\/p>\t\t\t\t\t\t\t\t<\/div>\n\t\t\t\t<\/div>\n\t\t\t\t<\/div>\n\t\t\t\t\t<\/div>\n\t\t\t\t<\/div>\n\t\t\t\t<\/div>","protected":false},"excerpt":{"rendered":"<p>An Intellectual Encounter: The Female Chess Players of the Middle Ages \u00a0 This rare miniature from the 1283 manuscript Libro de los Juegos features one of the most powerful depictions of women in chess history. Focused on the game with strategic depth under the shade of a tent, these two figures represent a union of [&hellip;]<\/p>\n","protected":false},"author":1,"featured_media":0,"parent":743,"menu_order":0,"comment_status":"closed","ping_status":"closed","template":"","meta":{"footnotes":""},"class_list":["post-894","page","type-page","status-publish","hentry"],"_links":{"self":[{"href":"https:\/\/shatranj.art\/tk\/wp-json\/wp\/v2\/pages\/894","targetHints":{"allow":["GET"]}}],"collection":[{"href":"https:\/\/shatranj.art\/tk\/wp-json\/wp\/v2\/pages"}],"about":[{"href":"https:\/\/shatranj.art\/tk\/wp-json\/wp\/v2\/types\/page"}],"author":[{"embeddable":true,"href":"https:\/\/shatranj.art\/tk\/wp-json\/wp\/v2\/users\/1"}],"replies":[{"embeddable":true,"href":"https:\/\/shatranj.art\/tk\/wp-json\/wp\/v2\/comments?post=894"}],"version-history":[{"count":7,"href":"https:\/\/shatranj.art\/tk\/wp-json\/wp\/v2\/pages\/894\/revisions"}],"predecessor-version":[{"id":1198,"href":"https:\/\/shatranj.art\/tk\/wp-json\/wp\/v2\/pages\/894\/revisions\/1198"}],"up":[{"embeddable":true,"href":"https:\/\/shatranj.art\/tk\/wp-json\/wp\/v2\/pages\/743"}],"wp:attachment":[{"href":"https:\/\/shatranj.art\/tk\/wp-json\/wp\/v2\/media?parent=894"}],"curies":[{"name":"wp","href":"https:\/\/api.w.org\/{rel}","templated":true}]}}