{"id":913,"date":"2026-02-22T09:00:47","date_gmt":"2026-02-22T09:00:47","guid":{"rendered":"https:\/\/shatranj.art\/?page_id=913"},"modified":"2026-02-23T04:46:23","modified_gmt":"2026-02-23T04:46:23","slug":"poster-12","status":"publish","type":"page","link":"https:\/\/shatranj.art\/tk\/exhibit\/poster-12\/","title":{"rendered":"poster 12"},"content":{"rendered":"<div data-elementor-type=\"wp-page\" data-elementor-id=\"913\" class=\"elementor elementor-913\" data-elementor-post-type=\"page\">\n\t\t\t\t<div class=\"elementor-element elementor-element-b0bced6 e-flex e-con-boxed e-con e-parent\" data-id=\"b0bced6\" data-element_type=\"container\" data-e-type=\"container\" data-settings=\"{&quot;background_background&quot;:&quot;classic&quot;}\">\n\t\t\t\t\t<div class=\"e-con-inner\">\n\t\t<div class=\"elementor-element elementor-element-3dc34e8 e-con-full e-flex e-con e-child\" data-id=\"3dc34e8\" data-element_type=\"container\" data-e-type=\"container\">\n\t\t\t\t<div class=\"elementor-element elementor-element-e0f92c5 elementor-widget__width-initial elementor-widget-mobile__width-inherit elementor-widget elementor-widget-image\" data-id=\"e0f92c5\" data-element_type=\"widget\" data-e-type=\"widget\" data-widget_type=\"image.default\">\n\t\t\t\t<div class=\"elementor-widget-container\">\n\t\t\t\t\t\t\t\t\t\t\t\t\t\t\t<img fetchpriority=\"high\" decoding=\"async\" width=\"800\" height=\"573\" src=\"https:\/\/shatranj.art\/wp-content\/uploads\/2026\/02\/12-1024x733.jpg\" class=\"attachment-large size-large wp-image-919\" alt=\"\" srcset=\"https:\/\/shatranj.art\/wp-content\/uploads\/2026\/02\/12-1024x733.jpg 1024w, https:\/\/shatranj.art\/wp-content\/uploads\/2026\/02\/12-300x215.jpg 300w, https:\/\/shatranj.art\/wp-content\/uploads\/2026\/02\/12-768x550.jpg 768w, https:\/\/shatranj.art\/wp-content\/uploads\/2026\/02\/12-1536x1100.jpg 1536w, https:\/\/shatranj.art\/wp-content\/uploads\/2026\/02\/12.jpg 1577w\" sizes=\"(max-width: 800px) 100vw, 800px\" \/>\t\t\t\t\t\t\t\t\t\t\t\t\t\t\t<\/div>\n\t\t\t\t<\/div>\n\t\t\t\t<div class=\"elementor-element elementor-element-21f07cf elementor-widget__width-initial elementor-widget elementor-widget-text-editor\" data-id=\"21f07cf\" data-element_type=\"widget\" data-e-type=\"widget\" data-widget_type=\"text-editor.default\">\n\t\t\t\t<div class=\"elementor-widget-container\">\n\t\t\t\t\t\t\t\t\t<p><strong>K\u00f6\u00e7eleri\u0148 geometri\u00fdasy: Yenikapyny\u0148 gadymy mirasy<\/strong><br \/><br \/>K\u00f6kleri m\u00fc\u0148\u00fdyllyklara bar\u00fdan Dokuz Erkekleri\u0148 Morrisi Aralyk de\u0148zi, Demirgazyk Afrika we Orta G\u00fcndogar sebitlerini\u0148 birle\u015fen medeni bazasyndan s\u00fcz\u00fclen i\u0148 gadymy strategi\u00fda o\u00fdunlaryny\u0148 biridir. Stambuldaky Yenikap\u0131 galyndylarynda tapylan bu Bizans d\u00f6wr\u00fcne degi\u015fli mermer b\u00f6legi o\u00fdnu\u0148 gadymy portlardaky janly jemgy\u00fdet\u00e7ilik durmu\u015fyny\u0148 a\u00fdrylmaz b\u00f6legi bolandygyny subut ed\u00fd\u00e4r. Dini ikonografi\u00fdadan doly azat, d\u00fc\u00fdb\u00fcnden sek\u00fcler, abstrakt we geometrik g\u00f6rn\u00fc\u015fi ony asyrlarbo\u00fdy d\u00fcrli ynan\u00e7ly adamlary\u0148 umumy d\u00fczg\u00fcnler esasynda du\u015fu\u015f\u00fdan umumy platforma \u00f6w\u00fcrdi. Bu \u201cjemgy\u00fdet\u00e7ilik goly\u201d, port i\u015f\u00e7isi \u00fda-da de\u0148iz\u00e7i tarapyndan da\u015fa o\u00fdulyp \u00fdazylan, a\u0148 we strategi\u00fdany\u0148 di\u0148e kitaplarda d\u00e4l-de, g\u00fcndelik durmu\u015fy\u0148 g\u00f6wresinde hem \u00fda\u015fa\u00fdandygyny\u0148 a\u00fddy\u0148 subutnamasydyr.<\/p>\t\t\t\t\t\t\t\t<\/div>\n\t\t\t\t<\/div>\n\t\t\t\t<div class=\"elementor-element elementor-element-9486cbd elementor-widget__width-initial elementor-widget-mobile__width-inherit elementor-widget elementor-widget-image\" data-id=\"9486cbd\" data-element_type=\"widget\" data-e-type=\"widget\" data-widget_type=\"image.default\">\n\t\t\t\t<div class=\"elementor-widget-container\">\n\t\t\t\t\t\t\t\t\t\t\t\t\t\t\t<img decoding=\"async\" width=\"800\" height=\"845\" src=\"https:\/\/shatranj.art\/wp-content\/uploads\/2026\/02\/12-1-969x1024.jpg\" class=\"attachment-large size-large wp-image-920\" alt=\"\" srcset=\"https:\/\/shatranj.art\/wp-content\/uploads\/2026\/02\/12-1-969x1024.jpg 969w, https:\/\/shatranj.art\/wp-content\/uploads\/2026\/02\/12-1-284x300.jpg 284w, https:\/\/shatranj.art\/wp-content\/uploads\/2026\/02\/12-1-768x812.jpg 768w, https:\/\/shatranj.art\/wp-content\/uploads\/2026\/02\/12-1-1453x1536.jpg 1453w, https:\/\/shatranj.art\/wp-content\/uploads\/2026\/02\/12-1.jpg 1792w\" sizes=\"(max-width: 800px) 100vw, 800px\" \/>\t\t\t\t\t\t\t\t\t\t\t\t\t\t\t<\/div>\n\t\t\t\t<\/div>\n\t\t\t\t<div class=\"elementor-element elementor-element-c5185bd elementor-widget__width-initial elementor-widget elementor-widget-text-editor\" data-id=\"c5185bd\" data-element_type=\"widget\" data-e-type=\"widget\" data-widget_type=\"text-editor.default\">\n\t\t\t\t<div class=\"elementor-widget-container\">\n\t\t\t\t\t\t\t\t\t<p><b>Akyl o\u00fduny\u0148 birinji nazary\u00fdeti: <\/b><b>Al-Adli Ar-Rumini\u0148 mirasy<\/b><\/p><p>9-njy asyrda Al-Adli Ar-Rumi atly \u015fahmat ussady tarapyndan \u00fdazylan Kitab al-Shatranj o\u00fduny\u0148 strategik \u00e7u\u0148lugyny sistemala\u015fdyran taryhdaky ilkinji m\u00f6h\u00fcm eser bolup dur\u00fdar. \u201cAr-Rumi\u201d epitetmesi Akdeniz, Demirgazyk Afrika we Orta G\u00fcndogar sebitlerinde \u015fahmaty\u0148 k\u00f6p gatly sy\u00fdahatyny nygta\u00fdar we onu\u0148 Bizans d\u00fcn\u00fd\u00e4si bilen taryhy baglany\u015fyklaryny g\u00f6rkez\u00fd\u00e4r. Bu m\u00f6h\u00fcm eserde Al-Adli di\u0148e ba\u015flangy\u00e7 d\u00fcz\u00fcmleri (tabiyas) we so\u0148ky o\u00fdun meselelerini (mansubas) tertiplemek bilen \u00e7\u00e4klenm\u00e4n, e\u00fdsem bu gi\u0148 sebiti\u0148 jemgy\u00fdet\u00e7ilik a\u0148yny\u0148 esasynda h\u00e4zirki zaman \u015fahmat nazary\u00fdetini\u0148 bin\u00fdatlaryny hem go\u00fddy. Dini ikonografi\u00fdadan azat, sek\u00fcler we abstrakt \u015fahmat fi\u0433\u0443\u0440lary bilen o\u00fdnal\u00fdan bu gadymy o\u00fdun Al-Adlini\u0148 \u00fdazgylary arkaly matematiki \u00e7u\u0148luk gazanyp, h\u00e4zirki zaman strategiki medeni\u00fdetini\u0148 \u00f6\u0148debaryjysyna \u00f6wr\u00fcldi.<\/p>\t\t\t\t\t\t\t\t<\/div>\n\t\t\t\t<\/div>\n\t\t<div class=\"elementor-element elementor-element-efd81f7 e-con-full e-flex e-con e-child\" data-id=\"efd81f7\" data-element_type=\"container\" data-e-type=\"container\">\n\t\t\t\t<div class=\"elementor-element elementor-element-4f2ca1a elementor-widget elementor-widget-image\" data-id=\"4f2ca1a\" data-element_type=\"widget\" data-e-type=\"widget\" data-widget_type=\"image.default\">\n\t\t\t\t<div class=\"elementor-widget-container\">\n\t\t\t\t\t\t\t\t\t\t\t\t\t\t\t<img decoding=\"async\" width=\"751\" height=\"1024\" src=\"https:\/\/shatranj.art\/wp-content\/uploads\/2026\/02\/12-2-751x1024.jpg\" class=\"attachment-large size-large wp-image-921\" alt=\"\" srcset=\"https:\/\/shatranj.art\/wp-content\/uploads\/2026\/02\/12-2-751x1024.jpg 751w, https:\/\/shatranj.art\/wp-content\/uploads\/2026\/02\/12-2-220x300.jpg 220w, https:\/\/shatranj.art\/wp-content\/uploads\/2026\/02\/12-2-768x1047.jpg 768w, https:\/\/shatranj.art\/wp-content\/uploads\/2026\/02\/12-2-1127x1536.jpg 1127w, https:\/\/shatranj.art\/wp-content\/uploads\/2026\/02\/12-2.jpg 1388w\" sizes=\"(max-width: 751px) 100vw, 751px\" \/>\t\t\t\t\t\t\t\t\t\t\t\t\t\t\t<\/div>\n\t\t\t\t<\/div>\n\t\t\t\t<div class=\"elementor-element elementor-element-ede5dac elementor-widget elementor-widget-image\" data-id=\"ede5dac\" data-element_type=\"widget\" data-e-type=\"widget\" data-widget_type=\"image.default\">\n\t\t\t\t<div class=\"elementor-widget-container\">\n\t\t\t\t\t\t\t\t\t\t\t\t\t\t\t<img loading=\"lazy\" decoding=\"async\" width=\"792\" height=\"1024\" src=\"https:\/\/shatranj.art\/wp-content\/uploads\/2026\/02\/12-3-792x1024.jpg\" class=\"attachment-large size-large wp-image-922\" alt=\"\" srcset=\"https:\/\/shatranj.art\/wp-content\/uploads\/2026\/02\/12-3-792x1024.jpg 792w, https:\/\/shatranj.art\/wp-content\/uploads\/2026\/02\/12-3-232x300.jpg 232w, https:\/\/shatranj.art\/wp-content\/uploads\/2026\/02\/12-3-768x993.jpg 768w, https:\/\/shatranj.art\/wp-content\/uploads\/2026\/02\/12-3-1188x1536.jpg 1188w, https:\/\/shatranj.art\/wp-content\/uploads\/2026\/02\/12-3.jpg 1459w\" sizes=\"(max-width: 792px) 100vw, 792px\" \/>\t\t\t\t\t\t\t\t\t\t\t\t\t\t\t<\/div>\n\t\t\t\t<\/div>\n\t\t\t\t<\/div>\n\t\t\t\t<\/div>\n\t\t\t\t\t<\/div>\n\t\t\t\t<\/div>\n\t\t\t\t<\/div>","protected":false},"excerpt":{"rendered":"<p>Geometry of the Streets: The Ancient Heritage of Yenikap\u0131 With roots stretching back millennia, Nine Men\u2019s Morris is one of the most ancient strategy games filtered through the unified cultural basin of the Mediterranean, North Africa, and the Middle East. This Byzantine-era marble fragment, discovered during excavations in Yenikap\u0131, Istanbul, proves that the game was [&hellip;]<\/p>\n","protected":false},"author":1,"featured_media":0,"parent":743,"menu_order":0,"comment_status":"closed","ping_status":"closed","template":"","meta":{"footnotes":""},"class_list":["post-913","page","type-page","status-publish","hentry"],"_links":{"self":[{"href":"https:\/\/shatranj.art\/tk\/wp-json\/wp\/v2\/pages\/913","targetHints":{"allow":["GET"]}}],"collection":[{"href":"https:\/\/shatranj.art\/tk\/wp-json\/wp\/v2\/pages"}],"about":[{"href":"https:\/\/shatranj.art\/tk\/wp-json\/wp\/v2\/types\/page"}],"author":[{"embeddable":true,"href":"https:\/\/shatranj.art\/tk\/wp-json\/wp\/v2\/users\/1"}],"replies":[{"embeddable":true,"href":"https:\/\/shatranj.art\/tk\/wp-json\/wp\/v2\/comments?post=913"}],"version-history":[{"count":10,"href":"https:\/\/shatranj.art\/tk\/wp-json\/wp\/v2\/pages\/913\/revisions"}],"predecessor-version":[{"id":1207,"href":"https:\/\/shatranj.art\/tk\/wp-json\/wp\/v2\/pages\/913\/revisions\/1207"}],"up":[{"embeddable":true,"href":"https:\/\/shatranj.art\/tk\/wp-json\/wp\/v2\/pages\/743"}],"wp:attachment":[{"href":"https:\/\/shatranj.art\/tk\/wp-json\/wp\/v2\/media?parent=913"}],"curies":[{"name":"wp","href":"https:\/\/api.w.org\/{rel}","templated":true}]}}