{"id":945,"date":"2026-02-22T14:34:32","date_gmt":"2026-02-22T14:34:32","guid":{"rendered":"https:\/\/shatranj.art\/?page_id=945"},"modified":"2026-02-23T10:43:41","modified_gmt":"2026-02-23T10:43:41","slug":"poster-15","status":"publish","type":"page","link":"https:\/\/shatranj.art\/tk\/exhibit\/poster-15\/","title":{"rendered":"Plakat 15"},"content":{"rendered":"<div data-elementor-type=\"wp-page\" data-elementor-id=\"945\" class=\"elementor elementor-945\" data-elementor-post-type=\"page\">\n\t\t\t\t<div class=\"elementor-element elementor-element-8fd0c1a e-flex e-con-boxed e-con e-parent\" data-id=\"8fd0c1a\" data-element_type=\"container\" data-e-type=\"container\" data-settings=\"{&quot;background_background&quot;:&quot;classic&quot;}\">\n\t\t\t\t\t<div class=\"e-con-inner\">\n\t\t<div class=\"elementor-element elementor-element-a491ef7 e-con-full e-flex e-con e-child\" data-id=\"a491ef7\" data-element_type=\"container\" data-e-type=\"container\">\n\t\t\t\t<div class=\"elementor-element elementor-element-25c1e59 elementor-widget elementor-widget-image\" data-id=\"25c1e59\" data-element_type=\"widget\" data-e-type=\"widget\" data-widget_type=\"image.default\">\n\t\t\t\t<div class=\"elementor-widget-container\">\n\t\t\t\t\t\t\t\t\t\t\t\t\t\t\t<img fetchpriority=\"high\" decoding=\"async\" width=\"2400\" height=\"1350\" src=\"https:\/\/shatranj.art\/wp-content\/uploads\/2026\/02\/17.jpg\" class=\"attachment-full size-full wp-image-965\" alt=\"\" srcset=\"https:\/\/shatranj.art\/wp-content\/uploads\/2026\/02\/17.jpg 2400w, https:\/\/shatranj.art\/wp-content\/uploads\/2026\/02\/17-300x169.jpg 300w, https:\/\/shatranj.art\/wp-content\/uploads\/2026\/02\/17-1024x576.jpg 1024w, https:\/\/shatranj.art\/wp-content\/uploads\/2026\/02\/17-768x432.jpg 768w, https:\/\/shatranj.art\/wp-content\/uploads\/2026\/02\/17-1536x864.jpg 1536w, https:\/\/shatranj.art\/wp-content\/uploads\/2026\/02\/17-2048x1152.jpg 2048w\" sizes=\"(max-width: 2400px) 100vw, 2400px\" \/>\t\t\t\t\t\t\t\t\t\t\t\t\t\t\t<\/div>\n\t\t\t\t<\/div>\n\t\t\t\t<div class=\"elementor-element elementor-element-ede708d elementor-widget elementor-widget-text-editor\" data-id=\"ede708d\" data-element_type=\"widget\" data-e-type=\"widget\" data-widget_type=\"text-editor.default\">\n\t\t\t\t<div class=\"elementor-widget-container\">\n\t\t\t\t\t\t\t\t\t<h3><b>D\u00e4p bolan t\u00fcrk dama o\u00fdunlary: Urfany\u0148 strategik mirasy<\/b><\/h3><p>Kahwehanalary\u0148 sessiz dueli: T\u00fcrki \u00e7eki\u015f o\u00fdny (Dama) \u00f6zbolu\u015fly d\u00fczg\u00fcnleri bilen G\u00fcnbatar de\u0148de\u015flerine garany\u0148da tapawutlan\u00fdan Anatoli\u00fdany\u0148 intellektual d\u00e4p-dessurydyr. Bu wersi\u00fdada fi\u00fdg\u00fcrler diagonal d\u00e4l-de, dikd\u00f6rtgen g\u00f6rn\u00fc\u015fde \u00f6\u0148e we \u00fdana hereket ed\u00fd\u00e4r, bu bolsa d\u00fcz\u00fcmli we has agressiw strategiki me\u00fddan d\u00f6red\u00fd\u00e4r. \u015eanl\u0131urfa \u00fdaly gadymy \u015f\u00e4herlerde dama di\u0148e iki o\u00fdun\u00e7y arasynda b\u00e4sle\u015fik d\u00e4l; bu, demlenen \u00e7a\u00fdy\u0148 ysy, toma\u015fa\u00e7ylary\u0148 teswirleri we sagatlap \u00e7u\u0148\u0148ur seljerme bilen utga\u015fan jemgy\u00fdet\u00e7ilik d\u00e4p-dessurydyr.<\/p><p>Ustalyk we \u00f6\u0148g\u00f6r\u00fcni\u0148 medeni\u00fdeti   Urfa damma medeni\u00fdetinde o\u00fdun\u00e7yny\u0148 be\u00fdikligi di\u0148e \u00fde\u0148i\u015fleri bilen d\u00e4l, e\u00fdsem olary\u0148 n\u00e4\u00e7e \u00e4dim \u00f6\u0148\u00fcnden \u201cg\u00f6r\u00fcp\u201d bil\u00fd\u00e4ndigi bilen \u00f6l\u00e7el\u00fd\u00e4r. On alty sany par\u00e7any\u0148 simmetrik g\u00f6re\u015fi, bir par\u00e7a so\u0148ky setire \u00fdetip \u201cDama\u201d (Paty\u015fa) \u00f6wr\u00fcleninde, tutu\u015f taxtany dolandyrmak g\u00fc\u00fdj\u00fcni gazanyp, \u00f6z pikine \u00fdet\u00fd\u00e4r. 21-nji asyry\u0148 sanly tolkunyna gar\u015fy durup, bu d\u00e4p Urfa taryhy bazarlarynda nesiller bo\u00fdy ge\u00e7irilip, sabyr we \u00f6\u0148\u00fcnden g\u00f6rme ukybyny\u0148 janly sapagy bolup gal\u00fdar.\u00a0<\/p>\t\t\t\t\t\t\t\t<\/div>\n\t\t\t\t<\/div>\n\t\t\t\t<\/div>\n\t\t\t\t\t<\/div>\n\t\t\t\t<\/div>\n\t\t\t\t<\/div>","protected":false},"excerpt":{"rendered":"<p>Traditional Turkish Draughts: The Strategic Heritage of Urfa The Silent Duel of the Coffeehouses Turkish Draughts (Dama) is an Anatolian intellectual discipline that stands apart from its Western counterparts through its unique rules. In this version, pieces move orthogonally forwards and sideways rather than diagonally, creating a linear and far more aggressive strategic landscape. In [&hellip;]<\/p>\n","protected":false},"author":1,"featured_media":0,"parent":743,"menu_order":0,"comment_status":"closed","ping_status":"closed","template":"","meta":{"footnotes":""},"class_list":["post-945","page","type-page","status-publish","hentry"],"_links":{"self":[{"href":"https:\/\/shatranj.art\/tk\/wp-json\/wp\/v2\/pages\/945","targetHints":{"allow":["GET"]}}],"collection":[{"href":"https:\/\/shatranj.art\/tk\/wp-json\/wp\/v2\/pages"}],"about":[{"href":"https:\/\/shatranj.art\/tk\/wp-json\/wp\/v2\/types\/page"}],"author":[{"embeddable":true,"href":"https:\/\/shatranj.art\/tk\/wp-json\/wp\/v2\/users\/1"}],"replies":[{"embeddable":true,"href":"https:\/\/shatranj.art\/tk\/wp-json\/wp\/v2\/comments?post=945"}],"version-history":[{"count":25,"href":"https:\/\/shatranj.art\/tk\/wp-json\/wp\/v2\/pages\/945\/revisions"}],"predecessor-version":[{"id":1429,"href":"https:\/\/shatranj.art\/tk\/wp-json\/wp\/v2\/pages\/945\/revisions\/1429"}],"up":[{"embeddable":true,"href":"https:\/\/shatranj.art\/tk\/wp-json\/wp\/v2\/pages\/743"}],"wp:attachment":[{"href":"https:\/\/shatranj.art\/tk\/wp-json\/wp\/v2\/media?parent=945"}],"curies":[{"name":"wp","href":"https:\/\/api.w.org\/{rel}","templated":true}]}}