{"id":954,"date":"2026-02-22T15:10:21","date_gmt":"2026-02-22T15:10:21","guid":{"rendered":"https:\/\/shatranj.art\/?page_id=954"},"modified":"2026-02-24T09:18:28","modified_gmt":"2026-02-24T09:18:28","slug":"poster-16","status":"publish","type":"page","link":"https:\/\/shatranj.art\/tk\/exhibit\/poster-16\/","title":{"rendered":"Plakat 16"},"content":{"rendered":"<div data-elementor-type=\"wp-page\" data-elementor-id=\"954\" class=\"elementor elementor-954\" data-elementor-post-type=\"page\">\n\t\t\t\t<div class=\"elementor-element elementor-element-05751de e-flex e-con-boxed e-con e-parent\" data-id=\"05751de\" data-element_type=\"container\" data-e-type=\"container\" data-settings=\"{&quot;background_background&quot;:&quot;classic&quot;}\">\n\t\t\t\t\t<div class=\"e-con-inner\">\n\t\t<div class=\"elementor-element elementor-element-415f3f4 e-con-full e-flex e-con e-child\" data-id=\"415f3f4\" data-element_type=\"container\" data-e-type=\"container\">\n\t\t\t\t<div class=\"elementor-element elementor-element-ee52ef0 elementor-widget__width-initial elementor-widget elementor-widget-image\" data-id=\"ee52ef0\" data-element_type=\"widget\" data-e-type=\"widget\" data-widget_type=\"image.default\">\n\t\t\t\t<div class=\"elementor-widget-container\">\n\t\t\t\t\t\t\t\t\t\t\t\t\t\t\t<img fetchpriority=\"high\" decoding=\"async\" width=\"723\" height=\"1024\" src=\"https:\/\/shatranj.art\/wp-content\/uploads\/2026\/02\/16-723x1024.jpg\" class=\"attachment-large size-large wp-image-959\" alt=\"\" srcset=\"https:\/\/shatranj.art\/wp-content\/uploads\/2026\/02\/16-723x1024.jpg 723w, https:\/\/shatranj.art\/wp-content\/uploads\/2026\/02\/16-212x300.jpg 212w, https:\/\/shatranj.art\/wp-content\/uploads\/2026\/02\/16-768x1087.jpg 768w, https:\/\/shatranj.art\/wp-content\/uploads\/2026\/02\/16-1085x1536.jpg 1085w, https:\/\/shatranj.art\/wp-content\/uploads\/2026\/02\/16-1447x2048.jpg 1447w, https:\/\/shatranj.art\/wp-content\/uploads\/2026\/02\/16.jpg 1557w\" sizes=\"(max-width: 723px) 100vw, 723px\" \/>\t\t\t\t\t\t\t\t\t\t\t\t\t\t\t<\/div>\n\t\t\t\t<\/div>\n\t\t\t\t<div class=\"elementor-element elementor-element-bc51b4f elementor-widget__width-initial elementor-widget elementor-widget-text-editor\" data-id=\"bc51b4f\" data-element_type=\"widget\" data-e-type=\"widget\" data-widget_type=\"text-editor.default\">\n\t\t\t\t<div class=\"elementor-widget-container\">\n\t\t\t\t\t\t\t\t\t<h3><b>Bucephalus: D\u00fczl\u00fckleri\u0148 we basy\u015flary\u0148 rowa\u00fdat ruhy<\/b><\/h3><p>Antik grek dilinde \u201c\u00d6k\u00fczba\u015fly\u201d (Boukephalos) di\u00fdmek bol\u00fdar; bu aty\u0148 gi\u0148 ka\u015fy \u00fda-da \u00fdelk\u00e4sind\u00e4ki belg\u00e4 g\u00f6r\u00e4dir. Bucephalus taryhda i\u0148 ny\u015fanly uru\u015f atydyr. Rivayata g\u00f6r\u00e4, ol Tessali\u00fdaly Philonicus tarapyndan II Filipe 13 talant m\u00f6\u00e7berinde teklip edilipdir, \u00fd\u00f6ne hi\u00e7 kim onu\u0148 \u00fdabany ruhyny e\u00fderl\u00e4p bilme\u00fd\u00e4rdi. \u00dda\u015f Aleksandr aty\u0148 di\u0148e \u00f6z k\u00f6legesinden gorkandygyny g\u00f6r\u00fcp, ony rahatlandyrmak \u00fc\u00e7in g\u00fcn tarap \u00f6w\u00fcrdi. Muny g\u00f6ren Paty\u015fa Filipp me\u015fhur s\u00f6z\u00fcni a\u00fdtdy: \u201cOgul, \u00f6z\u00fc\u0148e de\u0148 we mynasyp bir paty\u015falygy g\u00f6zle, seb\u00e4bi Makedoni\u00fda sa\u0148a gaty ki\u00e7i!\u201d<\/p><p>\u00a0<\/p><p>S\u00f6we\u015f me\u00fddanlaryndan \u00f6l\u00fcms\u00fczlige<\/p><p>\u00a0<\/p><p>Bucephalus Aleksandr bilen Greki\u00fdadan Hindistany\u0148 \u00fd\u00fcregine \u00e7enli \u00e4hli kampani\u00fda bo\u00fdy \u00fdolda\u015f boldy. Ol e\u00fdesini Granik, \u0130ssus, Gaugamela we Hydaspes s\u00f6we\u015fleri \u00fdaly i\u0148 ganyp s\u00f6we\u015flerden ge\u00e7irdi. Miladdan \u00f6\u0148 326-njy \u00fdylda Hindistan kampani\u00fdasyny\u0148 dowamynda ol s\u00f6we\u015f \u00fdaralaryndan \u00fda-da garrylykdan (takmynan 30 \u00fda\u015fynda) aradan \u00e7ykdy. Onu\u0148 hormatyna Aleksandr h\u00e4zirki Pakistan territori\u00fdasynda, Jhelum der\u00fdasyny\u0148 kenarynda Aleksandri\u00fda Bucephala \u015f\u00e4herini esaslandyrdy.<\/p><p>\u00a0<\/p><p>Medeni mirasy<\/p><p>\u00a0<\/p><p>Sungat we edebi\u00fdat taryhynda Buesfalus g\u00fc\u00fd\u00e7, ygrarlylyk we iti sezgi ny\u015fany h\u00f6km\u00fcnde dur\u00fdar. G\u00fcndogar d\u00e4plerinde Aleksandr k\u00f6plen\u00e7 \u201cIskandar\u201d di\u00fdlip atlandyryl\u00fdan \u00fderlerde Buesfalus adaty d\u00e4l h\u00e4si\u00fdetlere e\u00fde bolan ygrarly \u00fdolda\u015f h\u00f6km\u00fcnde be\u00fdan edil\u00fd\u00e4r. Ol taryhy\u0148 i\u0148 uly \u00fde\u0148ijisini\u0148 arkasyndaky hakyky \u201cruh\u201d bolup gal\u00fdar we s\u00f6we\u015f me\u00fddan\u00e7asyny\u0148 \u00e7\u00e4ginden ge\u00e7\u00fd\u00e4n baglany\u015fygy a\u0148lad\u00fdar.<\/p>\t\t\t\t\t\t\t\t<\/div>\n\t\t\t\t<\/div>\n\t\t\t\t<\/div>\n\t\t\t\t\t<\/div>\n\t\t\t\t<\/div>\n\t\t\t\t<\/div>","protected":false},"excerpt":{"rendered":"<p>Bucephalus: The Legendary Spirit of the Steppes and Conquests Meaning &#8220;Ox-headed&#8221; (Boukephalos) in Ancient Greek likely due to his broad brow or a branding on his shoulder Bucephalus is the most iconic warhorse in history. Legend tells that he was offered to King Philip II by Philonicus the Thessalian for the staggering sum of 13 [&hellip;]<\/p>\n","protected":false},"author":1,"featured_media":0,"parent":743,"menu_order":0,"comment_status":"closed","ping_status":"closed","template":"","meta":{"footnotes":""},"class_list":["post-954","page","type-page","status-publish","hentry"],"_links":{"self":[{"href":"https:\/\/shatranj.art\/tk\/wp-json\/wp\/v2\/pages\/954","targetHints":{"allow":["GET"]}}],"collection":[{"href":"https:\/\/shatranj.art\/tk\/wp-json\/wp\/v2\/pages"}],"about":[{"href":"https:\/\/shatranj.art\/tk\/wp-json\/wp\/v2\/types\/page"}],"author":[{"embeddable":true,"href":"https:\/\/shatranj.art\/tk\/wp-json\/wp\/v2\/users\/1"}],"replies":[{"embeddable":true,"href":"https:\/\/shatranj.art\/tk\/wp-json\/wp\/v2\/comments?post=954"}],"version-history":[{"count":13,"href":"https:\/\/shatranj.art\/tk\/wp-json\/wp\/v2\/pages\/954\/revisions"}],"predecessor-version":[{"id":1579,"href":"https:\/\/shatranj.art\/tk\/wp-json\/wp\/v2\/pages\/954\/revisions\/1579"}],"up":[{"embeddable":true,"href":"https:\/\/shatranj.art\/tk\/wp-json\/wp\/v2\/pages\/743"}],"wp:attachment":[{"href":"https:\/\/shatranj.art\/tk\/wp-json\/wp\/v2\/media?parent=954"}],"curies":[{"name":"wp","href":"https:\/\/api.w.org\/{rel}","templated":true}]}}