{"id":969,"date":"2026-02-22T15:22:14","date_gmt":"2026-02-22T15:22:14","guid":{"rendered":"https:\/\/shatranj.art\/?page_id=969"},"modified":"2026-02-23T04:55:45","modified_gmt":"2026-02-23T04:55:45","slug":"poster-18","status":"publish","type":"page","link":"https:\/\/shatranj.art\/tk\/exhibit\/poster-18\/","title":{"rendered":"plakat 18"},"content":{"rendered":"<div data-elementor-type=\"wp-page\" data-elementor-id=\"969\" class=\"elementor elementor-969\" data-elementor-post-type=\"page\">\n\t\t\t\t<div class=\"elementor-element elementor-element-e18ac67 e-flex e-con-boxed e-con e-parent\" data-id=\"e18ac67\" data-element_type=\"container\" data-e-type=\"container\" data-settings=\"{&quot;background_background&quot;:&quot;classic&quot;}\">\n\t\t\t\t\t<div class=\"e-con-inner\">\n\t\t<div class=\"elementor-element elementor-element-36bf2c2 e-con-full e-flex e-con e-child\" data-id=\"36bf2c2\" data-element_type=\"container\" data-e-type=\"container\">\n\t\t\t\t<div class=\"elementor-element elementor-element-1244f27 elementor-widget__width-initial elementor-widget elementor-widget-image\" data-id=\"1244f27\" data-element_type=\"widget\" data-e-type=\"widget\" data-widget_type=\"image.default\">\n\t\t\t\t<div class=\"elementor-widget-container\">\n\t\t\t\t\t\t\t\t\t\t\t\t\t\t\t<img fetchpriority=\"high\" decoding=\"async\" width=\"800\" height=\"729\" src=\"https:\/\/shatranj.art\/wp-content\/uploads\/2026\/02\/18-1024x933.jpg\" class=\"attachment-large size-large wp-image-971\" alt=\"\" srcset=\"https:\/\/shatranj.art\/wp-content\/uploads\/2026\/02\/18-1024x933.jpg 1024w, https:\/\/shatranj.art\/wp-content\/uploads\/2026\/02\/18-300x273.jpg 300w, https:\/\/shatranj.art\/wp-content\/uploads\/2026\/02\/18-768x700.jpg 768w, https:\/\/shatranj.art\/wp-content\/uploads\/2026\/02\/18.jpg 1279w\" sizes=\"(max-width: 800px) 100vw, 800px\" \/>\t\t\t\t\t\t\t\t\t\t\t\t\t\t\t<\/div>\n\t\t\t\t<\/div>\n\t\t\t\t<div class=\"elementor-element elementor-element-917c746 elementor-widget__width-initial elementor-widget-mobile__width-inherit elementor-widget elementor-widget-image\" data-id=\"917c746\" data-element_type=\"widget\" data-e-type=\"widget\" data-widget_type=\"image.default\">\n\t\t\t\t<div class=\"elementor-widget-container\">\n\t\t\t\t\t\t\t\t\t\t\t\t\t\t\t<img decoding=\"async\" width=\"800\" height=\"790\" src=\"https:\/\/shatranj.art\/wp-content\/uploads\/2026\/02\/18-1-1024x1011.jpg\" class=\"attachment-large size-large wp-image-972\" alt=\"\" srcset=\"https:\/\/shatranj.art\/wp-content\/uploads\/2026\/02\/18-1-1024x1011.jpg 1024w, https:\/\/shatranj.art\/wp-content\/uploads\/2026\/02\/18-1-300x296.jpg 300w, https:\/\/shatranj.art\/wp-content\/uploads\/2026\/02\/18-1-768x758.jpg 768w, https:\/\/shatranj.art\/wp-content\/uploads\/2026\/02\/18-1-1536x1517.jpg 1536w, https:\/\/shatranj.art\/wp-content\/uploads\/2026\/02\/18-1.jpg 1769w\" sizes=\"(max-width: 800px) 100vw, 800px\" \/>\t\t\t\t\t\t\t\t\t\t\t\t\t\t\t<\/div>\n\t\t\t\t<\/div>\n\t\t\t\t<div class=\"elementor-element elementor-element-5c72f2f elementor-widget__width-initial elementor-widget elementor-widget-text-editor\" data-id=\"5c72f2f\" data-element_type=\"widget\" data-e-type=\"widget\" data-widget_type=\"text-editor.default\">\n\t\t\t\t<div class=\"elementor-widget-container\">\n\t\t\t\t\t\t\t\t\t<h3><b>Mexaniki Turk: S\u00fcni a\u0148y\u0148 ilkinji ill\u00fduzi\u00fdasy<\/b><\/h3><p><b>Imperi\u00fdalary sihr eden bir ill\u00fduzi\u00fda<\/b> <span style=\"font-weight: 400;\"><br \/><\/span>1770-nji \u00fdylda Wolfgang fon Kempelen tarapyndan imperator Mari\u00fda Tereza t\u00e4sir galdyrmak \u00fc\u00e7in d\u00f6redilen \u201cMexaniki t\u00fcrk\u201d \u00e7yl\u015fyrymly di\u015fli ulgamy bilen i\u015fle\u00fd\u00e4n \u00f6z-\u00f6z\u00fcni i\u015fle\u00fd\u00e4n awtomat \u00fdaly g\u00f6r\u00fcn\u00fd\u00e4rdi. Uly \u015fkafy\u0148 \u00f6\u0148\u00fcnde oturdylyp, d\u00e4p bolan Osmanly halat we tureban ge\u00fddirilen bu fig\u00fcr taryhda i\u0148 g\u00fc\u00fd\u00e7li akyllary\u0148 k\u00e4birine, \u015fol sanda Napoleon Bonapart we Benjamin Franklin \u00fdaly \u015fahslara gar\u015fy \u00e7ykyp, olary \u00fde\u0148di.<\/p><p>\u00a0<\/p><p><b>Di\u015flileri\u0148 arasynda adam<\/b> <span style=\"font-weight: 400;\"><br \/><\/span>On\u00fdyllyklary\u0148 dowamynda d\u00fcn\u00fd\u00e4 hakyky \u201cpikirle\u00fd\u00e4n ma\u015fyny\u201d g\u00f6r\u00fd\u00e4ndigine ynandy. Hakykatda bolsa bu enjam aldam\u00e7ylygy\u0148 ussat eseridi. Kabineti\u0148 i\u00e7i ussatlyk bilen diza\u00fdn edilip, professional adam \u015fahmat ussadyny gizl\u00e4p go\u00fdmak \u00fc\u00e7in ni\u00fdetlenipdi; ol d\u00fcrli gapylar a\u00e7ylanda \u00fderini \u00fc\u00fdtgedip dur\u00fdardy. Pantograf mehanizmi we doska astyndaky magnit g\u00f6rkezijiler arkaly gizlin o\u00fdun\u00e7y gar\u015fyda\u015fyny\u0148 hereketlerini yzarlap, \u00f6z hereketlerini Turky\u0148 mehaniki goly arkaly \u00fderine \u00fdetir\u00fd\u00e4rdi.<\/p><p>\u00a0<\/p><p><b>Zamanabap miras<\/b> <span style=\"font-weight: 400;\"><br \/><\/span>Mechanical Turk aldam\u00e7ylyk heka\u00fdasyndan has k\u00f6p; ol ma\u015fyn a\u0148yna bolan adamzady\u0148 ebedi gyzyklanmasyny\u0148 we gorkusyny\u0148 ny\u015fanydyr. Amazonu\u0148 h\u00e4zirki g\u00fcn mikro-wezipeler platformasyny \u201cMechanical Turk\u201d di\u00fdip atlandyrmagy tesad\u00fcbi d\u00e4l. Bu at komp\u00fduterleri\u0148 heniz \u00fderine \u00fdetirip bilme\u00fd\u00e4n, emma adamlary\u0148 sahnany\u0148 arkasynda sessiz\u00e7e \u00fderine \u00fdetir\u00fd\u00e4n wezipelere hormat go\u00fdmak \u00fc\u00e7in gal\u00fdar.\u201c<\/p>\t\t\t\t\t\t\t\t<\/div>\n\t\t\t\t<\/div>\n\t\t\t\t<\/div>\n\t\t\t\t\t<\/div>\n\t\t\t\t<\/div>\n\t\t\t\t<\/div>","protected":false},"excerpt":{"rendered":"<p>The Mechanical Turk: The First Illusion of Artificial Intelligence An Illusion That Enchanted Empires Designed in 1770 by Wolfgang von Kempelen to impress Empress Maria Theresa, the &#8220;Mechanical Turk&#8221; appeared to be a self-operating automaton powered by a complex system of gears. Seated at a large cabinet and dressed in traditional Ottoman robes and a [&hellip;]<\/p>\n","protected":false},"author":1,"featured_media":0,"parent":743,"menu_order":0,"comment_status":"closed","ping_status":"closed","template":"","meta":{"footnotes":""},"class_list":["post-969","page","type-page","status-publish","hentry"],"_links":{"self":[{"href":"https:\/\/shatranj.art\/tk\/wp-json\/wp\/v2\/pages\/969","targetHints":{"allow":["GET"]}}],"collection":[{"href":"https:\/\/shatranj.art\/tk\/wp-json\/wp\/v2\/pages"}],"about":[{"href":"https:\/\/shatranj.art\/tk\/wp-json\/wp\/v2\/types\/page"}],"author":[{"embeddable":true,"href":"https:\/\/shatranj.art\/tk\/wp-json\/wp\/v2\/users\/1"}],"replies":[{"embeddable":true,"href":"https:\/\/shatranj.art\/tk\/wp-json\/wp\/v2\/comments?post=969"}],"version-history":[{"count":7,"href":"https:\/\/shatranj.art\/tk\/wp-json\/wp\/v2\/pages\/969\/revisions"}],"predecessor-version":[{"id":1225,"href":"https:\/\/shatranj.art\/tk\/wp-json\/wp\/v2\/pages\/969\/revisions\/1225"}],"up":[{"embeddable":true,"href":"https:\/\/shatranj.art\/tk\/wp-json\/wp\/v2\/pages\/743"}],"wp:attachment":[{"href":"https:\/\/shatranj.art\/tk\/wp-json\/wp\/v2\/media?parent=969"}],"curies":[{"name":"wp","href":"https:\/\/api.w.org\/{rel}","templated":true}]}}