{"id":976,"date":"2026-02-22T15:26:41","date_gmt":"2026-02-22T15:26:41","guid":{"rendered":"https:\/\/shatranj.art\/?page_id=976"},"modified":"2026-02-23T04:57:59","modified_gmt":"2026-02-23T04:57:59","slug":"poster-19","status":"publish","type":"page","link":"https:\/\/shatranj.art\/tk\/exhibit\/poster-19\/","title":{"rendered":"Plakat 19"},"content":{"rendered":"<div data-elementor-type=\"wp-page\" data-elementor-id=\"976\" class=\"elementor elementor-976\" data-elementor-post-type=\"page\">\n\t\t\t\t<div class=\"elementor-element elementor-element-bd53a03 e-flex e-con-boxed e-con e-parent\" data-id=\"bd53a03\" data-element_type=\"container\" data-e-type=\"container\" data-settings=\"{&quot;background_background&quot;:&quot;classic&quot;}\">\n\t\t\t\t\t<div class=\"e-con-inner\">\n\t\t<div class=\"elementor-element elementor-element-258a2d8 e-con-full e-flex e-con e-child\" data-id=\"258a2d8\" data-element_type=\"container\" data-e-type=\"container\">\n\t\t\t\t<div class=\"elementor-element elementor-element-54379e5 elementor-widget__width-initial elementor-widget elementor-widget-image\" data-id=\"54379e5\" data-element_type=\"widget\" data-e-type=\"widget\" data-widget_type=\"image.default\">\n\t\t\t\t<div class=\"elementor-widget-container\">\n\t\t\t\t\t\t\t\t\t\t\t\t\t\t\t<img fetchpriority=\"high\" decoding=\"async\" width=\"800\" height=\"842\" src=\"https:\/\/shatranj.art\/wp-content\/uploads\/2026\/02\/19-973x1024.jpg\" class=\"attachment-large size-large wp-image-979\" alt=\"\" srcset=\"https:\/\/shatranj.art\/wp-content\/uploads\/2026\/02\/19-973x1024.jpg 973w, https:\/\/shatranj.art\/wp-content\/uploads\/2026\/02\/19-285x300.jpg 285w, https:\/\/shatranj.art\/wp-content\/uploads\/2026\/02\/19-768x808.jpg 768w, https:\/\/shatranj.art\/wp-content\/uploads\/2026\/02\/19.jpg 1121w\" sizes=\"(max-width: 800px) 100vw, 800px\" \/>\t\t\t\t\t\t\t\t\t\t\t\t\t\t\t<\/div>\n\t\t\t\t<\/div>\n\t\t\t\t<div class=\"elementor-element elementor-element-38b79a5 elementor-widget__width-initial elementor-widget elementor-widget-text-editor\" data-id=\"38b79a5\" data-element_type=\"widget\" data-e-type=\"widget\" data-widget_type=\"text-editor.default\">\n\t\t\t\t<div class=\"elementor-widget-container\">\n\t\t\t\t\t\t\t\t\t<p><strong>Deep Blue vs. Kasparov: Ma\u015fyn h\u00f6kmranlygyny\u0148 ba\u015fy<\/strong><\/p><p>\u00a0<\/p><p><span style=\"font-weight: 400;\">1997-nji \u00fdylda d\u00fcn\u00fd\u00e4 adam bilen ma\u015fyn arasyndaky gatna\u015fyklarda taryhy bir \u00f6wr\u00fcm nokadyna \u015fa\u00fdat boldy. IBM tarapyndan i\u015flenip d\u00fcz\u00fclen superkomp\u00fduter <\/span>\u00c7u\u0148 g\u00f6k<span style=\"font-weight: 400;\"> h\u00e4zirki d\u00fcn\u00fd\u00e4 \u00e7empionyny \u00fde\u0148di, <\/span>Garri Kasparow<span style=\"font-weight: 400;\">, alty o\u00fdunlyk seri\u00fdada. Bu standart wagt \u00e7\u00e4klendirmeleri bilen turnir g\u00f6rn\u00fc\u015fli o\u00fdunda komp\u00fduteri\u0148 d\u00fcn\u00fd\u00e4 \u00e7empionyny ilkinji gezek \u00fde\u0148megi boldy.<\/span><\/p><p>\u00a0<\/p><p><b>Brute Force g\u00fc\u00fdji:<\/b><span style=\"font-weight: 400;\"> Deep Blue \u00fd\u00f6ritele\u015fdirilen enjamlary\u0148 ussat eseridi, sekuntda 200 million pozisi\u00fdany hasaplap bil\u00fd\u00e4rdi.<\/span><\/p><p>\u00a0<\/p><p><b>Simwolik \u00fde\u0148i\u015f:<\/b><span style=\"font-weight: 400;\"> Bu o\u00fdun sun'iy a\u0148 hakyndaky d\u00fcn\u00fd\u00e4 gara\u00fd\u015fyny \u00fc\u00fdtgetdi. Ol adam intuisi\u00fdasy \u00e7u\u0148 bolsa-da, ma\u015fyny\u0148 hasaplama tizligini\u0148 \u015fol d\u00f6wri\u0148 i\u0148 uly strategiki a\u0148yny \u00fde\u0148ip biljekdigini subut etdi.<\/span><\/p>\t\t\t\t\t\t\t\t<\/div>\n\t\t\t\t<\/div>\n\t\t\t\t<div class=\"elementor-element elementor-element-d1ad4e6 elementor-widget__width-initial elementor-widget elementor-widget-image\" data-id=\"d1ad4e6\" data-element_type=\"widget\" data-e-type=\"widget\" data-widget_type=\"image.default\">\n\t\t\t\t<div class=\"elementor-widget-container\">\n\t\t\t\t\t\t\t\t\t\t\t\t\t\t\t<img decoding=\"async\" width=\"800\" height=\"600\" src=\"https:\/\/shatranj.art\/wp-content\/uploads\/2026\/02\/19-1-1024x768.jpg\" class=\"attachment-large size-large wp-image-980\" alt=\"\" srcset=\"https:\/\/shatranj.art\/wp-content\/uploads\/2026\/02\/19-1-1024x768.jpg 1024w, https:\/\/shatranj.art\/wp-content\/uploads\/2026\/02\/19-1-300x225.jpg 300w, https:\/\/shatranj.art\/wp-content\/uploads\/2026\/02\/19-1-768x576.jpg 768w, https:\/\/shatranj.art\/wp-content\/uploads\/2026\/02\/19-1.jpg 1250w\" sizes=\"(max-width: 800px) 100vw, 800px\" \/>\t\t\t\t\t\t\t\t\t\t\t\t\t\t\t<\/div>\n\t\t\t\t<\/div>\n\t\t\t\t<div class=\"elementor-element elementor-element-e238e58 elementor-widget__width-initial elementor-widget elementor-widget-image\" data-id=\"e238e58\" data-element_type=\"widget\" data-e-type=\"widget\" data-widget_type=\"image.default\">\n\t\t\t\t<div class=\"elementor-widget-container\">\n\t\t\t\t\t\t\t\t\t\t\t\t\t\t\t<img decoding=\"async\" width=\"682\" height=\"1024\" src=\"https:\/\/shatranj.art\/wp-content\/uploads\/2026\/02\/19-2-682x1024.jpg\" class=\"attachment-large size-large wp-image-981\" alt=\"\" srcset=\"https:\/\/shatranj.art\/wp-content\/uploads\/2026\/02\/19-2-682x1024.jpg 682w, https:\/\/shatranj.art\/wp-content\/uploads\/2026\/02\/19-2-200x300.jpg 200w, https:\/\/shatranj.art\/wp-content\/uploads\/2026\/02\/19-2-768x1154.jpg 768w, https:\/\/shatranj.art\/wp-content\/uploads\/2026\/02\/19-2-1023x1536.jpg 1023w, https:\/\/shatranj.art\/wp-content\/uploads\/2026\/02\/19-2-1363x2048.jpg 1363w, https:\/\/shatranj.art\/wp-content\/uploads\/2026\/02\/19-2.jpg 1667w\" sizes=\"(max-width: 682px) 100vw, 682px\" \/>\t\t\t\t\t\t\t\t\t\t\t\t\t\t\t<\/div>\n\t\t\t\t<\/div>\n\t\t\t\t<div class=\"elementor-element elementor-element-a12f1b5 elementor-widget__width-inherit elementor-widget elementor-widget-text-editor\" data-id=\"a12f1b5\" data-element_type=\"widget\" data-e-type=\"widget\" data-widget_type=\"text-editor.default\">\n\t\t\t\t<div class=\"elementor-widget-container\">\n\t\t\t\t\t\t\t\t\t<h3><b>Stockfish: B\u00f6y\u00fck ustalary\u0148 analizini\u0148 demokratizasi\u00fdasy<\/b><\/h3><p>Stockfish<span style=\"font-weight: 400;\"> Ol d\u00fcn\u00fd\u00e4ni\u0148 i\u0148 g\u00fc\u00fd\u00e7li a\u00e7yk \u00e7e\u015fme \u015fahmat motorydyr. Ge\u00e7mi\u015fi\u0148 di\u0148e belli superkomp\u00fduterlerinden tapawutlylykda, Stockfish amat\u00f6r hobbistlerden ba\u015flap d\u00fcn\u00fd\u00e4 derejesind\u00e4ki grossme\u00fdsterlere \u00e7enli hemmeler \u00fc\u00e7in mugt we el\u00fdeterlidir.<\/span><\/p><ul><li style=\"font-weight: 400;\" aria-level=\"1\"><b>Global standart:<\/b><span style=\"font-weight: 400;\"> Motor liderler tablisalarynda yzygiderli i\u0148 \u00fdokary orunda duran Stockfish o\u00fdun seljermesi we strategi\u00fda i\u015fl\u00e4p d\u00fczmek \u00fc\u00e7in i\u0148 o\u0148at gural bolup dur\u00fdar.<\/span><\/li><li style=\"font-weight: 400;\" aria-level=\"1\"><b>Ne\u00fdron \u00f6s\u00fc\u015fi:<\/b><span style=\"font-weight: 400;\"> Ilkiba\u015fda klassiki \u201cizleme we bahalandyrma\u201d algoritmlerine esaslanyp i\u015flenilen Stockfish-i\u0148 h\u00e4zirki wersi\u00fdalary indi ulan\u00fdar <\/span>NNUE (Netijeli t\u00e4zelenip bilin\u00fd\u00e4n ne\u00fdron torlary)<span style=\"font-weight: 400;\">. Bu birle\u015fme uly hasaplama tizligini \u00e7yl\u015fyrymly pozisi\u00fdalary\u0148 \u00e7u\u0148\u0148ur, adamdakyd\u00e4k \u00fdaly \u201cd\u00fc\u015f\u00fcnj\u00e4ni\u201d bilen birle\u015fdirip, ELO re\u00fdtingini ep-esli \u00fdokary derej\u00e4 \u00e7ykarmaga m\u00fcmkin\u00e7ilik ber\u00fd\u00e4r. <\/span>3500<span style=\"font-weight: 400;\">.<\/span><\/li><\/ul>\t\t\t\t\t\t\t\t<\/div>\n\t\t\t\t<\/div>\n\t\t\t\t<div class=\"elementor-element elementor-element-5ec8752 elementor-widget__width-initial elementor-widget elementor-widget-image\" data-id=\"5ec8752\" data-element_type=\"widget\" data-e-type=\"widget\" data-widget_type=\"image.default\">\n\t\t\t\t<div class=\"elementor-widget-container\">\n\t\t\t\t\t\t\t\t\t\t\t\t\t\t\t<img loading=\"lazy\" decoding=\"async\" width=\"800\" height=\"800\" src=\"https:\/\/shatranj.art\/wp-content\/uploads\/2026\/02\/19-1024x1024.png\" class=\"attachment-large size-large wp-image-982\" alt=\"\" srcset=\"https:\/\/shatranj.art\/wp-content\/uploads\/2026\/02\/19-1024x1024.png 1024w, https:\/\/shatranj.art\/wp-content\/uploads\/2026\/02\/19-300x300.png 300w, https:\/\/shatranj.art\/wp-content\/uploads\/2026\/02\/19-150x150.png 150w, https:\/\/shatranj.art\/wp-content\/uploads\/2026\/02\/19-768x768.png 768w, https:\/\/shatranj.art\/wp-content\/uploads\/2026\/02\/19.png 1056w\" sizes=\"(max-width: 800px) 100vw, 800px\" \/>\t\t\t\t\t\t\t\t\t\t\t\t\t\t\t<\/div>\n\t\t\t\t<\/div>\n\t\t\t\t<div class=\"elementor-element elementor-element-f657508 elementor-widget__width-initial elementor-widget-tablet__width-inherit elementor-widget elementor-widget-text-editor\" data-id=\"f657508\" data-element_type=\"widget\" data-e-type=\"widget\" data-widget_type=\"text-editor.default\">\n\t\t\t\t<div class=\"elementor-widget-container\">\n\t\t\t\t\t\t\t\t\t<h3><b>AlphaZero: Ma\u015fyn d\u00fc\u015f\u00fcnjesi we d\u00f6redijilik d\u00f6wri<\/b><\/h3><p>Google-y\u0148 DeepMind tarapyndan i\u015flenip d\u00fcz\u00fclen AlphaZero sun'iy a\u0148 hakyndaky pikirleni\u015fimizi d\u00fc\u00fdpg\u00f6ter \u00fc\u00fdtgetdi. \u00d6\u0148ki motorlar adamlar tarapyndan programma d\u00fczg\u00fcnleri arkaly \u201c\u00f6wredilse-de\u201d, AlphaZero \u00f6z-\u00f6z\u00fcni \u00f6wren\u00fd\u00e4n ulgamdy.<\/p><ul><li style=\"font-weight: 400;\" aria-level=\"1\"><b>Tabula Rasa (Ba\u015flangy\u00e7dan):<\/b><span style=\"font-weight: 400;\"> AlphaZero-a di\u0148e \u015fahmaty\u0148 esasy d\u00fczg\u00fcnleri berildi. \u00d6z\u00fcni\u0148 \u00fcst\u00fcne G\u00fc\u00fd\u00e7lendiri\u015f \u00f6wreni\u015fi arkaly millionlar\u00e7a o\u00fdun o\u00fdnap, ol di\u0148e d\u00f6rt sagady\u0148 i\u00e7inde adamdan \u00fdokary ussatlyk derejesine \u00fdetdi.<\/span><\/li><li style=\"font-weight: 400;\" aria-level=\"1\"><b>D\u00f6redijilik inqilaby:<\/b><span style=\"font-weight: 400;\"> AlphaZero adaty \u201chasapla\u00fdjy\u201d \u00fdaly o\u00fdnamady. Ol \u00f6r\u00e4n agressiw, d\u00f6redijilikli we intuitiw usuly h\u00f6d\u00fcrledi, k\u00f6plen\u00e7 uzak m\u00f6hletli pozisi\u00fda basy\u015fy \u00fc\u00e7in materialdan \u00fd\u00fcz \u00f6w\u00fcrdi. Bu bolsa ma\u015fynlary\u0148 di\u0148e adamlardan has \u00e7alt hasaplap bilmek bilen \u00e7\u00e4klenm\u00e4n, o\u00fdnu\u0148 sungatyny we d\u00f6redijiligini hem t\u00e4zeden d\u00f6redip biljekdigini subut etdi.<\/span><\/li><\/ul>\t\t\t\t\t\t\t\t<\/div>\n\t\t\t\t<\/div>\n\t\t\t\t<\/div>\n\t\t\t\t\t<\/div>\n\t\t\t\t<\/div>\n\t\t\t\t<\/div>","protected":false},"excerpt":{"rendered":"<p>Deep Blue vs. Kasparov: The Dawn of Machine Dominance \u00a0 In 1997, the world witnessed a historic turning point in the relationship between man and machine. Developed by IBM, the supercomputer Deep Blue defeated the reigning World Champion, Garry Kasparov, in a six-match series. This was the first time a computer had beaten a world [&hellip;]<\/p>\n","protected":false},"author":1,"featured_media":0,"parent":743,"menu_order":0,"comment_status":"closed","ping_status":"closed","template":"","meta":{"footnotes":""},"class_list":["post-976","page","type-page","status-publish","hentry"],"_links":{"self":[{"href":"https:\/\/shatranj.art\/tk\/wp-json\/wp\/v2\/pages\/976","targetHints":{"allow":["GET"]}}],"collection":[{"href":"https:\/\/shatranj.art\/tk\/wp-json\/wp\/v2\/pages"}],"about":[{"href":"https:\/\/shatranj.art\/tk\/wp-json\/wp\/v2\/types\/page"}],"author":[{"embeddable":true,"href":"https:\/\/shatranj.art\/tk\/wp-json\/wp\/v2\/users\/1"}],"replies":[{"embeddable":true,"href":"https:\/\/shatranj.art\/tk\/wp-json\/wp\/v2\/comments?post=976"}],"version-history":[{"count":7,"href":"https:\/\/shatranj.art\/tk\/wp-json\/wp\/v2\/pages\/976\/revisions"}],"predecessor-version":[{"id":1228,"href":"https:\/\/shatranj.art\/tk\/wp-json\/wp\/v2\/pages\/976\/revisions\/1228"}],"up":[{"embeddable":true,"href":"https:\/\/shatranj.art\/tk\/wp-json\/wp\/v2\/pages\/743"}],"wp:attachment":[{"href":"https:\/\/shatranj.art\/tk\/wp-json\/wp\/v2\/media?parent=976"}],"curies":[{"name":"wp","href":"https:\/\/api.w.org\/{rel}","templated":true}]}}