{"id":986,"date":"2026-02-22T15:44:16","date_gmt":"2026-02-22T15:44:16","guid":{"rendered":"https:\/\/shatranj.art\/?page_id=986"},"modified":"2026-02-23T04:58:50","modified_gmt":"2026-02-23T04:58:50","slug":"poster-20","status":"publish","type":"page","link":"https:\/\/shatranj.art\/tk\/exhibit\/poster-20\/","title":{"rendered":"poster 20"},"content":{"rendered":"<div data-elementor-type=\"wp-page\" data-elementor-id=\"986\" class=\"elementor elementor-986\" data-elementor-post-type=\"page\">\n\t\t\t\t<div class=\"elementor-element elementor-element-12aafbd e-flex e-con-boxed e-con e-parent\" data-id=\"12aafbd\" data-element_type=\"container\" data-e-type=\"container\" data-settings=\"{&quot;background_background&quot;:&quot;classic&quot;}\">\n\t\t\t\t\t<div class=\"e-con-inner\">\n\t\t<div class=\"elementor-element elementor-element-63eb695 e-con-full e-flex e-con e-child\" data-id=\"63eb695\" data-element_type=\"container\" data-e-type=\"container\">\n\t\t\t\t<div class=\"elementor-element elementor-element-c65f0f2 elementor-widget elementor-widget-image\" data-id=\"c65f0f2\" data-element_type=\"widget\" data-e-type=\"widget\" data-widget_type=\"image.default\">\n\t\t\t\t<div class=\"elementor-widget-container\">\n\t\t\t\t\t\t\t\t\t\t\t\t\t\t\t<img fetchpriority=\"high\" decoding=\"async\" width=\"800\" height=\"563\" src=\"https:\/\/shatranj.art\/wp-content\/uploads\/2026\/02\/20-1024x720.jpg\" class=\"attachment-large size-large wp-image-989\" alt=\"\" srcset=\"https:\/\/shatranj.art\/wp-content\/uploads\/2026\/02\/20-1024x720.jpg 1024w, https:\/\/shatranj.art\/wp-content\/uploads\/2026\/02\/20-300x211.jpg 300w, https:\/\/shatranj.art\/wp-content\/uploads\/2026\/02\/20-768x540.jpg 768w, https:\/\/shatranj.art\/wp-content\/uploads\/2026\/02\/20-1536x1080.jpg 1536w, https:\/\/shatranj.art\/wp-content\/uploads\/2026\/02\/20-2048x1440.jpg 2048w\" sizes=\"(max-width: 800px) 100vw, 800px\" \/>\t\t\t\t\t\t\t\t\t\t\t\t\t\t\t<\/div>\n\t\t\t\t<\/div>\n\t\t\t\t<div class=\"elementor-element elementor-element-c898b64 elementor-widget elementor-widget-text-editor\" data-id=\"c898b64\" data-element_type=\"widget\" data-e-type=\"widget\" data-widget_type=\"text-editor.default\">\n\t\t\t\t<div class=\"elementor-widget-container\">\n\t\t\t\t\t\t\t\t\t<h3><b>Alquerque: Dama o\u00fdunlaryny\u0148 gadymy ata-babasydyr we Alfonso mirasy<\/b><\/h3><p><b>Kastili\u00fdadan h\u00e4zirki g\u00fcne \u00e7enli uzal\u00fdan strategi\u00fda<\/b> <span style=\"font-weight: 400;\"><br \/><\/span>1283-nji \u00fdylda Kastili\u00fdany\u0148 paty\u015fasy Alfonso X (Akylly Alfonso) tarapyndan tab\u015fyrylan Libro de los Juegos (O\u00fdunlar Kitaby) Orta asyr \u00ddewropasynda o\u00fdun medeni\u00fdetini\u0148 i\u0148 doly \u00fdazgysy bolup gal\u00fdar. Onu\u0148 sahypalarynda jikme-jik be\u00fdan edil\u00fd\u00e4n alquerque \u2014 k\u00f6kleri gadymy M\u00fcs\u00fcrden gel\u00fd\u00e4n we arap d\u00fcn\u00fd\u00e4sinde \u201cEl-Qirkat\u201d di\u00fdlip atlandyryl\u00fdan gadymy strategi\u00fda o\u00fdunyny\u0148 \u00ddewropada \u00f6s\u00fcp-\u00f6s\u00fc\u015fi. 13-nji asyr Ispani\u00fdasynda Alquerque hristian, musulman we \u00fdahudi alymlaryny\u0148 G\u00fcndogary\u0148 bilimlerini G\u00fcnbatary\u0148 bilimleri bilen birle\u015fdirmek ugrunda hyzmatda\u015flyk edendigini\u0148 subutnamasy boldy.<\/p><p><b>Draughts \u00fdol<\/b> <span style=\"font-weight: 400;\"><br \/><\/span>Her o\u00fdun\u00e7y 5\u00d75 torunda 12 sany da\u015f bilen o\u00fdna\u00fdar; Alquerque h\u00e4zirki dartlary\u0148 esasy d\u00fczg\u00fcn bolan \u201csekip aly\u015f\u201d mehanizmini\u0148 doglan \u00fderi hasaplan\u00fdar. 15-nji asyry\u0148 ahyrynda bu dinamik d\u00fczg\u00fcnler 8\u00d78 \u015fahmat tahtasyna ge\u00e7irileninde, h\u00e4zirki wagtda tanal\u00fdan \u201cDraughts\u201d (Checkers) o\u00fdny d\u00f6redi. Bu suratlandyry\u015f o\u00fdunlary\u0148 di\u0148e wagt ge\u00e7irmek \u00fc\u00e7in d\u00e4l-de, geografi\u00fdalary, dilleri we ynan\u00e7lary birle\u015fdir\u00fd\u00e4n umumy dil bolup dur\u00fdandygyny subut ed\u00fd\u00e4r.<\/p>\t\t\t\t\t\t\t\t<\/div>\n\t\t\t\t<\/div>\n\t\t\t\t<\/div>\n\t\t\t\t\t<\/div>\n\t\t\t\t<\/div>\n\t\t\t\t<\/div>","protected":false},"excerpt":{"rendered":"<p>Alquerque: The Ancient Ancestor of Draughts and the Legacy of Alfonso A Strategy Stretching from Castile to the Present Commissioned in 1283 by King Alfonso X of Castile (Alfonso the Wise), the Libro de los Juegos (The Book of Games) remains the most comprehensive record of gaming culture in Medieval Europe. Alquerque, detailed within its [&hellip;]<\/p>\n","protected":false},"author":1,"featured_media":0,"parent":743,"menu_order":0,"comment_status":"closed","ping_status":"closed","template":"","meta":{"footnotes":""},"class_list":["post-986","page","type-page","status-publish","hentry"],"_links":{"self":[{"href":"https:\/\/shatranj.art\/tk\/wp-json\/wp\/v2\/pages\/986","targetHints":{"allow":["GET"]}}],"collection":[{"href":"https:\/\/shatranj.art\/tk\/wp-json\/wp\/v2\/pages"}],"about":[{"href":"https:\/\/shatranj.art\/tk\/wp-json\/wp\/v2\/types\/page"}],"author":[{"embeddable":true,"href":"https:\/\/shatranj.art\/tk\/wp-json\/wp\/v2\/users\/1"}],"replies":[{"embeddable":true,"href":"https:\/\/shatranj.art\/tk\/wp-json\/wp\/v2\/comments?post=986"}],"version-history":[{"count":7,"href":"https:\/\/shatranj.art\/tk\/wp-json\/wp\/v2\/pages\/986\/revisions"}],"predecessor-version":[{"id":1231,"href":"https:\/\/shatranj.art\/tk\/wp-json\/wp\/v2\/pages\/986\/revisions\/1231"}],"up":[{"embeddable":true,"href":"https:\/\/shatranj.art\/tk\/wp-json\/wp\/v2\/pages\/743"}],"wp:attachment":[{"href":"https:\/\/shatranj.art\/tk\/wp-json\/wp\/v2\/media?parent=986"}],"curies":[{"name":"wp","href":"https:\/\/api.w.org\/{rel}","templated":true}]}}