{"id":1008,"date":"2026-02-22T16:13:34","date_gmt":"2026-02-22T16:13:34","guid":{"rendered":"https:\/\/shatranj.art\/?page_id=1008"},"modified":"2026-02-23T09:15:34","modified_gmt":"2026-02-23T09:15:34","slug":"poster-23","status":"publish","type":"page","link":"https:\/\/shatranj.art\/tr\/exhibit\/poster-23\/","title":{"rendered":"poster 23"},"content":{"rendered":"<div data-elementor-type=\"wp-page\" data-elementor-id=\"1008\" class=\"elementor elementor-1008\" data-elementor-post-type=\"page\">\n\t\t\t\t<div class=\"elementor-element elementor-element-1bb02f3 e-flex e-con-boxed e-con e-parent\" data-id=\"1bb02f3\" data-element_type=\"container\" data-e-type=\"container\" data-settings=\"{&quot;background_background&quot;:&quot;classic&quot;}\">\n\t\t\t\t\t<div class=\"e-con-inner\">\n\t\t<div class=\"elementor-element elementor-element-646a123 e-con-full e-flex e-con e-child\" data-id=\"646a123\" data-element_type=\"container\" data-e-type=\"container\">\n\t\t\t\t<div class=\"elementor-element elementor-element-1a1e8a9 elementor-widget elementor-widget-image\" data-id=\"1a1e8a9\" data-element_type=\"widget\" data-e-type=\"widget\" data-widget_type=\"image.default\">\n\t\t\t\t<div class=\"elementor-widget-container\">\n\t\t\t\t\t\t\t\t\t\t\t\t\t\t\t<img fetchpriority=\"high\" decoding=\"async\" width=\"800\" height=\"531\" src=\"https:\/\/shatranj.art\/wp-content\/uploads\/2024\/05\/screenshot-www.vanityfair.com-1-1024x680.jpeg\" class=\"attachment-large size-large wp-image-579\" alt=\"\" srcset=\"https:\/\/shatranj.art\/wp-content\/uploads\/2024\/05\/screenshot-www.vanityfair.com-1-1024x680.jpeg 1024w, https:\/\/shatranj.art\/wp-content\/uploads\/2024\/05\/screenshot-www.vanityfair.com-1-300x199.jpeg 300w, https:\/\/shatranj.art\/wp-content\/uploads\/2024\/05\/screenshot-www.vanityfair.com-1-768x510.jpeg 768w, https:\/\/shatranj.art\/wp-content\/uploads\/2024\/05\/screenshot-www.vanityfair.com-1.jpeg 1461w\" sizes=\"(max-width: 800px) 100vw, 800px\" \/>\t\t\t\t\t\t\t\t\t\t\t\t\t\t\t<\/div>\n\t\t\t\t<\/div>\n\t\t\t\t<div class=\"elementor-element elementor-element-661a709 elementor-widget__width-initial elementor-widget elementor-widget-text-editor\" data-id=\"661a709\" data-element_type=\"widget\" data-e-type=\"widget\" data-widget_type=\"text-editor.default\">\n\t\t\t\t<div class=\"elementor-widget-container\">\n\t\t\t\t\t\t\t\t\t<div class=\"elementor-element elementor-element-3ba08bba elementor-widget__width-auto elementor-widget elementor-widget-text-editor\" data-id=\"3ba08bba\" data-element_type=\"widget\" data-widget_type=\"text-editor.default\"><div class=\"elementor-widget-container\"><p><b>Satran\u00e7 Tarihinin Ba\u015fyap\u0131t\u0131: Letonya Seti \u265f\ufe0f<\/b><\/p><p>\u00a0<\/p><p><span style=\"font-weight: 400;\">\u0130konik Letonya Satran\u00e7 Tak\u0131m\u0131n\u0131n (1900-2000) ayr\u0131nt\u0131lar\u0131n\u0131 ke\u015ffetmek i\u00e7in bu d\u00f6rt resmi kayd\u0131r\u0131n. Balt\u0131k b\u00f6lgesinde ah\u015fap ve plastik kar\u0131\u015f\u0131m\u0131ndan \u00fcretilen bu set, son derece i\u015flevsel ve evrensel tasar\u0131m\u0131 sayesinde d\u00f6neminde sosyalist \u00fclkelerin vazge\u00e7ilmezi haline gelmi\u015ftir.<\/span><\/p><p><span style=\"font-weight: 400;\"><br \/>Zarif siluetini, \"The New York Times\" filminin unutulmaz finalinden hat\u0131rlayabilirsiniz. <\/span><i><span style=\"font-weight: 400;\">Vezir Gambiti<\/span><\/i><span style=\"font-weight: 400;\">! Ancak son zamanlardaki pop\u00fcler k\u00fclt\u00fcr \u015f\u00f6hretinin \u00f6tesinde, \u201cRiga'n\u0131n Sihirbaz\u0131\u201d Letonyal\u0131 D\u00fcnya \u015eampiyonu Mikhail Tal'in mutlak favori seti olarak ger\u00e7ek satran\u00e7 d\u00fcnyas\u0131nda efsanevi bir stat\u00fcye sahiptir.<\/span><span style=\"font-weight: 400;\"><br \/><\/span><\/p><\/div><\/div>\t\t\t\t\t\t\t\t<\/div>\n\t\t\t\t<\/div>\n\t\t<div class=\"elementor-element elementor-element-a0db0b7 e-con-full e-flex e-con e-child\" data-id=\"a0db0b7\" data-element_type=\"container\" data-e-type=\"container\">\n\t\t\t\t<div class=\"elementor-element elementor-element-a45be8a elementor-widget__width-initial elementor-widget elementor-widget-image\" data-id=\"a45be8a\" data-element_type=\"widget\" data-e-type=\"widget\" data-widget_type=\"image.default\">\n\t\t\t\t<div class=\"elementor-widget-container\">\n\t\t\t\t\t\t\t\t\t\t\t\t\t\t\t<img decoding=\"async\" width=\"500\" height=\"414\" src=\"https:\/\/shatranj.art\/wp-content\/uploads\/2026\/02\/tal-latvian-chess-set2-1.png\" class=\"attachment-large size-large wp-image-1270\" alt=\"\" srcset=\"https:\/\/shatranj.art\/wp-content\/uploads\/2026\/02\/tal-latvian-chess-set2-1.png 500w, https:\/\/shatranj.art\/wp-content\/uploads\/2026\/02\/tal-latvian-chess-set2-1-300x248.png 300w, https:\/\/shatranj.art\/wp-content\/uploads\/2026\/02\/tal-latvian-chess-set2-1-14x12.png 14w\" sizes=\"(max-width: 500px) 100vw, 500px\" \/>\t\t\t\t\t\t\t\t\t\t\t\t\t\t\t<\/div>\n\t\t\t\t<\/div>\n\t\t\t\t<div class=\"elementor-element elementor-element-85493a8 elementor-widget__width-initial elementor-widget elementor-widget-image\" data-id=\"85493a8\" data-element_type=\"widget\" data-e-type=\"widget\" data-widget_type=\"image.default\">\n\t\t\t\t<div class=\"elementor-widget-container\">\n\t\t\t\t\t\t\t\t\t\t\t\t\t\t\t<img decoding=\"async\" width=\"269\" height=\"320\" src=\"https:\/\/shatranj.art\/wp-content\/uploads\/2026\/02\/tal-latvian-chess-set-1.jpeg\" class=\"attachment-large size-large wp-image-1271\" alt=\"\" srcset=\"https:\/\/shatranj.art\/wp-content\/uploads\/2026\/02\/tal-latvian-chess-set-1.jpeg 269w, https:\/\/shatranj.art\/wp-content\/uploads\/2026\/02\/tal-latvian-chess-set-1-252x300.jpeg 252w, https:\/\/shatranj.art\/wp-content\/uploads\/2026\/02\/tal-latvian-chess-set-1-10x12.jpeg 10w\" sizes=\"(max-width: 269px) 100vw, 269px\" \/>\t\t\t\t\t\t\t\t\t\t\t\t\t\t\t<\/div>\n\t\t\t\t<\/div>\n\t\t\t\t<\/div>\n\t\t\t\t<div class=\"elementor-element elementor-element-e8465ed elementor-widget elementor-widget-image\" data-id=\"e8465ed\" data-element_type=\"widget\" data-e-type=\"widget\" data-widget_type=\"image.default\">\n\t\t\t\t<div class=\"elementor-widget-container\">\n\t\t\t\t\t\t\t\t\t\t\t\t\t\t\t<img loading=\"lazy\" decoding=\"async\" width=\"800\" height=\"431\" src=\"https:\/\/shatranj.art\/wp-content\/uploads\/2026\/02\/latvian-chess-set-1-1024x552.jpg\" class=\"attachment-large size-large wp-image-1273\" alt=\"\" srcset=\"https:\/\/shatranj.art\/wp-content\/uploads\/2026\/02\/latvian-chess-set-1-1024x552.jpg 1024w, https:\/\/shatranj.art\/wp-content\/uploads\/2026\/02\/latvian-chess-set-1-300x162.jpg 300w, https:\/\/shatranj.art\/wp-content\/uploads\/2026\/02\/latvian-chess-set-1-768x414.jpg 768w, https:\/\/shatranj.art\/wp-content\/uploads\/2026\/02\/latvian-chess-set-1-1536x828.jpg 1536w, https:\/\/shatranj.art\/wp-content\/uploads\/2026\/02\/latvian-chess-set-1-18x10.jpg 18w, https:\/\/shatranj.art\/wp-content\/uploads\/2026\/02\/latvian-chess-set-1.jpg 1588w\" sizes=\"(max-width: 800px) 100vw, 800px\" \/>\t\t\t\t\t\t\t\t\t\t\t\t\t\t\t<\/div>\n\t\t\t\t<\/div>\n\t\t\t\t<\/div>\n\t\t\t\t\t<\/div>\n\t\t\t\t<\/div>\n\t\t\t\t<\/div>","protected":false},"excerpt":{"rendered":"<p>A Masterpiece of Chess History: The Latvian Set \u265f\ufe0f \u00a0 Swipe through these four images to explore the details of the iconic Latvian Chess Set (1900-2000). Crafted from a blend of wood and plastic in the Baltic region, this set is celebrated for its highly functional, universal design that made it a staple across socialist [&hellip;]<\/p>\n","protected":false},"author":1,"featured_media":0,"parent":743,"menu_order":0,"comment_status":"closed","ping_status":"closed","template":"","meta":{"footnotes":""},"class_list":["post-1008","page","type-page","status-publish","hentry"],"_links":{"self":[{"href":"https:\/\/shatranj.art\/tr\/wp-json\/wp\/v2\/pages\/1008","targetHints":{"allow":["GET"]}}],"collection":[{"href":"https:\/\/shatranj.art\/tr\/wp-json\/wp\/v2\/pages"}],"about":[{"href":"https:\/\/shatranj.art\/tr\/wp-json\/wp\/v2\/types\/page"}],"author":[{"embeddable":true,"href":"https:\/\/shatranj.art\/tr\/wp-json\/wp\/v2\/users\/1"}],"replies":[{"embeddable":true,"href":"https:\/\/shatranj.art\/tr\/wp-json\/wp\/v2\/comments?post=1008"}],"version-history":[{"count":16,"href":"https:\/\/shatranj.art\/tr\/wp-json\/wp\/v2\/pages\/1008\/revisions"}],"predecessor-version":[{"id":1380,"href":"https:\/\/shatranj.art\/tr\/wp-json\/wp\/v2\/pages\/1008\/revisions\/1380"}],"up":[{"embeddable":true,"href":"https:\/\/shatranj.art\/tr\/wp-json\/wp\/v2\/pages\/743"}],"wp:attachment":[{"href":"https:\/\/shatranj.art\/tr\/wp-json\/wp\/v2\/media?parent=1008"}],"curies":[{"name":"wp","href":"https:\/\/api.w.org\/{rel}","templated":true}]}}