{"id":1016,"date":"2026-02-22T16:17:45","date_gmt":"2026-02-22T16:17:45","guid":{"rendered":"https:\/\/shatranj.art\/?page_id=1016"},"modified":"2026-02-24T09:42:49","modified_gmt":"2026-02-24T09:42:49","slug":"poster-24","status":"publish","type":"page","link":"https:\/\/shatranj.art\/tr\/exhibit\/poster-24\/","title":{"rendered":"poster 24"},"content":{"rendered":"<div data-elementor-type=\"wp-page\" data-elementor-id=\"1016\" class=\"elementor elementor-1016\" data-elementor-post-type=\"page\">\n\t\t\t\t<div class=\"elementor-element elementor-element-cbef851 e-flex e-con-boxed e-con e-parent\" data-id=\"cbef851\" data-element_type=\"container\" data-e-type=\"container\" data-settings=\"{&quot;background_background&quot;:&quot;classic&quot;}\">\n\t\t\t\t\t<div class=\"e-con-inner\">\n\t\t<div class=\"elementor-element elementor-element-919ca16 e-con-full e-flex e-con e-child\" data-id=\"919ca16\" data-element_type=\"container\" data-e-type=\"container\">\n\t\t\t\t<div class=\"elementor-element elementor-element-3a8b40d elementor-widget elementor-widget-image\" data-id=\"3a8b40d\" data-element_type=\"widget\" data-e-type=\"widget\" data-widget_type=\"image.default\">\n\t\t\t\t<div class=\"elementor-widget-container\">\n\t\t\t\t\t\t\t\t\t\t\t\t\t\t\t<img fetchpriority=\"high\" decoding=\"async\" width=\"800\" height=\"534\" src=\"https:\/\/shatranj.art\/wp-content\/uploads\/2026\/02\/21-1024x683.jpg\" class=\"attachment-large size-large wp-image-995\" alt=\"\" srcset=\"https:\/\/shatranj.art\/wp-content\/uploads\/2026\/02\/21-1024x683.jpg 1024w, https:\/\/shatranj.art\/wp-content\/uploads\/2026\/02\/21-300x200.jpg 300w, https:\/\/shatranj.art\/wp-content\/uploads\/2026\/02\/21-768x512.jpg 768w, https:\/\/shatranj.art\/wp-content\/uploads\/2026\/02\/21-1536x1024.jpg 1536w, https:\/\/shatranj.art\/wp-content\/uploads\/2026\/02\/21-2048x1366.jpg 2048w\" sizes=\"(max-width: 800px) 100vw, 800px\" \/>\t\t\t\t\t\t\t\t\t\t\t\t\t\t\t<\/div>\n\t\t\t\t<\/div>\n\t\t\t\t<div class=\"elementor-element elementor-element-07a7613 elementor-widget elementor-widget-text-editor\" data-id=\"07a7613\" data-element_type=\"widget\" data-e-type=\"widget\" data-widget_type=\"text-editor.default\">\n\t\t\t\t<div class=\"elementor-widget-container\">\n\t\t\t\t\t\t\t\t\t<p>\u015eAH\u00ce Satran\u00e7 Seti bir oyundan \u00e7ok daha fazlas\u0131d\u0131r; k\u00fclt\u00fcrler, \u00e7a\u011flar ve felsefeler aras\u0131nda bir k\u00f6pr\u00fcd\u00fcr. Hem imparatorluk hem de kraliyet duygular\u0131n\u0131 uyand\u0131rmak \u00fczere tasarlanan set, ad\u0131n\u0131 Balkanlar'da ve bir\u00e7ok Slav dilinde satran\u00e7 oyununa at\u0131fta bulunmak i\u00e7in yayg\u0131n olarak kullan\u0131lan bir terimden al\u0131yor.<\/p><p>\u201c\u015eAH\u00ce\u201d kelimesinin kendisi \u201c\u015eah'a \u00f6zg\u00fc\u201d anlam\u0131na gelen bir kraliyet s\u0131fat\u0131 olarak i\u015flev g\u00f6rmekte ve g\u00fc\u00e7, ihti\u015fam ve stratejik derinli\u011fi ifade eden edebi bir a\u011f\u0131rl\u0131k ta\u015f\u0131maktad\u0131r.<\/p><h3><b>K\u00fclt\u00fcrel Evrimin Bir Ba\u015fyap\u0131t\u0131<\/b><\/h3><p>Deneyimli satran\u00e7 e\u011fitmeni ve eski MIT birinci masa oyuncusu Tamer Karatekin taraf\u0131ndan tasarlanan bu set, oyunun tarihini zarif bir \u015fekilde \u00f6zetliyor. Her bir par\u00e7a benzersiz bir tarihsel anlat\u0131y\u0131 yans\u0131tacak \u015fekilde \u00fcretilmi\u015ftir:<\/p><ul><li style=\"font-weight: 400;\" aria-level=\"1\"><b>G\u00fcl\u015fah (Kral):<\/b><span style=\"font-weight: 400;\"> Ayasofya ve Pantheon gibi yap\u0131lardan ilham alan kubbenin kutsall\u0131\u011f\u0131n\u0131 ve ba\u015f \u00f6rt\u00fcs\u00fcn\u00fcn entelekt\u00fcel miras\u0131n\u0131 temsil eder.<\/span><\/li><li style=\"font-weight: 400;\" aria-level=\"1\"><b>Sokol (Krali\u00e7e\/Vezir):<\/b><span style=\"font-weight: 400;\"> Ad\u0131n\u0131 askeri sembol \u015fahinden alan ve Avusturya kahvehanesinin satran\u00e7 tak\u0131m\u0131n\u0131n so\u011fan kubbeli finali ve mi\u011ffer tasar\u0131m\u0131ndan esinlenen bu sembol, askeri otoriteyi ve \u201cvezirin\u201d bilgeli\u011fini simgelemektedir. Sokolovi\u00e7i, Osmanl\u0131 \u0130mparatorlu\u011fu'nun en etkili sadrazam\u0131 Sokollu Mehmet Pa\u015fa'n\u0131n do\u011fum yeridir.<\/span><\/li><li style=\"font-weight: 400;\" aria-level=\"1\"><b>Bukefal (\u015e\u00f6valye):<\/b><span style=\"font-weight: 400;\"> Ad\u0131n\u0131 B\u00fcy\u00fck \u0130skender'in Do\u011fu ve Bat\u0131 aras\u0131ndaki \u00e7ift y\u00f6nl\u00fc k\u00fclt\u00fcr al\u0131\u015fveri\u015fini simgeleyen efsanevi at\u0131ndan alm\u0131\u015ft\u0131r.<\/span><\/li><li style=\"font-weight: 400;\" aria-level=\"1\"><b>Shahrukh (The Rook):<\/b><span style=\"font-weight: 400;\"> Sava\u015f arabas\u0131, kule, top ve gemi unsurlar\u0131n\u0131 bir araya getiren muhte\u015fem bir askeri evrim sentezi. Satran\u00e7 ustas\u0131 ve komutan Timur, do\u011fum haberi bir satran\u00e7 ma\u00e7\u0131 s\u0131ras\u0131nda geldi\u011fi i\u00e7in o\u011fluna Shahrukh ad\u0131n\u0131 verdi.<\/span><\/li><li style=\"font-weight: 400;\" aria-level=\"1\"><b>Abul-Abbas (Piskopos\/Fil):<\/b><span style=\"font-weight: 400;\"> \u015earlman'a hediye edilen filin ikonik yolculu\u011funu yans\u0131tarak satranc\u0131n \u00fc\u00e7 k\u0131tadaki g\u00f6\u00e7\u00fcn\u00fcn izini s\u00fcr\u00fcyor.<\/span><\/li><li style=\"font-weight: 400;\" aria-level=\"1\"><b>R\u00e9gence-Philidor (Piyon):<\/b><span style=\"font-weight: 400;\"> Paris'in Ayd\u0131nlanma d\u00f6nemi kafelerinden ve Philidor'un \u00fcnl\u00fc \u00f6zdeyi\u015finden esinlenilmi\u015ftir: \u201cPiyonlar satranc\u0131n ruhudur\u201d.<\/span><\/li><\/ul>\t\t\t\t\t\t\t\t<\/div>\n\t\t\t\t<\/div>\n\t\t\t\t<div class=\"elementor-element elementor-element-52a94ef elementor-widget elementor-widget-text-editor\" data-id=\"52a94ef\" data-element_type=\"widget\" data-e-type=\"widget\" data-widget_type=\"text-editor.default\">\n\t\t\t\t<div class=\"elementor-widget-container\">\n\t\t\t\t\t\t\t\t\t<h3><b>Tasar\u0131m ve Ama\u00e7<\/b><\/h3><p>\u015eAH\u00ce seti, hem sanatsal bir sergi hem de e\u011fitim ve turnuva kullan\u0131m\u0131 i\u00e7in i\u015flevsel bir ara\u00e7 olarak hizmet vermek \u00fczere titizlikle haz\u0131rlanm\u0131\u015ft\u0131r. Tasar\u0131m felsefesi, k\u00fclt\u00fcrel ve manevi a\u00e7\u0131dan kapsay\u0131c\u0131 olmaya dayan\u0131yor ve d\u00fcnyan\u0131n d\u00f6rt bir yan\u0131ndaki oyuncular aras\u0131nda yank\u0131 uyand\u0131rmas\u0131n\u0131 sa\u011fl\u0131yor.<\/p><p><b>Bir Destek Miras\u0131:<\/b><\/p><p>Bu setin yap\u0131m\u0131 Massachusetts K\u00fclt\u00fcr Konseyi ve Avrupa Birli\u011fi Gen\u00e7lik Program\u0131'n\u0131n deste\u011fiyle m\u00fcmk\u00fcn olmu\u015ftur.<\/p>\t\t\t\t\t\t\t\t<\/div>\n\t\t\t\t<\/div>\n\t\t\t\t<\/div>\n\t\t\t\t\t<\/div>\n\t\t\t\t<\/div>\n\t\t\t\t<\/div>","protected":false},"excerpt":{"rendered":"<p>The \u015eAH\u00ce Chess Set is more than just a game; it is a bridge between cultures, eras, and philosophies. Designed to evoke both imperial and royal sensations, the set draws its name from a term widely used in the Balkans and many Slavic languages to refer to the game of chess. The word &#8220;\u015eAH\u00ce&#8221; itself [&hellip;]<\/p>\n","protected":false},"author":1,"featured_media":0,"parent":743,"menu_order":0,"comment_status":"closed","ping_status":"closed","template":"","meta":{"footnotes":""},"class_list":["post-1016","page","type-page","status-publish","hentry"],"_links":{"self":[{"href":"https:\/\/shatranj.art\/tr\/wp-json\/wp\/v2\/pages\/1016","targetHints":{"allow":["GET"]}}],"collection":[{"href":"https:\/\/shatranj.art\/tr\/wp-json\/wp\/v2\/pages"}],"about":[{"href":"https:\/\/shatranj.art\/tr\/wp-json\/wp\/v2\/types\/page"}],"author":[{"embeddable":true,"href":"https:\/\/shatranj.art\/tr\/wp-json\/wp\/v2\/users\/1"}],"replies":[{"embeddable":true,"href":"https:\/\/shatranj.art\/tr\/wp-json\/wp\/v2\/comments?post=1016"}],"version-history":[{"count":19,"href":"https:\/\/shatranj.art\/tr\/wp-json\/wp\/v2\/pages\/1016\/revisions"}],"predecessor-version":[{"id":1601,"href":"https:\/\/shatranj.art\/tr\/wp-json\/wp\/v2\/pages\/1016\/revisions\/1601"}],"up":[{"embeddable":true,"href":"https:\/\/shatranj.art\/tr\/wp-json\/wp\/v2\/pages\/743"}],"wp:attachment":[{"href":"https:\/\/shatranj.art\/tr\/wp-json\/wp\/v2\/media?parent=1016"}],"curies":[{"name":"wp","href":"https:\/\/api.w.org\/{rel}","templated":true}]}}