{"id":1032,"date":"2026-02-22T17:38:33","date_gmt":"2026-02-22T17:38:33","guid":{"rendered":"https:\/\/shatranj.art\/?page_id=1032"},"modified":"2026-02-24T09:08:36","modified_gmt":"2026-02-24T09:08:36","slug":"poster-26","status":"publish","type":"page","link":"https:\/\/shatranj.art\/tr\/exhibit\/poster-26\/","title":{"rendered":"poster 26"},"content":{"rendered":"<div data-elementor-type=\"wp-page\" data-elementor-id=\"1032\" class=\"elementor elementor-1032\" data-elementor-post-type=\"page\">\n\t\t\t\t<div class=\"elementor-element elementor-element-7573e53 e-flex e-con-boxed e-con e-parent\" data-id=\"7573e53\" data-element_type=\"container\" data-e-type=\"container\" data-settings=\"{&quot;background_background&quot;:&quot;classic&quot;}\">\n\t\t\t\t\t<div class=\"e-con-inner\">\n\t\t<div class=\"elementor-element elementor-element-bc8e8e5 e-con-full e-flex e-con e-child\" data-id=\"bc8e8e5\" data-element_type=\"container\" data-e-type=\"container\">\n\t\t\t\t<div class=\"elementor-element elementor-element-8e1f086 elementor-widget__width-initial elementor-widget elementor-widget-image\" data-id=\"8e1f086\" data-element_type=\"widget\" data-e-type=\"widget\" data-widget_type=\"image.default\">\n\t\t\t\t<div class=\"elementor-widget-container\">\n\t\t\t\t\t\t\t\t\t\t\t\t\t\t\t<img fetchpriority=\"high\" decoding=\"async\" width=\"683\" height=\"1024\" src=\"https:\/\/shatranj.art\/wp-content\/uploads\/2026\/02\/26-683x1024.jpg\" class=\"attachment-large size-large wp-image-1035\" alt=\"\" srcset=\"https:\/\/shatranj.art\/wp-content\/uploads\/2026\/02\/26-683x1024.jpg 683w, https:\/\/shatranj.art\/wp-content\/uploads\/2026\/02\/26-200x300.jpg 200w, https:\/\/shatranj.art\/wp-content\/uploads\/2026\/02\/26-768x1152.jpg 768w, https:\/\/shatranj.art\/wp-content\/uploads\/2026\/02\/26.jpg 970w\" sizes=\"(max-width: 683px) 100vw, 683px\" \/>\t\t\t\t\t\t\t\t\t\t\t\t\t\t\t<\/div>\n\t\t\t\t<\/div>\n\t\t\t\t<div class=\"elementor-element elementor-element-e5968dd elementor-widget__width-initial elementor-widget elementor-widget-text-editor\" data-id=\"e5968dd\" data-element_type=\"widget\" data-e-type=\"widget\" data-widget_type=\"text-editor.default\">\n\t\t\t\t<div class=\"elementor-widget-container\">\n\t\t\t\t\t\t\t\t\t<p><b>\u015eAH\u00ce <\/b><b>Abul-Abbas: Filin \u00dc\u00e7 K\u0131tay\u0131 A\u015fan Yolculu\u011fu<\/b><\/p><p>\u00a0<\/p><p>Bu fig\u00fcr ad\u0131n\u0131 Abbasi Halifesi Harun el-Re\u015fid taraf\u0131ndan 9. y\u00fczy\u0131lda Kutsal Roma \u0130mparatoru \u015earlman'a hediye edilen efsanevi beyaz fil Abul-Abbas'tan almaktad\u0131r. Bu tarihi yolculuk, satranc\u0131n Hindistan ve Orta Do\u011fu'dan Avrupa'ya g\u00f6\u00e7\u00fcn\u00fc simgeliyor ve tarihteki en eski b\u00fcy\u00fck k\u00fclt\u00fcrel al\u0131\u015fveri\u015flerden birine i\u015faret ediyor. Modern satran\u00e7ta s\u0131n\u0131rs\u0131z diyagonal ta\u015f\u0131y\u0131c\u0131 olarak bilinen ta\u015f\u0131n evrimini somutla\u015ft\u0131ran bu tasar\u0131m, Do\u011fu ve Bat\u0131'n\u0131n kusursuz bir sentezini sunarak eski Do\u011fu ikonografisini Bat\u0131'n\u0131n stratejik miras\u0131yla birle\u015ftiriyor. Bir zamanlar \u00e7apraz olarak iki kare atlamakla s\u0131n\u0131rl\u0131 bir ta\u015f olan \u201cFil\u201d, burada tarihi k\u00f6klerini onurland\u0131rmak ve tahtadaki modern rol\u00fcn\u00fc benimsemek i\u00e7in yeniden tasarland\u0131.<\/p><p>\u00a0<\/p><p>Satran\u00e7 tarihi boyunca bu ta\u015f fil, timsah, kaplumba\u011fa, deve, sancak ta\u015f\u0131y\u0131c\u0131, kurye, subay, m\u0131zrak, ko\u015fucu, avc\u0131, ok\u00e7u, soytar\u0131, \u00e7apraz hareket eden ve fil olarak adland\u0131r\u0131lm\u0131\u015ft\u0131r. Modern satran\u00e7taki tasar\u0131m\u0131 genellikle fil g\u00f6nyesi \u015feklindedir.<\/p>\t\t\t\t\t\t\t\t<\/div>\n\t\t\t\t<\/div>\n\t\t\t\t<div class=\"elementor-element elementor-element-0eee556 elementor-widget__width-initial elementor-widget elementor-widget-image\" data-id=\"0eee556\" data-element_type=\"widget\" data-e-type=\"widget\" data-widget_type=\"image.default\">\n\t\t\t\t<div class=\"elementor-widget-container\">\n\t\t\t\t\t\t\t\t\t\t\t\t\t\t\t<img decoding=\"async\" width=\"707\" height=\"1024\" src=\"https:\/\/shatranj.art\/wp-content\/uploads\/2026\/02\/26-1-707x1024.jpg\" class=\"attachment-large size-large wp-image-1036\" alt=\"\" srcset=\"https:\/\/shatranj.art\/wp-content\/uploads\/2026\/02\/26-1-707x1024.jpg 707w, https:\/\/shatranj.art\/wp-content\/uploads\/2026\/02\/26-1-207x300.jpg 207w, https:\/\/shatranj.art\/wp-content\/uploads\/2026\/02\/26-1-768x1112.jpg 768w, https:\/\/shatranj.art\/wp-content\/uploads\/2026\/02\/26-1.jpg 990w\" sizes=\"(max-width: 707px) 100vw, 707px\" \/>\t\t\t\t\t\t\t\t\t\t\t\t\t\t\t<\/div>\n\t\t\t\t<\/div>\n\t\t\t\t<\/div>\n\t\t<div class=\"elementor-element elementor-element-8d4ae5d e-con-full e-flex e-con e-child\" data-id=\"8d4ae5d\" data-element_type=\"container\" data-e-type=\"container\">\n\t\t\t\t<div class=\"elementor-element elementor-element-68b6ede elementor-widget__width-initial elementor-widget elementor-widget-image\" data-id=\"68b6ede\" data-element_type=\"widget\" data-e-type=\"widget\" data-widget_type=\"image.default\">\n\t\t\t\t<div class=\"elementor-widget-container\">\n\t\t\t\t\t\t\t\t\t\t\t\t\t\t\t<img decoding=\"async\" width=\"739\" height=\"1024\" src=\"https:\/\/shatranj.art\/wp-content\/uploads\/2026\/02\/26-2-739x1024.jpg\" class=\"attachment-large size-large wp-image-1037\" alt=\"\" srcset=\"https:\/\/shatranj.art\/wp-content\/uploads\/2026\/02\/26-2-739x1024.jpg 739w, https:\/\/shatranj.art\/wp-content\/uploads\/2026\/02\/26-2-216x300.jpg 216w, https:\/\/shatranj.art\/wp-content\/uploads\/2026\/02\/26-2-768x1065.jpg 768w, https:\/\/shatranj.art\/wp-content\/uploads\/2026\/02\/26-2.jpg 976w\" sizes=\"(max-width: 739px) 100vw, 739px\" \/>\t\t\t\t\t\t\t\t\t\t\t\t\t\t\t<\/div>\n\t\t\t\t<\/div>\n\t\t\t\t<div class=\"elementor-element elementor-element-f6ee51c elementor-widget__width-initial elementor-widget elementor-widget-text-editor\" data-id=\"f6ee51c\" data-element_type=\"widget\" data-e-type=\"widget\" data-widget_type=\"text-editor.default\">\n\t\t\t\t<div class=\"elementor-widget-container\">\n\t\t\t\t\t\t\t\t\t<p><b>Charlemagne Fili: G\u00f6rkemli Bir Orta\u00e7a\u011f Miras\u0131<\/b><\/p><p>\u00a0<\/p><p><span style=\"font-weight: 400;\">Ge\u00e7mi\u015fi 11. y\u00fczy\u0131la dayanan ve G\u00fcney \u0130talya ya da \u0130spanya men\u015feli oldu\u011fu d\u00fc\u015f\u00fcn\u00fclen bu \u00fcnl\u00fc koleksiyon, fildi\u015fi i\u015f\u00e7ili\u011finin zirvesini temsil etmektedir. \u00dcnl\u00fc \u201cCharlemagne Satran\u00e7 Adamlar\u0131 \u201dn\u0131n bir par\u00e7as\u0131 olan bu fil fig\u00fcr\u00fc, d\u00f6nemin aristokrat k\u0131yafetlerini ve sembolik unsurlar\u0131n\u0131 yans\u0131tan karma\u015f\u0131k oymalar\u0131yla dikkat \u00e7ekiyor. Satranc\u0131n \u0130slam d\u00fcnyas\u0131ndan Avrupa saraylar\u0131na ta\u015f\u0131n\u0131rken ge\u00e7irdi\u011fi estetik d\u00f6n\u00fc\u015f\u00fcm\u00fc belgeleyen bu par\u00e7a, oyunun yaln\u0131zca bir strateji arac\u0131 de\u011fil, ayn\u0131 zamanda diplomatik ve k\u00fclt\u00fcrel g\u00fcc\u00fcn de g\u00fc\u00e7l\u00fc bir sembol\u00fc oldu\u011funu kan\u0131tl\u0131yor.<\/span><\/p>\t\t\t\t\t\t\t\t<\/div>\n\t\t\t\t<\/div>\n\t\t\t\t<div class=\"elementor-element elementor-element-40a994a elementor-widget__width-initial elementor-widget elementor-widget-image\" data-id=\"40a994a\" data-element_type=\"widget\" data-e-type=\"widget\" data-widget_type=\"image.default\">\n\t\t\t\t<div class=\"elementor-widget-container\">\n\t\t\t\t\t\t\t\t\t\t\t\t\t\t\t<img loading=\"lazy\" decoding=\"async\" width=\"800\" height=\"1010\" src=\"https:\/\/shatranj.art\/wp-content\/uploads\/2026\/02\/26-3-811x1024.jpg\" class=\"attachment-large size-large wp-image-1038\" alt=\"\" srcset=\"https:\/\/shatranj.art\/wp-content\/uploads\/2026\/02\/26-3-811x1024.jpg 811w, https:\/\/shatranj.art\/wp-content\/uploads\/2026\/02\/26-3-238x300.jpg 238w, https:\/\/shatranj.art\/wp-content\/uploads\/2026\/02\/26-3-768x970.jpg 768w, https:\/\/shatranj.art\/wp-content\/uploads\/2026\/02\/26-3.jpg 1024w\" sizes=\"(max-width: 800px) 100vw, 800px\" \/>\t\t\t\t\t\t\t\t\t\t\t\t\t\t\t<\/div>\n\t\t\t\t<\/div>\n\t\t\t\t<\/div>\n\t\t<div class=\"elementor-element elementor-element-0f85a0b e-con-full e-flex e-con e-child\" data-id=\"0f85a0b\" data-element_type=\"container\" data-e-type=\"container\">\n\t\t<div class=\"elementor-element elementor-element-0dc5372 e-con-full e-flex e-con e-child\" data-id=\"0dc5372\" data-element_type=\"container\" data-e-type=\"container\">\n\t\t\t\t<div class=\"elementor-element elementor-element-3afacdc elementor-widget elementor-widget-image\" data-id=\"3afacdc\" data-element_type=\"widget\" data-e-type=\"widget\" data-widget_type=\"image.default\">\n\t\t\t\t<div class=\"elementor-widget-container\">\n\t\t\t\t\t\t\t\t\t\t\t\t\t\t\t<img loading=\"lazy\" decoding=\"async\" width=\"800\" height=\"641\" src=\"https:\/\/shatranj.art\/wp-content\/uploads\/2026\/02\/26-4-1024x820.jpg\" class=\"attachment-large size-large wp-image-1039\" alt=\"\" srcset=\"https:\/\/shatranj.art\/wp-content\/uploads\/2026\/02\/26-4-1024x820.jpg 1024w, https:\/\/shatranj.art\/wp-content\/uploads\/2026\/02\/26-4-300x240.jpg 300w, https:\/\/shatranj.art\/wp-content\/uploads\/2026\/02\/26-4-768x615.jpg 768w, https:\/\/shatranj.art\/wp-content\/uploads\/2026\/02\/26-4.jpg 1307w\" sizes=\"(max-width: 800px) 100vw, 800px\" \/>\t\t\t\t\t\t\t\t\t\t\t\t\t\t\t<\/div>\n\t\t\t\t<\/div>\n\t\t\t\t<div class=\"elementor-element elementor-element-aab0574 elementor-widget elementor-widget-text-editor\" data-id=\"aab0574\" data-element_type=\"widget\" data-e-type=\"widget\" data-widget_type=\"text-editor.default\">\n\t\t\t\t<div class=\"elementor-widget-container\">\n\t\t\t\t\t\t\t\t\t<p><b>1950 Dubrovnik ve Staunton Piskoposlar\u0131: Bi\u00e7im ve Sembolizm<\/b><\/p><p>\u00a0<\/p><p><span style=\"font-weight: 400;\">Bu g\u00f6rsel, iki farkl\u0131 tasar\u0131m felsefesinin fil par\u00e7alar\u0131na nas\u0131l yans\u0131d\u0131\u011f\u0131n\u0131 kar\u015f\u0131la\u015ft\u0131rmaktad\u0131r (Soldan 1. ve 3. par\u00e7alar Dubrovnik setine aittir). 1950 Dubrovnik piskoposu, zarif silueti ve ince detaylar\u0131yla tan\u0131mlanan, dini sembollerden ar\u0131nm\u0131\u015f, daha sek\u00fcler ve modern bir estetik sunuyor. Buna kar\u015f\u0131l\u0131k, Staunton piskoposu geleneksel H\u0131ristiyan formlar\u0131n\u0131 takip eder ve daha sert ve sa\u011flam bir yap\u0131 i\u00e7inde dini bir sembol\u00fc kesen belirgin bir g\u00f6nyeye sahiptir. Dubrovnik'in dinamik, kapsay\u0131c\u0131 tasar\u0131m\u0131 ile Staunton'un geleneksel s\u0131n\u0131rlar\u0131 aras\u0131ndaki ayr\u0131m, satran\u00e7 ta\u015flar\u0131n\u0131n k\u00fclt\u00fcrel kimli\u011fin temsili olarak nas\u0131l hizmet etti\u011fini g\u00f6stermektedir.<\/span><\/p>\t\t\t\t\t\t\t\t<\/div>\n\t\t\t\t<\/div>\n\t\t\t\t<\/div>\n\t\t<div class=\"elementor-element elementor-element-b8ec708 e-con-full e-flex e-con e-child\" data-id=\"b8ec708\" data-element_type=\"container\" data-e-type=\"container\">\n\t\t\t\t<div class=\"elementor-element elementor-element-3d9231a elementor-widget elementor-widget-image\" data-id=\"3d9231a\" data-element_type=\"widget\" data-e-type=\"widget\" data-widget_type=\"image.default\">\n\t\t\t\t<div class=\"elementor-widget-container\">\n\t\t\t\t\t\t\t\t\t\t\t\t\t\t\t<img loading=\"lazy\" decoding=\"async\" width=\"696\" height=\"1024\" src=\"https:\/\/shatranj.art\/wp-content\/uploads\/2026\/02\/26-5-696x1024.jpg\" class=\"attachment-large size-large wp-image-1040\" alt=\"\" srcset=\"https:\/\/shatranj.art\/wp-content\/uploads\/2026\/02\/26-5-696x1024.jpg 696w, https:\/\/shatranj.art\/wp-content\/uploads\/2026\/02\/26-5-204x300.jpg 204w, https:\/\/shatranj.art\/wp-content\/uploads\/2026\/02\/26-5-768x1130.jpg 768w, https:\/\/shatranj.art\/wp-content\/uploads\/2026\/02\/26-5-1044x1536.jpg 1044w, https:\/\/shatranj.art\/wp-content\/uploads\/2026\/02\/26-5.jpg 1113w\" sizes=\"(max-width: 696px) 100vw, 696px\" \/>\t\t\t\t\t\t\t\t\t\t\t\t\t\t\t<\/div>\n\t\t\t\t<\/div>\n\t\t\t\t<div class=\"elementor-element elementor-element-556ae15 elementor-widget elementor-widget-text-editor\" data-id=\"556ae15\" data-element_type=\"widget\" data-e-type=\"widget\" data-widget_type=\"text-editor.default\">\n\t\t\t\t<div class=\"elementor-widget-container\">\n\t\t\t\t\t\t\t\t\t<p><b>Dominic Snow Bishop: \u00c7a\u011fda\u015f Bir Stratejik Form<\/b><\/p><p>\u00a0<\/p><p><span style=\"font-weight: 400;\">Sanat\u00e7\u0131 Dominic Snow'un yarat\u0131c\u0131 vizyonunu yans\u0131tan bu par\u00e7a, geleneksel satran\u00e7 fig\u00fcrlerine modern ve heykelsi bir soluk getiriyor. Ak\u0131c\u0131 formu ve ola\u011fan\u00fcst\u00fc renk ge\u00e7i\u015fleri filin geleneksel s\u0131n\u0131rlar\u0131n\u0131 a\u015farak oyunun klasik unsurlar\u0131n\u0131 sanatsal bir ifadeyle yeniden tan\u0131ml\u0131yor. Bu fig\u00fcr, satranc\u0131n sadece bir zek\u00e2 sava\u015f\u0131 de\u011fil, derin g\u00f6rsel ve entelekt\u00fcel katmanlara sahip estetik bir deneyim oldu\u011funun kan\u0131t\u0131d\u0131r.<\/span><\/p>\t\t\t\t\t\t\t\t<\/div>\n\t\t\t\t<\/div>\n\t\t\t\t<\/div>\n\t\t<div class=\"elementor-element elementor-element-f39a3b4 e-con-full e-flex e-con e-child\" data-id=\"f39a3b4\" data-element_type=\"container\" data-e-type=\"container\">\n\t\t\t\t<div class=\"elementor-element elementor-element-8a9ba6b elementor-widget elementor-widget-image\" data-id=\"8a9ba6b\" data-element_type=\"widget\" data-e-type=\"widget\" data-widget_type=\"image.default\">\n\t\t\t\t<div class=\"elementor-widget-container\">\n\t\t\t\t\t\t\t\t\t\t\t\t\t\t\t<img loading=\"lazy\" decoding=\"async\" width=\"800\" height=\"520\" src=\"https:\/\/shatranj.art\/wp-content\/uploads\/2026\/02\/26-6-1024x665.jpg\" class=\"attachment-large size-large wp-image-1041\" alt=\"\" srcset=\"https:\/\/shatranj.art\/wp-content\/uploads\/2026\/02\/26-6-1024x665.jpg 1024w, https:\/\/shatranj.art\/wp-content\/uploads\/2026\/02\/26-6-300x195.jpg 300w, https:\/\/shatranj.art\/wp-content\/uploads\/2026\/02\/26-6-768x499.jpg 768w, https:\/\/shatranj.art\/wp-content\/uploads\/2026\/02\/26-6.jpg 1491w\" sizes=\"(max-width: 800px) 100vw, 800px\" \/>\t\t\t\t\t\t\t\t\t\t\t\t\t\t\t<\/div>\n\t\t\t\t<\/div>\n\t\t\t\t<div class=\"elementor-element elementor-element-ae04c33 elementor-widget elementor-widget-text-editor\" data-id=\"ae04c33\" data-element_type=\"widget\" data-e-type=\"widget\" data-widget_type=\"text-editor.default\">\n\t\t\t\t<div class=\"elementor-widget-container\">\n\t\t\t\t\t\t\t\t\t<p><b>Timurlu D\u00f6nemi Satran\u00e7 Fili<\/b> <span style=\"font-weight: 400;\"><br \/><\/span><span style=\"font-weight: 400;\"><br \/><\/span>Bu el oymas\u0131 ta\u015f par\u00e7a, fig\u00fcratif ger\u00e7ek\u00e7ilikten \u0130slami soyutlamaya tarihsel ge\u00e7i\u015fi g\u00f6stermektedir. Belirgin \u201ciki boynuzlu\u201d \u015fekil, Orta Do\u011fu ve Akdeniz'e yay\u0131lan bir tasar\u0131m olan fil di\u015flerinin sembolik bir temsilidir. \u0130ngilizler daha sonra \u201cBishop\u201d ad\u0131n\u0131 benimserken, \u0130spanyollar orijinal Arap\u00e7a k\u00f6k\u00fc Alfil (Fil) olarak korumu\u015f ve Frans\u0131zlar terimi fonetik olarak Le Fou'ya d\u00f6n\u00fc\u015ft\u00fcrm\u00fc\u015ft\u00fcr. Bu par\u00e7a, orijinal fil karakterinin kal\u0131c\u0131 miras\u0131n\u0131n ve oyunun evrensel ruhunun bir kan\u0131t\u0131 olmaya devam etmektedir.<\/p>\t\t\t\t\t\t\t\t<\/div>\n\t\t\t\t<\/div>\n\t\t\t\t<div class=\"elementor-element elementor-element-909cf0f elementor-widget elementor-widget-image\" data-id=\"909cf0f\" data-element_type=\"widget\" data-e-type=\"widget\" data-widget_type=\"image.default\">\n\t\t\t\t<div class=\"elementor-widget-container\">\n\t\t\t\t\t\t\t\t\t\t\t\t\t\t\t<img loading=\"lazy\" decoding=\"async\" width=\"116\" height=\"90\" src=\"https:\/\/shatranj.art\/wp-content\/uploads\/2026\/02\/nishapur-elephant-piece.jpg\" class=\"attachment-large size-large wp-image-1570\" alt=\"\" srcset=\"https:\/\/shatranj.art\/wp-content\/uploads\/2026\/02\/nishapur-elephant-piece.jpg 116w, https:\/\/shatranj.art\/wp-content\/uploads\/2026\/02\/nishapur-elephant-piece-15x12.jpg 15w\" sizes=\"(max-width: 116px) 100vw, 116px\" \/>\t\t\t\t\t\t\t\t\t\t\t\t\t\t\t<\/div>\n\t\t\t\t<\/div>\n\t\t\t\t<div class=\"elementor-element elementor-element-36cfba7 elementor-widget elementor-widget-text-editor\" data-id=\"36cfba7\" data-element_type=\"widget\" data-e-type=\"widget\" data-widget_type=\"text-editor.default\">\n\t\t\t\t<div class=\"elementor-widget-container\">\n\t\t\t\t\t\t\t\t\t<p><b>Ni\u015fabur'dan fil par\u00e7as\u0131, 9. y\u00fczy\u0131l<br \/><br \/><\/b>Benzer \u015fekilli filler \u0130spanya'da da kullan\u0131lm\u0131\u015f ve 13. y\u00fczy\u0131l \u0130spanya's\u0131nda yaz\u0131lan Libro del Acedrez'de satran\u00e7 simgeleri olarak g\u00f6r\u00fclm\u00fc\u015ft\u00fcr.<\/p>\t\t\t\t\t\t\t\t<\/div>\n\t\t\t\t<\/div>\n\t\t\t\t<\/div>\n\t\t\t\t<\/div>\n\t\t\t\t\t<\/div>\n\t\t\t\t<\/div>\n\t\t\t\t<\/div>","protected":false},"excerpt":{"rendered":"<p>\u015eAH\u00ce Abul-Abbas: The Elephant\u2019s Journey Across Three Continents \u00a0 This figure takes its name from the legendary white elephant, Abul-Abbas, gifted by the Abbasid Caliph Harun al-Rashid to the Holy Roman Emperor Charlemagne in the 9th century. This historical voyage symbolizes the migration of chess from India and the Middle East to Europe, marking one [&hellip;]<\/p>\n","protected":false},"author":1,"featured_media":0,"parent":743,"menu_order":0,"comment_status":"closed","ping_status":"closed","template":"","meta":{"footnotes":""},"class_list":["post-1032","page","type-page","status-publish","hentry"],"_links":{"self":[{"href":"https:\/\/shatranj.art\/tr\/wp-json\/wp\/v2\/pages\/1032","targetHints":{"allow":["GET"]}}],"collection":[{"href":"https:\/\/shatranj.art\/tr\/wp-json\/wp\/v2\/pages"}],"about":[{"href":"https:\/\/shatranj.art\/tr\/wp-json\/wp\/v2\/types\/page"}],"author":[{"embeddable":true,"href":"https:\/\/shatranj.art\/tr\/wp-json\/wp\/v2\/users\/1"}],"replies":[{"embeddable":true,"href":"https:\/\/shatranj.art\/tr\/wp-json\/wp\/v2\/comments?post=1032"}],"version-history":[{"count":22,"href":"https:\/\/shatranj.art\/tr\/wp-json\/wp\/v2\/pages\/1032\/revisions"}],"predecessor-version":[{"id":1576,"href":"https:\/\/shatranj.art\/tr\/wp-json\/wp\/v2\/pages\/1032\/revisions\/1576"}],"up":[{"embeddable":true,"href":"https:\/\/shatranj.art\/tr\/wp-json\/wp\/v2\/pages\/743"}],"wp:attachment":[{"href":"https:\/\/shatranj.art\/tr\/wp-json\/wp\/v2\/media?parent=1032"}],"curies":[{"name":"wp","href":"https:\/\/api.w.org\/{rel}","templated":true}]}}