{"id":1045,"date":"2026-02-22T18:00:08","date_gmt":"2026-02-22T18:00:08","guid":{"rendered":"https:\/\/shatranj.art\/?page_id=1045"},"modified":"2026-02-23T06:54:44","modified_gmt":"2026-02-23T06:54:44","slug":"poster-27","status":"publish","type":"page","link":"https:\/\/shatranj.art\/tr\/exhibit\/poster-27\/","title":{"rendered":"poster 27"},"content":{"rendered":"<div data-elementor-type=\"wp-page\" data-elementor-id=\"1045\" class=\"elementor elementor-1045\" data-elementor-post-type=\"page\">\n\t\t\t\t<div class=\"elementor-element elementor-element-cb9e80e e-flex e-con-boxed e-con e-parent\" data-id=\"cb9e80e\" data-element_type=\"container\" data-e-type=\"container\" data-settings=\"{&quot;background_background&quot;:&quot;classic&quot;}\">\n\t\t\t\t\t<div class=\"e-con-inner\">\n\t\t<div class=\"elementor-element elementor-element-c0024d0 e-con-full e-flex e-con e-child\" data-id=\"c0024d0\" data-element_type=\"container\" data-e-type=\"container\">\n\t\t\t\t<div class=\"elementor-element elementor-element-99752bb elementor-widget elementor-widget-image\" data-id=\"99752bb\" data-element_type=\"widget\" data-e-type=\"widget\" data-widget_type=\"image.default\">\n\t\t\t\t<div class=\"elementor-widget-container\">\n\t\t\t\t\t\t\t\t\t\t\t\t\t\t\t<img fetchpriority=\"high\" decoding=\"async\" width=\"800\" height=\"720\" src=\"https:\/\/shatranj.art\/wp-content\/uploads\/2026\/02\/dede-takimi-kale-top-subotica.jpg\" class=\"attachment-large size-large wp-image-1047\" alt=\"\" srcset=\"https:\/\/shatranj.art\/wp-content\/uploads\/2026\/02\/dede-takimi-kale-top-subotica.jpg 1024w, https:\/\/shatranj.art\/wp-content\/uploads\/2026\/02\/dede-takimi-kale-top-subotica-300x270.jpg 300w, https:\/\/shatranj.art\/wp-content\/uploads\/2026\/02\/dede-takimi-kale-top-subotica-768x692.jpg 768w\" sizes=\"(max-width: 800px) 100vw, 800px\" \/>\t\t\t\t\t\t\t\t\t\t\t\t\t\t\t<\/div>\n\t\t\t\t<\/div>\n\t\t\t\t<div class=\"elementor-element elementor-element-d61bb1f elementor-widget elementor-widget-text-editor\" data-id=\"d61bb1f\" data-element_type=\"widget\" data-e-type=\"widget\" data-widget_type=\"text-editor.default\">\n\t\t\t\t<div class=\"elementor-widget-container\">\n\t\t\t\t\t\t\t\t\t<h3><b>Balkanlar\u0131n Topu<\/b><\/h3><p><b>G\u00fcney Slav \u201cTop\u201d (Cannon) Tasar\u0131m\u0131<\/b><\/p><p>G\u00fcney Slav gelene\u011finde kalenin ikonografisi mimariden top\u00e7ulu\u011fa kayar. Par\u00e7aya Top (\u201cTop\u201d anlam\u0131na gelir) ad\u0131 verildi\u011fi i\u00e7in, \u00fcnl\u00fc Subotica seti gibi bir\u00e7ok b\u00f6lgesel tasar\u0131m, bir kale kulesinin geleneksel siperlerini terk eder. Bunun yerine par\u00e7a, bir topun a\u011fz\u0131na benzeyen i\u00e7b\u00fckey, fincan benzeri bir tepeye sahip silindirik veya konik bir \u015fekil al\u0131r. Bu evrim, T\u00fcrk, Slav ve Avusturya Macar etkilerinin s\u0131kl\u0131kla ta\u015flara Top ve Kula (Kule) gibi ikili isimler verdi\u011fi Balkanlar'\u0131n benzersiz dilsel ve k\u00fclt\u00fcrel katmanlar\u0131n\u0131 yans\u0131t\u0131r. Bu k\u00fclt\u00fcrel kesi\u015fme, satranc\u0131n farkl\u0131 tarihsel d\u00f6nemler ve toplumlar aras\u0131nda nas\u0131l bir k\u00f6pr\u00fc g\u00f6revi g\u00f6rd\u00fc\u011f\u00fcn\u00fc vurgular.<\/p>\t\t\t\t\t\t\t\t<\/div>\n\t\t\t\t<\/div>\n\t\t\t\t<\/div>\n\t\t<div class=\"elementor-element elementor-element-d9490d4 e-con-full e-flex e-con e-child\" data-id=\"d9490d4\" data-element_type=\"container\" data-e-type=\"container\">\n\t\t\t\t<div class=\"elementor-element elementor-element-53c002b elementor-widget elementor-widget-image\" data-id=\"53c002b\" data-element_type=\"widget\" data-e-type=\"widget\" data-widget_type=\"image.default\">\n\t\t\t\t<div class=\"elementor-widget-container\">\n\t\t\t\t\t\t\t\t\t\t\t\t\t\t\t<img decoding=\"async\" width=\"800\" height=\"921\" src=\"https:\/\/shatranj.art\/wp-content\/uploads\/2026\/02\/rook-nishapur-889x1024.jpeg\" class=\"attachment-large size-large wp-image-1048\" alt=\"\" srcset=\"https:\/\/shatranj.art\/wp-content\/uploads\/2026\/02\/rook-nishapur-889x1024.jpeg 889w, https:\/\/shatranj.art\/wp-content\/uploads\/2026\/02\/rook-nishapur-261x300.jpeg 261w, https:\/\/shatranj.art\/wp-content\/uploads\/2026\/02\/rook-nishapur-768x884.jpeg 768w, https:\/\/shatranj.art\/wp-content\/uploads\/2026\/02\/rook-nishapur.jpeg 1042w\" sizes=\"(max-width: 800px) 100vw, 800px\" \/>\t\t\t\t\t\t\t\t\t\t\t\t\t\t\t<\/div>\n\t\t\t\t<\/div>\n\t\t\t\t<div class=\"elementor-element elementor-element-7b2ef7f elementor-widget elementor-widget-text-editor\" data-id=\"7b2ef7f\" data-element_type=\"widget\" data-e-type=\"widget\" data-widget_type=\"text-editor.default\">\n\t\t\t\t<div class=\"elementor-widget-container\">\n\t\t\t\t\t\t\t\t\t<p><b>Nishapur Kale (Rukh)<\/b> <span style=\"font-weight: 400;\"><br \/><\/span><span style=\"font-weight: 400;\"><br \/><\/span>Ni\u015fabur'dan gelen bu ta\u015f par\u00e7a, orijinal olarak Rukh olarak bilinen antik bir Kale'dir. Modern Fil'in b\u00f6l\u00fcnm\u00fc\u015f tepesi genellikle yanl\u0131\u015f bir \u015fekilde eski fil par\u00e7alar\u0131n\u0131n di\u015flerine atfedilse de, asl\u0131nda iki uzun kenar aras\u0131ndaki bu belirgin bo\u015flu\u011fa sahip olan geleneksel Kale idi. Bu V \u015feklindeki siluet, bir sava\u015f arabas\u0131n\u0131n soyut bir temsiliydi ve erken d\u00f6nem Pers ve Akdeniz satran\u00e7 tak\u0131mlar\u0131n\u0131 tan\u0131mlayan geometrik tasar\u0131m dilini vurguluyordu.<\/p>\t\t\t\t\t\t\t\t<\/div>\n\t\t\t\t<\/div>\n\t\t\t\t<\/div>\n\t\t<div class=\"elementor-element elementor-element-03fdcd4 e-con-full e-flex e-con e-child\" data-id=\"03fdcd4\" data-element_type=\"container\" data-e-type=\"container\">\n\t\t\t\t<div class=\"elementor-element elementor-element-05ec882 elementor-widget elementor-widget-image\" data-id=\"05ec882\" data-element_type=\"widget\" data-e-type=\"widget\" data-widget_type=\"image.default\">\n\t\t\t\t<div class=\"elementor-widget-container\">\n\t\t\t\t\t\t\t\t\t\t\t\t\t\t\t<img decoding=\"async\" width=\"800\" height=\"800\" src=\"https:\/\/shatranj.art\/wp-content\/uploads\/2026\/02\/shahi-rook-shahkrukh-piece-1024x1024.png\" class=\"attachment-large size-large wp-image-1049\" alt=\"\" srcset=\"https:\/\/shatranj.art\/wp-content\/uploads\/2026\/02\/shahi-rook-shahkrukh-piece-1024x1024.png 1024w, https:\/\/shatranj.art\/wp-content\/uploads\/2026\/02\/shahi-rook-shahkrukh-piece-300x300.png 300w, https:\/\/shatranj.art\/wp-content\/uploads\/2026\/02\/shahi-rook-shahkrukh-piece-150x150.png 150w, https:\/\/shatranj.art\/wp-content\/uploads\/2026\/02\/shahi-rook-shahkrukh-piece-768x768.png 768w, https:\/\/shatranj.art\/wp-content\/uploads\/2026\/02\/shahi-rook-shahkrukh-piece-1536x1536.png 1536w, https:\/\/shatranj.art\/wp-content\/uploads\/2026\/02\/shahi-rook-shahkrukh-piece-2048x2048.png 2048w\" sizes=\"(max-width: 800px) 100vw, 800px\" \/>\t\t\t\t\t\t\t\t\t\t\t\t\t\t\t<\/div>\n\t\t\t\t<\/div>\n\t\t\t\t<div class=\"elementor-element elementor-element-cb65d08 elementor-widget elementor-widget-text-editor\" data-id=\"cb65d08\" data-element_type=\"widget\" data-e-type=\"widget\" data-widget_type=\"text-editor.default\">\n\t\t\t\t<div class=\"elementor-widget-container\">\n\t\t\t\t\t\t\t\t\t<p><b>\u015eAH\u00ce kale ta\u015f\u0131n\u0131 ayarla: Shahrukh<\/b><span style=\"font-weight: 400;\"><br \/><\/span><span style=\"font-weight: 400;\"><br \/><\/span>Ad\u0131n\u0131 komutan ve satran\u00e7 ustas\u0131 Timur'un o\u011flundan alan Shahrukh, \u201dKalelerin H\u00fck\u00fcmdar\u0131, Ustas\u0131 ve Muhte\u015fem\u201d anlam\u0131na gelir. \u015eahruh bilim, k\u00fclt\u00fcr ve sanat\u0131n \u00f6nemli bir hamisi olmu\u015ftur. Sava\u015f arabas\u0131 anlam\u0131na gelen \u201cRukh\u201d terimi, satran\u00e7 ta\u015f\u0131 tasar\u0131mlar\u0131n\u0131 etkileyen \u0130spanyolca ve \u0130talyanca'da kule anlam\u0131na gelen \u201croca \u201dya d\u00f6n\u00fc\u015fm\u00fc\u015ft\u00fcr. \u015eahruh ta\u015f\u0131 bir sava\u015f arabas\u0131n\u0131n d\u00f6nen tekerleklerini, bir kulenin tu\u011flalar\u0131n\u0131, bir topun namlusunu ve bir geminin \u00e7apas\u0131n\u0131 i\u00e7erir.<\/p>\t\t\t\t\t\t\t\t<\/div>\n\t\t\t\t<\/div>\n\t\t\t\t<\/div>\n\t\t\t\t\t<\/div>\n\t\t\t\t<\/div>\n\t\t\t\t<\/div>","protected":false},"excerpt":{"rendered":"<p>The Cannon of the Balkans South Slavic &#8220;Top&#8221; (Cannon) Design In the South Slavic tradition, the iconography of the rook shifts from architecture to artillery. Because the piece is named Top (meaning &#8220;Cannon&#8221;), many regional designs such as the famous Subotica set abandon the traditional battlements of a castle tower. Instead, the piece takes on [&hellip;]<\/p>\n","protected":false},"author":1,"featured_media":0,"parent":743,"menu_order":0,"comment_status":"closed","ping_status":"closed","template":"","meta":{"footnotes":""},"class_list":["post-1045","page","type-page","status-publish","hentry"],"_links":{"self":[{"href":"https:\/\/shatranj.art\/tr\/wp-json\/wp\/v2\/pages\/1045","targetHints":{"allow":["GET"]}}],"collection":[{"href":"https:\/\/shatranj.art\/tr\/wp-json\/wp\/v2\/pages"}],"about":[{"href":"https:\/\/shatranj.art\/tr\/wp-json\/wp\/v2\/types\/page"}],"author":[{"embeddable":true,"href":"https:\/\/shatranj.art\/tr\/wp-json\/wp\/v2\/users\/1"}],"replies":[{"embeddable":true,"href":"https:\/\/shatranj.art\/tr\/wp-json\/wp\/v2\/comments?post=1045"}],"version-history":[{"count":10,"href":"https:\/\/shatranj.art\/tr\/wp-json\/wp\/v2\/pages\/1045\/revisions"}],"predecessor-version":[{"id":1292,"href":"https:\/\/shatranj.art\/tr\/wp-json\/wp\/v2\/pages\/1045\/revisions\/1292"}],"up":[{"embeddable":true,"href":"https:\/\/shatranj.art\/tr\/wp-json\/wp\/v2\/pages\/743"}],"wp:attachment":[{"href":"https:\/\/shatranj.art\/tr\/wp-json\/wp\/v2\/media?parent=1045"}],"curies":[{"name":"wp","href":"https:\/\/api.w.org\/{rel}","templated":true}]}}