{"id":1068,"date":"2026-02-22T18:39:42","date_gmt":"2026-02-22T18:39:42","guid":{"rendered":"https:\/\/shatranj.art\/?page_id=1068"},"modified":"2026-02-24T09:00:42","modified_gmt":"2026-02-24T09:00:42","slug":"poster-29","status":"publish","type":"page","link":"https:\/\/shatranj.art\/tr\/exhibit\/poster-29\/","title":{"rendered":"poster 29"},"content":{"rendered":"<div data-elementor-type=\"wp-page\" data-elementor-id=\"1068\" class=\"elementor elementor-1068\" data-elementor-post-type=\"page\">\n\t\t\t\t<div class=\"elementor-element elementor-element-cfd54a0 e-flex e-con-boxed e-con e-parent\" data-id=\"cfd54a0\" data-element_type=\"container\" data-e-type=\"container\" data-settings=\"{&quot;background_background&quot;:&quot;classic&quot;}\">\n\t\t\t\t\t<div class=\"e-con-inner\">\n\t\t<div class=\"elementor-element elementor-element-00cae2a e-con-full e-flex e-con e-child\" data-id=\"00cae2a\" data-element_type=\"container\" data-e-type=\"container\">\n\t\t<div class=\"elementor-element elementor-element-edcf7ea e-con-full e-flex e-con e-child\" data-id=\"edcf7ea\" data-element_type=\"container\" data-e-type=\"container\">\n\t\t\t\t<div class=\"elementor-element elementor-element-411efec elementor-widget elementor-widget-image\" data-id=\"411efec\" data-element_type=\"widget\" data-e-type=\"widget\" data-widget_type=\"image.default\">\n\t\t\t\t<div class=\"elementor-widget-container\">\n\t\t\t\t\t\t\t\t\t\t\t\t\t\t\t<img fetchpriority=\"high\" decoding=\"async\" width=\"800\" height=\"384\" src=\"https:\/\/shatranj.art\/wp-content\/uploads\/2026\/02\/regence-cafe-chess-set-1780-1820-1-1024x491.png\" class=\"attachment-large size-large wp-image-1073\" alt=\"\" srcset=\"https:\/\/shatranj.art\/wp-content\/uploads\/2026\/02\/regence-cafe-chess-set-1780-1820-1-1024x491.png 1024w, https:\/\/shatranj.art\/wp-content\/uploads\/2026\/02\/regence-cafe-chess-set-1780-1820-1-300x144.png 300w, https:\/\/shatranj.art\/wp-content\/uploads\/2026\/02\/regence-cafe-chess-set-1780-1820-1-768x369.png 768w, https:\/\/shatranj.art\/wp-content\/uploads\/2026\/02\/regence-cafe-chess-set-1780-1820-1-1536x737.png 1536w, https:\/\/shatranj.art\/wp-content\/uploads\/2026\/02\/regence-cafe-chess-set-1780-1820-1.png 1886w\" sizes=\"(max-width: 800px) 100vw, 800px\" \/>\t\t\t\t\t\t\t\t\t\t\t\t\t\t\t<\/div>\n\t\t\t\t<\/div>\n\t\t\t\t<div class=\"elementor-element elementor-element-6e231da elementor-widget-tablet__width-inherit elementor-widget elementor-widget-text-editor\" data-id=\"6e231da\" data-element_type=\"widget\" data-e-type=\"widget\" data-widget_type=\"text-editor.default\">\n\t\t\t\t<div class=\"elementor-widget-container\">\n\t\t\t\t\t\t\t\t\t<p><strong>\u015eAH\u00ce set h\u00fck\u00fcmdar\/\u015fah\/\u015fah par\u00e7as\u0131: G\u00fcl\u015fah<\/strong><\/p><p>G\u00fcl\u015fah, ba\u015f \u00f6rt\u00fcs\u00fcn\u00fcn bilgeli\u011fini, kubbenin kutsall\u0131\u011f\u0131n\u0131 ve otoritesini, \u015fah mattan korunmas\u0131 gereken ya\u015fam\u0131n ve g\u00fczelli\u011fin sembol\u00fc olarak g\u00fcl\u00fc temsil eder. Kubbe, Ayasofya, Pantheon ve MIT gibi ikonik yap\u0131lardan ilham al\u0131yor. Ba\u015f sarg\u0131s\u0131 As-Suli ve Stamma gibi erken d\u00f6nem satran\u00e7 yazarlar\u0131n\u0131n entelekt\u00fcel miras\u0131n\u0131 yans\u0131t\u0131rken, ta\u00e7 antik Olimpiyatlardaki zeytin \u00e7elenklerini and\u0131rmaktad\u0131r. Tarihsel olarak bu ta\u015f raja, \u015fah, kral veya komutan olarak adland\u0131r\u0131lm\u0131\u015ft\u0131r. \u201cG\u00fcl\u201d Orta Asya dillerinde g\u00fcl anlam\u0131na gelmektedir. \u201c\u015eah\u201d olarak telaffuz edilen \u2018\u015eah\u2019, bir\u00e7ok dilde satran\u00e7 i\u00e7in kullan\u0131lan bir isimdir. \u015eah orijinal olarak erkek kurallara at\u0131fta bulunurken, metaforik veya modern kullan\u0131m\u0131 cinsiyet ayr\u0131m\u0131 g\u00f6zetmez hale gelmi\u015ftir.<\/p>\t\t\t\t\t\t\t\t<\/div>\n\t\t\t\t<\/div>\n\t\t\t\t<div class=\"elementor-element elementor-element-10b021d elementor-widget elementor-widget-image\" data-id=\"10b021d\" data-element_type=\"widget\" data-e-type=\"widget\" data-widget_type=\"image.default\">\n\t\t\t\t<div class=\"elementor-widget-container\">\n\t\t\t\t\t\t\t\t\t\t\t\t\t\t\t<img decoding=\"async\" width=\"188\" height=\"237\" src=\"https:\/\/shatranj.art\/wp-content\/uploads\/2026\/02\/Philipp-Stamma-Public-Domain.jpg\" class=\"attachment-large size-large wp-image-1071\" alt=\"\" \/>\t\t\t\t\t\t\t\t\t\t\t\t\t\t\t<\/div>\n\t\t\t\t<\/div>\n\t\t\t\t<\/div>\n\t\t<div class=\"elementor-element elementor-element-538608d e-con-full e-flex e-con e-child\" data-id=\"538608d\" data-element_type=\"container\" data-e-type=\"container\">\n\t\t\t\t<div class=\"elementor-element elementor-element-60ca9fa elementor-widget elementor-widget-image\" data-id=\"60ca9fa\" data-element_type=\"widget\" data-e-type=\"widget\" data-widget_type=\"image.default\">\n\t\t\t\t<div class=\"elementor-widget-container\">\n\t\t\t\t\t\t\t\t\t\t\t\t\t\t\t<img decoding=\"async\" width=\"800\" height=\"800\" src=\"https:\/\/shatranj.art\/wp-content\/uploads\/2026\/02\/shahi-gulsah-king-piece-1-1024x1024.png\" class=\"attachment-large size-large wp-image-1074\" alt=\"\" srcset=\"https:\/\/shatranj.art\/wp-content\/uploads\/2026\/02\/shahi-gulsah-king-piece-1-1024x1024.png 1024w, https:\/\/shatranj.art\/wp-content\/uploads\/2026\/02\/shahi-gulsah-king-piece-1-300x300.png 300w, https:\/\/shatranj.art\/wp-content\/uploads\/2026\/02\/shahi-gulsah-king-piece-1-150x150.png 150w, https:\/\/shatranj.art\/wp-content\/uploads\/2026\/02\/shahi-gulsah-king-piece-1-768x768.png 768w, https:\/\/shatranj.art\/wp-content\/uploads\/2026\/02\/shahi-gulsah-king-piece-1-1536x1536.png 1536w, https:\/\/shatranj.art\/wp-content\/uploads\/2026\/02\/shahi-gulsah-king-piece-1-2048x2048.png 2048w\" sizes=\"(max-width: 800px) 100vw, 800px\" \/>\t\t\t\t\t\t\t\t\t\t\t\t\t\t\t<\/div>\n\t\t\t\t<\/div>\n\t\t\t\t<div class=\"elementor-element elementor-element-aa06c95 elementor-widget-tablet__width-inherit elementor-widget elementor-widget-text-editor\" data-id=\"aa06c95\" data-element_type=\"widget\" data-e-type=\"widget\" data-widget_type=\"text-editor.default\">\n\t\t\t\t<div class=\"elementor-widget-container\">\n\t\t\t\t\t\t\t\t\t<p><strong>Tan\u0131m ve Miras<\/strong><\/p><p>G\u00fcl\u015fah par\u00e7as\u0131, satran\u00e7 tarihinin entelekt\u00fcel devlerini onurland\u0131ran \u00f6zg\u00fcn bir ba\u015f sarg\u0131s\u0131 tasar\u0131m\u0131na sahiptir. Ba\u015fl\u0131k, orta\u00e7a\u011f ustas\u0131 as-Suli ve 18. y\u00fczy\u0131l ustas\u0131 ve kraliyet \u00e7evirmeni Philipp Stamma gibi fig\u00fcrlerin giydi\u011fi geleneksel sar\u0131klardan esinlenerek modellenmi\u015ftir. Halep'te do\u011fan ve Londra ve Paris gibi \u00f6nemli entelekt\u00fcel merkezlerde aktif olan Stamma, \u0130ngiliz devleti i\u00e7in terc\u00fcman olarak yapt\u0131\u011f\u0131 \u00e7al\u0131\u015fmalar ve \u00f6nc\u00fc satran\u00e7 notasyon sistemleriyle Do\u011fu ve Bat\u0131 gelenekleri aras\u0131nda k\u00f6pr\u00fc kuran ger\u00e7ek anlamda \u00e7ok k\u00fclt\u00fcrl\u00fc bir fig\u00fcrd\u00fc. Bu tasar\u0131m, par\u00e7aya derin bir bilgelik ve bilimsel otorite duygusu a\u015f\u0131l\u0131yor.<\/p>\t\t\t\t\t\t\t\t<\/div>\n\t\t\t\t<\/div>\n\t\t\t\t<div class=\"elementor-element elementor-element-117e242 elementor-widget elementor-widget-image\" data-id=\"117e242\" data-element_type=\"widget\" data-e-type=\"widget\" data-widget_type=\"image.default\">\n\t\t\t\t<div class=\"elementor-widget-container\">\n\t\t\t\t\t\t\t\t\t\t\t\t\t\t\t<img loading=\"lazy\" decoding=\"async\" width=\"800\" height=\"592\" src=\"https:\/\/shatranj.art\/wp-content\/uploads\/2026\/02\/olive-crown-olympos-1024x758.jpg\" class=\"attachment-large size-large wp-image-1558\" alt=\"\" srcset=\"https:\/\/shatranj.art\/wp-content\/uploads\/2026\/02\/olive-crown-olympos-1024x758.jpg 1024w, https:\/\/shatranj.art\/wp-content\/uploads\/2026\/02\/olive-crown-olympos-300x222.jpg 300w, https:\/\/shatranj.art\/wp-content\/uploads\/2026\/02\/olive-crown-olympos-768x568.jpg 768w, https:\/\/shatranj.art\/wp-content\/uploads\/2026\/02\/olive-crown-olympos-16x12.jpg 16w, https:\/\/shatranj.art\/wp-content\/uploads\/2026\/02\/olive-crown-olympos.jpg 1280w\" sizes=\"(max-width: 800px) 100vw, 800px\" \/>\t\t\t\t\t\t\t\t\t\t\t\t\t\t\t<\/div>\n\t\t\t\t<\/div>\n\t\t\t\t<div class=\"elementor-element elementor-element-07417e4 elementor-widget-tablet__width-inherit elementor-widget elementor-widget-text-editor\" data-id=\"07417e4\" data-element_type=\"widget\" data-e-type=\"widget\" data-widget_type=\"text-editor.default\">\n\t\t\t\t<div class=\"elementor-widget-container\">\n\t\t\t\t\t\t\t\t\t<p><strong>G\u00fcl yapraklar\u0131 ve Olympos'un zeytin tac\u0131<\/strong><\/p><p>\u015eAH\u00ce h\u00fck\u00fcmdar par\u00e7as\u0131n\u0131n tac\u0131nda, t\u0131pk\u0131 \u015fah\u0131n mat olmas\u0131n\u0131 \u00f6nlemek i\u00e7in satran\u00e7 tahtas\u0131nda korundu\u011fu gibi, \u015fiddetle korunmas\u0131 gereken de\u011ferli bir durum olan ya\u015fam\u0131n g\u00fczelli\u011fini ve k\u0131r\u0131lganl\u0131\u011f\u0131n\u0131 simgeleyen g\u00fcl yapraklar\u0131 bulunur. Bu tasar\u0131m ayr\u0131ca Olimpos'un zeytin tac\u0131ndan esinlenerek tarihsel zafer aray\u0131\u015f\u0131 ile ya\u015fam\u0131n hassas do\u011fas\u0131n\u0131n korunmas\u0131 aras\u0131nda bir k\u00f6pr\u00fc kurmaktad\u0131r.<\/p>\t\t\t\t\t\t\t\t<\/div>\n\t\t\t\t<\/div>\n\t\t\t\t<\/div>\n\t\t<div class=\"elementor-element elementor-element-2d81034 e-con-full e-flex e-con e-child\" data-id=\"2d81034\" data-element_type=\"container\" data-e-type=\"container\">\n\t\t\t\t<div class=\"elementor-element elementor-element-71345be elementor-widget elementor-widget-image\" data-id=\"71345be\" data-element_type=\"widget\" data-e-type=\"widget\" data-widget_type=\"image.default\">\n\t\t\t\t<div class=\"elementor-widget-container\">\n\t\t\t\t\t\t\t\t\t\t\t\t\t\t\t<img loading=\"lazy\" decoding=\"async\" width=\"600\" height=\"800\" src=\"https:\/\/shatranj.art\/wp-content\/uploads\/2026\/02\/suli-statue.jpg\" class=\"attachment-large size-large wp-image-1075\" alt=\"\" srcset=\"https:\/\/shatranj.art\/wp-content\/uploads\/2026\/02\/suli-statue.jpg 600w, https:\/\/shatranj.art\/wp-content\/uploads\/2026\/02\/suli-statue-225x300.jpg 225w\" sizes=\"(max-width: 600px) 100vw, 600px\" \/>\t\t\t\t\t\t\t\t\t\t\t\t\t\t\t<\/div>\n\t\t\t\t<\/div>\n\t\t\t\t<div class=\"elementor-element elementor-element-1f7e824 elementor-widget-tablet__width-inherit elementor-widget elementor-widget-text-editor\" data-id=\"1f7e824\" data-element_type=\"widget\" data-e-type=\"widget\" data-widget_type=\"text-editor.default\">\n\t\t\t\t<div class=\"elementor-widget-container\">\n\t\t\t\t\t\t\t\t\t<p><strong>Ayd\u0131nlanma Miras\u0131<\/strong><br \/><strong>\u015eah\u00ee Setindeki R\u00e9gence Miras\u0131<\/strong><\/p><p>\u00a0<\/p><p>Frans\u0131z R\u00e9gence seti, ak\u0131l ve bilgi aray\u0131\u015f\u0131yla tan\u0131mlanan bir \u00e7a\u011f olan Ayd\u0131nlanma'y\u0131 sembolize eder. Benjamin Franklin, Napoleon Bonaparte ve usta Philidor gibi tarihi devler taraf\u0131ndan \u00fcnl\u00fc Caf\u00e9 de la R\u00e9gence'da oynanan bu set, entelekt\u00fcel rekabetin standard\u0131 haline geldi. \u015eah\u00ee satran\u00e7 tak\u0131m\u0131 bu miras\u0131 bilin\u00e7li olarak korumaktad\u0131r. G\u00fcl\u015fah ta\u015f\u0131 i\u00e7in R\u00e9gence \u015eah\u0131'n\u0131n \u00e7i\u00e7ek motiflerinden ilham alan \u015eah\u00ee seti, 18. y\u00fczy\u0131l Avrupa zarafeti ile Do\u011fu'nun derin bilimsel gelenekleri aras\u0131nda k\u00f6pr\u00fc kurarak oyunun alt\u0131n \u00e7a\u011f\u0131n\u0131 tan\u0131mlayan ustalar\u0131 onurland\u0131r\u0131yor.<\/p>\t\t\t\t\t\t\t\t<\/div>\n\t\t\t\t<\/div>\n\t\t\t\t<\/div>\n\t\t\t\t<\/div>\n\t\t\t\t\t<\/div>\n\t\t\t\t<\/div>\n\t\t\t\t<\/div>","protected":false},"excerpt":{"rendered":"<p>\u015eAH\u00ce set monarch\/king\/shah piece: G\u00fcl\u015fah G\u00fcl\u015fah represents the wisdom of the headwrap, the sanctity and authority of the dome, and rose as a symbol of life and beauty, which must be protected from checkmate. The dome draws inspiration from iconic structures like the Hagia Sophia, the Pantheon, and MIT. The headwrap reflects the intellectual legacy [&hellip;]<\/p>\n","protected":false},"author":1,"featured_media":0,"parent":743,"menu_order":0,"comment_status":"closed","ping_status":"closed","template":"","meta":{"footnotes":""},"class_list":["post-1068","page","type-page","status-publish","hentry"],"_links":{"self":[{"href":"https:\/\/shatranj.art\/tr\/wp-json\/wp\/v2\/pages\/1068","targetHints":{"allow":["GET"]}}],"collection":[{"href":"https:\/\/shatranj.art\/tr\/wp-json\/wp\/v2\/pages"}],"about":[{"href":"https:\/\/shatranj.art\/tr\/wp-json\/wp\/v2\/types\/page"}],"author":[{"embeddable":true,"href":"https:\/\/shatranj.art\/tr\/wp-json\/wp\/v2\/users\/1"}],"replies":[{"embeddable":true,"href":"https:\/\/shatranj.art\/tr\/wp-json\/wp\/v2\/comments?post=1068"}],"version-history":[{"count":10,"href":"https:\/\/shatranj.art\/tr\/wp-json\/wp\/v2\/pages\/1068\/revisions"}],"predecessor-version":[{"id":1561,"href":"https:\/\/shatranj.art\/tr\/wp-json\/wp\/v2\/pages\/1068\/revisions\/1561"}],"up":[{"embeddable":true,"href":"https:\/\/shatranj.art\/tr\/wp-json\/wp\/v2\/pages\/743"}],"wp:attachment":[{"href":"https:\/\/shatranj.art\/tr\/wp-json\/wp\/v2\/media?parent=1068"}],"curies":[{"name":"wp","href":"https:\/\/api.w.org\/{rel}","templated":true}]}}