{"id":1465,"date":"2026-02-24T06:30:11","date_gmt":"2026-02-24T06:30:11","guid":{"rendered":"https:\/\/shatranj.art\/?page_id=1465"},"modified":"2026-02-24T07:42:10","modified_gmt":"2026-02-24T07:42:10","slug":"poster-35","status":"publish","type":"page","link":"https:\/\/shatranj.art\/tr\/exhibit\/poster-35\/","title":{"rendered":"poster-35"},"content":{"rendered":"<div data-elementor-type=\"wp-page\" data-elementor-id=\"1465\" class=\"elementor elementor-1465\" data-elementor-post-type=\"page\">\n\t\t\t\t<div class=\"elementor-element elementor-element-08b263e e-flex e-con-boxed e-con e-parent\" data-id=\"08b263e\" data-element_type=\"container\" data-e-type=\"container\" data-settings=\"{&quot;background_background&quot;:&quot;classic&quot;}\">\n\t\t\t\t\t<div class=\"e-con-inner\">\n\t\t<div class=\"elementor-element elementor-element-7869a40 e-con-full e-flex e-con e-child\" data-id=\"7869a40\" data-element_type=\"container\" data-e-type=\"container\">\n\t\t\t\t<div class=\"elementor-element elementor-element-1c616f4 elementor-widget elementor-widget-image\" data-id=\"1c616f4\" data-element_type=\"widget\" data-e-type=\"widget\" data-widget_type=\"image.default\">\n\t\t\t\t<div class=\"elementor-widget-container\">\n\t\t\t\t\t\t\t\t\t\t\t\t\t\t\t<img fetchpriority=\"high\" decoding=\"async\" width=\"453\" height=\"371\" src=\"https:\/\/shatranj.art\/wp-content\/uploads\/2026\/02\/Cambridge_Springs_Staunton_Chessmen.jpg\" class=\"attachment-full size-full wp-image-1468\" alt=\"\" srcset=\"https:\/\/shatranj.art\/wp-content\/uploads\/2026\/02\/Cambridge_Springs_Staunton_Chessmen.jpg 453w, https:\/\/shatranj.art\/wp-content\/uploads\/2026\/02\/Cambridge_Springs_Staunton_Chessmen-300x246.jpg 300w, https:\/\/shatranj.art\/wp-content\/uploads\/2026\/02\/Cambridge_Springs_Staunton_Chessmen-15x12.jpg 15w\" sizes=\"(max-width: 453px) 100vw, 453px\" \/>\t\t\t\t\t\t\t\t\t\t\t\t\t\t\t<\/div>\n\t\t\t\t<\/div>\n\t\t\t\t<div class=\"elementor-element elementor-element-a5ffbc0 elementor-widget elementor-widget-text-editor\" data-id=\"a5ffbc0\" data-element_type=\"widget\" data-e-type=\"widget\" data-widget_type=\"text-editor.default\">\n\t\t\t\t<div class=\"elementor-widget-container\">\n\t\t\t\t\t\t\t\t\t<h3 data-path-to-node=\"0\">1904 Cambridge Springs Uluslararas\u0131 Seti<\/h3><p data-path-to-node=\"2\">Cambridge Springs, Pennsylvania'da d\u00fczenlenen 1904 Uluslararas\u0131 Satran\u00e7 Kongresi, Amerika Birle\u015fik Devletleri'nde d\u00fczenlenen ilk b\u00fcy\u00fck uluslararas\u0131 turnuva olarak tarihi bir d\u00f6n\u00fcm noktas\u0131 oldu. Bu etkinlik, klasik Avrupa gelenekleri ile Amerikan satran\u00e7 sahnesinin y\u00fckselen \u00f6nemi aras\u0131nda bir k\u00f6pr\u00fcy\u00fc temsil ederek satranc\u0131n Alt\u0131n \u00c7a\u011f\u0131 i\u00e7in belirleyici bir an oldu.<\/p><p data-path-to-node=\"2\">\u00a0<\/p><p data-path-to-node=\"3\"><strong>Efsanevi Ustalar\u0131n Bulu\u015fmas\u0131<\/strong><\/p><p data-path-to-node=\"3\">\u00a0<\/p><p data-path-to-node=\"4\">Turnuvada d\u00fcnyan\u0131n en zorlu on alt\u0131 oyuncusu yer ald\u0131 ve bu da turnuvay\u0131 20. y\u00fczy\u0131l\u0131n ba\u015flar\u0131ndaki en g\u00fc\u00e7l\u00fc m\u00fcsabakalardan biri haline getirdi. Kadroda \u015funlar vard\u0131:<\/p><p data-path-to-node=\"5,0,0\">Emanuel Lasker: Son D\u00fcnya \u015eampiyonu ve satran\u00e7 stratejisinde bask\u0131n bir g\u00fc\u00e7.<\/p><p data-path-to-node=\"5,1,0\">Mikhail Chigorin: Efsanevi Rus usta ve Sovyet satran\u00e7 ekol\u00fcn\u00fcn \u00f6nc\u00fcs\u00fc.<\/p><p data-path-to-node=\"5,2,0\">Dawid Janowski: Agresif ve yarat\u0131c\u0131 oyunuyla tan\u0131nan Polonyal\u0131-Frans\u0131z parlak bir taktisyen.<\/p><p data-path-to-node=\"5,3,0\">Frank James Marshall: Turnuvay\u0131 yenilgisiz kazanarak d\u00fcnyay\u0131 \u015fok eden ve D\u00fcnya \u015eampiyonunun \u00f6n\u00fcnde bitiren gen\u00e7 Amerikal\u0131 meydan okuyucu.<\/p><p data-path-to-node=\"5,4,0\">Di\u011fer \u00f6nemli kat\u0131l\u0131mc\u0131lar aras\u0131nda Harry Nelson Pillsbury, Carl Schlechter ve Richard Teichmann vard\u0131.<\/p><p data-path-to-node=\"5,4,0\">\u00a0<\/p><p>Orijinal Staunton tasar\u0131m\u0131ndan \u015eah'\u0131n ha\u00e7\u0131n\u0131n \u00e7\u0131kar\u0131lmas\u0131, oyunu sek\u00fcler ve soyut k\u00f6klerine geri d\u00f6nd\u00fcrerek uluslararas\u0131 oyuncular\u0131n farkl\u0131 ge\u00e7mi\u015flerini onurland\u0131ran kapsay\u0131c\u0131l\u0131\u011fa y\u00f6nelik kas\u0131tl\u0131 bir hareketti. Bu tasar\u0131m, satran\u00e7 tahtas\u0131n\u0131 belirli dini \u00e7a\u011fr\u0131\u015f\u0131mlardan ar\u0131nm\u0131\u015f, tarafs\u0131z bir mant\u0131k alan\u0131 olarak kurmu\u015ftur.<\/p>\t\t\t\t\t\t\t\t<\/div>\n\t\t\t\t<\/div>\n\t\t\t\t<div class=\"elementor-element elementor-element-26ec034 elementor-widget elementor-widget-image\" data-id=\"26ec034\" data-element_type=\"widget\" data-e-type=\"widget\" data-widget_type=\"image.default\">\n\t\t\t\t<div class=\"elementor-widget-container\">\n\t\t\t\t\t\t\t\t\t\t\t\t\t\t\t<img decoding=\"async\" width=\"413\" height=\"520\" src=\"https:\/\/shatranj.art\/wp-content\/uploads\/2026\/02\/1904-cambridge-springs-chess-tournament.jpeg\" class=\"attachment-full size-full wp-image-1517\" alt=\"\" srcset=\"https:\/\/shatranj.art\/wp-content\/uploads\/2026\/02\/1904-cambridge-springs-chess-tournament.jpeg 413w, https:\/\/shatranj.art\/wp-content\/uploads\/2026\/02\/1904-cambridge-springs-chess-tournament-238x300.jpeg 238w, https:\/\/shatranj.art\/wp-content\/uploads\/2026\/02\/1904-cambridge-springs-chess-tournament-10x12.jpeg 10w\" sizes=\"(max-width: 413px) 100vw, 413px\" \/>\t\t\t\t\t\t\t\t\t\t\t\t\t\t\t<\/div>\n\t\t\t\t<\/div>\n\t\t\t\t<\/div>\n\t\t\t\t\t<\/div>\n\t\t\t\t<\/div>\n\t\t\t\t<\/div>","protected":false},"excerpt":{"rendered":"<p>The 1904 Cambridge Springs International Set The 1904 International Chess Congress in Cambridge Springs, Pennsylvania, marked a historic milestone as the first major international tournament hosted in the United States. This event became a defining moment for the Golden Age of chess, representing a bridge between the classic European traditions and the rising prominence of [&hellip;]<\/p>\n","protected":false},"author":1,"featured_media":0,"parent":743,"menu_order":0,"comment_status":"closed","ping_status":"closed","template":"","meta":{"footnotes":""},"class_list":["post-1465","page","type-page","status-publish","hentry"],"_links":{"self":[{"href":"https:\/\/shatranj.art\/tr\/wp-json\/wp\/v2\/pages\/1465","targetHints":{"allow":["GET"]}}],"collection":[{"href":"https:\/\/shatranj.art\/tr\/wp-json\/wp\/v2\/pages"}],"about":[{"href":"https:\/\/shatranj.art\/tr\/wp-json\/wp\/v2\/types\/page"}],"author":[{"embeddable":true,"href":"https:\/\/shatranj.art\/tr\/wp-json\/wp\/v2\/users\/1"}],"replies":[{"embeddable":true,"href":"https:\/\/shatranj.art\/tr\/wp-json\/wp\/v2\/comments?post=1465"}],"version-history":[{"count":17,"href":"https:\/\/shatranj.art\/tr\/wp-json\/wp\/v2\/pages\/1465\/revisions"}],"predecessor-version":[{"id":1520,"href":"https:\/\/shatranj.art\/tr\/wp-json\/wp\/v2\/pages\/1465\/revisions\/1520"}],"up":[{"embeddable":true,"href":"https:\/\/shatranj.art\/tr\/wp-json\/wp\/v2\/pages\/743"}],"wp:attachment":[{"href":"https:\/\/shatranj.art\/tr\/wp-json\/wp\/v2\/media?parent=1465"}],"curies":[{"name":"wp","href":"https:\/\/api.w.org\/{rel}","templated":true}]}}