{"id":1488,"date":"2026-02-24T06:58:44","date_gmt":"2026-02-24T06:58:44","guid":{"rendered":"https:\/\/shatranj.art\/?page_id=1488"},"modified":"2026-02-24T07:15:32","modified_gmt":"2026-02-24T07:15:32","slug":"poster-36","status":"publish","type":"page","link":"https:\/\/shatranj.art\/tr\/exhibit\/poster-36\/","title":{"rendered":"poster-36"},"content":{"rendered":"<div data-elementor-type=\"wp-page\" data-elementor-id=\"1488\" class=\"elementor elementor-1488\" data-elementor-post-type=\"page\">\n\t\t\t\t<div class=\"elementor-element elementor-element-ffdb7d2 e-flex e-con-boxed e-con e-parent\" data-id=\"ffdb7d2\" data-element_type=\"container\" data-e-type=\"container\" data-settings=\"{&quot;background_background&quot;:&quot;classic&quot;}\">\n\t\t\t\t\t<div class=\"e-con-inner\">\n\t\t<div class=\"elementor-element elementor-element-5551562 e-con-full e-flex e-con e-child\" data-id=\"5551562\" data-element_type=\"container\" data-e-type=\"container\">\n\t\t\t\t<div class=\"elementor-element elementor-element-1e762c9 elementor-widget elementor-widget-image\" data-id=\"1e762c9\" data-element_type=\"widget\" data-e-type=\"widget\" data-widget_type=\"image.default\">\n\t\t\t\t<div class=\"elementor-widget-container\">\n\t\t\t\t\t\t\t\t\t\t\t\t\t\t\t<img fetchpriority=\"high\" decoding=\"async\" width=\"569\" height=\"860\" src=\"https:\/\/shatranj.art\/wp-content\/uploads\/2026\/02\/damiano.jpg\" class=\"attachment-full size-full wp-image-1490\" alt=\"\" srcset=\"https:\/\/shatranj.art\/wp-content\/uploads\/2026\/02\/damiano.jpg 569w, https:\/\/shatranj.art\/wp-content\/uploads\/2026\/02\/damiano-198x300.jpg 198w, https:\/\/shatranj.art\/wp-content\/uploads\/2026\/02\/damiano-8x12.jpg 8w\" sizes=\"(max-width: 569px) 100vw, 569px\" \/>\t\t\t\t\t\t\t\t\t\t\t\t\t\t\t<\/div>\n\t\t\t\t<\/div>\n\t\t\t\t<div class=\"elementor-element elementor-element-4488bb1 elementor-widget elementor-widget-text-editor\" data-id=\"4488bb1\" data-element_type=\"widget\" data-e-type=\"widget\" data-widget_type=\"text-editor.default\">\n\t\t\t\t<div class=\"elementor-widget-container\">\n\t\t\t\t\t\t\t\t\t<h3 data-path-to-node=\"0\">Damiano Satran\u00e7 Tak\u0131m\u0131 (1512 civar\u0131)<\/h3><p data-path-to-node=\"1\">Ad\u0131n\u0131 1512 tarihli Questo Libro e da Imparare Giocare a Scacchi adl\u0131 etkili el kitab\u0131n\u0131 yazan Portekizli eczac\u0131 Pedro Damiano'dan alan bu set, satran\u00e7 tasar\u0131m\u0131nda \u00f6nemli bir ge\u00e7i\u015f an\u0131n\u0131 temsil etmektedir. Ta\u015flar, erken d\u00f6nem sembolik formlar ile modern temsil aras\u0131ndaki bo\u015flu\u011fu doldurmaktad\u0131r. \u015eahlar ve Vezirler zarif tornalanm\u0131\u015f katmanlara sahipken ve \u015e\u00f6valyeler oyulmu\u015f at ba\u015flar\u0131 olarak tasvir edilirken, Kale ve Filler hala orta\u00e7a\u011fdaki \u00f6nc\u00fcllerini yans\u0131tmaktad\u0131r. \u00d6zellikle Kale, k\u0131sa s\u00fcre sonra modern kale kulesine d\u00f6n\u00fc\u015fecek olan antik sava\u015f arabas\u0131n\u0131n soyut siluetini koruyor.<\/p><p data-path-to-node=\"2\">Damiano'nun incelemesi modern \u00e7a\u011f\u0131n ilk en \u00e7ok satan kitab\u0131 oldu ve beyaz karenin oyuncunun sa\u011f\u0131nda olmas\u0131 gereklili\u011fi gibi temel standartlar\u0131 belirledi. \u201c\u0130yi bir hamle g\u00f6r\u00fcrseniz, daha iyisini bulun\u201d \u015feklindeki zamans\u0131z tavsiyesi, oyuna getirdi\u011fi entelekt\u00fcel derinli\u011fi yans\u0131tmaktad\u0131r. Bu set, antik \u015fatranc\u0131 modern d\u00fcnyan\u0131n uluslararas\u0131 sporuna d\u00f6n\u00fc\u015ft\u00fcren 16. y\u00fczy\u0131ldaki evrimin g\u00f6rsel bir kayd\u0131 niteli\u011findedir.<\/p>\t\t\t\t\t\t\t\t<\/div>\n\t\t\t\t<\/div>\n\t\t\t\t<\/div>\n\t\t\t\t\t<\/div>\n\t\t\t\t<\/div>\n\t\t\t\t<\/div>","protected":false},"excerpt":{"rendered":"<p>The Damiano Chess Set (c. 1512) Named after Pedro Damiano, the Portuguese apothecary who authored the influential 1512 manual Questo Libro e da Imparare Giocare a Scacchi, this set represents a significant transitional moment in chess design. The pieces bridge the gap between early symbolic forms and modern representation. While the Kings and Queens feature [&hellip;]<\/p>\n","protected":false},"author":1,"featured_media":0,"parent":743,"menu_order":0,"comment_status":"closed","ping_status":"closed","template":"","meta":{"footnotes":""},"class_list":["post-1488","page","type-page","status-publish","hentry"],"_links":{"self":[{"href":"https:\/\/shatranj.art\/tr\/wp-json\/wp\/v2\/pages\/1488","targetHints":{"allow":["GET"]}}],"collection":[{"href":"https:\/\/shatranj.art\/tr\/wp-json\/wp\/v2\/pages"}],"about":[{"href":"https:\/\/shatranj.art\/tr\/wp-json\/wp\/v2\/types\/page"}],"author":[{"embeddable":true,"href":"https:\/\/shatranj.art\/tr\/wp-json\/wp\/v2\/users\/1"}],"replies":[{"embeddable":true,"href":"https:\/\/shatranj.art\/tr\/wp-json\/wp\/v2\/comments?post=1488"}],"version-history":[{"count":5,"href":"https:\/\/shatranj.art\/tr\/wp-json\/wp\/v2\/pages\/1488\/revisions"}],"predecessor-version":[{"id":1501,"href":"https:\/\/shatranj.art\/tr\/wp-json\/wp\/v2\/pages\/1488\/revisions\/1501"}],"up":[{"embeddable":true,"href":"https:\/\/shatranj.art\/tr\/wp-json\/wp\/v2\/pages\/743"}],"wp:attachment":[{"href":"https:\/\/shatranj.art\/tr\/wp-json\/wp\/v2\/media?parent=1488"}],"curies":[{"name":"wp","href":"https:\/\/api.w.org\/{rel}","templated":true}]}}