{"id":1504,"date":"2026-02-24T07:16:45","date_gmt":"2026-02-24T07:16:45","guid":{"rendered":"https:\/\/shatranj.art\/?page_id=1504"},"modified":"2026-02-24T07:21:26","modified_gmt":"2026-02-24T07:21:26","slug":"poster-38","status":"publish","type":"page","link":"https:\/\/shatranj.art\/tr\/exhibit\/poster-38\/","title":{"rendered":"poster-38"},"content":{"rendered":"<div data-elementor-type=\"wp-page\" data-elementor-id=\"1504\" class=\"elementor elementor-1504\" data-elementor-post-type=\"page\">\n\t\t\t\t<div class=\"elementor-element elementor-element-d6ea98c e-flex e-con-boxed e-con e-parent\" data-id=\"d6ea98c\" data-element_type=\"container\" data-e-type=\"container\" data-settings=\"{&quot;background_background&quot;:&quot;classic&quot;}\">\n\t\t\t\t\t<div class=\"e-con-inner\">\n\t\t<div class=\"elementor-element elementor-element-8942b74 e-con-full e-flex e-con e-child\" data-id=\"8942b74\" data-element_type=\"container\" data-e-type=\"container\">\n\t\t\t\t<div class=\"elementor-element elementor-element-f1e4538 elementor-widget elementor-widget-image\" data-id=\"f1e4538\" data-element_type=\"widget\" data-e-type=\"widget\" data-widget_type=\"image.default\">\n\t\t\t\t<div class=\"elementor-widget-container\">\n\t\t\t\t\t\t\t\t\t\t\t\t\t\t\t<img fetchpriority=\"high\" decoding=\"async\" width=\"1893\" height=\"798\" src=\"https:\/\/shatranj.art\/wp-content\/uploads\/2026\/02\/romanian-cafe-house-langer-collection.jpg\" class=\"attachment-full size-full wp-image-1506\" alt=\"\" srcset=\"https:\/\/shatranj.art\/wp-content\/uploads\/2026\/02\/romanian-cafe-house-langer-collection.jpg 1893w, https:\/\/shatranj.art\/wp-content\/uploads\/2026\/02\/romanian-cafe-house-langer-collection-300x126.jpg 300w, https:\/\/shatranj.art\/wp-content\/uploads\/2026\/02\/romanian-cafe-house-langer-collection-1024x432.jpg 1024w, https:\/\/shatranj.art\/wp-content\/uploads\/2026\/02\/romanian-cafe-house-langer-collection-768x324.jpg 768w, https:\/\/shatranj.art\/wp-content\/uploads\/2026\/02\/romanian-cafe-house-langer-collection-1536x648.jpg 1536w, https:\/\/shatranj.art\/wp-content\/uploads\/2026\/02\/romanian-cafe-house-langer-collection-18x8.jpg 18w\" sizes=\"(max-width: 1893px) 100vw, 1893px\" \/>\t\t\t\t\t\t\t\t\t\t\t\t\t\t\t<\/div>\n\t\t\t\t<\/div>\n\t\t\t\t<div class=\"elementor-element elementor-element-dced84d elementor-widget elementor-widget-text-editor\" data-id=\"dced84d\" data-element_type=\"widget\" data-e-type=\"widget\" data-widget_type=\"text-editor.default\">\n\t\t\t\t<div class=\"elementor-widget-container\">\n\t\t\t\t\t\t\t\t\t<div id=\"1440505187\" class=\"u_1440505187 dmNewParagraph\"><h3><strong>Romanya Kahve Evi Satran\u00e7 Tak\u0131m\u0131, yakla\u015f\u0131k 1920-1940<\/strong><br \/><br \/><\/h3><div>Birinci D\u00fcnya Sava\u015f\u0131'na kadar, bug\u00fcnk\u00fc Romanya'n\u0131n baz\u0131 b\u00f6lgeleri - yani Transilvanya olarak bilinen b\u00f6lge - Habsburg hanedan\u0131 taraf\u0131ndan y\u00f6netilen Avusturya-Macaristan \u0130mparatorlu\u011fu'na aitti. Bu ba\u011flant\u0131 sayesinde Avusturya kahvehane k\u00fclt\u00fcr\u00fcn\u00fcn ve Viyana Kahvehanesi tarz\u0131 olarak adland\u0131r\u0131lan yayg\u0131n satran\u00e7 tak\u0131mlar\u0131n\u0131n, bu tak\u0131m\u0131n 20. y\u00fczy\u0131l\u0131n ilk y\u0131llar\u0131nda kullan\u0131ld\u0131\u011f\u0131 g\u00fcney Romanya Krall\u0131\u011f\u0131'na da ula\u015ft\u0131\u011f\u0131 varsay\u0131labilir. Set, bir y\u00fcz\u00fc do\u011fal, di\u011fer y\u00fcz\u00fc siyah lake kapl\u0131 tornalanm\u0131\u015f ah\u015faptan yap\u0131lm\u0131\u015ft\u0131r. Yukar\u0131da bahsi ge\u00e7en Viyana setleriyle ortak baz\u0131 tasar\u0131m \u00f6zellikleri g\u00f6sterir, \u00f6zellikle de \u015fapka \u015feklindeki vezir ta\u00e7lar\u0131, z\u0131t renkte top \u015feklinde ba\u015flar\u0131 olan filler veya sa\u011flam kaleler. \u00d6zellikle \u015fah\u0131n al\u0131\u015f\u0131lmad\u0131k \u015fekli ilgi \u00e7ekicidir; tac\u0131 \u00fcst tarafta daralarak k\u00fc\u00e7\u00fck bir topla ta\u00e7land\u0131r\u0131lm\u0131\u015f uzun bir finale d\u00f6n\u00fc\u015f\u00fcr, sanki \u015fah\u0131n tac\u0131n\u0131n \u00fcst\u00fcnde k\u00fc\u00e7\u00fck bir piyon oturuyormu\u015f gibi. Set baz\u0131 yo\u011fun kullan\u0131m izleri g\u00f6stermektedir. Baz\u0131 par\u00e7alar de\u011fi\u015ftirilmi\u015f gibi g\u00f6r\u00fcnmektedir, ancak bu genel izlenimi bozmamaktad\u0131r. Resim ve metin Langer koleksiyonundan al\u0131nm\u0131\u015ft\u0131r.<\/div><\/div>\t\t\t\t\t\t\t\t<\/div>\n\t\t\t\t<\/div>\n\t\t\t\t<\/div>\n\t\t\t\t\t<\/div>\n\t\t\t\t<\/div>\n\t\t\t\t<\/div>","protected":false},"excerpt":{"rendered":"<p>Romanian Coffee House Chess set, ca. 1920-1940 Until WWI, some parts of today&#8217;s Romania &#8211; namely the region known as Transylvania &#8211; belonged to the Austro-Hungarian Empire ruled by the Habsburg dynasty. It can be assumed that through this connection the Austrian coffee house culture and the common chess sets of the so called Vienna [&hellip;]<\/p>\n","protected":false},"author":1,"featured_media":0,"parent":743,"menu_order":0,"comment_status":"closed","ping_status":"closed","template":"","meta":{"footnotes":""},"class_list":["post-1504","page","type-page","status-publish","hentry"],"_links":{"self":[{"href":"https:\/\/shatranj.art\/tr\/wp-json\/wp\/v2\/pages\/1504","targetHints":{"allow":["GET"]}}],"collection":[{"href":"https:\/\/shatranj.art\/tr\/wp-json\/wp\/v2\/pages"}],"about":[{"href":"https:\/\/shatranj.art\/tr\/wp-json\/wp\/v2\/types\/page"}],"author":[{"embeddable":true,"href":"https:\/\/shatranj.art\/tr\/wp-json\/wp\/v2\/users\/1"}],"replies":[{"embeddable":true,"href":"https:\/\/shatranj.art\/tr\/wp-json\/wp\/v2\/comments?post=1504"}],"version-history":[{"count":4,"href":"https:\/\/shatranj.art\/tr\/wp-json\/wp\/v2\/pages\/1504\/revisions"}],"predecessor-version":[{"id":1509,"href":"https:\/\/shatranj.art\/tr\/wp-json\/wp\/v2\/pages\/1504\/revisions\/1509"}],"up":[{"embeddable":true,"href":"https:\/\/shatranj.art\/tr\/wp-json\/wp\/v2\/pages\/743"}],"wp:attachment":[{"href":"https:\/\/shatranj.art\/tr\/wp-json\/wp\/v2\/media?parent=1504"}],"curies":[{"name":"wp","href":"https:\/\/api.w.org\/{rel}","templated":true}]}}