{"id":1510,"date":"2026-02-24T07:22:35","date_gmt":"2026-02-24T07:22:35","guid":{"rendered":"https:\/\/shatranj.art\/?page_id=1510"},"modified":"2026-02-24T07:36:00","modified_gmt":"2026-02-24T07:36:00","slug":"poster-39","status":"publish","type":"page","link":"https:\/\/shatranj.art\/tr\/exhibit\/poster-39\/","title":{"rendered":"poster-39"},"content":{"rendered":"<div data-elementor-type=\"wp-page\" data-elementor-id=\"1510\" class=\"elementor elementor-1510\" data-elementor-post-type=\"page\">\n\t\t\t\t<div class=\"elementor-element elementor-element-1426eb0 e-flex e-con-boxed e-con e-parent\" data-id=\"1426eb0\" data-element_type=\"container\" data-e-type=\"container\" data-settings=\"{&quot;background_background&quot;:&quot;classic&quot;}\">\n\t\t\t\t\t<div class=\"e-con-inner\">\n\t\t<div class=\"elementor-element elementor-element-d76d2b5 e-con-full e-flex e-con e-child\" data-id=\"d76d2b5\" data-element_type=\"container\" data-e-type=\"container\">\n\t\t\t\t<div class=\"elementor-element elementor-element-e675f73 elementor-widget elementor-widget-image\" data-id=\"e675f73\" data-element_type=\"widget\" data-e-type=\"widget\" data-widget_type=\"image.default\">\n\t\t\t\t<div class=\"elementor-widget-container\">\n\t\t\t\t\t\t\t\t\t\t\t\t\t\t\t<img fetchpriority=\"high\" decoding=\"async\" width=\"1200\" height=\"942\" src=\"https:\/\/shatranj.art\/wp-content\/uploads\/2026\/02\/Ben-Franklin-Chess-scaled-1200x942-1.jpeg\" class=\"attachment-full size-full wp-image-1513\" alt=\"\" srcset=\"https:\/\/shatranj.art\/wp-content\/uploads\/2026\/02\/Ben-Franklin-Chess-scaled-1200x942-1.jpeg 1200w, https:\/\/shatranj.art\/wp-content\/uploads\/2026\/02\/Ben-Franklin-Chess-scaled-1200x942-1-300x236.jpeg 300w, https:\/\/shatranj.art\/wp-content\/uploads\/2026\/02\/Ben-Franklin-Chess-scaled-1200x942-1-1024x804.jpeg 1024w, https:\/\/shatranj.art\/wp-content\/uploads\/2026\/02\/Ben-Franklin-Chess-scaled-1200x942-1-768x603.jpeg 768w, https:\/\/shatranj.art\/wp-content\/uploads\/2026\/02\/Ben-Franklin-Chess-scaled-1200x942-1-15x12.jpeg 15w\" sizes=\"(max-width: 1200px) 100vw, 1200px\" \/>\t\t\t\t\t\t\t\t\t\t\t\t\t\t\t<\/div>\n\t\t\t\t<\/div>\n\t\t\t\t<div class=\"elementor-element elementor-element-225c171 elementor-widget elementor-widget-text-editor\" data-id=\"225c171\" data-element_type=\"widget\" data-e-type=\"widget\" data-widget_type=\"text-editor.default\">\n\t\t\t\t<div class=\"elementor-widget-container\">\n\t\t\t\t\t\t\t\t\t<h3 data-path-to-node=\"0\"><span class=\"citation-214 citation-end-214\">\u201cBenjamin Franklin'den \u201dSatran\u00e7 Ahlak\u0131\"<\/span><\/h3><p data-path-to-node=\"0\"><span class=\"citation-214 citation-end-214\"><br \/><br \/>Benjamin Franklin'in 1786 tarihli \u201cSatran\u00e7 Ahlak\u0131\u201d adl\u0131 makalesi, oyunu ki\u015fisel geli\u015fim ve entelekt\u00fcel erdem i\u00e7in hayati bir ara\u00e7 olarak yeniden tan\u0131mlad\u0131.<\/span> <span class=\"citation-213 citation-end-213\">Franklin satranc\u0131n bir e\u011flenceden daha fazlas\u0131 oldu\u011funa inan\u0131yordu; satran\u00e7 bir \u00f6ng\u00f6r\u00fc, ihtiyat ve dikkat egzersiziydi - hem \u00f6zel ya\u015famda hem de kamu diplomasisinde ba\u015far\u0131 i\u00e7in gerekli oldu\u011funu d\u00fc\u015f\u00fcnd\u00fc\u011f\u00fc nitelikler.<\/span> <span class=\"citation-212 citation-end-212\">Ayd\u0131nlanma \u00c7a\u011f\u0131 boyunca Franklin, Paris'teki Caf\u00e9 de la R\u00e9gence gibi \u00fcnl\u00fc satran\u00e7 kafelerini s\u0131k s\u0131k ziyaret etti.<\/span> Bu alanlar, oyunun titiz tart\u0131\u015fmalar\u0131 ve devrimci fikir al\u0131\u015fveri\u015fini kolayla\u015ft\u0131rd\u0131\u011f\u0131, bilim, siyaset ve felsefe d\u00fcnyalar\u0131 aras\u0131nda k\u00f6pr\u00fc kurdu\u011fu d\u00f6nemin orijinal sosyal a\u011flar\u0131 olarak hizmet etti.<\/p><p data-path-to-node=\"0\">\u00a0<\/p><p data-path-to-node=\"0\">Franklin'in oyunun entelekt\u00fcel s\u0131n\u0131rlar\u0131na duydu\u011fu hayranl\u0131k, onu d\u00fcnyan\u0131n en \u00fcnl\u00fc satran\u00e7 oynayan otomat\u0131 olan Mekanik T\u00fcrk ile tarihi bir kar\u015f\u0131la\u015fmaya g\u00f6t\u00fcrd\u00fc. 1783'te Paris'te yap\u0131lan bir ma\u00e7 s\u0131ras\u0131nda Franklin, Ayd\u0131nlanma'n\u0131n mekanik ak\u0131l tak\u0131nt\u0131s\u0131n\u0131 \u00f6rnekleyen makineye kar\u015f\u0131 becerilerini test etti. T\u00fcrk sonunda Amerika Birle\u015fik Devletleri'ne gitti ve son evini Philadelphia'daki Peale M\u00fczesi'nde (ve daha sonra \u00c7in M\u00fczesi'nde) buldu. 1854'te bir yang\u0131nda kaybolmadan \u00f6nce onlarca y\u0131l Pennsylvania'n\u0131n bilimsel k\u00fclt\u00fcr\u00fcn\u00fcn temel ta\u015flar\u0131ndan biri olarak kald\u0131. \u0130nsan yarat\u0131c\u0131l\u0131\u011f\u0131 ve makine zekas\u0131n\u0131n bu miras\u0131, tarih, oyunlar ve zekan\u0131n evriminin kesi\u015fimini ara\u015ft\u0131ran exhibitions i\u00e7in temel bir hikaye olmaya devam ediyor.<br \/><br \/><br \/><\/p><p data-path-to-node=\"0\">Foto\u011fraf Benjamin Franklin'i satran\u00e7 oynarken tasvir ediyor. Edward Harrison May'in eseri, 1867<\/p>\t\t\t\t\t\t\t\t<\/div>\n\t\t\t\t<\/div>\n\t\t\t\t<\/div>\n\t\t\t\t\t<\/div>\n\t\t\t\t<\/div>\n\t\t\t\t<\/div>","protected":false},"excerpt":{"rendered":"<p>&#8220;The Morals of Chess&#8221; by Benjamin Franklin Benjamin Franklin\u2019s 1786 essay, &#8220;The Morals of Chess,&#8221; redefined the game as a vital tool for personal development and intellectual virtue. Franklin believed that chess was more than a pastime; it was an exercise in foresight, circumspection, and caution\u2014qualities he deemed essential for success in both private life [&hellip;]<\/p>\n","protected":false},"author":1,"featured_media":0,"parent":743,"menu_order":0,"comment_status":"closed","ping_status":"closed","template":"","meta":{"footnotes":""},"class_list":["post-1510","page","type-page","status-publish","hentry"],"_links":{"self":[{"href":"https:\/\/shatranj.art\/tr\/wp-json\/wp\/v2\/pages\/1510","targetHints":{"allow":["GET"]}}],"collection":[{"href":"https:\/\/shatranj.art\/tr\/wp-json\/wp\/v2\/pages"}],"about":[{"href":"https:\/\/shatranj.art\/tr\/wp-json\/wp\/v2\/types\/page"}],"author":[{"embeddable":true,"href":"https:\/\/shatranj.art\/tr\/wp-json\/wp\/v2\/users\/1"}],"replies":[{"embeddable":true,"href":"https:\/\/shatranj.art\/tr\/wp-json\/wp\/v2\/comments?post=1510"}],"version-history":[{"count":4,"href":"https:\/\/shatranj.art\/tr\/wp-json\/wp\/v2\/pages\/1510\/revisions"}],"predecessor-version":[{"id":1516,"href":"https:\/\/shatranj.art\/tr\/wp-json\/wp\/v2\/pages\/1510\/revisions\/1516"}],"up":[{"embeddable":true,"href":"https:\/\/shatranj.art\/tr\/wp-json\/wp\/v2\/pages\/743"}],"wp:attachment":[{"href":"https:\/\/shatranj.art\/tr\/wp-json\/wp\/v2\/media?parent=1510"}],"curies":[{"name":"wp","href":"https:\/\/api.w.org\/{rel}","templated":true}]}}