{"id":1521,"date":"2026-02-24T07:53:08","date_gmt":"2026-02-24T07:53:08","guid":{"rendered":"https:\/\/shatranj.art\/?page_id=1521"},"modified":"2026-02-24T10:48:54","modified_gmt":"2026-02-24T10:48:54","slug":"poster-40","status":"publish","type":"page","link":"https:\/\/shatranj.art\/tr\/exhibit\/poster-40\/","title":{"rendered":"poster-40"},"content":{"rendered":"<div data-elementor-type=\"wp-page\" data-elementor-id=\"1521\" class=\"elementor elementor-1521\" data-elementor-post-type=\"page\">\n\t\t\t\t<div class=\"elementor-element elementor-element-e98c0ef e-flex e-con-boxed e-con e-parent\" data-id=\"e98c0ef\" data-element_type=\"container\" data-e-type=\"container\" data-settings=\"{&quot;background_background&quot;:&quot;classic&quot;}\">\n\t\t\t\t\t<div class=\"e-con-inner\">\n\t\t<div class=\"elementor-element elementor-element-1fd6b3d e-con-full e-flex e-con e-child\" data-id=\"1fd6b3d\" data-element_type=\"container\" data-e-type=\"container\">\n\t\t\t\t<div class=\"elementor-element elementor-element-bf9198e elementor-widget elementor-widget-image\" data-id=\"bf9198e\" data-element_type=\"widget\" data-e-type=\"widget\" data-widget_type=\"image.default\">\n\t\t\t\t<div class=\"elementor-widget-container\">\n\t\t\t\t\t\t\t\t\t\t\t\t\t\t\t<img fetchpriority=\"high\" decoding=\"async\" width=\"1225\" height=\"919\" src=\"https:\/\/shatranj.art\/wp-content\/uploads\/2026\/02\/shahi-chess-set-pieces-fsvmu-uskudar-istanbul-2022.jpg\" class=\"attachment-full size-full wp-image-1523\" alt=\"\" srcset=\"https:\/\/shatranj.art\/wp-content\/uploads\/2026\/02\/shahi-chess-set-pieces-fsvmu-uskudar-istanbul-2022.jpg 1225w, https:\/\/shatranj.art\/wp-content\/uploads\/2026\/02\/shahi-chess-set-pieces-fsvmu-uskudar-istanbul-2022-300x225.jpg 300w, https:\/\/shatranj.art\/wp-content\/uploads\/2026\/02\/shahi-chess-set-pieces-fsvmu-uskudar-istanbul-2022-1024x768.jpg 1024w, https:\/\/shatranj.art\/wp-content\/uploads\/2026\/02\/shahi-chess-set-pieces-fsvmu-uskudar-istanbul-2022-768x576.jpg 768w, https:\/\/shatranj.art\/wp-content\/uploads\/2026\/02\/shahi-chess-set-pieces-fsvmu-uskudar-istanbul-2022-16x12.jpg 16w\" sizes=\"(max-width: 1225px) 100vw, 1225px\" \/>\t\t\t\t\t\t\t\t\t\t\t\t\t\t\t<\/div>\n\t\t\t\t<\/div>\n\t\t\t\t<div class=\"elementor-element elementor-element-72424f5 elementor-widget elementor-widget-text-editor\" data-id=\"72424f5\" data-element_type=\"widget\" data-e-type=\"widget\" data-widget_type=\"text-editor.default\">\n\t\t\t\t<div class=\"elementor-widget-container\">\n\t\t\t\t\t\t\t\t\t<h3 data-path-to-node=\"0\"><strong>Shatranj Proje Ekibi ve \u015eAH\u00ce Prototipi<\/strong><\/h3><p data-path-to-node=\"1\">\u00a0<\/p><p data-path-to-node=\"1\">\u015eAH\u00ce satran\u00e7 tak\u0131m\u0131n\u0131n geli\u015ftirilmesi, shatranj.ai ve shatranj.art projelerinin arkas\u0131ndaki ekipler i\u00e7in ortak bir d\u00f6n\u00fcm noktas\u0131 oldu. Fatih Sultan Mehmet Vak\u0131f \u00dcniversitesi (FSMV\u00dc) Bilim Tarihi B\u00f6l\u00fcm\u00fc taraf\u0131ndan koordine edilen ve AB Erasmus+ Gen\u00e7lik program\u0131 taraf\u0131ndan desteklenen bu giri\u015fimler bilim, sanat, stratejik oyunlar ve yapay zek\u00e2 tarihi aras\u0131nda k\u00f6pr\u00fc kurmay\u0131 ama\u00e7l\u0131yor.<\/p><p data-path-to-node=\"2\">\u00a0<\/p><p data-path-to-node=\"2\">Foto\u011fraf 1: Proje Ekibi FSMV\u00dc \u00dcsk\u00fcdar Yerle\u015fkesinde<\/p><p data-path-to-node=\"3\">\u00a0<\/p><p data-path-to-node=\"3\">Bu g\u00f6rsel, 26 May\u0131s 2022 tarihinde ilk \u015eAH\u00ce prototipinin tamamlanmas\u0131n\u0131 kutlayan proje ekibini belgelemektedir. B\u00f6l\u00fcm\u00fcn ara\u015ft\u0131rmas\u0131, setin benzersiz esteti\u011fi i\u00e7in tarihsel bir temel olu\u015fturdu.<\/p><p data-path-to-node=\"4\">\u00a0<\/p><p data-path-to-node=\"4\">Soldan sa\u011fa:<\/p><p data-path-to-node=\"4\">\u00a0<\/p><p data-path-to-node=\"4\">Jahangir Ashurov: D\u00fcnyaca \u00fcnl\u00fc minyat\u00fcr sanat\u00e7\u0131s\u0131 ve e\u011fitmeni (Buhara okulu). Satranc\u0131n Afrasiyab k\u00f6kleri \u00fczerinden \u015eAH\u00ce tasar\u0131m s\u00fcrecine dan\u0131\u015fmanl\u0131k yapt\u0131.\u00a0<\/p><p data-path-to-node=\"4\">\u00a0<\/p><p data-path-to-node=\"4\">Dr. G\u00fcner Karatekin: \u00c7ocuk sa\u011fl\u0131\u011f\u0131 ve neonatoloji profes\u00f6r\u00fc.<\/p><p data-path-to-node=\"4\">\u00a0<\/p><p data-path-to-node=\"4\">Tamer Karatekin: shatranj.ai m\u00fcfredat\u0131n\u0131n teknik koordinat\u00f6r\u00fc ve shatranj.art exhibit'nin e\u015f k\u00fcrat\u00f6r\u00fc, \u015eAH\u00ce satran\u00e7 tak\u0131m\u0131 ve ta\u015flar\u0131n\u0131n tasar\u0131mc\u0131s\u0131<\/p><p data-path-to-node=\"4\">\u00a0<\/p><p data-path-to-node=\"4\">Dr. Mustafa Ka\u00e7ar: FSMV\u00dc Bilim Tarihi B\u00f6l\u00fcm\u00fc Dekan\u0131. shatranj.ai ve shatranj.art projelerinin koordinat\u00f6r\u00fc.<\/p><p data-path-to-node=\"4\">\u00a0<\/p><p data-path-to-node=\"4\">Dr. Atilla Bir: Bilim tarihi ve tarihi enstr\u00fcmanlar konusunda \u00f6nde gelen otoritelerden biri olan Prof. \u015eAH\u00ce satran\u00e7 tak\u0131m\u0131n\u0131n tasar\u0131m s\u00fcrecinde bilim tarihine bir\u00e7ok at\u0131fta bulunarak dan\u0131\u015fmanl\u0131k yapm\u0131\u015ft\u0131r.<\/p>\t\t\t\t\t\t\t\t<\/div>\n\t\t\t\t<\/div>\n\t\t\t\t<div class=\"elementor-element elementor-element-b19a222 elementor-widget elementor-widget-image\" data-id=\"b19a222\" data-element_type=\"widget\" data-e-type=\"widget\" data-widget_type=\"image.default\">\n\t\t\t\t<div class=\"elementor-widget-container\">\n\t\t\t\t\t\t\t\t\t\t\t\t\t\t\t<img decoding=\"async\" width=\"1000\" height=\"667\" src=\"https:\/\/shatranj.art\/wp-content\/uploads\/2026\/02\/sergi-ayasofya-11Ocak2024.jpg\" class=\"attachment-full size-full wp-image-1524\" alt=\"\" srcset=\"https:\/\/shatranj.art\/wp-content\/uploads\/2026\/02\/sergi-ayasofya-11Ocak2024.jpg 1000w, https:\/\/shatranj.art\/wp-content\/uploads\/2026\/02\/sergi-ayasofya-11Ocak2024-300x200.jpg 300w, https:\/\/shatranj.art\/wp-content\/uploads\/2026\/02\/sergi-ayasofya-11Ocak2024-768x512.jpg 768w, https:\/\/shatranj.art\/wp-content\/uploads\/2026\/02\/sergi-ayasofya-11Ocak2024-18x12.jpg 18w\" sizes=\"(max-width: 1000px) 100vw, 1000px\" \/>\t\t\t\t\t\t\t\t\t\t\t\t\t\t\t<\/div>\n\t\t\t\t<\/div>\n\t\t\t\t<div class=\"elementor-element elementor-element-8b672e6 elementor-widget elementor-widget-text-editor\" data-id=\"8b672e6\" data-element_type=\"widget\" data-e-type=\"widget\" data-widget_type=\"text-editor.default\">\n\t\t\t\t<div class=\"elementor-widget-container\">\n\t\t\t\t\t\t\t\t\t<p data-path-to-node=\"5\">Foto\u011fraf 2: FSVM\u00dc Ayasofya Kamp\u00fcs\u00fc'nde Shatranj.art sergisi<\/p><p data-path-to-node=\"6\">\u00a0<\/p><p data-path-to-node=\"6\">\u015eAH\u00ce satran\u00e7 tak\u0131m\u0131, 11 Ocak 2024 tarihinde FSMV\u00dc Ayasofya yerle\u015fkesinde shatranj.art sergisi arac\u0131l\u0131\u011f\u0131yla ilk kez kamuoyuna sunuldu. Dr. Mustafa Ka\u00e7ar ve Tamer Karatekin satran\u00e7 ta\u015flar\u0131n\u0131n k\u00fclt\u00fcrel ve tarihsel evrimini tart\u0131\u015ft\u0131. Konu\u015fmada, Kitab-ash Shatranj'da bulunan Bizans\/Rumi satran\u00e7 varyant\u0131 ve \u015eAH\u00ce tak\u0131m\u0131n\u0131n \u015fah ta\u015f\u0131n\u0131n tasar\u0131m\u0131na ilham veren Ayasofya, Pantheon ve MIT'nin ikonik kubbeleri gibi \u00f6zel mimari ilhamlar vurguland\u0131.<\/p>\t\t\t\t\t\t\t\t<\/div>\n\t\t\t\t<\/div>\n\t\t\t\t<div class=\"elementor-element elementor-element-c44898c elementor-widget elementor-widget-image\" data-id=\"c44898c\" data-element_type=\"widget\" data-e-type=\"widget\" data-widget_type=\"image.default\">\n\t\t\t\t<div class=\"elementor-widget-container\">\n\t\t\t\t\t\t\t\t\t\t\t\t\t\t\t<img decoding=\"async\" width=\"1225\" height=\"919\" src=\"https:\/\/shatranj.art\/wp-content\/uploads\/2026\/02\/fsmvu-halic-creativity-prof.jpg\" class=\"attachment-full size-full wp-image-1534\" alt=\"\" srcset=\"https:\/\/shatranj.art\/wp-content\/uploads\/2026\/02\/fsmvu-halic-creativity-prof.jpg 1225w, https:\/\/shatranj.art\/wp-content\/uploads\/2026\/02\/fsmvu-halic-creativity-prof-300x225.jpg 300w, https:\/\/shatranj.art\/wp-content\/uploads\/2026\/02\/fsmvu-halic-creativity-prof-1024x768.jpg 1024w, https:\/\/shatranj.art\/wp-content\/uploads\/2026\/02\/fsmvu-halic-creativity-prof-768x576.jpg 768w, https:\/\/shatranj.art\/wp-content\/uploads\/2026\/02\/fsmvu-halic-creativity-prof-16x12.jpg 16w\" sizes=\"(max-width: 1225px) 100vw, 1225px\" \/>\t\t\t\t\t\t\t\t\t\t\t\t\t\t\t<\/div>\n\t\t\t\t<\/div>\n\t\t\t\t<div class=\"elementor-element elementor-element-58d2518 elementor-widget elementor-widget-text-editor\" data-id=\"58d2518\" data-element_type=\"widget\" data-e-type=\"widget\" data-widget_type=\"text-editor.default\">\n\t\t\t\t<div class=\"elementor-widget-container\">\n\t\t\t\t\t\t\t\t\t<p data-path-to-node=\"6\">Foto\u011fraf 3: Prof. Se\u00e7il \u015eat\u0131r ile \u015eAH\u00ce set prototip foto\u011fraf\u0131<\/p><p data-path-to-node=\"5\">\u00a0<\/p><p data-path-to-node=\"5\">Dr. Se\u00e7il \u015eat\u0131r, Hitit \u00dcniversitesi G\u00fczel Sanatlar, Tasar\u0131m ve Mimarl\u0131k Fak\u00fcltesi'nin kurucu dekan\u0131 ve FSMV\u00dc Mimarl\u0131k ve Tasar\u0131m Fak\u00fcltesi'nde \u00f6\u011fretim \u00fcyesidir. \u015eAH\u00ce tasar\u0131m s\u00fcrecinde \u00f6nemli bir tasar\u0131m dan\u0131\u015fman\u0131 olarak g\u00f6rev yapm\u0131\u015ft\u0131r. Solda Tamer Karatekin, sa\u011fda Prof. Dr. G\u00fcner Karatekin.<\/p><p><em>\u00a0<\/em><\/p>\t\t\t\t\t\t\t\t<\/div>\n\t\t\t\t<\/div>\n\t\t\t\t<\/div>\n\t\t\t\t\t<\/div>\n\t\t\t\t<\/div>\n\t\t\t\t<\/div>","protected":false},"excerpt":{"rendered":"<p>The Shatranj Project Team and the \u015eAH\u00ce Prototype \u00a0 The development of the \u015eAH\u00ce chess set was a collaborative milestone for the teams behind the shatranj.ai and shatranj.art projects. These initiatives, coordinated through the Science History Department of Fatih Sultan Mehmet Vak\u0131f University (FSMVU) and supported by the EU Erasmus+ Youth programme, aim to bridge [&hellip;]<\/p>\n","protected":false},"author":1,"featured_media":0,"parent":743,"menu_order":0,"comment_status":"closed","ping_status":"closed","template":"","meta":{"footnotes":""},"class_list":["post-1521","page","type-page","status-publish","hentry"],"_links":{"self":[{"href":"https:\/\/shatranj.art\/tr\/wp-json\/wp\/v2\/pages\/1521","targetHints":{"allow":["GET"]}}],"collection":[{"href":"https:\/\/shatranj.art\/tr\/wp-json\/wp\/v2\/pages"}],"about":[{"href":"https:\/\/shatranj.art\/tr\/wp-json\/wp\/v2\/types\/page"}],"author":[{"embeddable":true,"href":"https:\/\/shatranj.art\/tr\/wp-json\/wp\/v2\/users\/1"}],"replies":[{"embeddable":true,"href":"https:\/\/shatranj.art\/tr\/wp-json\/wp\/v2\/comments?post=1521"}],"version-history":[{"count":22,"href":"https:\/\/shatranj.art\/tr\/wp-json\/wp\/v2\/pages\/1521\/revisions"}],"predecessor-version":[{"id":1637,"href":"https:\/\/shatranj.art\/tr\/wp-json\/wp\/v2\/pages\/1521\/revisions\/1637"}],"up":[{"embeddable":true,"href":"https:\/\/shatranj.art\/tr\/wp-json\/wp\/v2\/pages\/743"}],"wp:attachment":[{"href":"https:\/\/shatranj.art\/tr\/wp-json\/wp\/v2\/media?parent=1521"}],"curies":[{"name":"wp","href":"https:\/\/api.w.org\/{rel}","templated":true}]}}