{"id":1543,"date":"2026-02-24T08:36:27","date_gmt":"2026-02-24T08:36:27","guid":{"rendered":"https:\/\/shatranj.art\/?page_id=1543"},"modified":"2026-02-24T08:53:53","modified_gmt":"2026-02-24T08:53:53","slug":"poster-41","status":"publish","type":"page","link":"https:\/\/shatranj.art\/tr\/exhibit\/poster-41\/","title":{"rendered":"poster-41"},"content":{"rendered":"<div data-elementor-type=\"wp-page\" data-elementor-id=\"1543\" class=\"elementor elementor-1543\" data-elementor-post-type=\"page\">\n\t\t\t\t<div class=\"elementor-element elementor-element-7a8daa7 e-flex e-con-boxed e-con e-parent\" data-id=\"7a8daa7\" data-element_type=\"container\" data-e-type=\"container\" data-settings=\"{&quot;background_background&quot;:&quot;classic&quot;}\">\n\t\t\t\t\t<div class=\"e-con-inner\">\n\t\t<div class=\"elementor-element elementor-element-26be55b e-con-full e-flex e-con e-child\" data-id=\"26be55b\" data-element_type=\"container\" data-e-type=\"container\">\n\t\t\t\t<div class=\"elementor-element elementor-element-3278af1 elementor-widget elementor-widget-image\" data-id=\"3278af1\" data-element_type=\"widget\" data-e-type=\"widget\" data-widget_type=\"image.default\">\n\t\t\t\t<div class=\"elementor-widget-container\">\n\t\t\t\t\t\t\t\t\t\t\t\t\t\t\t<img fetchpriority=\"high\" decoding=\"async\" width=\"1280\" height=\"960\" src=\"https:\/\/shatranj.art\/wp-content\/uploads\/2026\/02\/Sahi_Cannon_at_Fort_Nelson_UK.jpg\" class=\"attachment-full size-full wp-image-1545\" alt=\"\" srcset=\"https:\/\/shatranj.art\/wp-content\/uploads\/2026\/02\/Sahi_Cannon_at_Fort_Nelson_UK.jpg 1280w, https:\/\/shatranj.art\/wp-content\/uploads\/2026\/02\/Sahi_Cannon_at_Fort_Nelson_UK-300x225.jpg 300w, https:\/\/shatranj.art\/wp-content\/uploads\/2026\/02\/Sahi_Cannon_at_Fort_Nelson_UK-1024x768.jpg 1024w, https:\/\/shatranj.art\/wp-content\/uploads\/2026\/02\/Sahi_Cannon_at_Fort_Nelson_UK-768x576.jpg 768w, https:\/\/shatranj.art\/wp-content\/uploads\/2026\/02\/Sahi_Cannon_at_Fort_Nelson_UK-16x12.jpg 16w\" sizes=\"(max-width: 1280px) 100vw, 1280px\" \/>\t\t\t\t\t\t\t\t\t\t\t\t\t\t\t<\/div>\n\t\t\t\t<\/div>\n\t\t\t\t<div class=\"elementor-element elementor-element-6723efb elementor-widget elementor-widget-text-editor\" data-id=\"6723efb\" data-element_type=\"widget\" data-e-type=\"widget\" data-widget_type=\"text-editor.default\">\n\t\t\t\t<div class=\"elementor-widget-container\">\n\t\t\t\t\t\t\t\t\t<h3><b>\u015eAH\u00ce kelimesinin k\u00f6kenleri ve satranc\u0131n evrimiyle ba\u011flant\u0131s\u0131\u00a0<\/b><\/h3><p>\u015eAH (\u015eAH) bir\u00e7ok Slav dilinde satran\u00e7 i\u00e7in kullan\u0131lan bir terimdir. Almanca \u201cschach\u201d, Frans\u0131zca \u201c\u00e9checs\u201d ve \u0130ngilizce \u201cchess\u201d kelimelerinin hepsi fonetik olarak \u201cshah\u201d kelimesinden t\u00fcretilmi\u015ftir. Bir s\u0131fat olarak \u201c\u015eAH\u00ce\u201d terimi kraliyet veya \u015faha \u00f6zg\u00fc anlam\u0131na gelir. Edebi metinlerde g\u00fc\u00e7l\u00fc ve g\u00f6rkemli anlam\u0131nda da kullan\u0131l\u0131r.<\/p><p>\u00a0<\/p><p>Macar m\u00fchendis Orban taraf\u0131ndan tasarlanan \u015eAH\u00ce topu, Fatih Sultan Mehmed'in y\u00f6netti\u011fi 1453 ku\u015fatmas\u0131 s\u0131ras\u0131nda Konstantinopolis'in devasa sur ve kulelerinin a\u015f\u0131lmas\u0131nda \u00f6nemli bir rol oynam\u0131\u015f ve ku\u015fatma sava\u015f\u0131nda devrim niteli\u011finde bir de\u011fi\u015fimi simgelemi\u015ftir.<\/p><p>\u00a0<\/p><p>\u0130stanbul'un fethinden \u00fc\u00e7 as\u0131r sonra, 1807'deki \u00c7anakkale harek\u00e2t\u0131 s\u0131ras\u0131nda, \u0130ngiliz gemilerine bir ba\u015fka as\u0131rl\u0131k \u015eAH\u00ce topu at\u0131lm\u0131\u015f ve \u00f6nemli kay\u0131plara neden olmu\u015ftur. Osmanl\u0131 Sultan\u0131 Abd\u00fclaziz bu topu 1866 y\u0131l\u0131nda Krali\u00e7e Victoria'ya hediye etmi\u015ftir. Yukar\u0131daki \u015eAH\u00ce topu foto\u011fraf\u0131 \u0130ngiltere'deki Fort Nelson'dan.<\/p><p>\u00a0<\/p><p>\u015eAH\u00ce ismi, kale ta\u015f\u0131n\u0131n farkl\u0131 dillerde sava\u015f arabas\u0131ndan kuleye, toptan gemiye evrimini sembolize eder ve satranc\u0131n evrimini yans\u0131t\u0131r.<\/p><p>\u00a0<\/p><p>\u015eAH\u00ce satran\u00e7 tak\u0131m\u0131, Massachusetts Institute of Technology satran\u00e7 tak\u0131m\u0131n\u0131n eski birinci oyuncusu ve deneyimli bir satran\u00e7 e\u011fitmeni olan Tamer Karatekin taraf\u0131ndan tasarlanm\u0131\u015ft\u0131r. Satranc\u0131n tarihini ve evrimini zarif bir \u015fekilde temsil eder ve hem e\u011fitim hem de turnuva kullan\u0131m\u0131 i\u00e7in haz\u0131rlanm\u0131\u015ft\u0131r. K\u00fclt\u00fcrel ve manevi a\u00e7\u0131dan kapsay\u0131c\u0131 olacak \u015fekilde tasarlanm\u0131\u015ft\u0131r. Prod\u00fcksiyon Massachusetts K\u00fclt\u00fcr Konseyi ve Avrupa Birli\u011fi Erasmus+ Gen\u00e7lik program\u0131ndan sa\u011flanan hibelerle desteklenmi\u015ftir.<\/p><p>\u00a0<\/p><p>\u015eAH\u00ce tasar\u0131m hikayesi hakk\u0131nda daha fazla bilgi i\u00e7in:\u00a0 \u00a0<a href=\"http:\/\/www.shahimasterset.com\/\">www.shahimasterset.com<\/a><\/p><p>Ayr\u0131ca, ilgili projelerimize de g\u00f6z at\u0131n:<br \/>Satran\u00e7 tabanl\u0131 yapay zeka m\u00fcfredat\u0131: <a href=\"http:\/\/www.shatranj.ai\/\">shatranj.ai<\/a><\/p><p>Tarihi ak\u0131l oyunlar\u0131 sergisi: <a href=\"https:\/\/shatranj.art\/tr\/\">shatranj.art<\/a><\/p>\t\t\t\t\t\t\t\t<\/div>\n\t\t\t\t<\/div>\n\t\t\t\t<div class=\"elementor-element elementor-element-7946825 elementor-widget elementor-widget-image\" data-id=\"7946825\" data-element_type=\"widget\" data-e-type=\"widget\" data-widget_type=\"image.default\">\n\t\t\t\t<div class=\"elementor-widget-container\">\n\t\t\t\t\t\t\t\t\t\t\t\t\t\t\t<img decoding=\"async\" width=\"559\" height=\"397\" src=\"https:\/\/shatranj.art\/wp-content\/uploads\/2026\/02\/shahi-engish-brochure-A6-page1.png\" class=\"attachment-full size-full wp-image-1548\" alt=\"\" srcset=\"https:\/\/shatranj.art\/wp-content\/uploads\/2026\/02\/shahi-engish-brochure-A6-page1.png 559w, https:\/\/shatranj.art\/wp-content\/uploads\/2026\/02\/shahi-engish-brochure-A6-page1-300x213.png 300w, https:\/\/shatranj.art\/wp-content\/uploads\/2026\/02\/shahi-engish-brochure-A6-page1-18x12.png 18w\" sizes=\"(max-width: 559px) 100vw, 559px\" \/>\t\t\t\t\t\t\t\t\t\t\t\t\t\t\t<\/div>\n\t\t\t\t<\/div>\n\t\t\t\t<\/div>\n\t\t\t\t\t<\/div>\n\t\t\t\t<\/div>\n\t\t\t\t<\/div>","protected":false},"excerpt":{"rendered":"<p>The origins of the \u015eAH\u00ce\u00a0 word and its connection to the evolution of chess\u00a0 SHAH (\u015eAH) is a term used in many Slavic languages for chess. The German word &#8220;schach,&#8221; French &#8220;\u00e9checs,&#8221; and English &#8220;chess&#8221; are all phonetically derived from the word &#8220;shah.&#8221; The term &#8220;\u015eAH\u00ce&#8221; as an adjective means royal or specific to the [&hellip;]<\/p>\n","protected":false},"author":1,"featured_media":0,"parent":743,"menu_order":0,"comment_status":"closed","ping_status":"closed","template":"","meta":{"footnotes":""},"class_list":["post-1543","page","type-page","status-publish","hentry"],"_links":{"self":[{"href":"https:\/\/shatranj.art\/tr\/wp-json\/wp\/v2\/pages\/1543","targetHints":{"allow":["GET"]}}],"collection":[{"href":"https:\/\/shatranj.art\/tr\/wp-json\/wp\/v2\/pages"}],"about":[{"href":"https:\/\/shatranj.art\/tr\/wp-json\/wp\/v2\/types\/page"}],"author":[{"embeddable":true,"href":"https:\/\/shatranj.art\/tr\/wp-json\/wp\/v2\/users\/1"}],"replies":[{"embeddable":true,"href":"https:\/\/shatranj.art\/tr\/wp-json\/wp\/v2\/comments?post=1543"}],"version-history":[{"count":10,"href":"https:\/\/shatranj.art\/tr\/wp-json\/wp\/v2\/pages\/1543\/revisions"}],"predecessor-version":[{"id":1557,"href":"https:\/\/shatranj.art\/tr\/wp-json\/wp\/v2\/pages\/1543\/revisions\/1557"}],"up":[{"embeddable":true,"href":"https:\/\/shatranj.art\/tr\/wp-json\/wp\/v2\/pages\/743"}],"wp:attachment":[{"href":"https:\/\/shatranj.art\/tr\/wp-json\/wp\/v2\/media?parent=1543"}],"curies":[{"name":"wp","href":"https:\/\/api.w.org\/{rel}","templated":true}]}}