{"id":788,"date":"2026-02-21T17:52:41","date_gmt":"2026-02-21T17:52:41","guid":{"rendered":"https:\/\/shatranj.art\/?page_id=788"},"modified":"2026-02-23T08:09:25","modified_gmt":"2026-02-23T08:09:25","slug":"poster-5","status":"publish","type":"page","link":"https:\/\/shatranj.art\/tr\/exhibit\/poster-5\/","title":{"rendered":"poster 5"},"content":{"rendered":"<div data-elementor-type=\"wp-page\" data-elementor-id=\"788\" class=\"elementor elementor-788\" data-elementor-post-type=\"page\">\n\t\t\t\t<div class=\"elementor-element elementor-element-392e0f4 e-flex e-con-boxed e-con e-parent\" data-id=\"392e0f4\" data-element_type=\"container\" data-e-type=\"container\" data-settings=\"{&quot;background_background&quot;:&quot;classic&quot;}\">\n\t\t\t\t\t<div class=\"e-con-inner\">\n\t\t<div class=\"elementor-element elementor-element-7cea5b8 e-con-full e-flex e-con e-child\" data-id=\"7cea5b8\" data-element_type=\"container\" data-e-type=\"container\">\n\t\t\t\t<div class=\"elementor-element elementor-element-022fe27 elementor-widget elementor-widget-image\" data-id=\"022fe27\" data-element_type=\"widget\" data-e-type=\"widget\" data-widget_type=\"image.default\">\n\t\t\t\t<div class=\"elementor-widget-container\">\n\t\t\t\t\t\t\t\t\t\t\t\t\t\t\t<img fetchpriority=\"high\" decoding=\"async\" width=\"800\" height=\"667\" src=\"https:\/\/shatranj.art\/wp-content\/uploads\/2026\/02\/22-1024x854.jpg\" class=\"attachment-large size-large wp-image-1004\" alt=\"\" srcset=\"https:\/\/shatranj.art\/wp-content\/uploads\/2026\/02\/22-1024x854.jpg 1024w, https:\/\/shatranj.art\/wp-content\/uploads\/2026\/02\/22-300x250.jpg 300w, https:\/\/shatranj.art\/wp-content\/uploads\/2026\/02\/22-768x640.jpg 768w, https:\/\/shatranj.art\/wp-content\/uploads\/2026\/02\/22-1536x1280.jpg 1536w, https:\/\/shatranj.art\/wp-content\/uploads\/2026\/02\/22-2048x1707.jpg 2048w\" sizes=\"(max-width: 800px) 100vw, 800px\" \/>\t\t\t\t\t\t\t\t\t\t\t\t\t\t\t<\/div>\n\t\t\t\t<\/div>\n\t\t\t\t<div class=\"elementor-element elementor-element-883ad20 elementor-widget elementor-widget-text-editor\" data-id=\"883ad20\" data-element_type=\"widget\" data-e-type=\"widget\" data-widget_type=\"text-editor.default\">\n\t\t\t\t<div class=\"elementor-widget-container\">\n\t\t\t\t\t\t\t\t\t<h3><b>Ludus Duodecim Scriptorum: Tavlan\u0131n Roma Miras\u0131<\/b><\/h3><p>On \u0130ki \u0130\u015faretin Gizemi Latince \u201cOn \u0130ki \u0130\u015faret Oyunu\u201d anlam\u0131na gelen Ludus Duodecim Scriptorum, Roma \u0130mparatorlu\u011fu'nda askeri k\u0131\u015flalardan imparatorluk saraylar\u0131na kadar yayg\u0131n olarak oynanan bir strateji ve \u015fans oyunuydu. Efes antik kentinin mermer zeminlerine, \u00f6zellikle de Celsus K\u00fct\u00fcphanesi'nin basamaklar\u0131na kaz\u0131nm\u0131\u015f \u00f6rnekler, bu oyunun Roma g\u00fcnl\u00fck ya\u015fam\u0131ndaki merkezi rol\u00fcn\u00fc belgelemektedir. Her biri 12 i\u015faretli \u00fc\u00e7 s\u0131radan olu\u015fan bir tahtaya sahip olan oyun, \u00fc\u00e7 zar kullanarak ta\u015flar\u0131 ana b\u00f6lgeye ta\u015f\u0131ma yar\u0131\u015f\u0131n\u0131 temsil eder.<\/p><p>\u00a0<\/p><p><b>Tavlan\u0131n Atas\u0131<\/b> <span style=\"font-weight: 400;\"><br \/><\/span>Y\u00fczy\u0131llar boyunca, kurallar\u0131n\u0131n basitle\u015ftirilmesi ve iki s\u0131ral\u0131 bir formata ge\u00e7i\u015f, modern Tavla'n\u0131n do\u011frudan \u00f6nc\u00fcl\u00fc olan Tabula olarak bilinen oyunun ortaya \u00e7\u0131kmas\u0131na neden oldu. Ludus Duodecim Scriptorum sadece bir e\u011flence de\u011fil; antik zihnin matematiksel olas\u0131l\u0131k, risk y\u00f6netimi ve kadere kar\u015f\u0131 ebedi m\u00fccadele aray\u0131\u015f\u0131n\u0131n ta\u015fa kaz\u0131nm\u0131\u015f bir vasiyetidir.<\/p>\t\t\t\t\t\t\t\t<\/div>\n\t\t\t\t<\/div>\n\t\t\t\t<\/div>\n\t\t\t\t\t<\/div>\n\t\t\t\t<\/div>\n\t\t\t\t<\/div>","protected":false},"excerpt":{"rendered":"<p>Ludus Duodecim Scriptorum: The Roman Heritage of Backgammon The Mystery of the Twelve Markings Meaning &#8220;The Game of Twelve Markings&#8221; in Latin, Ludus Duodecim Scriptorum was a widely played strategy and chance game throughout the Roman Empire, from military barracks to imperial palaces. Examples etched into the marble floors of the ancient city of Ephesus [&hellip;]<\/p>\n","protected":false},"author":1,"featured_media":0,"parent":743,"menu_order":0,"comment_status":"closed","ping_status":"closed","template":"","meta":{"footnotes":""},"class_list":["post-788","page","type-page","status-publish","hentry"],"_links":{"self":[{"href":"https:\/\/shatranj.art\/tr\/wp-json\/wp\/v2\/pages\/788","targetHints":{"allow":["GET"]}}],"collection":[{"href":"https:\/\/shatranj.art\/tr\/wp-json\/wp\/v2\/pages"}],"about":[{"href":"https:\/\/shatranj.art\/tr\/wp-json\/wp\/v2\/types\/page"}],"author":[{"embeddable":true,"href":"https:\/\/shatranj.art\/tr\/wp-json\/wp\/v2\/users\/1"}],"replies":[{"embeddable":true,"href":"https:\/\/shatranj.art\/tr\/wp-json\/wp\/v2\/comments?post=788"}],"version-history":[{"count":19,"href":"https:\/\/shatranj.art\/tr\/wp-json\/wp\/v2\/pages\/788\/revisions"}],"predecessor-version":[{"id":1301,"href":"https:\/\/shatranj.art\/tr\/wp-json\/wp\/v2\/pages\/788\/revisions\/1301"}],"up":[{"embeddable":true,"href":"https:\/\/shatranj.art\/tr\/wp-json\/wp\/v2\/pages\/743"}],"wp:attachment":[{"href":"https:\/\/shatranj.art\/tr\/wp-json\/wp\/v2\/media?parent=788"}],"curies":[{"name":"wp","href":"https:\/\/api.w.org\/{rel}","templated":true}]}}