{"id":817,"date":"2026-02-21T20:02:15","date_gmt":"2026-02-21T20:02:15","guid":{"rendered":"https:\/\/shatranj.art\/?page_id=817"},"modified":"2026-02-24T06:26:33","modified_gmt":"2026-02-24T06:26:33","slug":"poster-8","status":"publish","type":"page","link":"https:\/\/shatranj.art\/tr\/exhibit\/poster-8\/","title":{"rendered":"poster 8"},"content":{"rendered":"<div data-elementor-type=\"wp-page\" data-elementor-id=\"817\" class=\"elementor elementor-817\" data-elementor-post-type=\"page\">\n\t\t\t\t<div class=\"elementor-element elementor-element-3be2f38 e-flex e-con-boxed e-con e-parent\" data-id=\"3be2f38\" data-element_type=\"container\" data-e-type=\"container\" data-settings=\"{&quot;background_background&quot;:&quot;classic&quot;}\">\n\t\t\t\t\t<div class=\"e-con-inner\">\n\t\t\t\t<div class=\"elementor-element elementor-element-18ff8b2 elementor-widget elementor-widget-image\" data-id=\"18ff8b2\" data-element_type=\"widget\" data-e-type=\"widget\" data-widget_type=\"image.default\">\n\t\t\t\t<div class=\"elementor-widget-container\">\n\t\t\t\t\t\t\t\t\t\t\t\t\t\t\t<img fetchpriority=\"high\" decoding=\"async\" width=\"480\" height=\"321\" src=\"https:\/\/shatranj.art\/wp-content\/uploads\/2026\/02\/bobby-fischer-dubrovnik.jpg\" class=\"attachment-full size-full wp-image-1458\" alt=\"\" srcset=\"https:\/\/shatranj.art\/wp-content\/uploads\/2026\/02\/bobby-fischer-dubrovnik.jpg 480w, https:\/\/shatranj.art\/wp-content\/uploads\/2026\/02\/bobby-fischer-dubrovnik-300x201.jpg 300w, https:\/\/shatranj.art\/wp-content\/uploads\/2026\/02\/bobby-fischer-dubrovnik-18x12.jpg 18w\" sizes=\"(max-width: 480px) 100vw, 480px\" \/>\t\t\t\t\t\t\t\t\t\t\t\t\t\t\t<\/div>\n\t\t\t\t<\/div>\n\t\t\t\t<div class=\"elementor-element elementor-element-cec26d3 elementor-widget elementor-widget-image\" data-id=\"cec26d3\" data-element_type=\"widget\" data-e-type=\"widget\" data-widget_type=\"image.default\">\n\t\t\t\t<div class=\"elementor-widget-container\">\n\t\t\t\t\t\t\t\t\t\t\t\t\t\t\t<img decoding=\"async\" width=\"964\" height=\"582\" src=\"https:\/\/shatranj.art\/wp-content\/uploads\/2026\/02\/8.png\" class=\"attachment-full size-full wp-image-820\" alt=\"\" srcset=\"https:\/\/shatranj.art\/wp-content\/uploads\/2026\/02\/8.png 964w, https:\/\/shatranj.art\/wp-content\/uploads\/2026\/02\/8-300x181.png 300w, https:\/\/shatranj.art\/wp-content\/uploads\/2026\/02\/8-768x464.png 768w\" sizes=\"(max-width: 964px) 100vw, 964px\" \/>\t\t\t\t\t\t\t\t\t\t\t\t\t\t\t<\/div>\n\t\t\t\t<\/div>\n\t\t\t\t<div class=\"elementor-element elementor-element-411e3a4 elementor-widget__width-initial elementor-widget elementor-widget-text-editor\" data-id=\"411e3a4\" data-element_type=\"widget\" data-e-type=\"widget\" data-widget_type=\"text-editor.default\">\n\t\t\t\t<div class=\"elementor-widget-container\">\n\t\t\t\t\t\t\t\t\t<p><b>\u0130deolojilerin \u00d6tesinde: 1950 Dubrovnik Seti<\/b><\/p><p>1950'de Yugoslavya'da d\u00fczenlenen 9. Satran\u00e7 Olimpiyat\u0131 i\u00e7in \u00f6zel olarak tasarlanan bu set, satran\u00e7 tarihinin en radikal tasar\u0131m devrimlerinden birini temsil ediyor. Karada\u011fl\u0131 ressam ve heykelt\u0131ra\u015f Petar Po\u010dek taraf\u0131ndan tasarlanan set, \u0130kinci D\u00fcnya Sava\u015f\u0131'n\u0131n ard\u0131ndan oyunun birle\u015ftirici g\u00fcc\u00fc arac\u0131l\u0131\u011f\u0131yla d\u00fcnyay\u0131 yeniden bir araya getirmeyi ama\u00e7l\u0131yordu. Bu ama\u00e7 do\u011frultusunda, t\u00fcm dini semboller bilin\u00e7li olarak kald\u0131r\u0131lm\u0131\u015ft\u0131r: \u015eah\u0131n tepesindeki geleneksel ha\u00e7\u0131n yerini basit bir k\u00fcre alm\u0131\u015f ve Filin \u00fczerindeki bir din adam\u0131n\u0131n g\u00f6nyesini simgeleyen \u00e7entik ortadan kald\u0131r\u0131lm\u0131\u015ft\u0131r.<\/p><p>Bu \u201csek\u00fcler\u201d ve kapsay\u0131c\u0131 tasar\u0131m, satranc\u0131 belirli inan\u00e7lar\u0131n sembol\u00fc olmaktan \u00e7\u0131kar\u0131p evrensel bir sanat eserine d\u00f6n\u00fc\u015ft\u00fcrd\u00fc. Bobby Fischer taraf\u0131ndan \u201c\u015fimdiye kadar oynad\u0131\u011f\u0131m en iyi satran\u00e7 tak\u0131m\u0131\u201d olarak an\u0131lan ve 1992'de Spassky'ye kar\u015f\u0131 oynad\u0131\u011f\u0131 tarihi r\u00f6van\u015f ma\u00e7\u0131nda kullan\u0131lmas\u0131nda \u0131srar etti\u011fi bu tasar\u0131m, bar\u0131\u015f\u00e7\u0131l ve modern bir gelecek i\u00e7in derin bir estetik i\u015f\u00e7ilik vaadi olarak duruyor.<\/p>\t\t\t\t\t\t\t\t<\/div>\n\t\t\t\t<\/div>\n\t\t<div class=\"elementor-element elementor-element-8bffdfb e-con-full e-flex e-con e-child\" data-id=\"8bffdfb\" data-element_type=\"container\" data-e-type=\"container\">\n\t\t\t\t<div class=\"elementor-element elementor-element-e67be09 elementor-widget__width-initial elementor-widget elementor-widget-image\" data-id=\"e67be09\" data-element_type=\"widget\" data-e-type=\"widget\" data-widget_type=\"image.default\">\n\t\t\t\t<div class=\"elementor-widget-container\">\n\t\t\t\t\t\t\t\t\t\t\t\t\t\t\t<img decoding=\"async\" width=\"1028\" height=\"817\" src=\"https:\/\/shatranj.art\/wp-content\/uploads\/2026\/02\/8.jpg\" class=\"attachment-full size-full wp-image-821\" alt=\"\" srcset=\"https:\/\/shatranj.art\/wp-content\/uploads\/2026\/02\/8.jpg 1028w, https:\/\/shatranj.art\/wp-content\/uploads\/2026\/02\/8-300x238.jpg 300w, https:\/\/shatranj.art\/wp-content\/uploads\/2026\/02\/8-1024x814.jpg 1024w, https:\/\/shatranj.art\/wp-content\/uploads\/2026\/02\/8-768x610.jpg 768w\" sizes=\"(max-width: 1028px) 100vw, 1028px\" \/>\t\t\t\t\t\t\t\t\t\t\t\t\t\t\t<\/div>\n\t\t\t\t<\/div>\n\t\t\t\t<div class=\"elementor-element elementor-element-f215331 elementor-widget__width-initial elementor-widget elementor-widget-text-editor\" data-id=\"f215331\" data-element_type=\"widget\" data-e-type=\"widget\" data-widget_type=\"text-editor.default\">\n\t\t\t\t<div class=\"elementor-widget-container\">\n\t\t\t\t\t\t\t\t\t<p><b>S\u0131n\u0131rlar\u0131 A\u015fan Bir Tutku: Subotica'n\u0131n Satran\u00e7 Miras\u0131<\/b><\/p><p>S\u0131n\u0131r kasabas\u0131 Subotica'da hayata ge\u00e7irilen ve efsanevi Subozan at\u00f6lyelerinde \u00fcretilen bu set, Yugoslavya'n\u0131n satran\u00e7 d\u00fcnyas\u0131ndaki alt\u0131n \u00e7a\u011f\u0131n\u0131n g\u00fc\u00e7l\u00fc bir sembol\u00fc olarak duruyor. Bu ta\u015flar, satranc\u0131n her evde, okulda ve halka a\u00e7\u0131k parkta bulunan ger\u00e7ek bir halk k\u00fclt\u00fcr\u00fc olarak k\u00f6k sald\u0131\u011f\u0131 bir d\u00f6nemi temsil ediyor. Balkan i\u015f\u00e7ili\u011finin sade, dayan\u0131kl\u0131 ve a\u011f\u0131rba\u015fl\u0131 esteti\u011fini ta\u015f\u0131yan bu ta\u015flar, satranc\u0131n nas\u0131l elit bir u\u011fra\u015ftan toplumun t\u00fcm katmanlar\u0131n\u0131 birle\u015ftiren ortak bir sosyal dile d\u00f6n\u00fc\u015ft\u00fc\u011f\u00fcn\u00fcn hikayesini anlat\u0131yor. Subotica seti, sanat ve stratejinin bulu\u015ftu\u011fu zamans\u0131z bir k\u00fclt\u00fcrel k\u00f6pr\u00fc olmaya devam ediyor.<\/p>\t\t\t\t\t\t\t\t<\/div>\n\t\t\t\t<\/div>\n\t\t\t\t<\/div>\n\t\t\t\t\t<\/div>\n\t\t\t\t<\/div>\n\t\t\t\t<\/div>","protected":false},"excerpt":{"rendered":"<p>Beyond Ideologies: The 1950 Dubrovnik Set Specially created for the 9th Chess Olympiad in 1950 in Yugoslavia, this set represents one of the most radical design revolutions in chess history. Designed by Montenegrin painter and sculptor Petar Po\u010dek, the set aimed to reunite the world through the unifying power of play following the Second World [&hellip;]<\/p>\n","protected":false},"author":1,"featured_media":0,"parent":743,"menu_order":0,"comment_status":"closed","ping_status":"closed","template":"","meta":{"footnotes":""},"class_list":["post-817","page","type-page","status-publish","hentry"],"_links":{"self":[{"href":"https:\/\/shatranj.art\/tr\/wp-json\/wp\/v2\/pages\/817","targetHints":{"allow":["GET"]}}],"collection":[{"href":"https:\/\/shatranj.art\/tr\/wp-json\/wp\/v2\/pages"}],"about":[{"href":"https:\/\/shatranj.art\/tr\/wp-json\/wp\/v2\/types\/page"}],"author":[{"embeddable":true,"href":"https:\/\/shatranj.art\/tr\/wp-json\/wp\/v2\/users\/1"}],"replies":[{"embeddable":true,"href":"https:\/\/shatranj.art\/tr\/wp-json\/wp\/v2\/comments?post=817"}],"version-history":[{"count":13,"href":"https:\/\/shatranj.art\/tr\/wp-json\/wp\/v2\/pages\/817\/revisions"}],"predecessor-version":[{"id":1461,"href":"https:\/\/shatranj.art\/tr\/wp-json\/wp\/v2\/pages\/817\/revisions\/1461"}],"up":[{"embeddable":true,"href":"https:\/\/shatranj.art\/tr\/wp-json\/wp\/v2\/pages\/743"}],"wp:attachment":[{"href":"https:\/\/shatranj.art\/tr\/wp-json\/wp\/v2\/media?parent=817"}],"curies":[{"name":"wp","href":"https:\/\/api.w.org\/{rel}","templated":true}]}}