{"id":936,"date":"2026-02-22T10:03:32","date_gmt":"2026-02-22T10:03:32","guid":{"rendered":"https:\/\/shatranj.art\/?page_id=936"},"modified":"2026-02-23T08:46:38","modified_gmt":"2026-02-23T08:46:38","slug":"poster-14","status":"publish","type":"page","link":"https:\/\/shatranj.art\/tr\/exhibit\/poster-14\/","title":{"rendered":"poster 14"},"content":{"rendered":"<div data-elementor-type=\"wp-page\" data-elementor-id=\"936\" class=\"elementor elementor-936\" data-elementor-post-type=\"page\">\n\t\t\t\t<div class=\"elementor-element elementor-element-c355192 e-flex e-con-boxed e-con e-parent\" data-id=\"c355192\" data-element_type=\"container\" data-e-type=\"container\" data-settings=\"{&quot;background_background&quot;:&quot;classic&quot;}\">\n\t\t\t\t\t<div class=\"e-con-inner\">\n\t\t<div class=\"elementor-element elementor-element-5bf7f96 e-con-full e-flex e-con e-child\" data-id=\"5bf7f96\" data-element_type=\"container\" data-e-type=\"container\">\n\t\t\t\t<div class=\"elementor-element elementor-element-82eab3c elementor-widget__width-initial elementor-widget-mobile__width-inherit elementor-widget elementor-widget-image\" data-id=\"82eab3c\" data-element_type=\"widget\" data-e-type=\"widget\" data-widget_type=\"image.default\">\n\t\t\t\t<div class=\"elementor-widget-container\">\n\t\t\t\t\t\t\t\t\t\t\t\t\t\t\t<img fetchpriority=\"high\" decoding=\"async\" width=\"768\" height=\"1024\" src=\"https:\/\/shatranj.art\/wp-content\/uploads\/2026\/02\/14-768x1024.jpg\" class=\"attachment-large size-large wp-image-939\" alt=\"\" srcset=\"https:\/\/shatranj.art\/wp-content\/uploads\/2026\/02\/14-768x1024.jpg 768w, https:\/\/shatranj.art\/wp-content\/uploads\/2026\/02\/14-225x300.jpg 225w, https:\/\/shatranj.art\/wp-content\/uploads\/2026\/02\/14-1152x1536.jpg 1152w, https:\/\/shatranj.art\/wp-content\/uploads\/2026\/02\/14-1536x2048.jpg 1536w, https:\/\/shatranj.art\/wp-content\/uploads\/2026\/02\/14-scaled.jpg 1920w\" sizes=\"(max-width: 768px) 100vw, 768px\" \/>\t\t\t\t\t\t\t\t\t\t\t\t\t\t\t<\/div>\n\t\t\t\t<\/div>\n\t\t\t\t<div class=\"elementor-element elementor-element-f30dc26 elementor-widget__width-initial elementor-widget elementor-widget-text-editor\" data-id=\"f30dc26\" data-element_type=\"widget\" data-e-type=\"widget\" data-widget_type=\"text-editor.default\">\n\t\t\t\t<div class=\"elementor-widget-container\">\n\t\t\t\t\t\t\t\t\t<p><strong>Bir Gorganit Aristokrat\u0131n\u0131n Entelekt\u00fcel Miras\u0131<\/strong><\/p><p>\u00a0<\/p><p>Al-Suli sadece \u00e7a\u011f\u0131n\u0131n \u00f6nde gelen satran\u00e7 ustas\u0131 de\u011fildi; Abbasi Halifelerinin \u201cnadim \u201di (saray arkada\u015f\u0131), saray tarih\u00e7isi ve keskin zek\u00e2l\u0131 bir \u015fairdi. MS 870 civar\u0131nda Gorgan'da do\u011fdu, soyu, dedesi T\u00fcrk prensi Sul tekin'in bir zamanlar h\u00fck\u00fcm s\u00fcrd\u00fc\u011f\u00fc Dehistan bozk\u0131rlar\u0131ndaki m\u00fcstahkem Sul Kalesi'ne kadar uzan\u0131yordu. Bu asil miras bug\u00fcn T\u00fcrkmenistan'\u0131n ba\u015fkenti A\u015fkabat'taki Ba\u011f\u0131ms\u0131zl\u0131k An\u0131t\u0131'nda bir heykelle an\u0131lmaktad\u0131r.<\/p><p>\u00a0<\/p><p>Satran\u00e7ta ula\u015f\u0131labilecek en y\u00fcksek unvan olan \u201cAliya\u201d r\u00fctbesine sahip olan Al-Suli, oyunu yap\u0131land\u0131r\u0131lm\u0131\u015f bilimsel bir mimariye d\u00f6n\u00fc\u015ft\u00fcrd\u00fc. \u00c7\u0131\u011f\u0131r a\u00e7an eseri Kitab al-Shatranj'da, a\u00e7\u0131l\u0131\u015f formasyonlar\u0131n\u0131 (tabiyas) ve oyun sonu stratejilerini (mansubas) sistematik olarak belgeleyen ilk ki\u015fi oldu. Olu\u015fturdu\u011fu teorik \u00e7er\u00e7eve, modern satran\u00e7 kurallar\u0131n\u0131n ortaya \u00e7\u0131k\u0131\u015f\u0131na kadar y\u00fczy\u0131llar boyunca ustal\u0131k i\u00e7in kesin bir \u00f6l\u00e7\u00fct ve birincil referans kayna\u011f\u0131 olarak kald\u0131.<\/p>\t\t\t\t\t\t\t\t<\/div>\n\t\t\t\t<\/div>\n\t\t<div class=\"elementor-element elementor-element-8f27e89 e-con-full e-flex e-con e-child\" data-id=\"8f27e89\" data-element_type=\"container\" data-e-type=\"container\">\n\t\t\t\t<div class=\"elementor-element elementor-element-374a727 elementor-widget-mobile__width-inherit elementor-widget elementor-widget-image\" data-id=\"374a727\" data-element_type=\"widget\" data-e-type=\"widget\" data-widget_type=\"image.default\">\n\t\t\t\t<div class=\"elementor-widget-container\">\n\t\t\t\t\t\t\t\t\t\t\t\t\t\t\t<img decoding=\"async\" width=\"800\" height=\"457\" src=\"https:\/\/shatranj.art\/wp-content\/uploads\/2026\/02\/14-1-1024x585.jpg\" class=\"attachment-large size-large wp-image-940\" alt=\"\" srcset=\"https:\/\/shatranj.art\/wp-content\/uploads\/2026\/02\/14-1-1024x585.jpg 1024w, https:\/\/shatranj.art\/wp-content\/uploads\/2026\/02\/14-1-300x171.jpg 300w, https:\/\/shatranj.art\/wp-content\/uploads\/2026\/02\/14-1-768x439.jpg 768w, https:\/\/shatranj.art\/wp-content\/uploads\/2026\/02\/14-1-1536x877.jpg 1536w, https:\/\/shatranj.art\/wp-content\/uploads\/2026\/02\/14-1-2048x1170.jpg 2048w\" sizes=\"(max-width: 800px) 100vw, 800px\" \/>\t\t\t\t\t\t\t\t\t\t\t\t\t\t\t<\/div>\n\t\t\t\t<\/div>\n\t\t\t\t<div class=\"elementor-element elementor-element-118c953 elementor-widget-mobile__width-inherit elementor-widget elementor-widget-image\" data-id=\"118c953\" data-element_type=\"widget\" data-e-type=\"widget\" data-widget_type=\"image.default\">\n\t\t\t\t<div class=\"elementor-widget-container\">\n\t\t\t\t\t\t\t\t\t\t\t\t\t\t\t<img decoding=\"async\" width=\"800\" height=\"488\" src=\"https:\/\/shatranj.art\/wp-content\/uploads\/2026\/02\/14-2-1024x624.jpg\" class=\"attachment-large size-large wp-image-941\" alt=\"\" srcset=\"https:\/\/shatranj.art\/wp-content\/uploads\/2026\/02\/14-2-1024x624.jpg 1024w, https:\/\/shatranj.art\/wp-content\/uploads\/2026\/02\/14-2-300x183.jpg 300w, https:\/\/shatranj.art\/wp-content\/uploads\/2026\/02\/14-2-768x468.jpg 768w, https:\/\/shatranj.art\/wp-content\/uploads\/2026\/02\/14-2-1536x936.jpg 1536w, https:\/\/shatranj.art\/wp-content\/uploads\/2026\/02\/14-2-2048x1249.jpg 2048w\" sizes=\"(max-width: 800px) 100vw, 800px\" \/>\t\t\t\t\t\t\t\t\t\t\t\t\t\t\t<\/div>\n\t\t\t\t<\/div>\n\t\t\t\t<\/div>\n\t\t\t\t<div class=\"elementor-element elementor-element-bbcc28f elementor-widget__width-initial elementor-widget elementor-widget-text-editor\" data-id=\"bbcc28f\" data-element_type=\"widget\" data-e-type=\"widget\" data-widget_type=\"text-editor.default\">\n\t\t\t\t<div class=\"elementor-widget-container\">\n\t\t\t\t\t\t\t\t\t<p><b>Suli'nin Elmas\u0131: Stratejinin Milenyum Boyunca \u201c\u00c7\u00f6z\u00fclemeyen\u201d Zirvesi<\/b><\/p><p>\u00a0<\/p><p>10. y\u00fczy\u0131lda Gorganl\u0131 usta Ebu Bekir bin Yahya el-Suli taraf\u0131ndan bestelenen \u201cElmas\u201d satran\u00e7 tarihinin en efsanevi ve en \u00e7ok tart\u0131\u015f\u0131lan bilmecesidir. Her iki taraf i\u00e7in de sadece bir \u015eah ve bir Ferz (Vezir'in tarihsel \u00f6nc\u00fcl\u00fc) i\u00e7eren bir oyun sonu olan bu kompozisyon, mutlak basitli\u011fine ra\u011fmen tam bin y\u0131l boyunca satran\u00e7 d\u00fcnyas\u0131n\u0131n \u201c\u00e7\u00f6z\u00fclemez\u201d Everest'i olarak kalm\u0131\u015ft\u0131r. Al-Suli'nin bu muhte\u015fem eseri, tarihi satranc\u0131n s\u0131n\u0131rlar\u0131n\u0131 zorlayan \u00fcst\u00fcn bir manevra sanat\u0131d\u0131r.<\/p><p>\u00a0<\/p><p><strong>S\u00fcleymaniye El Yazmas\u0131ndaki S\u0131r<\/strong><\/p><p>\u00a0<\/p><p>Bu muamman\u0131n en \u00f6nemli kayd\u0131, \u0130stanbul'daki S\u00fcleymaniye K\u00fct\u00fcphanesi'nde muhafaza edilen Kitab Ash-Shatranj n\u00fcshas\u0131nda bulunmaktad\u0131r. Bu \u00f6zel el yazmas\u0131n\u0131n sayfalar\u0131 sa\u011flam olsa da, baz\u0131 pozisyonlar\u0131n ve hamlelerin orijinal kaynaktan yanl\u0131\u015f veya eksik aktar\u0131ld\u0131\u011f\u0131 a\u00e7\u0131kt\u0131r. Yine de, bu tarihi yaz\u0131m hatalar\u0131na ra\u011fmen, metinde sunulan k\u0131smi \u00e7\u00f6z\u00fcm, 20. y\u00fczy\u0131lda B\u00fcy\u00fck Usta Yuri Averbakh taraf\u0131ndan y\u00fcr\u00fct\u00fclen derin analitik \u00e7al\u0131\u015fma ile m\u00fckemmel bir uyum i\u00e7indedir. Al-Suli, ustal\u0131\u011f\u0131n\u0131n ayr\u0131cal\u0131\u011f\u0131n\u0131 bu meydan okuyan iddia ile \u00f6l\u00fcms\u00fczle\u015ftirmi\u015ftir:<\/p><p>\u201cBenim talimat verdiklerim d\u0131\u015f\u0131nda kimse onu \u00e7\u00f6zemez.\u201d<\/p><p>\u00a0<\/p><p><strong>Algoritmalar\u0131n Zaferi:<\/strong> <strong>shatranj.ai<\/strong><\/p><p>\u00a0<\/p><p>\u0130nsan zihnini bin y\u0131l boyunca hayretler i\u00e7inde b\u0131rakan \u201cElmas\u201d, dijital \u00e7a\u011f\u0131n g\u00fcc\u00fcyle art\u0131k tamamen ayd\u0131nlat\u0131ld\u0131. shatranj.ai projesi kapsam\u0131nda, dinamik programlama y\u00f6ntemleri ve \u201chash\u201d (transpozisyon tablosu) \u00f6zelli\u011fi etkinle\u015ftirilmi\u015f modern algoritmalar kullan\u0131larak, bu dahiyane kompozisyonun her varyasyonu matematiksel olarak \u00e7\u00f6z\u00fcld\u00fc. S\u00fcleymaniye el yazmalar\u0131n\u0131n sat\u0131rlar\u0131ndan modern koda uzanan bu yolculuk, bir zamanlar \u00fcstad\u0131n se\u00e7ilmi\u015f \u00f6\u011frencilerine mahsus olan\u0131n art\u0131k saf mant\u0131k diliyle anla\u015f\u0131labilece\u011fini kan\u0131tlayan Al-Suli'nin zamans\u0131z stratejik dehas\u0131n\u0131n nihai do\u011frulanmas\u0131d\u0131r.<\/p>\t\t\t\t\t\t\t\t<\/div>\n\t\t\t\t<\/div>\n\t\t\t\t<\/div>\n\t\t\t\t\t<\/div>\n\t\t\t\t<\/div>\n\t\t\t\t<\/div>","protected":false},"excerpt":{"rendered":"<p>The Intellectual Legacy of a Gorganite Aristocrat \u00a0 Al-Suli was not merely the preeminent chess master of his age; he was a &#8220;nadim&#8221; (court companion) to Abbasid Caliphs, a palace historian, and a sharp-witted poet. Born in Gorgan around 870 AD, his lineage traces back to the fortified Fortress of Sul in the Dehistan steppes, [&hellip;]<\/p>\n","protected":false},"author":1,"featured_media":0,"parent":743,"menu_order":0,"comment_status":"closed","ping_status":"closed","template":"","meta":{"footnotes":""},"class_list":["post-936","page","type-page","status-publish","hentry"],"_links":{"self":[{"href":"https:\/\/shatranj.art\/tr\/wp-json\/wp\/v2\/pages\/936","targetHints":{"allow":["GET"]}}],"collection":[{"href":"https:\/\/shatranj.art\/tr\/wp-json\/wp\/v2\/pages"}],"about":[{"href":"https:\/\/shatranj.art\/tr\/wp-json\/wp\/v2\/types\/page"}],"author":[{"embeddable":true,"href":"https:\/\/shatranj.art\/tr\/wp-json\/wp\/v2\/users\/1"}],"replies":[{"embeddable":true,"href":"https:\/\/shatranj.art\/tr\/wp-json\/wp\/v2\/comments?post=936"}],"version-history":[{"count":31,"href":"https:\/\/shatranj.art\/tr\/wp-json\/wp\/v2\/pages\/936\/revisions"}],"predecessor-version":[{"id":1351,"href":"https:\/\/shatranj.art\/tr\/wp-json\/wp\/v2\/pages\/936\/revisions\/1351"}],"up":[{"embeddable":true,"href":"https:\/\/shatranj.art\/tr\/wp-json\/wp\/v2\/pages\/743"}],"wp:attachment":[{"href":"https:\/\/shatranj.art\/tr\/wp-json\/wp\/v2\/media?parent=936"}],"curies":[{"name":"wp","href":"https:\/\/api.w.org\/{rel}","templated":true}]}}