{"id":945,"date":"2026-02-22T14:34:32","date_gmt":"2026-02-22T14:34:32","guid":{"rendered":"https:\/\/shatranj.art\/?page_id=945"},"modified":"2026-02-23T10:43:41","modified_gmt":"2026-02-23T10:43:41","slug":"poster-15","status":"publish","type":"page","link":"https:\/\/shatranj.art\/tr\/exhibit\/poster-15\/","title":{"rendered":"poster 15"},"content":{"rendered":"<div data-elementor-type=\"wp-page\" data-elementor-id=\"945\" class=\"elementor elementor-945\" data-elementor-post-type=\"page\">\n\t\t\t\t<div class=\"elementor-element elementor-element-8fd0c1a e-flex e-con-boxed e-con e-parent\" data-id=\"8fd0c1a\" data-element_type=\"container\" data-e-type=\"container\" data-settings=\"{&quot;background_background&quot;:&quot;classic&quot;}\">\n\t\t\t\t\t<div class=\"e-con-inner\">\n\t\t<div class=\"elementor-element elementor-element-a491ef7 e-con-full e-flex e-con e-child\" data-id=\"a491ef7\" data-element_type=\"container\" data-e-type=\"container\">\n\t\t\t\t<div class=\"elementor-element elementor-element-25c1e59 elementor-widget elementor-widget-image\" data-id=\"25c1e59\" data-element_type=\"widget\" data-e-type=\"widget\" data-widget_type=\"image.default\">\n\t\t\t\t<div class=\"elementor-widget-container\">\n\t\t\t\t\t\t\t\t\t\t\t\t\t\t\t<img fetchpriority=\"high\" decoding=\"async\" width=\"2400\" height=\"1350\" src=\"https:\/\/shatranj.art\/wp-content\/uploads\/2026\/02\/17.jpg\" class=\"attachment-full size-full wp-image-965\" alt=\"\" srcset=\"https:\/\/shatranj.art\/wp-content\/uploads\/2026\/02\/17.jpg 2400w, https:\/\/shatranj.art\/wp-content\/uploads\/2026\/02\/17-300x169.jpg 300w, https:\/\/shatranj.art\/wp-content\/uploads\/2026\/02\/17-1024x576.jpg 1024w, https:\/\/shatranj.art\/wp-content\/uploads\/2026\/02\/17-768x432.jpg 768w, https:\/\/shatranj.art\/wp-content\/uploads\/2026\/02\/17-1536x864.jpg 1536w, https:\/\/shatranj.art\/wp-content\/uploads\/2026\/02\/17-2048x1152.jpg 2048w\" sizes=\"(max-width: 2400px) 100vw, 2400px\" \/>\t\t\t\t\t\t\t\t\t\t\t\t\t\t\t<\/div>\n\t\t\t\t<\/div>\n\t\t\t\t<div class=\"elementor-element elementor-element-ede708d elementor-widget elementor-widget-text-editor\" data-id=\"ede708d\" data-element_type=\"widget\" data-e-type=\"widget\" data-widget_type=\"text-editor.default\">\n\t\t\t\t<div class=\"elementor-widget-container\">\n\t\t\t\t\t\t\t\t\t<h3><b>Geleneksel T\u00fcrk Damas\u0131: Urfa'n\u0131n Stratejik Miras\u0131<\/b><\/h3><p>Kahvehanelerin Sessiz D\u00fcellosu T\u00fcrk Damas\u0131 (Dama), kendine \u00f6zg\u00fc kurallar\u0131yla Bat\u0131'daki benzerlerinden ayr\u0131lan bir Anadolu entelekt\u00fcel disiplinidir. Bu versiyonda ta\u015flar \u00e7apraz yerine ortogonal olarak ileri ve yana do\u011fru hareket ederek do\u011frusal ve \u00e7ok daha agresif bir stratejik manzara yarat\u0131r. \u015eanl\u0131urfa gibi kadim \u015fehirlerde Dama sadece iki oyuncu aras\u0131nda oynanan bir m\u00fcsabaka de\u011fil; demli \u00e7ay\u0131n aromas\u0131, seyircilerin yorumlar\u0131 ve saatler s\u00fcren derin analizlerin e\u015flik etti\u011fi kolektif bir sosyal rit\u00fceldir.<\/p><p>Ustal\u0131k ve \u00d6ng\u00f6r\u00fc K\u00fclt\u00fcr\u00fc Urfa'n\u0131n Dama k\u00fclt\u00fcr\u00fcnde bir oyuncunun b\u00fcy\u00fckl\u00fc\u011f\u00fc sadece zaferlerle de\u011fil, ka\u00e7 hamle sonras\u0131n\u0131 \u201cg\u00f6rebildi\u011fi\u201d ile \u00f6l\u00e7\u00fcl\u00fcr. On alt\u0131 ta\u015ftan olu\u015fan simetrik sava\u015f, tek bir ta\u015f\u0131n son s\u0131raya ula\u015farak \u201cDama\u201d (Kral) olmas\u0131 ve t\u00fcm tahtaya h\u00fckmetme g\u00fcc\u00fcn\u00fc kazanmas\u0131yla doru\u011fa ula\u015f\u0131r. 21'inci y\u00fczy\u0131l\u0131n dijital dalgas\u0131na direnen bu gelenek, Urfa'n\u0131n tarihi \u00e7ar\u015f\u0131lar\u0131nda nesiller boyunca aktar\u0131lan canl\u0131 bir sab\u0131r ve \u00f6ng\u00f6r\u00fc dersi olmaya devam ediyor.\u00a0<\/p>\t\t\t\t\t\t\t\t<\/div>\n\t\t\t\t<\/div>\n\t\t\t\t<\/div>\n\t\t\t\t\t<\/div>\n\t\t\t\t<\/div>\n\t\t\t\t<\/div>","protected":false},"excerpt":{"rendered":"<p>Traditional Turkish Draughts: The Strategic Heritage of Urfa The Silent Duel of the Coffeehouses Turkish Draughts (Dama) is an Anatolian intellectual discipline that stands apart from its Western counterparts through its unique rules. In this version, pieces move orthogonally forwards and sideways rather than diagonally, creating a linear and far more aggressive strategic landscape. In [&hellip;]<\/p>\n","protected":false},"author":1,"featured_media":0,"parent":743,"menu_order":0,"comment_status":"closed","ping_status":"closed","template":"","meta":{"footnotes":""},"class_list":["post-945","page","type-page","status-publish","hentry"],"_links":{"self":[{"href":"https:\/\/shatranj.art\/tr\/wp-json\/wp\/v2\/pages\/945","targetHints":{"allow":["GET"]}}],"collection":[{"href":"https:\/\/shatranj.art\/tr\/wp-json\/wp\/v2\/pages"}],"about":[{"href":"https:\/\/shatranj.art\/tr\/wp-json\/wp\/v2\/types\/page"}],"author":[{"embeddable":true,"href":"https:\/\/shatranj.art\/tr\/wp-json\/wp\/v2\/users\/1"}],"replies":[{"embeddable":true,"href":"https:\/\/shatranj.art\/tr\/wp-json\/wp\/v2\/comments?post=945"}],"version-history":[{"count":25,"href":"https:\/\/shatranj.art\/tr\/wp-json\/wp\/v2\/pages\/945\/revisions"}],"predecessor-version":[{"id":1429,"href":"https:\/\/shatranj.art\/tr\/wp-json\/wp\/v2\/pages\/945\/revisions\/1429"}],"up":[{"embeddable":true,"href":"https:\/\/shatranj.art\/tr\/wp-json\/wp\/v2\/pages\/743"}],"wp:attachment":[{"href":"https:\/\/shatranj.art\/tr\/wp-json\/wp\/v2\/media?parent=945"}],"curies":[{"name":"wp","href":"https:\/\/api.w.org\/{rel}","templated":true}]}}