{"id":954,"date":"2026-02-22T15:10:21","date_gmt":"2026-02-22T15:10:21","guid":{"rendered":"https:\/\/shatranj.art\/?page_id=954"},"modified":"2026-02-24T09:18:28","modified_gmt":"2026-02-24T09:18:28","slug":"poster-16","status":"publish","type":"page","link":"https:\/\/shatranj.art\/tr\/exhibit\/poster-16\/","title":{"rendered":"poster 16"},"content":{"rendered":"<div data-elementor-type=\"wp-page\" data-elementor-id=\"954\" class=\"elementor elementor-954\" data-elementor-post-type=\"page\">\n\t\t\t\t<div class=\"elementor-element elementor-element-05751de e-flex e-con-boxed e-con e-parent\" data-id=\"05751de\" data-element_type=\"container\" data-e-type=\"container\" data-settings=\"{&quot;background_background&quot;:&quot;classic&quot;}\">\n\t\t\t\t\t<div class=\"e-con-inner\">\n\t\t<div class=\"elementor-element elementor-element-415f3f4 e-con-full e-flex e-con e-child\" data-id=\"415f3f4\" data-element_type=\"container\" data-e-type=\"container\">\n\t\t\t\t<div class=\"elementor-element elementor-element-ee52ef0 elementor-widget__width-initial elementor-widget elementor-widget-image\" data-id=\"ee52ef0\" data-element_type=\"widget\" data-e-type=\"widget\" data-widget_type=\"image.default\">\n\t\t\t\t<div class=\"elementor-widget-container\">\n\t\t\t\t\t\t\t\t\t\t\t\t\t\t\t<img fetchpriority=\"high\" decoding=\"async\" width=\"723\" height=\"1024\" src=\"https:\/\/shatranj.art\/wp-content\/uploads\/2026\/02\/16-723x1024.jpg\" class=\"attachment-large size-large wp-image-959\" alt=\"\" srcset=\"https:\/\/shatranj.art\/wp-content\/uploads\/2026\/02\/16-723x1024.jpg 723w, https:\/\/shatranj.art\/wp-content\/uploads\/2026\/02\/16-212x300.jpg 212w, https:\/\/shatranj.art\/wp-content\/uploads\/2026\/02\/16-768x1087.jpg 768w, https:\/\/shatranj.art\/wp-content\/uploads\/2026\/02\/16-1085x1536.jpg 1085w, https:\/\/shatranj.art\/wp-content\/uploads\/2026\/02\/16-1447x2048.jpg 1447w, https:\/\/shatranj.art\/wp-content\/uploads\/2026\/02\/16.jpg 1557w\" sizes=\"(max-width: 723px) 100vw, 723px\" \/>\t\t\t\t\t\t\t\t\t\t\t\t\t\t\t<\/div>\n\t\t\t\t<\/div>\n\t\t\t\t<div class=\"elementor-element elementor-element-bc51b4f elementor-widget__width-initial elementor-widget elementor-widget-text-editor\" data-id=\"bc51b4f\" data-element_type=\"widget\" data-e-type=\"widget\" data-widget_type=\"text-editor.default\">\n\t\t\t\t<div class=\"elementor-widget-container\">\n\t\t\t\t\t\t\t\t\t<h3><b>Bucephalus: Bozk\u0131rlar\u0131n ve Fetihlerin Efsanevi Ruhu<\/b><\/h3><p>Muhtemelen geni\u015f aln\u0131 veya omzundaki bir damga nedeniyle Antik Yunancada \u201c\u00d6k\u00fcz ba\u015fl\u0131\u201d (Boukephalos) anlam\u0131na gelen Bucephalus, tarihteki en ikonik sava\u015f at\u0131d\u0131r. Efsaneye g\u00f6re Thessalial\u0131 Philonicus taraf\u0131ndan Kral Philip II'ye 13 talent gibi \u015fa\u015f\u0131rt\u0131c\u0131 bir mebla\u011f kar\u015f\u0131l\u0131\u011f\u0131nda teklif edilmi\u015f, ancak kimse onun vah\u015fi ruhunu ehlile\u015ftirememi\u015ftir. At\u0131n sadece kendi g\u00f6lgesinden korktu\u011funu g\u00f6zlemleyen gen\u00e7 \u0130skender, onu sakinle\u015ftirmek i\u00e7in g\u00fcne\u015fe do\u011fru \u00e7evirdi. Bunu g\u00f6ren Kral Philip me\u015fhur s\u00f6z\u00fcn\u00fc s\u00f6yledi: \u201cEy o\u011flum, kendine e\u015fit ve lay\u0131k bir krall\u0131k ara, \u00e7\u00fcnk\u00fc Makedonya senin i\u00e7in \u00e7ok k\u00fc\u00e7\u00fck!\u201d<\/p><p>\u00a0<\/p><p>Sava\u015f Meydanlar\u0131ndan \u00d6l\u00fcms\u00fczl\u00fc\u011fe<\/p><p>\u00a0<\/p><p>Bucephalus, \u0130skender'e Yunanistan'dan Hindistan'\u0131n kalbine kadar t\u00fcm seferi boyunca e\u015flik etti. Granicus ve Issus'tan Gaugamela ve Hydaspes Sava\u015f\u0131'na kadar en kanl\u0131 \u00e7at\u0131\u015fmalarda efendisini ta\u015f\u0131d\u0131. M\u00d6 326'da, Hindistan seferi s\u0131ras\u0131nda, ya sava\u015f yaralar\u0131ndan ya da ya\u015fl\u0131l\u0131ktan (yakla\u015f\u0131k 30 ya\u015f\u0131nda) vefat etti. \u0130skender onun onuruna g\u00fcn\u00fcm\u00fcz Pakistan'\u0131nda Jhelum Nehri k\u0131y\u0131s\u0131nda Alexandria Bucephala \u015fehrini kurmu\u015ftur.<\/p><p>\u00a0<\/p><p>K\u00fclt\u00fcrel Miras<\/p><p>\u00a0<\/p><p>Sanat ve edebiyat tarihinde Bucephalus g\u00fc\u00e7, sadakat ve keskin i\u00e7g\u00fcd\u00fclerin sembol\u00fc olarak yer al\u0131r. \u0130skender'in genellikle \u201c\u0130skender\u201d olarak tan\u0131mland\u0131\u011f\u0131 Do\u011fu geleneklerinde, Bucephalus do\u011fa\u00fcst\u00fc niteliklere sahip sad\u0131k bir yolda\u015f olarak tasvir edilir. O, tarihin en b\u00fcy\u00fck fatihinin arkas\u0131ndaki ger\u00e7ek \u201cruh\u201d olarak kal\u0131r ve sava\u015f alan\u0131n\u0131 a\u015fan bir ba\u011f\u0131 temsil eder.<\/p>\t\t\t\t\t\t\t\t<\/div>\n\t\t\t\t<\/div>\n\t\t\t\t<\/div>\n\t\t\t\t\t<\/div>\n\t\t\t\t<\/div>\n\t\t\t\t<\/div>","protected":false},"excerpt":{"rendered":"<p>Bucephalus: The Legendary Spirit of the Steppes and Conquests Meaning &#8220;Ox-headed&#8221; (Boukephalos) in Ancient Greek likely due to his broad brow or a branding on his shoulder Bucephalus is the most iconic warhorse in history. Legend tells that he was offered to King Philip II by Philonicus the Thessalian for the staggering sum of 13 [&hellip;]<\/p>\n","protected":false},"author":1,"featured_media":0,"parent":743,"menu_order":0,"comment_status":"closed","ping_status":"closed","template":"","meta":{"footnotes":""},"class_list":["post-954","page","type-page","status-publish","hentry"],"_links":{"self":[{"href":"https:\/\/shatranj.art\/tr\/wp-json\/wp\/v2\/pages\/954","targetHints":{"allow":["GET"]}}],"collection":[{"href":"https:\/\/shatranj.art\/tr\/wp-json\/wp\/v2\/pages"}],"about":[{"href":"https:\/\/shatranj.art\/tr\/wp-json\/wp\/v2\/types\/page"}],"author":[{"embeddable":true,"href":"https:\/\/shatranj.art\/tr\/wp-json\/wp\/v2\/users\/1"}],"replies":[{"embeddable":true,"href":"https:\/\/shatranj.art\/tr\/wp-json\/wp\/v2\/comments?post=954"}],"version-history":[{"count":13,"href":"https:\/\/shatranj.art\/tr\/wp-json\/wp\/v2\/pages\/954\/revisions"}],"predecessor-version":[{"id":1579,"href":"https:\/\/shatranj.art\/tr\/wp-json\/wp\/v2\/pages\/954\/revisions\/1579"}],"up":[{"embeddable":true,"href":"https:\/\/shatranj.art\/tr\/wp-json\/wp\/v2\/pages\/743"}],"wp:attachment":[{"href":"https:\/\/shatranj.art\/tr\/wp-json\/wp\/v2\/media?parent=954"}],"curies":[{"name":"wp","href":"https:\/\/api.w.org\/{rel}","templated":true}]}}