{"id":969,"date":"2026-02-22T15:22:14","date_gmt":"2026-02-22T15:22:14","guid":{"rendered":"https:\/\/shatranj.art\/?page_id=969"},"modified":"2026-02-23T04:55:45","modified_gmt":"2026-02-23T04:55:45","slug":"poster-18","status":"publish","type":"page","link":"https:\/\/shatranj.art\/tr\/exhibit\/poster-18\/","title":{"rendered":"poster 18"},"content":{"rendered":"<div data-elementor-type=\"wp-page\" data-elementor-id=\"969\" class=\"elementor elementor-969\" data-elementor-post-type=\"page\">\n\t\t\t\t<div class=\"elementor-element elementor-element-e18ac67 e-flex e-con-boxed e-con e-parent\" data-id=\"e18ac67\" data-element_type=\"container\" data-e-type=\"container\" data-settings=\"{&quot;background_background&quot;:&quot;classic&quot;}\">\n\t\t\t\t\t<div class=\"e-con-inner\">\n\t\t<div class=\"elementor-element elementor-element-36bf2c2 e-con-full e-flex e-con e-child\" data-id=\"36bf2c2\" data-element_type=\"container\" data-e-type=\"container\">\n\t\t\t\t<div class=\"elementor-element elementor-element-1244f27 elementor-widget__width-initial elementor-widget elementor-widget-image\" data-id=\"1244f27\" data-element_type=\"widget\" data-e-type=\"widget\" data-widget_type=\"image.default\">\n\t\t\t\t<div class=\"elementor-widget-container\">\n\t\t\t\t\t\t\t\t\t\t\t\t\t\t\t<img fetchpriority=\"high\" decoding=\"async\" width=\"800\" height=\"729\" src=\"https:\/\/shatranj.art\/wp-content\/uploads\/2026\/02\/18-1024x933.jpg\" class=\"attachment-large size-large wp-image-971\" alt=\"\" srcset=\"https:\/\/shatranj.art\/wp-content\/uploads\/2026\/02\/18-1024x933.jpg 1024w, https:\/\/shatranj.art\/wp-content\/uploads\/2026\/02\/18-300x273.jpg 300w, https:\/\/shatranj.art\/wp-content\/uploads\/2026\/02\/18-768x700.jpg 768w, https:\/\/shatranj.art\/wp-content\/uploads\/2026\/02\/18.jpg 1279w\" sizes=\"(max-width: 800px) 100vw, 800px\" \/>\t\t\t\t\t\t\t\t\t\t\t\t\t\t\t<\/div>\n\t\t\t\t<\/div>\n\t\t\t\t<div class=\"elementor-element elementor-element-917c746 elementor-widget__width-initial elementor-widget-mobile__width-inherit elementor-widget elementor-widget-image\" data-id=\"917c746\" data-element_type=\"widget\" data-e-type=\"widget\" data-widget_type=\"image.default\">\n\t\t\t\t<div class=\"elementor-widget-container\">\n\t\t\t\t\t\t\t\t\t\t\t\t\t\t\t<img decoding=\"async\" width=\"800\" height=\"790\" src=\"https:\/\/shatranj.art\/wp-content\/uploads\/2026\/02\/18-1-1024x1011.jpg\" class=\"attachment-large size-large wp-image-972\" alt=\"\" srcset=\"https:\/\/shatranj.art\/wp-content\/uploads\/2026\/02\/18-1-1024x1011.jpg 1024w, https:\/\/shatranj.art\/wp-content\/uploads\/2026\/02\/18-1-300x296.jpg 300w, https:\/\/shatranj.art\/wp-content\/uploads\/2026\/02\/18-1-768x758.jpg 768w, https:\/\/shatranj.art\/wp-content\/uploads\/2026\/02\/18-1-1536x1517.jpg 1536w, https:\/\/shatranj.art\/wp-content\/uploads\/2026\/02\/18-1.jpg 1769w\" sizes=\"(max-width: 800px) 100vw, 800px\" \/>\t\t\t\t\t\t\t\t\t\t\t\t\t\t\t<\/div>\n\t\t\t\t<\/div>\n\t\t\t\t<div class=\"elementor-element elementor-element-5c72f2f elementor-widget__width-initial elementor-widget elementor-widget-text-editor\" data-id=\"5c72f2f\" data-element_type=\"widget\" data-e-type=\"widget\" data-widget_type=\"text-editor.default\">\n\t\t\t\t<div class=\"elementor-widget-container\">\n\t\t\t\t\t\t\t\t\t<h3><b>Mekanik T\u00fcrk: Yapay Zekan\u0131n \u0130lk Yan\u0131lsamas\u0131<\/b><\/h3><p><b>\u0130mparatorluklar\u0131 B\u00fcy\u00fcleyen Bir \u0130ll\u00fczyon<\/b> <span style=\"font-weight: 400;\"><br \/><\/span>1770 y\u0131l\u0131nda Wolfgang von Kempelen taraf\u0131ndan \u0130mparatori\u00e7e Maria Theresa'y\u0131 etkilemek i\u00e7in tasarlanan \u201cMekanik T\u00fcrk\u201d, karma\u015f\u0131k bir di\u015fli sistemiyle \u00e7al\u0131\u015fan kendi kendine i\u015fleyen bir otomat gibi g\u00f6r\u00fcn\u00fcyordu. B\u00fcy\u00fck bir dolapta oturan ve geleneksel Osmanl\u0131 c\u00fcbbesi ile sar\u0131k giymi\u015f olan fig\u00fcr, Napolyon Bonapart ve Benjamin Franklin de dahil olmak \u00fczere tarihin en g\u00fc\u00e7l\u00fc beyinlerinden baz\u0131lar\u0131na meydan okumu\u015f ve onlar\u0131 yenmi\u015ftir.<\/p><p>\u00a0<\/p><p><b>Di\u015flilerin Aras\u0131ndaki \u0130nsan<\/b> <span style=\"font-weight: 400;\"><br \/><\/span>D\u00fcnya onlarca y\u0131l boyunca ger\u00e7ek bir \u201cd\u00fc\u015f\u00fcnen makineye\u201d tan\u0131kl\u0131k etti\u011fine inand\u0131. Ger\u00e7ekte ise bu cihaz bir ill\u00fczyon \u015faheseriydi. Kabinin i\u00e7i, farkl\u0131 kap\u0131lar halka a\u00e7\u0131ld\u0131k\u00e7a pozisyon de\u011fi\u015ftiren profesyonel bir insan satran\u00e7 ustas\u0131n\u0131 gizlemek i\u00e7in ak\u0131ll\u0131ca tasarlanm\u0131\u015ft\u0131. Bir pantograf mekanizmas\u0131 ve tahtan\u0131n alt\u0131ndaki manyetik g\u00f6stergeleri kullanan gizli oyuncu, rakibinin hamlelerini izliyor ve T\u00fcrk'\u00fcn mekanik kolu arac\u0131l\u0131\u011f\u0131yla kendi hamlelerini ger\u00e7ekle\u015ftiriyordu.<\/p><p>\u00a0<\/p><p><b>Modern Bir Miras<\/b> <span style=\"font-weight: 400;\"><br \/><\/span>Mechanical Turk bir aldatmaca hikayesinden \u00e7ok daha fazlas\u0131d\u0131r; insanl\u0131\u011f\u0131n makine zekas\u0131na duydu\u011fu sonsuz hayranl\u0131\u011f\u0131n ve ondan duydu\u011fu korkunun bir sembol\u00fcd\u00fcr. Amazon'un mikro-g\u00f6rev platformuna bug\u00fcn \u201cMechanical Turk\u201d ad\u0131n\u0131 vermesi tesad\u00fcf de\u011fil. Bu isim, bilgisayarlar\u0131n hen\u00fcz yerine getiremedi\u011fi, ancak insanlar\u0131n \u201cperde arkas\u0131nda\u201d sessizce \u00e7\u00f6zd\u00fc\u011f\u00fc g\u00f6revlere bir \u00f6vg\u00fc niteli\u011fi ta\u015f\u0131yor.\u201d<\/p>\t\t\t\t\t\t\t\t<\/div>\n\t\t\t\t<\/div>\n\t\t\t\t<\/div>\n\t\t\t\t\t<\/div>\n\t\t\t\t<\/div>\n\t\t\t\t<\/div>","protected":false},"excerpt":{"rendered":"<p>The Mechanical Turk: The First Illusion of Artificial Intelligence An Illusion That Enchanted Empires Designed in 1770 by Wolfgang von Kempelen to impress Empress Maria Theresa, the &#8220;Mechanical Turk&#8221; appeared to be a self-operating automaton powered by a complex system of gears. Seated at a large cabinet and dressed in traditional Ottoman robes and a [&hellip;]<\/p>\n","protected":false},"author":1,"featured_media":0,"parent":743,"menu_order":0,"comment_status":"closed","ping_status":"closed","template":"","meta":{"footnotes":""},"class_list":["post-969","page","type-page","status-publish","hentry"],"_links":{"self":[{"href":"https:\/\/shatranj.art\/tr\/wp-json\/wp\/v2\/pages\/969","targetHints":{"allow":["GET"]}}],"collection":[{"href":"https:\/\/shatranj.art\/tr\/wp-json\/wp\/v2\/pages"}],"about":[{"href":"https:\/\/shatranj.art\/tr\/wp-json\/wp\/v2\/types\/page"}],"author":[{"embeddable":true,"href":"https:\/\/shatranj.art\/tr\/wp-json\/wp\/v2\/users\/1"}],"replies":[{"embeddable":true,"href":"https:\/\/shatranj.art\/tr\/wp-json\/wp\/v2\/comments?post=969"}],"version-history":[{"count":7,"href":"https:\/\/shatranj.art\/tr\/wp-json\/wp\/v2\/pages\/969\/revisions"}],"predecessor-version":[{"id":1225,"href":"https:\/\/shatranj.art\/tr\/wp-json\/wp\/v2\/pages\/969\/revisions\/1225"}],"up":[{"embeddable":true,"href":"https:\/\/shatranj.art\/tr\/wp-json\/wp\/v2\/pages\/743"}],"wp:attachment":[{"href":"https:\/\/shatranj.art\/tr\/wp-json\/wp\/v2\/media?parent=969"}],"curies":[{"name":"wp","href":"https:\/\/api.w.org\/{rel}","templated":true}]}}