{"id":976,"date":"2026-02-22T15:26:41","date_gmt":"2026-02-22T15:26:41","guid":{"rendered":"https:\/\/shatranj.art\/?page_id=976"},"modified":"2026-02-23T04:57:59","modified_gmt":"2026-02-23T04:57:59","slug":"poster-19","status":"publish","type":"page","link":"https:\/\/shatranj.art\/tr\/exhibit\/poster-19\/","title":{"rendered":"poster 19"},"content":{"rendered":"<div data-elementor-type=\"wp-page\" data-elementor-id=\"976\" class=\"elementor elementor-976\" data-elementor-post-type=\"page\">\n\t\t\t\t<div class=\"elementor-element elementor-element-bd53a03 e-flex e-con-boxed e-con e-parent\" data-id=\"bd53a03\" data-element_type=\"container\" data-e-type=\"container\" data-settings=\"{&quot;background_background&quot;:&quot;classic&quot;}\">\n\t\t\t\t\t<div class=\"e-con-inner\">\n\t\t<div class=\"elementor-element elementor-element-258a2d8 e-con-full e-flex e-con e-child\" data-id=\"258a2d8\" data-element_type=\"container\" data-e-type=\"container\">\n\t\t\t\t<div class=\"elementor-element elementor-element-54379e5 elementor-widget__width-initial elementor-widget elementor-widget-image\" data-id=\"54379e5\" data-element_type=\"widget\" data-e-type=\"widget\" data-widget_type=\"image.default\">\n\t\t\t\t<div class=\"elementor-widget-container\">\n\t\t\t\t\t\t\t\t\t\t\t\t\t\t\t<img fetchpriority=\"high\" decoding=\"async\" width=\"800\" height=\"842\" src=\"https:\/\/shatranj.art\/wp-content\/uploads\/2026\/02\/19-973x1024.jpg\" class=\"attachment-large size-large wp-image-979\" alt=\"\" srcset=\"https:\/\/shatranj.art\/wp-content\/uploads\/2026\/02\/19-973x1024.jpg 973w, https:\/\/shatranj.art\/wp-content\/uploads\/2026\/02\/19-285x300.jpg 285w, https:\/\/shatranj.art\/wp-content\/uploads\/2026\/02\/19-768x808.jpg 768w, https:\/\/shatranj.art\/wp-content\/uploads\/2026\/02\/19.jpg 1121w\" sizes=\"(max-width: 800px) 100vw, 800px\" \/>\t\t\t\t\t\t\t\t\t\t\t\t\t\t\t<\/div>\n\t\t\t\t<\/div>\n\t\t\t\t<div class=\"elementor-element elementor-element-38b79a5 elementor-widget__width-initial elementor-widget elementor-widget-text-editor\" data-id=\"38b79a5\" data-element_type=\"widget\" data-e-type=\"widget\" data-widget_type=\"text-editor.default\">\n\t\t\t\t<div class=\"elementor-widget-container\">\n\t\t\t\t\t\t\t\t\t<p><strong>Deep Blue Kasparov'a Kar\u015f\u0131: Makine Hakimiyetinin \u015eafa\u011f\u0131<\/strong><\/p><p>\u00a0<\/p><p><span style=\"font-weight: 400;\">1997 y\u0131l\u0131nda d\u00fcnya, insan ve makine aras\u0131ndaki ili\u015fkide tarihi bir d\u00f6n\u00fcm noktas\u0131na tan\u0131k oldu. IBM taraf\u0131ndan geli\u015ftirilen s\u00fcper bilgisayar <\/span>Derin Mavi<span style=\"font-weight: 400;\"> son D\u00fcnya \u015eampiyonunu yendi, <\/span>Garry Kasparov<span style=\"font-weight: 400;\">, Alt\u0131 ma\u00e7l\u0131k bir seride. Bu, bir bilgisayar\u0131n standart zaman kontrolleri alt\u0131nda turnuva tarz\u0131 bir ma\u00e7ta bir d\u00fcnya \u015fampiyonunu ilk kez yenmesiydi.<\/span><\/p><p>\u00a0<\/p><p><b>Kaba Kuvvet G\u00fcc\u00fc:<\/b><span style=\"font-weight: 400;\"> Deep Blue, saniyede 200 milyon pozisyon hesaplayabilen \u00f6zel bir donan\u0131m \u015faheseriydi.<\/span><\/p><p>\u00a0<\/p><p><b>Sembolik Bir Zafer:<\/b><span style=\"font-weight: 400;\"> Bu ma\u00e7 Yapay Zeka'n\u0131n k\u00fcresel alg\u0131s\u0131n\u0131 de\u011fi\u015ftirdi. \u0130nsan sezgisi \u00e7ok derin olsa da, bir makinenin hesaplama h\u0131z\u0131n\u0131n \u00e7a\u011f\u0131n en b\u00fcy\u00fck stratejik zekas\u0131n\u0131n \u00fcstesinden gelebilece\u011fini kan\u0131tlad\u0131.<\/span><\/p>\t\t\t\t\t\t\t\t<\/div>\n\t\t\t\t<\/div>\n\t\t\t\t<div class=\"elementor-element elementor-element-d1ad4e6 elementor-widget__width-initial elementor-widget elementor-widget-image\" data-id=\"d1ad4e6\" data-element_type=\"widget\" data-e-type=\"widget\" data-widget_type=\"image.default\">\n\t\t\t\t<div class=\"elementor-widget-container\">\n\t\t\t\t\t\t\t\t\t\t\t\t\t\t\t<img decoding=\"async\" width=\"800\" height=\"600\" src=\"https:\/\/shatranj.art\/wp-content\/uploads\/2026\/02\/19-1-1024x768.jpg\" class=\"attachment-large size-large wp-image-980\" alt=\"\" srcset=\"https:\/\/shatranj.art\/wp-content\/uploads\/2026\/02\/19-1-1024x768.jpg 1024w, https:\/\/shatranj.art\/wp-content\/uploads\/2026\/02\/19-1-300x225.jpg 300w, https:\/\/shatranj.art\/wp-content\/uploads\/2026\/02\/19-1-768x576.jpg 768w, https:\/\/shatranj.art\/wp-content\/uploads\/2026\/02\/19-1.jpg 1250w\" sizes=\"(max-width: 800px) 100vw, 800px\" \/>\t\t\t\t\t\t\t\t\t\t\t\t\t\t\t<\/div>\n\t\t\t\t<\/div>\n\t\t\t\t<div class=\"elementor-element elementor-element-e238e58 elementor-widget__width-initial elementor-widget elementor-widget-image\" data-id=\"e238e58\" data-element_type=\"widget\" data-e-type=\"widget\" data-widget_type=\"image.default\">\n\t\t\t\t<div class=\"elementor-widget-container\">\n\t\t\t\t\t\t\t\t\t\t\t\t\t\t\t<img decoding=\"async\" width=\"682\" height=\"1024\" src=\"https:\/\/shatranj.art\/wp-content\/uploads\/2026\/02\/19-2-682x1024.jpg\" class=\"attachment-large size-large wp-image-981\" alt=\"\" srcset=\"https:\/\/shatranj.art\/wp-content\/uploads\/2026\/02\/19-2-682x1024.jpg 682w, https:\/\/shatranj.art\/wp-content\/uploads\/2026\/02\/19-2-200x300.jpg 200w, https:\/\/shatranj.art\/wp-content\/uploads\/2026\/02\/19-2-768x1154.jpg 768w, https:\/\/shatranj.art\/wp-content\/uploads\/2026\/02\/19-2-1023x1536.jpg 1023w, https:\/\/shatranj.art\/wp-content\/uploads\/2026\/02\/19-2-1363x2048.jpg 1363w, https:\/\/shatranj.art\/wp-content\/uploads\/2026\/02\/19-2.jpg 1667w\" sizes=\"(max-width: 682px) 100vw, 682px\" \/>\t\t\t\t\t\t\t\t\t\t\t\t\t\t\t<\/div>\n\t\t\t\t<\/div>\n\t\t\t\t<div class=\"elementor-element elementor-element-a12f1b5 elementor-widget__width-inherit elementor-widget elementor-widget-text-editor\" data-id=\"a12f1b5\" data-element_type=\"widget\" data-e-type=\"widget\" data-widget_type=\"text-editor.default\">\n\t\t\t\t<div class=\"elementor-widget-container\">\n\t\t\t\t\t\t\t\t\t<h3><b>Stockfish: B\u00fcy\u00fck Usta Analizinin Demokratikle\u015fmesi<\/b><\/h3><p>Stok Bal\u0131\u011f\u0131<span style=\"font-weight: 400;\"> d\u00fcnyan\u0131n en g\u00fc\u00e7l\u00fc a\u00e7\u0131k kaynak satran\u00e7 motorudur. Ge\u00e7mi\u015fin \u00f6zel s\u00fcper bilgisayarlar\u0131n\u0131n aksine Stockfish \u00fccretsizdir ve amat\u00f6r hobicilerden d\u00fcnya \u00e7ap\u0131ndaki b\u00fcy\u00fck ustalara kadar herkesin eri\u015fimine a\u00e7\u0131kt\u0131r.<\/span><\/p><ul><li style=\"font-weight: 400;\" aria-level=\"1\"><b>K\u00fcresel Standart:<\/b><span style=\"font-weight: 400;\"> Motor liderlik tablolar\u0131nda s\u00fcrekli \u00fcst s\u0131ralarda yer alan Stockfish, oyun analizi ve strateji geli\u015ftirme i\u00e7in en iyi ara\u00e7 olarak hizmet vermektedir.<\/span><\/li><li style=\"font-weight: 400;\" aria-level=\"1\"><b>Sinirsel Evrim:<\/b><span style=\"font-weight: 400;\"> Ba\u015flang\u0131\u00e7ta klasik \u201carama ve de\u011ferlendirme\u201d algoritmalar\u0131na dayanan Stockfish'in modern s\u00fcr\u00fcmleri art\u0131k <\/span>NNUE (Verimli G\u00fcncellenebilir Sinir A\u011flar\u0131)<span style=\"font-weight: 400;\">. Bu f\u00fczyon, muazzam hesaplama h\u0131zlar\u0131n\u0131 karma\u015f\u0131k pozisyonlar\u0131n daha derin, neredeyse insan benzeri bir \u201canlay\u0131\u015f\u0131\u201d ile birle\u015ftirmesine olanak tan\u0131yarak, ELO derecesinin \u00e7ok \u00fczerinde bir de\u011fere ula\u015fmas\u0131n\u0131 sa\u011flar. <\/span>3500<span style=\"font-weight: 400;\">.<\/span><\/li><\/ul>\t\t\t\t\t\t\t\t<\/div>\n\t\t\t\t<\/div>\n\t\t\t\t<div class=\"elementor-element elementor-element-5ec8752 elementor-widget__width-initial elementor-widget elementor-widget-image\" data-id=\"5ec8752\" data-element_type=\"widget\" data-e-type=\"widget\" data-widget_type=\"image.default\">\n\t\t\t\t<div class=\"elementor-widget-container\">\n\t\t\t\t\t\t\t\t\t\t\t\t\t\t\t<img loading=\"lazy\" decoding=\"async\" width=\"800\" height=\"800\" src=\"https:\/\/shatranj.art\/wp-content\/uploads\/2026\/02\/19-1024x1024.png\" class=\"attachment-large size-large wp-image-982\" alt=\"\" srcset=\"https:\/\/shatranj.art\/wp-content\/uploads\/2026\/02\/19-1024x1024.png 1024w, https:\/\/shatranj.art\/wp-content\/uploads\/2026\/02\/19-300x300.png 300w, https:\/\/shatranj.art\/wp-content\/uploads\/2026\/02\/19-150x150.png 150w, https:\/\/shatranj.art\/wp-content\/uploads\/2026\/02\/19-768x768.png 768w, https:\/\/shatranj.art\/wp-content\/uploads\/2026\/02\/19.png 1056w\" sizes=\"(max-width: 800px) 100vw, 800px\" \/>\t\t\t\t\t\t\t\t\t\t\t\t\t\t\t<\/div>\n\t\t\t\t<\/div>\n\t\t\t\t<div class=\"elementor-element elementor-element-f657508 elementor-widget__width-initial elementor-widget-tablet__width-inherit elementor-widget elementor-widget-text-editor\" data-id=\"f657508\" data-element_type=\"widget\" data-e-type=\"widget\" data-widget_type=\"text-editor.default\">\n\t\t\t\t<div class=\"elementor-widget-container\">\n\t\t\t\t\t\t\t\t\t<h3><b>AlphaZero: Makine Sezgisi ve Yarat\u0131c\u0131l\u0131\u011f\u0131 \u00c7a\u011f\u0131<\/b><\/h3><p>Google'\u0131n DeepMind \u015firketi taraf\u0131ndan geli\u015ftirilen AlphaZero, Yapay Zeka hakk\u0131ndaki d\u00fc\u015f\u00fcncelerimizde devrim yaratt\u0131. \u00d6nceki motorlar insanlar taraf\u0131ndan programlanm\u0131\u015f kurallar kullan\u0131larak \u201c\u00f6\u011fretilirken\u201d, AlphaZero kendi kendine \u00f6\u011frenen bir sistemdi.<\/p><ul><li style=\"font-weight: 400;\" aria-level=\"1\"><b>Tabula Rasa (S\u0131f\u0131rdan):<\/b><span style=\"font-weight: 400;\"> AlphaZero'ya sadece satranc\u0131n temel kurallar\u0131 verildi. Takviyeli \u00d6\u011frenme yoluyla kendisine kar\u015f\u0131 milyonlarca oyun oynayarak, sadece d\u00f6rt saat i\u00e7inde insan\u00fcst\u00fc bir ustal\u0131k seviyesine ula\u015ft\u0131.<\/span><\/li><li style=\"font-weight: 400;\" aria-level=\"1\"><b>Yarat\u0131c\u0131 Bir Devrim:<\/b><span style=\"font-weight: 400;\"> AlphaZero tipik bir \u201chesap makinesi\u201d gibi oynamad\u0131. Son derece agresif, yarat\u0131c\u0131 ve sezgisel bir stil ortaya koydu ve genellikle uzun vadeli pozisyon bask\u0131s\u0131 i\u00e7in malzemeyi feda etti. Makinelerin yaln\u0131zca insanlardan daha h\u0131zl\u0131 hesaplama yapabilece\u011fini de\u011fil, ayn\u0131 zamanda oyunun sanat\u0131n\u0131 ve yarat\u0131c\u0131l\u0131\u011f\u0131n\u0131 da \u201cyeniden icat edebilece\u011fini\u201d kan\u0131tlad\u0131.<\/span><\/li><\/ul>\t\t\t\t\t\t\t\t<\/div>\n\t\t\t\t<\/div>\n\t\t\t\t<\/div>\n\t\t\t\t\t<\/div>\n\t\t\t\t<\/div>\n\t\t\t\t<\/div>","protected":false},"excerpt":{"rendered":"<p>Deep Blue vs. Kasparov: The Dawn of Machine Dominance \u00a0 In 1997, the world witnessed a historic turning point in the relationship between man and machine. Developed by IBM, the supercomputer Deep Blue defeated the reigning World Champion, Garry Kasparov, in a six-match series. This was the first time a computer had beaten a world [&hellip;]<\/p>\n","protected":false},"author":1,"featured_media":0,"parent":743,"menu_order":0,"comment_status":"closed","ping_status":"closed","template":"","meta":{"footnotes":""},"class_list":["post-976","page","type-page","status-publish","hentry"],"_links":{"self":[{"href":"https:\/\/shatranj.art\/tr\/wp-json\/wp\/v2\/pages\/976","targetHints":{"allow":["GET"]}}],"collection":[{"href":"https:\/\/shatranj.art\/tr\/wp-json\/wp\/v2\/pages"}],"about":[{"href":"https:\/\/shatranj.art\/tr\/wp-json\/wp\/v2\/types\/page"}],"author":[{"embeddable":true,"href":"https:\/\/shatranj.art\/tr\/wp-json\/wp\/v2\/users\/1"}],"replies":[{"embeddable":true,"href":"https:\/\/shatranj.art\/tr\/wp-json\/wp\/v2\/comments?post=976"}],"version-history":[{"count":7,"href":"https:\/\/shatranj.art\/tr\/wp-json\/wp\/v2\/pages\/976\/revisions"}],"predecessor-version":[{"id":1228,"href":"https:\/\/shatranj.art\/tr\/wp-json\/wp\/v2\/pages\/976\/revisions\/1228"}],"up":[{"embeddable":true,"href":"https:\/\/shatranj.art\/tr\/wp-json\/wp\/v2\/pages\/743"}],"wp:attachment":[{"href":"https:\/\/shatranj.art\/tr\/wp-json\/wp\/v2\/media?parent=976"}],"curies":[{"name":"wp","href":"https:\/\/api.w.org\/{rel}","templated":true}]}}