{"id":986,"date":"2026-02-22T15:44:16","date_gmt":"2026-02-22T15:44:16","guid":{"rendered":"https:\/\/shatranj.art\/?page_id=986"},"modified":"2026-02-23T04:58:50","modified_gmt":"2026-02-23T04:58:50","slug":"poster-20","status":"publish","type":"page","link":"https:\/\/shatranj.art\/tr\/exhibit\/poster-20\/","title":{"rendered":"poster 20"},"content":{"rendered":"<div data-elementor-type=\"wp-page\" data-elementor-id=\"986\" class=\"elementor elementor-986\" data-elementor-post-type=\"page\">\n\t\t\t\t<div class=\"elementor-element elementor-element-12aafbd e-flex e-con-boxed e-con e-parent\" data-id=\"12aafbd\" data-element_type=\"container\" data-e-type=\"container\" data-settings=\"{&quot;background_background&quot;:&quot;classic&quot;}\">\n\t\t\t\t\t<div class=\"e-con-inner\">\n\t\t<div class=\"elementor-element elementor-element-63eb695 e-con-full e-flex e-con e-child\" data-id=\"63eb695\" data-element_type=\"container\" data-e-type=\"container\">\n\t\t\t\t<div class=\"elementor-element elementor-element-c65f0f2 elementor-widget elementor-widget-image\" data-id=\"c65f0f2\" data-element_type=\"widget\" data-e-type=\"widget\" data-widget_type=\"image.default\">\n\t\t\t\t<div class=\"elementor-widget-container\">\n\t\t\t\t\t\t\t\t\t\t\t\t\t\t\t<img fetchpriority=\"high\" decoding=\"async\" width=\"800\" height=\"563\" src=\"https:\/\/shatranj.art\/wp-content\/uploads\/2026\/02\/20-1024x720.jpg\" class=\"attachment-large size-large wp-image-989\" alt=\"\" srcset=\"https:\/\/shatranj.art\/wp-content\/uploads\/2026\/02\/20-1024x720.jpg 1024w, https:\/\/shatranj.art\/wp-content\/uploads\/2026\/02\/20-300x211.jpg 300w, https:\/\/shatranj.art\/wp-content\/uploads\/2026\/02\/20-768x540.jpg 768w, https:\/\/shatranj.art\/wp-content\/uploads\/2026\/02\/20-1536x1080.jpg 1536w, https:\/\/shatranj.art\/wp-content\/uploads\/2026\/02\/20-2048x1440.jpg 2048w\" sizes=\"(max-width: 800px) 100vw, 800px\" \/>\t\t\t\t\t\t\t\t\t\t\t\t\t\t\t<\/div>\n\t\t\t\t<\/div>\n\t\t\t\t<div class=\"elementor-element elementor-element-c898b64 elementor-widget elementor-widget-text-editor\" data-id=\"c898b64\" data-element_type=\"widget\" data-e-type=\"widget\" data-widget_type=\"text-editor.default\">\n\t\t\t\t<div class=\"elementor-widget-container\">\n\t\t\t\t\t\t\t\t\t<h3><b>Alquerque: Dama Oyunlar\u0131n\u0131n Kadim Atas\u0131 ve Alfonso'nun Miras\u0131<\/b><\/h3><p><b>Kastilya'dan G\u00fcn\u00fcm\u00fcze Uzanan Bir Strateji<\/b> <span style=\"font-weight: 400;\"><br \/><\/span>1283 y\u0131l\u0131nda Kastilya Kral\u0131 X. Alfonso (Bilge Alfonso) taraf\u0131ndan haz\u0131rlat\u0131lan Libro de los Juegos (Oyunlar Kitab\u0131), Orta\u00e7a\u011f Avrupas\u0131'ndaki oyun k\u00fclt\u00fcr\u00fcn\u00fcn en kapsaml\u0131 kayd\u0131 olmaya devam etmektedir. Kitab\u0131n sayfalar\u0131nda ayr\u0131nt\u0131lar\u0131 verilen Alquerque, Arap d\u00fcnyas\u0131nda \u201cEl-Qirkat\u201d olarak bilinen ve k\u00f6kleri antik M\u0131s\u0131r'a kadar uzanan eski bir strateji oyununun Avrupa'daki evrimidir. Alquerque, 13. y\u00fczy\u0131l \u0130spanya's\u0131nda H\u0131ristiyan, M\u00fcsl\u00fcman ve Yahudi bilginlerin Do\u011fu ile Bat\u0131 aras\u0131nda k\u00f6pr\u00fc kurmak i\u00e7in nas\u0131l i\u015fbirli\u011fi yapt\u0131klar\u0131n\u0131n bir kan\u0131t\u0131d\u0131r.<\/p><p><b>Dama'ya Giden Yol<\/b> <span style=\"font-weight: 400;\"><br \/><\/span>5\u00d75\u201clik bir \u0131zgara \u00fczerinde her biri 12 ta\u015fla oynanan Alquerque, modern Dama'n\u0131n temel kural\u0131 olan \u201dz\u0131playarak yakalama\u201c mekani\u011finin do\u011fdu\u011fu yerdir. 15. y\u00fczy\u0131l\u0131n sonlar\u0131nda, bu dinamik kurallar 8\u00d78\u201dlik satran\u00e7 tahtas\u0131na aktar\u0131ld\u0131\u011f\u0131nda, bug\u00fcn bildi\u011fimiz \u015fekliyle \"Dama\" oyunu do\u011fmu\u015f oldu. Bu tasvir, oyunlar\u0131n yaln\u0131zca bir e\u011flence de\u011fil, co\u011frafyalar\u0131, dilleri ve inan\u00e7lar\u0131 birbirine ba\u011flayan evrensel bir dil oldu\u011funun kan\u0131t\u0131d\u0131r<\/p>\t\t\t\t\t\t\t\t<\/div>\n\t\t\t\t<\/div>\n\t\t\t\t<\/div>\n\t\t\t\t\t<\/div>\n\t\t\t\t<\/div>\n\t\t\t\t<\/div>","protected":false},"excerpt":{"rendered":"<p>Alquerque: The Ancient Ancestor of Draughts and the Legacy of Alfonso A Strategy Stretching from Castile to the Present Commissioned in 1283 by King Alfonso X of Castile (Alfonso the Wise), the Libro de los Juegos (The Book of Games) remains the most comprehensive record of gaming culture in Medieval Europe. Alquerque, detailed within its [&hellip;]<\/p>\n","protected":false},"author":1,"featured_media":0,"parent":743,"menu_order":0,"comment_status":"closed","ping_status":"closed","template":"","meta":{"footnotes":""},"class_list":["post-986","page","type-page","status-publish","hentry"],"_links":{"self":[{"href":"https:\/\/shatranj.art\/tr\/wp-json\/wp\/v2\/pages\/986","targetHints":{"allow":["GET"]}}],"collection":[{"href":"https:\/\/shatranj.art\/tr\/wp-json\/wp\/v2\/pages"}],"about":[{"href":"https:\/\/shatranj.art\/tr\/wp-json\/wp\/v2\/types\/page"}],"author":[{"embeddable":true,"href":"https:\/\/shatranj.art\/tr\/wp-json\/wp\/v2\/users\/1"}],"replies":[{"embeddable":true,"href":"https:\/\/shatranj.art\/tr\/wp-json\/wp\/v2\/comments?post=986"}],"version-history":[{"count":7,"href":"https:\/\/shatranj.art\/tr\/wp-json\/wp\/v2\/pages\/986\/revisions"}],"predecessor-version":[{"id":1231,"href":"https:\/\/shatranj.art\/tr\/wp-json\/wp\/v2\/pages\/986\/revisions\/1231"}],"up":[{"embeddable":true,"href":"https:\/\/shatranj.art\/tr\/wp-json\/wp\/v2\/pages\/743"}],"wp:attachment":[{"href":"https:\/\/shatranj.art\/tr\/wp-json\/wp\/v2\/media?parent=986"}],"curies":[{"name":"wp","href":"https:\/\/api.w.org\/{rel}","templated":true}]}}