{"id":1068,"date":"2026-02-22T18:39:42","date_gmt":"2026-02-22T18:39:42","guid":{"rendered":"https:\/\/shatranj.art\/?page_id=1068"},"modified":"2026-02-24T09:00:42","modified_gmt":"2026-02-24T09:00:42","slug":"poster-29","status":"publish","type":"page","link":"https:\/\/shatranj.art\/ur\/exhibit\/poster-29\/","title":{"rendered":"\u067e\u0648\u0633\u0679\u0631 29"},"content":{"rendered":"<div data-elementor-type=\"wp-page\" data-elementor-id=\"1068\" class=\"elementor elementor-1068\" data-elementor-post-type=\"page\">\n\t\t\t\t<div class=\"elementor-element elementor-element-cfd54a0 e-flex e-con-boxed e-con e-parent\" data-id=\"cfd54a0\" data-element_type=\"container\" data-e-type=\"container\" data-settings=\"{&quot;background_background&quot;:&quot;classic&quot;}\">\n\t\t\t\t\t<div class=\"e-con-inner\">\n\t\t<div class=\"elementor-element elementor-element-00cae2a e-con-full e-flex e-con e-child\" data-id=\"00cae2a\" data-element_type=\"container\" data-e-type=\"container\">\n\t\t<div class=\"elementor-element elementor-element-edcf7ea e-con-full e-flex e-con e-child\" data-id=\"edcf7ea\" data-element_type=\"container\" data-e-type=\"container\">\n\t\t\t\t<div class=\"elementor-element elementor-element-411efec elementor-widget elementor-widget-image\" data-id=\"411efec\" data-element_type=\"widget\" data-e-type=\"widget\" data-widget_type=\"image.default\">\n\t\t\t\t<div class=\"elementor-widget-container\">\n\t\t\t\t\t\t\t\t\t\t\t\t\t\t\t<img fetchpriority=\"high\" decoding=\"async\" width=\"800\" height=\"384\" src=\"https:\/\/shatranj.art\/wp-content\/uploads\/2026\/02\/regence-cafe-chess-set-1780-1820-1-1024x491.png\" class=\"attachment-large size-large wp-image-1073\" alt=\"\" srcset=\"https:\/\/shatranj.art\/wp-content\/uploads\/2026\/02\/regence-cafe-chess-set-1780-1820-1-1024x491.png 1024w, https:\/\/shatranj.art\/wp-content\/uploads\/2026\/02\/regence-cafe-chess-set-1780-1820-1-300x144.png 300w, https:\/\/shatranj.art\/wp-content\/uploads\/2026\/02\/regence-cafe-chess-set-1780-1820-1-768x369.png 768w, https:\/\/shatranj.art\/wp-content\/uploads\/2026\/02\/regence-cafe-chess-set-1780-1820-1-1536x737.png 1536w, https:\/\/shatranj.art\/wp-content\/uploads\/2026\/02\/regence-cafe-chess-set-1780-1820-1.png 1886w\" sizes=\"(max-width: 800px) 100vw, 800px\" \/>\t\t\t\t\t\t\t\t\t\t\t\t\t\t\t<\/div>\n\t\t\t\t<\/div>\n\t\t\t\t<div class=\"elementor-element elementor-element-6e231da elementor-widget-tablet__width-inherit elementor-widget elementor-widget-text-editor\" data-id=\"6e231da\" data-element_type=\"widget\" data-e-type=\"widget\" data-widget_type=\"text-editor.default\">\n\t\t\t\t<div class=\"elementor-widget-container\">\n\t\t\t\t\t\t\t\t\t<p><strong>\u015eAH\u00ce \u0646\u06d2 \u0634\u0627\u06c1\u06cc\/\u0628\u0627\u062f\u0634\u0627\u06c1\/\u0634\u0627\u06c1 \u06a9\u06d2 \u0679\u06a9\u0691\u06d2 \u06a9\u06d2 \u0637\u0648\u0631 \u067e\u0631 \u06af\u0644 \u0634\u0627\u06c1 \u0645\u0642\u0631\u0631 \u06a9\u06cc\u0627\u06d4<\/strong><\/p><p>\u06af\u0644\u0634\u0627\u06c1 \u0679\u0648\u067e\u06cc \u06a9\u06cc \u062d\u06a9\u0645\u062a\u060c \u06af\u0646\u0628\u062f \u06a9\u06cc \u062a\u0642\u062f\u0633 \u0627\u0648\u0631 \u0627\u062e\u062a\u06cc\u0627\u0631\u060c \u0627\u0648\u0631 \u0632\u0646\u062f\u06af\u06cc \u0648 \u062d\u0633\u0646 \u06a9\u06cc \u0639\u0644\u0627\u0645\u062a \u06a9\u06d2 \u0637\u0648\u0631 \u067e\u0631 \u06af\u0644\u0627\u0628 \u06a9\u06cc \u0646\u0645\u0627\u0626\u0646\u062f\u06af\u06cc \u06a9\u0631\u062a\u06cc \u06c1\u06d2\u060c \u062c\u0633\u06d2 \u0645\u0627\u062a \u0633\u06d2 \u0628\u0686\u0627\u0646\u0627 \u0636\u0631\u0648\u0631\u06cc \u06c1\u06d2\u06d4 \u06af\u0646\u0628\u062f \u0646\u06d2 \u0627\u06cc\u062c\u06cc\u0627 \u0635\u0648\u0641\u06cc\u06c1\u060c \u067e\u06cc\u0646\u062a\u06be\u06cc\u0648\u0646\u060c \u0627\u0648\u0631 \u0627\u06cc\u0645 \u0622\u0626\u06cc \u0679\u06cc \u062c\u06cc\u0633\u06cc \u0639\u0644\u0627\u0645\u062a\u06cc \u0639\u0645\u0627\u0631\u0627\u062a \u0633\u06d2 \u0627\u0644\u06c1\u0627\u0645 \u0644\u06cc\u0627 \u06c1\u06d2\u06d4 \u0679\u0648\u067e\u06cc \u0627\u0628\u062a\u062f\u0627\u0626\u06cc \u0634\u0637\u0631\u0646\u062c \u06a9\u06d2 \u0645\u0635\u0646\u0641\u06cc\u0646 \u062c\u06cc\u0633\u06d2 \u0627\u0633-\u0633\u0648\u0644\u06cc \u0627\u0648\u0631 \u0633\u062a\u0645\u0627 \u06a9\u06cc \u0639\u0644\u0645\u06cc \u0648\u0631\u0627\u062b\u062a \u06a9\u06cc \u0639\u06a9\u0627\u0633\u06cc \u06a9\u0631\u062a\u06cc \u06c1\u06d2\u060c \u062c\u0628\u06a9\u06c1 \u062a\u0627\u062c \u0642\u062f\u06cc\u0645 \u0627\u0648\u0644\u0645\u067e\u06a9\u0633 \u06a9\u06d2 \u0632\u06cc\u062a\u0648\u0646 \u06a9\u06d2 \u06c1\u0627\u0631\u0648\u06ba \u06a9\u06cc \u0645\u0627\u0646\u0646\u062f \u06c1\u06d2\u06d4 \u062a\u0627\u0631\u06cc\u062e\u06cc \u0637\u0648\u0631 \u067e\u0631 \u0627\u0633 \u0645\u06c1\u0631\u06d2 \u06a9\u0648 \u0631\u0627\u062c\u0627\u060c \u0634\u0627\u06c1\u060c \u0628\u0627\u062f\u0634\u0627\u06c1 \u06cc\u0627 \u06a9\u0645\u0627\u0646\u0688\u0631 \u06a9\u06c1\u0627 \u062c\u0627\u062a\u0627 \u0631\u06c1\u0627 \u06c1\u06d2\u06d4 \u0648\u0633\u0637\u06cc \u0627\u06cc\u0634\u06cc\u0627\u0626\u06cc \u0632\u0628\u0627\u0646\u0648\u06ba \u0645\u06cc\u06ba \u201c\u06af\u0644\u201d \u06a9\u0627 \u0645\u0637\u0644\u0628 \u06af\u0644\u0627\u0628 \u06c1\u06d2\u06d4 \u201c\u0634\u0627\u06c1\u201d\u060c \u062c\u0633\u06d2 \u2018\u0634\u0627\u06c1\u2019 \u06c1\u06cc \u062a\u0644\u0641\u0638 \u06a9\u06cc\u0627 \u062c\u0627\u062a\u0627 \u06c1\u06d2\u060c \u0628\u06c1\u062a \u0633\u06cc \u0632\u0628\u0627\u0646\u0648\u06ba \u0645\u06cc\u06ba \u0634\u0637\u0631\u0646\u062c \u06a9\u0627 \u0646\u0627\u0645 \u06c1\u06d2\u06d4 \u0627\u06af\u0631\u0686\u06c1 \u0634\u0627\u06c1 \u06a9\u0627 \u0627\u0635\u0644 \u0645\u0637\u0644\u0628 \u0645\u0631\u062f \u062d\u06a9\u0645\u0631\u0627\u0646 \u06c1\u0648\u062a\u0627 \u062a\u06be\u0627\u060c \u0645\u06af\u0631 \u0627\u0633 \u06a9\u06d2 \u0627\u0633\u062a\u0639\u0627\u0631\u062a\u06cc \u06cc\u0627 \u062c\u062f\u06cc\u062f \u0627\u0633\u062a\u0639\u0645\u0627\u0644 \u0645\u06cc\u06ba \u0635\u0646\u0641\u06cc \u0627\u0645\u062a\u06cc\u0627\u0632 \u062e\u062a\u0645 \u06c1\u0648 \u0686\u06a9\u0627 \u06c1\u06d2\u06d4.<\/p>\t\t\t\t\t\t\t\t<\/div>\n\t\t\t\t<\/div>\n\t\t\t\t<div class=\"elementor-element elementor-element-10b021d elementor-widget elementor-widget-image\" data-id=\"10b021d\" data-element_type=\"widget\" data-e-type=\"widget\" data-widget_type=\"image.default\">\n\t\t\t\t<div class=\"elementor-widget-container\">\n\t\t\t\t\t\t\t\t\t\t\t\t\t\t\t<img decoding=\"async\" width=\"188\" height=\"237\" src=\"https:\/\/shatranj.art\/wp-content\/uploads\/2026\/02\/Philipp-Stamma-Public-Domain.jpg\" class=\"attachment-large size-large wp-image-1071\" alt=\"\" \/>\t\t\t\t\t\t\t\t\t\t\t\t\t\t\t<\/div>\n\t\t\t\t<\/div>\n\t\t\t\t<\/div>\n\t\t<div class=\"elementor-element elementor-element-538608d e-con-full e-flex e-con e-child\" data-id=\"538608d\" data-element_type=\"container\" data-e-type=\"container\">\n\t\t\t\t<div class=\"elementor-element elementor-element-60ca9fa elementor-widget elementor-widget-image\" data-id=\"60ca9fa\" data-element_type=\"widget\" data-e-type=\"widget\" data-widget_type=\"image.default\">\n\t\t\t\t<div class=\"elementor-widget-container\">\n\t\t\t\t\t\t\t\t\t\t\t\t\t\t\t<img decoding=\"async\" width=\"800\" height=\"800\" src=\"https:\/\/shatranj.art\/wp-content\/uploads\/2026\/02\/shahi-gulsah-king-piece-1-1024x1024.png\" class=\"attachment-large size-large wp-image-1074\" alt=\"\" srcset=\"https:\/\/shatranj.art\/wp-content\/uploads\/2026\/02\/shahi-gulsah-king-piece-1-1024x1024.png 1024w, https:\/\/shatranj.art\/wp-content\/uploads\/2026\/02\/shahi-gulsah-king-piece-1-300x300.png 300w, https:\/\/shatranj.art\/wp-content\/uploads\/2026\/02\/shahi-gulsah-king-piece-1-150x150.png 150w, https:\/\/shatranj.art\/wp-content\/uploads\/2026\/02\/shahi-gulsah-king-piece-1-768x768.png 768w, https:\/\/shatranj.art\/wp-content\/uploads\/2026\/02\/shahi-gulsah-king-piece-1-1536x1536.png 1536w, https:\/\/shatranj.art\/wp-content\/uploads\/2026\/02\/shahi-gulsah-king-piece-1-2048x2048.png 2048w\" sizes=\"(max-width: 800px) 100vw, 800px\" \/>\t\t\t\t\t\t\t\t\t\t\t\t\t\t\t<\/div>\n\t\t\t\t<\/div>\n\t\t\t\t<div class=\"elementor-element elementor-element-aa06c95 elementor-widget-tablet__width-inherit elementor-widget elementor-widget-text-editor\" data-id=\"aa06c95\" data-element_type=\"widget\" data-e-type=\"widget\" data-widget_type=\"text-editor.default\">\n\t\t\t\t<div class=\"elementor-widget-container\">\n\t\t\t\t\t\t\t\t\t<p><strong>\u062a\u0641\u0635\u06cc\u0644 \u0627\u0648\u0631 \u0648\u0631\u062b\u06c1<\/strong><\/p><p>\u06af\u0644 \u0634\u0627\u06c1 \u06a9\u06d2 \u0627\u0633 \u0679\u06a9\u0691\u06d2 \u0645\u06cc\u06ba \u0627\u06cc\u06a9 \u0645\u0646\u0641\u0631\u062f \u0633\u0631\u067e\u0648\u0634 \u06a9\u0627 \u0688\u06cc\u0632\u0627\u0626\u0646 \u067e\u06cc\u0634 \u06a9\u06cc\u0627 \u06af\u06cc\u0627 \u06c1\u06d2 \u062c\u0648 \u0634\u0637\u0631\u0646\u062c \u06a9\u06cc \u062a\u0627\u0631\u06cc\u062e \u06a9\u06d2 \u0639\u0638\u06cc\u0645 \u062f\u0627\u0646\u0634\u0648\u0631\u0648\u06ba \u06a9\u0648 \u062e\u0631\u0627\u062c\u0650 \u062a\u062d\u0633\u06cc\u0646 \u067e\u06cc\u0634 \u06a9\u0631\u062a\u0627 \u06c1\u06d2\u06d4 \u06cc\u06c1 \u0633\u0631\u067e\u0648\u0634 \u0642\u0631\u0648\u0646 \u0648\u0633\u0637\u06cc\u0670 \u06a9\u06d2 \u0645\u0627\u06c1\u0631 \u0634\u0637\u0631\u0646\u062c \u0627\u0633-\u0633\u0648\u0644\u06cc \u0627\u0648\u0631 \u0627\u0679\u06be\u0627\u0631\u0648\u06cc\u06ba \u0635\u062f\u06cc \u06a9\u06d2 \u0627\u0633\u062a\u0627\u062f \u0648 \u0634\u0627\u06c1\u06cc \u0645\u062a\u0631\u062c\u0645 \u0641\u0644\u067e \u0627\u0633\u0679\u0627\u0645\u0627 \u06a9\u06d2 \u0631\u0648\u0627\u06cc\u062a\u06cc \u0679\u0648\u067e\u06cc\u0648\u06ba \u06a9\u06cc \u0637\u0631\u0632 \u067e\u0631 \u062a\u06cc\u0627\u0631 \u06a9\u06cc\u0627 \u06af\u06cc\u0627 \u06c1\u06d2\u06d4 \u062d\u0644\u0628 \u0645\u06cc\u06ba \u067e\u06cc\u062f\u0627 \u06c1\u0648\u0646\u06d2 \u0648\u0627\u0644\u06d2 \u0627\u0648\u0631 \u0644\u0646\u062f\u0646 \u0648 \u067e\u06cc\u0631\u0633 \u06a9\u06d2 \u0627\u06c1\u0645 \u0639\u0644\u0645\u06cc \u0645\u0631\u0627\u06a9\u0632 \u0645\u06cc\u06ba \u0633\u0631\u06af\u0631\u0645\u060c \u0633\u062a\u0627\u0645\u06c1 \u0627\u06cc\u06a9 \u062d\u0642\u06cc\u0642\u06cc \u0645\u0639\u0646\u0648\u06ba \u0645\u06cc\u06ba \u06a9\u062b\u06cc\u0631\u0627\u0644\u062b\u0642\u0627\u0641\u062a\u06cc \u0634\u062e\u0635\u06cc\u062a \u062a\u06be\u06d2\u060c \u062c\u0646\u06c1\u0648\u06ba \u0646\u06d2 \u0628\u0631\u0637\u0627\u0646\u0648\u06cc \u0631\u06cc\u0627\u0633\u062a \u06a9\u06d2 \u062a\u0631\u062c\u0645\u0627\u0646 \u06a9\u06d2 \u0637\u0648\u0631 \u067e\u0631 \u062e\u062f\u0645\u0627\u062a \u0627\u0646\u062c\u0627\u0645 \u062f\u06cc\u06ba \u0627\u0648\u0631 \u0627\u067e\u0646\u06cc \u062c\u062f\u06cc\u062f \u0634\u0637\u0631\u0646\u062c \u0646\u0648\u0679\u06cc\u0634\u0646 \u0646\u0638\u0627\u0645\u0648\u06ba \u06a9\u06d2 \u0630\u0631\u06cc\u0639\u06d2 \u0645\u0634\u0631\u0642\u06cc \u0648 \u0645\u063a\u0631\u0628\u06cc \u0631\u0648\u0627\u06cc\u0627\u062a \u06a9\u06d2 \u062f\u0631\u0645\u06cc\u0627\u0646 \u067e\u0644 \u06a9\u0627 \u06a9\u0627\u0645 \u06a9\u06cc\u0627\u06d4 \u06cc\u06c1 \u0688\u06cc\u0632\u0627\u0626\u0646 \u0627\u0633 \u0645\u06c1\u0631 \u06a9\u0648 \u06af\u06c1\u0631\u06cc \u062d\u06a9\u0645\u062a \u0627\u0648\u0631 \u0639\u0644\u0645\u06cc \u0648\u0642\u0627\u0631 \u06a9\u0627 \u0627\u062d\u0633\u0627\u0633 \u0628\u062e\u0634\u062a\u0627 \u06c1\u06d2\u06d4.<\/p>\t\t\t\t\t\t\t\t<\/div>\n\t\t\t\t<\/div>\n\t\t\t\t<div class=\"elementor-element elementor-element-117e242 elementor-widget elementor-widget-image\" data-id=\"117e242\" data-element_type=\"widget\" data-e-type=\"widget\" data-widget_type=\"image.default\">\n\t\t\t\t<div class=\"elementor-widget-container\">\n\t\t\t\t\t\t\t\t\t\t\t\t\t\t\t<img loading=\"lazy\" decoding=\"async\" width=\"800\" height=\"592\" src=\"https:\/\/shatranj.art\/wp-content\/uploads\/2026\/02\/olive-crown-olympos-1024x758.jpg\" class=\"attachment-large size-large wp-image-1558\" alt=\"\" srcset=\"https:\/\/shatranj.art\/wp-content\/uploads\/2026\/02\/olive-crown-olympos-1024x758.jpg 1024w, https:\/\/shatranj.art\/wp-content\/uploads\/2026\/02\/olive-crown-olympos-300x222.jpg 300w, https:\/\/shatranj.art\/wp-content\/uploads\/2026\/02\/olive-crown-olympos-768x568.jpg 768w, https:\/\/shatranj.art\/wp-content\/uploads\/2026\/02\/olive-crown-olympos-16x12.jpg 16w, https:\/\/shatranj.art\/wp-content\/uploads\/2026\/02\/olive-crown-olympos.jpg 1280w\" sizes=\"(max-width: 800px) 100vw, 800px\" \/>\t\t\t\t\t\t\t\t\t\t\t\t\t\t\t<\/div>\n\t\t\t\t<\/div>\n\t\t\t\t<div class=\"elementor-element elementor-element-07417e4 elementor-widget-tablet__width-inherit elementor-widget elementor-widget-text-editor\" data-id=\"07417e4\" data-element_type=\"widget\" data-e-type=\"widget\" data-widget_type=\"text-editor.default\">\n\t\t\t\t<div class=\"elementor-widget-container\">\n\t\t\t\t\t\t\t\t\t<p><strong>\u06af\u0644\u0650 \u06af\u0644\u0627\u0628 \u06a9\u06d2 \u067e\u06be\u0648\u0644 \u06a9\u06d2 \u067e\u062a\u0651\u06d2 \u0627\u0648\u0631 \u0627\u0648\u0644\u0645\u067e\u0633 \u06a9\u0627 \u0632\u06cc\u062a\u0648\u0646 \u06a9\u0627 \u062a\u0627\u062c<\/strong><\/p><p>\u015eAH\u00ce \u0645\u0648\u0646\u0627\u0631\u06a9 \u0679\u06a9\u0691\u06d2 \u06a9\u06d2 \u062a\u0627\u062c \u0645\u06cc\u06ba \u06af\u0644\u0627\u0628 \u06a9\u06cc \u067e\u0646\u06a9\u06be\u0691\u06cc\u0627\u06ba \u06c1\u06cc\u06ba \u062c\u0648 \u0632\u0646\u062f\u06af\u06cc \u06a9\u06cc \u062e\u0648\u0628\u0635\u0648\u0631\u062a\u06cc \u0627\u0648\u0631 \u0646\u0627\u0632\u06a9 \u067e\u0646 \u06a9\u06cc \u0639\u0644\u0627\u0645\u062a \u06c1\u06cc\u06ba\u2014\u0627\u06cc\u06a9 \u0642\u06cc\u0645\u062a\u06cc \u062d\u0627\u0644\u062a \u062c\u0633\u06d2 \u0633\u062e\u062a\u06cc \u0633\u06d2 \u0645\u062d\u0641\u0648\u0638 \u0631\u06a9\u06be\u0646\u0627 \u0636\u0631\u0648\u0631\u06cc \u06c1\u06d2\u060c \u0628\u0627\u0644\u06a9\u0644 \u0648\u06cc\u0633\u06d2 \u06c1\u06cc \u062c\u06cc\u0633\u06d2 \u0628\u0627\u062f\u0634\u0627\u06c1 \u06a9\u0648 \u0634\u0637\u0631\u0646\u062c \u06a9\u06d2 \u062a\u062e\u062a\u06d2 \u067e\u0631 \u0686\u06cc\u06a9 \u0645\u06cc\u0679 \u0633\u06d2 \u0628\u0686\u0627\u0646\u06d2 \u06a9\u06d2 \u0644\u06cc\u06d2 \u0645\u062d\u0641\u0648\u0638 \u0631\u06a9\u06be\u0627 \u062c\u0627\u062a\u0627 \u06c1\u06d2\u06d4 \u06cc\u06c1 \u0688\u06cc\u0632\u0627\u0626\u0646 \u0645\u0632\u06cc\u062f \u0627\u0644\u06c1\u0627\u0645 \u0627\u0648\u0644\u0645\u067e\u0633 \u06a9\u06d2 \u0632\u06cc\u062a\u0648\u0646 \u06a9\u06d2 \u062a\u0627\u062c \u0633\u06d2 \u0644\u06cc\u062a\u0627 \u06c1\u06d2\u060c \u062c\u0648 \u062a\u0627\u0631\u06cc\u062e\u06cc \u0641\u062a\u062d \u06a9\u06cc \u062a\u0644\u0627\u0634 \u06a9\u0648 \u0632\u0646\u062f\u06af\u06cc \u06a9\u06cc \u0646\u0627\u0632\u06a9 \u0641\u0637\u0631\u062a \u06a9\u06d2 \u062a\u062d\u0641\u0638 \u06a9\u06d2 \u0633\u0627\u062a\u06be \u062c\u0648\u0691\u062a\u0627 \u06c1\u06d2\u06d4.<\/p>\t\t\t\t\t\t\t\t<\/div>\n\t\t\t\t<\/div>\n\t\t\t\t<\/div>\n\t\t<div class=\"elementor-element elementor-element-2d81034 e-con-full e-flex e-con e-child\" data-id=\"2d81034\" data-element_type=\"container\" data-e-type=\"container\">\n\t\t\t\t<div class=\"elementor-element elementor-element-71345be elementor-widget elementor-widget-image\" data-id=\"71345be\" data-element_type=\"widget\" data-e-type=\"widget\" data-widget_type=\"image.default\">\n\t\t\t\t<div class=\"elementor-widget-container\">\n\t\t\t\t\t\t\t\t\t\t\t\t\t\t\t<img loading=\"lazy\" decoding=\"async\" width=\"600\" height=\"800\" src=\"https:\/\/shatranj.art\/wp-content\/uploads\/2026\/02\/suli-statue.jpg\" class=\"attachment-large size-large wp-image-1075\" alt=\"\" srcset=\"https:\/\/shatranj.art\/wp-content\/uploads\/2026\/02\/suli-statue.jpg 600w, https:\/\/shatranj.art\/wp-content\/uploads\/2026\/02\/suli-statue-225x300.jpg 225w\" sizes=\"(max-width: 600px) 100vw, 600px\" \/>\t\t\t\t\t\t\t\t\t\t\t\t\t\t\t<\/div>\n\t\t\t\t<\/div>\n\t\t\t\t<div class=\"elementor-element elementor-element-1f7e824 elementor-widget-tablet__width-inherit elementor-widget elementor-widget-text-editor\" data-id=\"1f7e824\" data-element_type=\"widget\" data-e-type=\"widget\" data-widget_type=\"text-editor.default\">\n\t\t\t\t<div class=\"elementor-widget-container\">\n\t\t\t\t\t\t\t\t\t<p><strong>\u0631\u0648\u0634\u0646\u06cc \u06a9\u0627 \u0648\u0631\u062b\u06c1<\/strong><br \/><strong>\u0631\u06cc\u062c\u0646\u0633\u06cc \u0648\u0631\u0627\u062b\u062a \u015eah\u00ee \u0633\u06cc\u0679 \u0645\u06cc\u06ba<\/strong><\/p><p>\u00a0<\/p><p>\u0641\u0631\u0627\u0646\u0633\u06cc\u0633\u06cc \u0631\u06cc\u062c\u0646\u0633\u06cc \u0633\u06cc\u0679 \u0631\u0648\u0634\u0646 \u062e\u06cc\u0627\u0644\u06cc \u06a9\u06cc \u0639\u0644\u0627\u0645\u062a \u06c1\u06d2\u060c \u0627\u06cc\u06a9 \u0627\u06cc\u0633\u0627 \u062f\u0648\u0631 \u062c\u0648 \u0639\u0642\u0644 \u0627\u0648\u0631 \u0639\u0644\u0645 \u06a9\u06cc \u062a\u0644\u0627\u0634 \u0633\u06d2 \u0645\u062a\u0639\u06cc\u0646 \u06c1\u0648\u062a\u0627 \u06c1\u06d2\u06d4 \u062a\u0627\u0631\u06cc\u062e\u06cc \u0639\u0638\u06cc\u0645 \u0634\u062e\u0635\u06cc\u0627\u062a \u062c\u06cc\u0633\u06d2 \u0628\u06cc\u0646\u062c\u0645\u0646 \u0641\u0631\u06cc\u0646\u06a9\u0644\u0646\u060c \u0646\u06cc\u067e\u0648\u0644\u06cc\u0646 \u0628\u0648\u0646\u0627\u067e\u0627\u0631\u0679 \u0627\u0648\u0631 \u0627\u0633\u062a\u0627\u062f \u0641\u06cc\u0644\u0688\u0648\u0631 \u0646\u06d2 \u0645\u0634\u06c1\u0648\u0631 \u06a9\u06cc\u0641\u06d2 \u062f\u06d2 \u0644\u0627 \u0631\u06cc\u062c\u0646\u0633\u06cc \u0645\u06cc\u06ba \u0627\u0633 \u067e\u0631 \u06a9\u06be\u06cc\u0644 \u06a9\u0631 \u0627\u0633\u06d2 \u0639\u0644\u0645\u06cc \u0645\u0642\u0627\u0628\u0644\u06d2 \u06a9\u0627 \u0645\u0639\u06cc\u0627\u0631 \u0628\u0646\u0627 \u062f\u06cc\u0627\u06d4 \u015eah\u00ee \u0634\u0637\u0631\u0646\u062c \u0633\u06cc\u0679 \u062c\u0627\u0646 \u0628\u0648\u062c\u06be \u06a9\u0631 \u0627\u0633 \u0648\u0631\u062b\u06d2 \u06a9\u0648 \u0645\u062d\u0641\u0648\u0638 \u0631\u06a9\u06be\u062a\u0627 \u06c1\u06d2\u06d4 \u06af\u0644\u0634\u0627\u06c1 \u06a9\u06d2 \u0679\u06a9\u0691\u06d2 \u06a9\u06d2 \u0644\u06cc\u06d2 \u0631\u06cc\u062c\u0646\u0633\u06cc \u0628\u0627\u062f\u0634\u0627\u06c1 \u06a9\u06d2 \u067e\u06be\u0648\u0644\u062f\u0627\u0631 \u0646\u0642\u0648\u0634 \u0633\u06d2 \u0627\u0644\u06c1\u0627\u0645 \u0644\u06d2 \u06a9\u0631\u060c \u015eah\u00ee \u0633\u06cc\u0679 \u0627\u0679\u06be\u0627\u0631\u0648\u06cc\u06ba \u0635\u062f\u06cc \u06a9\u06cc \u06cc\u0648\u0631\u067e\u06cc \u0646\u0641\u0627\u0633\u062a \u06a9\u0648 \u0645\u0634\u0631\u0642 \u06a9\u06cc \u06af\u06c1\u0631\u06cc \u0639\u0644\u0645\u06cc \u0631\u0648\u0627\u06cc\u0627\u062a \u06a9\u06d2 \u0633\u0627\u062a\u06be \u062c\u0648\u0691\u062a\u0627 \u06c1\u06d2\u060c \u0627\u0648\u0631 \u06a9\u06be\u06cc\u0644 \u06a9\u06d2 \u0633\u0646\u06c1\u0631\u06cc \u062f\u0648\u0631 \u06a9\u06d2 \u0645\u0639\u0645\u0627\u0631\u0648\u06ba \u06a9\u0648 \u062e\u0631\u0627\u062c\u0650 \u062a\u062d\u0633\u06cc\u0646 \u067e\u06cc\u0634 \u06a9\u0631\u062a\u0627 \u06c1\u06d2\u06d4.<\/p>\t\t\t\t\t\t\t\t<\/div>\n\t\t\t\t<\/div>\n\t\t\t\t<\/div>\n\t\t\t\t<\/div>\n\t\t\t\t\t<\/div>\n\t\t\t\t<\/div>\n\t\t\t\t<\/div>","protected":false},"excerpt":{"rendered":"<p>\u015eAH\u00ce set monarch\/king\/shah piece: G\u00fcl\u015fah G\u00fcl\u015fah represents the wisdom of the headwrap, the sanctity and authority of the dome, and rose as a symbol of life and beauty, which must be protected from checkmate. The dome draws inspiration from iconic structures like the Hagia Sophia, the Pantheon, and MIT. The headwrap reflects the intellectual legacy [&hellip;]<\/p>\n","protected":false},"author":1,"featured_media":0,"parent":743,"menu_order":0,"comment_status":"closed","ping_status":"closed","template":"","meta":{"footnotes":""},"class_list":["post-1068","page","type-page","status-publish","hentry"],"_links":{"self":[{"href":"https:\/\/shatranj.art\/ur\/wp-json\/wp\/v2\/pages\/1068","targetHints":{"allow":["GET"]}}],"collection":[{"href":"https:\/\/shatranj.art\/ur\/wp-json\/wp\/v2\/pages"}],"about":[{"href":"https:\/\/shatranj.art\/ur\/wp-json\/wp\/v2\/types\/page"}],"author":[{"embeddable":true,"href":"https:\/\/shatranj.art\/ur\/wp-json\/wp\/v2\/users\/1"}],"replies":[{"embeddable":true,"href":"https:\/\/shatranj.art\/ur\/wp-json\/wp\/v2\/comments?post=1068"}],"version-history":[{"count":10,"href":"https:\/\/shatranj.art\/ur\/wp-json\/wp\/v2\/pages\/1068\/revisions"}],"predecessor-version":[{"id":1561,"href":"https:\/\/shatranj.art\/ur\/wp-json\/wp\/v2\/pages\/1068\/revisions\/1561"}],"up":[{"embeddable":true,"href":"https:\/\/shatranj.art\/ur\/wp-json\/wp\/v2\/pages\/743"}],"wp:attachment":[{"href":"https:\/\/shatranj.art\/ur\/wp-json\/wp\/v2\/media?parent=1068"}],"curies":[{"name":"wp","href":"https:\/\/api.w.org\/{rel}","templated":true}]}}