{"id":809,"date":"2026-02-21T19:53:54","date_gmt":"2026-02-21T19:53:54","guid":{"rendered":"https:\/\/shatranj.art\/?page_id=809"},"modified":"2026-03-18T00:05:44","modified_gmt":"2026-03-18T00:05:44","slug":"poster-7","status":"publish","type":"page","link":"https:\/\/shatranj.art\/ur\/exhibit\/poster-7\/","title":{"rendered":"\u067e\u0648\u0633\u0679\u0631 7"},"content":{"rendered":"<div data-elementor-type=\"wp-page\" data-elementor-id=\"809\" class=\"elementor elementor-809\" data-elementor-post-type=\"page\">\n\t\t\t\t<div class=\"elementor-element elementor-element-fa6cd04 e-flex e-con-boxed e-con e-parent\" data-id=\"fa6cd04\" data-element_type=\"container\" data-e-type=\"container\" data-settings=\"{&quot;background_background&quot;:&quot;classic&quot;}\">\n\t\t\t\t\t<div class=\"e-con-inner\">\n\t\t\t\t<div class=\"elementor-element elementor-element-5c7bc28 elementor-widget elementor-widget-image\" data-id=\"5c7bc28\" data-element_type=\"widget\" data-e-type=\"widget\" data-widget_type=\"image.default\">\n\t\t\t\t<div class=\"elementor-widget-container\">\n\t\t\t\t\t\t\t\t\t\t\t\t\t\t\t<img fetchpriority=\"high\" decoding=\"async\" width=\"1968\" height=\"1288\" src=\"https:\/\/shatranj.art\/wp-content\/uploads\/2026\/02\/7.jpg\" class=\"attachment-full size-full wp-image-812\" alt=\"\" srcset=\"https:\/\/shatranj.art\/wp-content\/uploads\/2026\/02\/7.jpg 1968w, https:\/\/shatranj.art\/wp-content\/uploads\/2026\/02\/7-300x196.jpg 300w, https:\/\/shatranj.art\/wp-content\/uploads\/2026\/02\/7-1024x670.jpg 1024w, https:\/\/shatranj.art\/wp-content\/uploads\/2026\/02\/7-768x503.jpg 768w, https:\/\/shatranj.art\/wp-content\/uploads\/2026\/02\/7-1536x1005.jpg 1536w\" sizes=\"(max-width: 1968px) 100vw, 1968px\" \/>\t\t\t\t\t\t\t\t\t\t\t\t\t\t\t<\/div>\n\t\t\t\t<\/div>\n\t\t\t\t<div class=\"elementor-element elementor-element-a06796b elementor-widget elementor-widget-text-editor\" data-id=\"a06796b\" data-element_type=\"widget\" data-e-type=\"widget\" data-widget_type=\"text-editor.default\">\n\t\t\t\t<div class=\"elementor-widget-container\">\n\t\t\t\t\t\t\t\t\t<h3><b>\u0639\u0635\u0631\u0650 \u0631\u0648\u0634\u0646 \u062e\u06cc\u0627\u0644\u06cc \u06a9\u06cc \u062c\u0645\u0627\u0644\u06cc\u0627\u062a: \u0641\u06cc\u0644\u06cc\u062f\u0648\u0631 \u0627\u0648\u0631 \u0646\u06cc\u067e\u0648\u0644\u06cc\u0646 \u06a9\u06cc \u0631\u06cc\u062c\u0646\u0633\u06cc \u0648\u0631\u0627\u062b\u062a<\/b><\/h3><p>\u0634\u0637\u0631\u0646\u062c \u06a9\u06cc \u062a\u0627\u0631\u06cc\u062e \u06a9\u06d2 \u0633\u0628 \u0633\u06d2 \u0645\u0639\u0632\u0632 \u0627\u0648\u0631 \u0639\u0644\u0627\u0645\u062a\u06cc \u0688\u06cc\u0632\u0627\u0626\u0646\u0632 \u0645\u06cc\u06ba \u0633\u06d2 \u0627\u06cc\u06a9 \u06a9\u06d2 \u0637\u0648\u0631 \u067e\u0631\u060c \u0631\u06cc\u062c\u0646\u0633\u06cc \u0637\u0631\u0632 \u06a9\u0627 \u0646\u0627\u0645 \u067e\u06cc\u0631\u0633 \u06a9\u06d2 \u0627\u0641\u0633\u0627\u0646\u0648\u06cc \u06a9\u06cc\u0641\u06d2 \u0688\u06cc \u0644\u0627 \u0631\u06cc\u062c\u0646\u0633\u06cc \u0633\u06d2 \u0645\u0627\u062e\u0648\u0630 \u06c1\u06d2\u06d4 \u06cc\u06c1 \u0633\u06cc\u0679 \u0627\u0633 \u062f\u0648\u0631 \u06a9\u06cc \u0639\u06a9\u0627\u0633\u06cc \u06a9\u0631\u062a\u06d2 \u06c1\u06cc\u06ba \u062c\u0628 \u0634\u0637\u0631\u0646\u062c \u0634\u0627\u06c1\u06cc \u062f\u0631\u0628\u0627\u0631\u0648\u06ba \u0633\u06d2 \u0646\u06a9\u0644 \u06a9\u0631 \u06cc\u0648\u0631\u067e \u06a9\u06d2 \u0641\u06a9\u0631\u06cc \u0645\u0631\u06a9\u0632 \u06a9\u0627 \u062d\u0635\u06c1 \u0628\u0646\u06cc\u060c \u0627\u0648\u0631 \u0641\u0644\u0633\u0641\u06cc\u0648\u06ba\u060c \u0633\u0627\u0626\u0646\u0633\u062f\u0627\u0646\u0648\u06ba \u0627\u0648\u0631 \u0627\u0646\u0642\u0644\u0627\u0628 \u067e\u0633\u0646\u062f\u0648\u06ba \u06a9\u06cc \u0645\u06cc\u0632\u0648\u06ba \u06a9\u06cc \u0632\u06cc\u0646\u062a \u0628\u0646\u06cc\u06d4 \u0627\u0679\u06be\u0627\u0631\u0648\u06cc\u06ba \u0635\u062f\u06cc \u0627\u0648\u0631 \u0627\u0646\u06cc\u0633\u0648\u06cc\u06ba \u0635\u062f\u06cc \u06a9\u06d2 \u0628\u06cc\u0634\u062a\u0631 \u0639\u0631\u0635\u06d2 \u0645\u06cc\u06ba \u06cc\u06c1 \u0688\u06cc\u0632\u0627\u0626\u0646 \u06a9\u06be\u06cc\u0644 \u06a9\u06cc \u0639\u0627\u0644\u0645\u06cc \u0632\u0628\u0627\u0646 \u06a9\u06d2 \u0637\u0648\u0631 \u067e\u0631 \u06a9\u0627\u0645 \u06a9\u0631\u062a\u0627 \u0631\u06c1\u0627\u060c \u0627\u0648\u0631 \u0627\u0633 \u0646\u06d2 \u062a\u0627\u0631\u06cc\u062e \u06a9\u06d2 \u0631\u062e \u0645\u0648\u0691 \u062f\u06cc\u0646\u06d2 \u0648\u0627\u0644\u06cc \u062d\u06a9\u0645\u062a\u0650 \u0639\u0645\u0644\u06cc\u0648\u06ba \u06a9\u06d2 \u0634\u0627\u06c1\u062f \u06a9\u0627 \u06a9\u0631\u062f\u0627\u0631 \u0627\u062f\u0627 \u06a9\u06cc\u0627\u060c \u062c\u06cc\u0633\u06d2 \u0646\u06cc\u067e\u0648\u0644\u06cc\u0646 \u0628\u0648\u0646\u0627\u067e\u0627\u0631\u0679\u060c \u0628\u06cc\u0646\u062c\u0645\u0646 \u0641\u0631\u06cc\u0646\u06a9\u0644\u0646 \u0627\u0648\u0631 \u0648\u0627\u0644\u0679\u06cc\u0626\u0631\u06d4.<\/p><p><span style=\"font-weight: 400;\">\u0627\u0633 \u062f\u0648\u0631 \u0645\u06cc\u06ba\u060c \u062c\u0628 \u0639\u0638\u06cc\u0645 \u0627\u0633\u062a\u0627\u062f \u0641\u0631\u0627\u0646\u0633\u0648\u0627-\u0622\u0646\u062f\u0631\u06d2 \u0688\u0627\u0646\u06cc\u06a9\u0646 \u0641\u0644\u06cc\u062f\u0648\u0631 \u0646\u06d2 \u06a9\u06be\u06cc\u0644 \u06a9\u0648 \u0627\u06cc\u06a9 \u062c\u062f\u06cc\u062f \u0646\u0638\u0631\u06cc\u0627\u062a\u06cc \u0628\u0646\u06cc\u0627\u062f \u0641\u0631\u0627\u06c1\u0645 \u06a9\u06cc \u0627\u0648\u0631 \u0627\u0639\u0644\u0627\u0646 \u06a9\u06cc\u0627 \u06a9\u06c1 <\/span><b>\u201c\u067e\u0627\u062f\u06cc\u0627\u06ba \u0634\u0637\u0631\u0646\u062c \u06a9\u06cc \u062c\u0627\u0646 \u06c1\u06cc\u06ba\u06d4\u201d<\/b> \u0631\u06cc\u062c\u0646\u0633\u06cc \u06a9\u06d2 \u0628\u0627\u0631\u06cc\u06a9\u060c \u0645\u062a\u0639\u062f\u062f \u0633\u0637\u062d\u0648\u06ba \u067e\u0631 \u0645\u0634\u062a\u0645\u0644 \u0627\u0648\u0631 \u0641\u0646\u0650 \u062a\u0639\u0645\u06cc\u0631 \u06a9\u06cc \u0637\u0631\u0632 \u06a9\u06cc \u0644\u06a9\u06cc\u0631\u06cc\u06ba \u0627\u0633 \u0641\u06a9\u0631\u06cc \u0627\u0646\u0642\u0644\u0627\u0628 \u06a9\u06cc \u0628\u0635\u0631\u06cc \u0639\u0644\u0627\u0645\u062a \u0628\u0646 \u06af\u0626\u06cc\u06ba\u06d4 \u06cc\u06c1 \u0645\u062c\u0645\u0648\u0639\u06c1 \u0627\u06cc\u06a9 \u0632\u0646\u062f\u06c1 \u06cc\u0627\u062f\u06af\u0627\u0631 \u06a9\u06d2 \u0637\u0648\u0631 \u067e\u0631 \u06a9\u06be\u0691\u0627 \u06c1\u06d2\u060c \u062c\u0648 \u0631\u0648\u0634\u0646 \u062e\u06cc\u0627\u0644\u06cc \u06a9\u06d2 \u0622\u0632\u0627\u062f\u060c \u0628\u0627\u0648\u0642\u0627\u0631 \u0627\u0648\u0631 \u062d\u06a9\u0645\u062a\u0650 \u0639\u0645\u0644\u06cc \u067e\u0631 \u0645\u0628\u0646\u06cc \u0648\u0631\u062b\u06d2 \u06a9\u0648 \u0622\u062c \u06a9\u06d2 \u062f\u0648\u0631 \u062a\u06a9 \u067e\u06c1\u0646\u0686\u0627\u062a\u0627 \u06c1\u06d2\u06d4.<\/p>\t\t\t\t\t\t\t\t<\/div>\n\t\t\t\t<\/div>\n\t\t\t\t<div class=\"elementor-element elementor-element-9452bb3 elementor-widget elementor-widget-image\" data-id=\"9452bb3\" data-element_type=\"widget\" data-e-type=\"widget\" data-widget_type=\"image.default\">\n\t\t\t\t<div class=\"elementor-widget-container\">\n\t\t\t\t\t\t\t\t\t\t\t\t\t\t\t<img decoding=\"async\" width=\"1873\" height=\"1232\" src=\"https:\/\/shatranj.art\/wp-content\/uploads\/2026\/02\/7-1.jpg\" class=\"attachment-full size-full wp-image-813\" alt=\"\" srcset=\"https:\/\/shatranj.art\/wp-content\/uploads\/2026\/02\/7-1.jpg 1873w, https:\/\/shatranj.art\/wp-content\/uploads\/2026\/02\/7-1-300x197.jpg 300w, https:\/\/shatranj.art\/wp-content\/uploads\/2026\/02\/7-1-1024x674.jpg 1024w, https:\/\/shatranj.art\/wp-content\/uploads\/2026\/02\/7-1-768x505.jpg 768w, https:\/\/shatranj.art\/wp-content\/uploads\/2026\/02\/7-1-1536x1010.jpg 1536w\" sizes=\"(max-width: 1873px) 100vw, 1873px\" \/>\t\t\t\t\t\t\t\t\t\t\t\t\t\t\t<\/div>\n\t\t\t\t<\/div>\n\t\t\t\t<div class=\"elementor-element elementor-element-cae2144 elementor-widget elementor-widget-text-editor\" data-id=\"cae2144\" data-element_type=\"widget\" data-e-type=\"widget\" data-widget_type=\"text-editor.default\">\n\t\t\t\t<div class=\"elementor-widget-container\">\n\t\t\t\t\t\t\t\t\t<h3><b>\u0627\u0633\u062a\u0646\u0628\u0648\u0644 \u0686\u0633 \u0627\u06cc\u0633\u0648\u0633\u06cc \u0627\u06cc\u0634\u0646 \u06a9\u06d2 \u0628\u0627\u0646\u06cc \u0631\u06a9\u0646 \u067e\u0631\u0648\u0641\u06cc\u0633\u0631 \u0688\u0627\u06a9\u0679\u0631 \u0627\u062d\u0645\u062f \u0637\u0648\u0641\u06cc\u0642 \u06cc\u064f\u0686\u0633\u0648\u06cc \u06a9\u0627 \u0631\u06cc\u062c\u0646\u0633\u06cc \u0645\u0627\u0688\u0644 \u0634\u0637\u0631\u0646\u062c \u0633\u06cc\u0679 (\u0628\u0627\u06a9\u0633 \u0648\u0648\u0688 \u0633\u06d2 \u0628\u0646\u0627\u06cc\u0627 \u06af\u06cc\u0627)<\/b><\/h3><p>\u0622\u067e \u0646\u06cc\u0686\u06d2 A. Do\u011fan G\u00fcnsav \u06a9\u06cc \u0637\u0631\u0641 \u0633\u06d2 Serta\u00e7 Dalk\u0131ran \u06a9\u0648 \u0644\u06a9\u06be\u0627 \u06af\u06cc\u0627 \u062e\u0637 \u0627\u0648\u0631 \u0627\u0633 \u06a9\u06d2 \u0633\u0627\u062a\u06be \u0686\u06cc\u06a9\u0633 \u0633\u06cc\u0679 \u06a9\u06cc \u062a\u0635\u0648\u06cc\u0631 \u062f\u06cc\u06a9\u06be \u0633\u06a9\u062a\u06d2 \u06c1\u06cc\u06ba\u06d4  G\u00fcnsav \u0628\u062a\u0627\u062a\u06d2 \u06c1\u06cc\u06ba \u06a9\u06c1 \u06cc\u06c1 \u0686\u06cc\u06a9\u0633 \u0633\u06cc\u0679 \u067e\u0631\u0648\u0641\u06cc\u0633\u0631 \u06cc\u064f\u0648\u0633\u064f\u0648\u0633\u0648\u0626\u06d2 \u06a9\u06d2 \u0627\u0646\u062a\u0642\u0627\u0644 \u06a9\u06d2 \u0628\u0639\u062f \u0627\u0646 \u06a9\u06d2 \u062e\u0627\u0646\u062f\u0627\u0646 \u0646\u06d2 \u0627\u0646\u06c1\u06cc\u06ba \u062a\u062d\u0641\u06d2 \u0645\u06cc\u06ba \u062f\u06cc\u0627 \u062a\u06be\u0627\u06d4.<\/p>\t\t\t\t\t\t\t\t<\/div>\n\t\t\t\t<\/div>\n\t\t\t\t<div class=\"elementor-element elementor-element-60a889e elementor-widget elementor-widget-image\" data-id=\"60a889e\" data-element_type=\"widget\" data-e-type=\"widget\" data-widget_type=\"image.default\">\n\t\t\t\t<div class=\"elementor-widget-container\">\n\t\t\t\t\t\t\t\t\t\t\t\t\t\t\t<img decoding=\"async\" width=\"2560\" height=\"1920\" src=\"https:\/\/shatranj.art\/wp-content\/uploads\/2026\/03\/ISD-Kurucu-uyesi-Prof.-Dr.-Ahmet-Tevfik-Yucesoyun-asirlik-simsir-agacindan-yapilmis-Rejans-Modeli-satranc-takimi-scaled.jpg\" class=\"attachment-full size-full wp-image-1885\" alt=\"\" srcset=\"https:\/\/shatranj.art\/wp-content\/uploads\/2026\/03\/ISD-Kurucu-uyesi-Prof.-Dr.-Ahmet-Tevfik-Yucesoyun-asirlik-simsir-agacindan-yapilmis-Rejans-Modeli-satranc-takimi-scaled.jpg 2560w, https:\/\/shatranj.art\/wp-content\/uploads\/2026\/03\/ISD-Kurucu-uyesi-Prof.-Dr.-Ahmet-Tevfik-Yucesoyun-asirlik-simsir-agacindan-yapilmis-Rejans-Modeli-satranc-takimi-300x225.jpg 300w, https:\/\/shatranj.art\/wp-content\/uploads\/2026\/03\/ISD-Kurucu-uyesi-Prof.-Dr.-Ahmet-Tevfik-Yucesoyun-asirlik-simsir-agacindan-yapilmis-Rejans-Modeli-satranc-takimi-1024x768.jpg 1024w, https:\/\/shatranj.art\/wp-content\/uploads\/2026\/03\/ISD-Kurucu-uyesi-Prof.-Dr.-Ahmet-Tevfik-Yucesoyun-asirlik-simsir-agacindan-yapilmis-Rejans-Modeli-satranc-takimi-768x576.jpg 768w, https:\/\/shatranj.art\/wp-content\/uploads\/2026\/03\/ISD-Kurucu-uyesi-Prof.-Dr.-Ahmet-Tevfik-Yucesoyun-asirlik-simsir-agacindan-yapilmis-Rejans-Modeli-satranc-takimi-1536x1152.jpg 1536w, https:\/\/shatranj.art\/wp-content\/uploads\/2026\/03\/ISD-Kurucu-uyesi-Prof.-Dr.-Ahmet-Tevfik-Yucesoyun-asirlik-simsir-agacindan-yapilmis-Rejans-Modeli-satranc-takimi-2048x1536.jpg 2048w, https:\/\/shatranj.art\/wp-content\/uploads\/2026\/03\/ISD-Kurucu-uyesi-Prof.-Dr.-Ahmet-Tevfik-Yucesoyun-asirlik-simsir-agacindan-yapilmis-Rejans-Modeli-satranc-takimi-16x12.jpg 16w\" sizes=\"(max-width: 2560px) 100vw, 2560px\" \/>\t\t\t\t\t\t\t\t\t\t\t\t\t\t\t<\/div>\n\t\t\t\t<\/div>\n\t\t\t\t<div class=\"elementor-element elementor-element-0b39a21 elementor-widget elementor-widget-image\" data-id=\"0b39a21\" data-element_type=\"widget\" data-e-type=\"widget\" data-widget_type=\"image.default\">\n\t\t\t\t<div class=\"elementor-widget-container\">\n\t\t\t\t\t\t\t\t\t\t\t\t\t\t\t<img loading=\"lazy\" decoding=\"async\" width=\"1700\" height=\"2338\" src=\"https:\/\/shatranj.art\/wp-content\/uploads\/2026\/03\/dogan-gunsav-in-ahmet-tevfik-yucesoy-takimi-hk-001.jpg\" class=\"attachment-full size-full wp-image-1886\" alt=\"\" srcset=\"https:\/\/shatranj.art\/wp-content\/uploads\/2026\/03\/dogan-gunsav-in-ahmet-tevfik-yucesoy-takimi-hk-001.jpg 1700w, https:\/\/shatranj.art\/wp-content\/uploads\/2026\/03\/dogan-gunsav-in-ahmet-tevfik-yucesoy-takimi-hk-001-218x300.jpg 218w, https:\/\/shatranj.art\/wp-content\/uploads\/2026\/03\/dogan-gunsav-in-ahmet-tevfik-yucesoy-takimi-hk-001-745x1024.jpg 745w, https:\/\/shatranj.art\/wp-content\/uploads\/2026\/03\/dogan-gunsav-in-ahmet-tevfik-yucesoy-takimi-hk-001-768x1056.jpg 768w, https:\/\/shatranj.art\/wp-content\/uploads\/2026\/03\/dogan-gunsav-in-ahmet-tevfik-yucesoy-takimi-hk-001-1117x1536.jpg 1117w, https:\/\/shatranj.art\/wp-content\/uploads\/2026\/03\/dogan-gunsav-in-ahmet-tevfik-yucesoy-takimi-hk-001-1489x2048.jpg 1489w, https:\/\/shatranj.art\/wp-content\/uploads\/2026\/03\/dogan-gunsav-in-ahmet-tevfik-yucesoy-takimi-hk-001-9x12.jpg 9w\" sizes=\"(max-width: 1700px) 100vw, 1700px\" \/>\t\t\t\t\t\t\t\t\t\t\t\t\t\t\t<\/div>\n\t\t\t\t<\/div>\n\t\t\t\t\t<\/div>\n\t\t\t\t<\/div>\n\t\t\t\t<\/div>","protected":false},"excerpt":{"rendered":"<p>Aesthetics of the Enlightenment: The R\u00e9gence Legacy of Philidor and Napoleon As one of the most prestigious and iconic designs in chess history, the R\u00e9gence style takes its name from the legendary Caf\u00e9 de la R\u00e9gence in Paris. These sets embody the era when chess migrated from royal courts to the intellectual heart of Europe, [&hellip;]<\/p>\n","protected":false},"author":1,"featured_media":0,"parent":743,"menu_order":0,"comment_status":"closed","ping_status":"closed","template":"","meta":{"footnotes":""},"class_list":["post-809","page","type-page","status-publish","hentry"],"_links":{"self":[{"href":"https:\/\/shatranj.art\/ur\/wp-json\/wp\/v2\/pages\/809","targetHints":{"allow":["GET"]}}],"collection":[{"href":"https:\/\/shatranj.art\/ur\/wp-json\/wp\/v2\/pages"}],"about":[{"href":"https:\/\/shatranj.art\/ur\/wp-json\/wp\/v2\/types\/page"}],"author":[{"embeddable":true,"href":"https:\/\/shatranj.art\/ur\/wp-json\/wp\/v2\/users\/1"}],"replies":[{"embeddable":true,"href":"https:\/\/shatranj.art\/ur\/wp-json\/wp\/v2\/comments?post=809"}],"version-history":[{"count":16,"href":"https:\/\/shatranj.art\/ur\/wp-json\/wp\/v2\/pages\/809\/revisions"}],"predecessor-version":[{"id":1895,"href":"https:\/\/shatranj.art\/ur\/wp-json\/wp\/v2\/pages\/809\/revisions\/1895"}],"up":[{"embeddable":true,"href":"https:\/\/shatranj.art\/ur\/wp-json\/wp\/v2\/pages\/743"}],"wp:attachment":[{"href":"https:\/\/shatranj.art\/ur\/wp-json\/wp\/v2\/media?parent=809"}],"curies":[{"name":"wp","href":"https:\/\/api.w.org\/{rel}","templated":true}]}}