{"id":1002,"date":"2026-02-22T16:04:24","date_gmt":"2026-02-22T16:04:24","guid":{"rendered":"https:\/\/shatranj.art\/?page_id=1002"},"modified":"2026-02-23T08:09:23","modified_gmt":"2026-02-23T08:09:23","slug":"poster-22","status":"publish","type":"page","link":"https:\/\/shatranj.art\/vi\/exhibit\/poster-22\/","title":{"rendered":"Poster 22"},"content":{"rendered":"<div data-elementor-type=\"wp-page\" data-elementor-id=\"1002\" class=\"elementor elementor-1002\" data-elementor-post-type=\"page\">\n\t\t\t\t<div class=\"elementor-element elementor-element-e27c206 e-flex e-con-boxed e-con e-parent\" data-id=\"e27c206\" data-element_type=\"container\" data-e-type=\"container\" data-settings=\"{&quot;background_background&quot;:&quot;classic&quot;}\">\n\t\t\t\t\t<div class=\"e-con-inner\">\n\t\t\t\t<div class=\"elementor-element elementor-element-702222a elementor-widget__width-initial elementor-widget elementor-widget-heading\" data-id=\"702222a\" data-element_type=\"widget\" data-e-type=\"widget\" data-widget_type=\"heading.default\">\n\t\t\t\t<div class=\"elementor-widget-container\">\n\t\t\t\t\t<h1 class=\"elementor-heading-title elementor-size-default\">B\u1ed9 c\u1edd vua Varna 1962: B\u1ea3n sao kh\u00f4ng c\u00f3 d\u1ea5u th\u1eadp<\/h1>\t\t\t\t<\/div>\n\t\t\t\t<\/div>\n\t\t\t\t<div class=\"elementor-element elementor-element-0f1f08f elementor-widget elementor-widget-image\" data-id=\"0f1f08f\" data-element_type=\"widget\" data-e-type=\"widget\" data-widget_type=\"image.default\">\n\t\t\t\t<div class=\"elementor-widget-container\">\n\t\t\t\t\t\t\t\t\t\t\t\t\t\t\t<img fetchpriority=\"high\" decoding=\"async\" width=\"1588\" height=\"1191\" src=\"https:\/\/shatranj.art\/wp-content\/uploads\/2024\/05\/il_1588xN.5358614537_a8l3.jpg\" class=\"attachment-full size-full wp-image-590\" alt=\"\" srcset=\"https:\/\/shatranj.art\/wp-content\/uploads\/2024\/05\/il_1588xN.5358614537_a8l3.jpg 1588w, https:\/\/shatranj.art\/wp-content\/uploads\/2024\/05\/il_1588xN.5358614537_a8l3-300x225.jpg 300w, https:\/\/shatranj.art\/wp-content\/uploads\/2024\/05\/il_1588xN.5358614537_a8l3-1024x768.jpg 1024w, https:\/\/shatranj.art\/wp-content\/uploads\/2024\/05\/il_1588xN.5358614537_a8l3-768x576.jpg 768w, https:\/\/shatranj.art\/wp-content\/uploads\/2024\/05\/il_1588xN.5358614537_a8l3-1536x1152.jpg 1536w\" sizes=\"(max-width: 1588px) 100vw, 1588px\" \/>\t\t\t\t\t\t\t\t\t\t\t\t\t\t\t<\/div>\n\t\t\t\t<\/div>\n\t\t\t\t<div class=\"elementor-element elementor-element-17659f5 elementor-widget elementor-widget-text-editor\" data-id=\"17659f5\" data-element_type=\"widget\" data-e-type=\"widget\" data-widget_type=\"text-editor.default\">\n\t\t\t\t<div class=\"elementor-widget-container\">\n\t\t\t\t\t\t\t\t\t<p data-path-to-node=\"4\">B\u1ed9 c\u1edd n\u00e0y l\u00e0 b\u1ea3n sao ch\u00ednh x\u00e1c c\u1ee7a thi\u1ebft k\u1ebf bi\u1ec3u t\u01b0\u1ee3ng c\u1ee7a \u0110\u1ea1i h\u1ed9i C\u1edd vua Varna 1962, \u0111\u01b0\u1ee3c s\u1ea3n xu\u1ea5t t\u1ea1i Bulgaria m\u00e0 kh\u00f4ng c\u00f3 d\u1ea5u th\u1eadp truy\u1ec1n th\u1ed1ng. Thay v\u00ec l\u00e0 m\u1ed9t phi\u00ean b\u1ea3n s\u1eeda \u0111\u1ed5i sau n\u00e0y, c\u00e1c qu\u00e2n c\u1edd n\u00e0y \u0111\u01b0\u1ee3c s\u1ea3n xu\u1ea5t t\u1ea1i ngu\u1ed3n \u0111\u1ec3 c\u00f3 thi\u1ebft k\u1ebf trung l\u1eadp v\u1ec1 bi\u1ec3u t\u01b0\u1ee3ng. Ch\u00fang \u0111\u01b0\u1ee3c mang \u0111\u1ebfn Th\u1ed5 Nh\u0129 K\u1ef3 b\u1edfi nh\u1eefng ng\u01b0\u1eddi nh\u1eadp c\u01b0 Th\u1ed5 Nh\u0129 K\u1ef3 t\u1eeb Bulgaria v\u00e0 nhanh ch\u00f3ng tr\u1edf th\u00e0nh m\u1ed9t ph\u1ea7n kh\u00f4ng th\u1ec3 thi\u1ebfu c\u1ee7a Hi\u1ec7p h\u1ed9i C\u1edd vua Istanbul (\u0130SD) sau n\u0103m 1965. Thi\u1ebft k\u1ebf kh\u00f4ng c\u00f3 d\u1ea5u th\u1eadp gi\u00e1 do Bulgaria s\u1ea3n xu\u1ea5t n\u00e0y cu\u1ed1i c\u00f9ng \u0111\u00e3 tr\u1edf th\u00e0nh m\u1eabu g\u1ed1c cho c\u00e1c b\u1ed9 c\u1edd n\u1ed5i ti\u1ebfng \u201cGambit\u201d, tr\u1edf th\u00e0nh b\u1ed9 c\u1edd vua \u0111\u01b0\u1ee3c nh\u1eadn di\u1ec7n r\u1ed9ng r\u00e3i v\u00e0 s\u1eed d\u1ee5ng ph\u1ed5 bi\u1ebfn nh\u1ea5t trong l\u1ecbch s\u1eed hi\u1ec7n \u0111\u1ea1i c\u1ee7a Th\u1ed5 Nh\u0129 K\u1ef3.<\/p>\t\t\t\t\t\t\t\t<\/div>\n\t\t\t\t<\/div>\n\t\t\t\t<div class=\"elementor-element elementor-element-23b035a elementor-widget elementor-widget-image\" data-id=\"23b035a\" data-element_type=\"widget\" data-e-type=\"widget\" data-widget_type=\"image.default\">\n\t\t\t\t<div class=\"elementor-widget-container\">\n\t\t\t\t\t\t\t\t\t\t\t\t\t\t\t<img decoding=\"async\" width=\"500\" height=\"704\" src=\"https:\/\/shatranj.art\/wp-content\/uploads\/2026\/02\/FA-ismet-artvit-simultane-gambit-takimi.png\" class=\"attachment-full size-full wp-image-852\" alt=\"\" srcset=\"https:\/\/shatranj.art\/wp-content\/uploads\/2026\/02\/FA-ismet-artvit-simultane-gambit-takimi.png 500w, https:\/\/shatranj.art\/wp-content\/uploads\/2026\/02\/FA-ismet-artvit-simultane-gambit-takimi-213x300.png 213w\" sizes=\"(max-width: 500px) 100vw, 500px\" \/>\t\t\t\t\t\t\t\t\t\t\t\t\t\t\t<\/div>\n\t\t\t\t<\/div>\n\t\t\t\t<div class=\"elementor-element elementor-element-0f0f4fe elementor-widget elementor-widget-text-editor\" data-id=\"0f0f4fe\" data-element_type=\"widget\" data-e-type=\"widget\" data-widget_type=\"text-editor.default\">\n\t\t\t\t<div class=\"elementor-widget-container\">\n\t\t\t\t\t\t\t\t\t<p>M\u1ed9t kh\u00e1ch quen c\u1ee7a Hi\u1ec7p h\u1ed9i C\u1edd vua Istanbul, Tr\u1ecdng t\u00e0i FIDE v\u00e0 ng\u01b0\u1eddi nh\u1eadp c\u01b0 t\u1eeb Bulgaria, \u0130smet Arvit, \u0111ang th\u1ef1c hi\u1ec7n m\u1ed9t n\u01b0\u1edbc \u0111i v\u1edbi b\u1ed9 c\u1edd vua m\u00f4 h\u00ecnh Gambit trong m\u1ed9t bu\u1ed5i bi\u1ec3u di\u1ec5n \u0111\u1ed3ng th\u1eddi t\u1ea1i Istanbul.<\/p>\t\t\t\t\t\t\t\t<\/div>\n\t\t\t\t<\/div>\n\t\t\t\t\t<\/div>\n\t\t\t\t<\/div>\n\t\t\t\t<\/div>","protected":false},"excerpt":{"rendered":"<p>The Varna 1962 Olympiad chess set: Crossless Reproduction This set is a specific reproduction of the iconic 1962 Varna Chess Olympiad design, manufactured in Bulgaria without the traditional cross. Rather than a later modification, these pieces were produced at the source to be symbol-neutral. They were brought to Turkey by Turkish immigrants from Bulgaria and [&hellip;]<\/p>\n","protected":false},"author":1,"featured_media":0,"parent":743,"menu_order":0,"comment_status":"closed","ping_status":"closed","template":"","meta":{"footnotes":""},"class_list":["post-1002","page","type-page","status-publish","hentry"],"_links":{"self":[{"href":"https:\/\/shatranj.art\/vi\/wp-json\/wp\/v2\/pages\/1002","targetHints":{"allow":["GET"]}}],"collection":[{"href":"https:\/\/shatranj.art\/vi\/wp-json\/wp\/v2\/pages"}],"about":[{"href":"https:\/\/shatranj.art\/vi\/wp-json\/wp\/v2\/types\/page"}],"author":[{"embeddable":true,"href":"https:\/\/shatranj.art\/vi\/wp-json\/wp\/v2\/users\/1"}],"replies":[{"embeddable":true,"href":"https:\/\/shatranj.art\/vi\/wp-json\/wp\/v2\/comments?post=1002"}],"version-history":[{"count":13,"href":"https:\/\/shatranj.art\/vi\/wp-json\/wp\/v2\/pages\/1002\/revisions"}],"predecessor-version":[{"id":1298,"href":"https:\/\/shatranj.art\/vi\/wp-json\/wp\/v2\/pages\/1002\/revisions\/1298"}],"up":[{"embeddable":true,"href":"https:\/\/shatranj.art\/vi\/wp-json\/wp\/v2\/pages\/743"}],"wp:attachment":[{"href":"https:\/\/shatranj.art\/vi\/wp-json\/wp\/v2\/media?parent=1002"}],"curies":[{"name":"wp","href":"https:\/\/api.w.org\/{rel}","templated":true}]}}