{"id":1008,"date":"2026-02-22T16:13:34","date_gmt":"2026-02-22T16:13:34","guid":{"rendered":"https:\/\/shatranj.art\/?page_id=1008"},"modified":"2026-02-23T09:15:34","modified_gmt":"2026-02-23T09:15:34","slug":"poster-23","status":"publish","type":"page","link":"https:\/\/shatranj.art\/vi\/exhibit\/poster-23\/","title":{"rendered":"Poster 23"},"content":{"rendered":"<div data-elementor-type=\"wp-page\" data-elementor-id=\"1008\" class=\"elementor elementor-1008\" data-elementor-post-type=\"page\">\n\t\t\t\t<div class=\"elementor-element elementor-element-1bb02f3 e-flex e-con-boxed e-con e-parent\" data-id=\"1bb02f3\" data-element_type=\"container\" data-e-type=\"container\" data-settings=\"{&quot;background_background&quot;:&quot;classic&quot;}\">\n\t\t\t\t\t<div class=\"e-con-inner\">\n\t\t<div class=\"elementor-element elementor-element-646a123 e-con-full e-flex e-con e-child\" data-id=\"646a123\" data-element_type=\"container\" data-e-type=\"container\">\n\t\t\t\t<div class=\"elementor-element elementor-element-1a1e8a9 elementor-widget elementor-widget-image\" data-id=\"1a1e8a9\" data-element_type=\"widget\" data-e-type=\"widget\" data-widget_type=\"image.default\">\n\t\t\t\t<div class=\"elementor-widget-container\">\n\t\t\t\t\t\t\t\t\t\t\t\t\t\t\t<img fetchpriority=\"high\" decoding=\"async\" width=\"800\" height=\"531\" src=\"https:\/\/shatranj.art\/wp-content\/uploads\/2024\/05\/screenshot-www.vanityfair.com-1-1024x680.jpeg\" class=\"attachment-large size-large wp-image-579\" alt=\"\" srcset=\"https:\/\/shatranj.art\/wp-content\/uploads\/2024\/05\/screenshot-www.vanityfair.com-1-1024x680.jpeg 1024w, https:\/\/shatranj.art\/wp-content\/uploads\/2024\/05\/screenshot-www.vanityfair.com-1-300x199.jpeg 300w, https:\/\/shatranj.art\/wp-content\/uploads\/2024\/05\/screenshot-www.vanityfair.com-1-768x510.jpeg 768w, https:\/\/shatranj.art\/wp-content\/uploads\/2024\/05\/screenshot-www.vanityfair.com-1.jpeg 1461w\" sizes=\"(max-width: 800px) 100vw, 800px\" \/>\t\t\t\t\t\t\t\t\t\t\t\t\t\t\t<\/div>\n\t\t\t\t<\/div>\n\t\t\t\t<div class=\"elementor-element elementor-element-661a709 elementor-widget__width-initial elementor-widget elementor-widget-text-editor\" data-id=\"661a709\" data-element_type=\"widget\" data-e-type=\"widget\" data-widget_type=\"text-editor.default\">\n\t\t\t\t<div class=\"elementor-widget-container\">\n\t\t\t\t\t\t\t\t\t<div class=\"elementor-element elementor-element-3ba08bba elementor-widget__width-auto elementor-widget elementor-widget-text-editor\" data-id=\"3ba08bba\" data-element_type=\"widget\" data-widget_type=\"text-editor.default\"><div class=\"elementor-widget-container\"><p><b>T\u00e1c ph\u1ea9m kinh \u0111i\u1ec3n trong l\u1ecbch s\u1eed c\u1edd vua: B\u1ed9 c\u1edd Latvia \u265f\ufe0f<\/b><\/p><p>\u00a0<\/p><p><span style=\"font-weight: 400;\">H\u00e3y vu\u1ed1t qua b\u1ed1n h\u00ecnh \u1ea3nh n\u00e0y \u0111\u1ec3 kh\u00e1m ph\u00e1 chi ti\u1ebft v\u1ec1 b\u1ed9 c\u1edd vua Latvia n\u1ed5i ti\u1ebfng (1900-2000). \u0110\u01b0\u1ee3c ch\u1ebf t\u00e1c t\u1eeb s\u1ef1 k\u1ebft h\u1ee3p gi\u1eefa g\u1ed7 v\u00e0 nh\u1ef1a t\u1ea1i khu v\u1ef1c Baltic, b\u1ed9 c\u1edd n\u00e0y \u0111\u01b0\u1ee3c \u0111\u00e1nh gi\u00e1 cao nh\u1edd thi\u1ebft k\u1ebf ch\u1ee9c n\u0103ng cao v\u00e0 ph\u1ed5 qu\u00e1t, khi\u1ebfn n\u00f3 tr\u1edf th\u00e0nh m\u00f3n \u0111\u1ed3 kh\u00f4ng th\u1ec3 thi\u1ebfu trong c\u00e1c n\u01b0\u1edbc x\u00e3 h\u1ed9i ch\u1ee7 ngh\u0129a v\u00e0o th\u1eddi k\u1ef3 \u0111\u00f3.<\/span><\/p><p><span style=\"font-weight: 400;\"><br \/>B\u1ea1n c\u00f3 th\u1ec3 nh\u1eadn ra d\u00e1ng v\u1ebb thanh l\u1ecbch c\u1ee7a n\u00f3 t\u1eeb c\u1ea3nh k\u1ebft th\u00fac kh\u00f3 qu\u00ean c\u1ee7a <\/span><i><span style=\"font-weight: 400;\">Chi\u1ebfn thu\u1eadt c\u1ee7a N\u1eef ho\u00e0ng<\/span><\/i><span style=\"font-weight: 400;\">! Tuy nhi\u00ean, ngo\u00e0i s\u1ef1 n\u1ed5i ti\u1ebfng trong v\u0103n h\u00f3a \u0111\u1ea1i ch\u00fang g\u1ea7n \u0111\u00e2y, n\u00f3 c\u00f2n c\u00f3 m\u1ed9t v\u1ecb th\u1ebf huy\u1ec1n tho\u1ea1i trong th\u1ebf gi\u1edbi c\u1edd vua th\u1ef1c s\u1ef1, l\u00e0 b\u1ed9 c\u1edd y\u00eau th\u00edch tuy\u1ec7t \u0111\u1ed1i c\u1ee7a \u201cPh\u00f9 th\u1ee7y Riga\u201d, nh\u00e0 v\u00f4 \u0111\u1ecbch th\u1ebf gi\u1edbi ng\u01b0\u1eddi Latvia Mikhail Tal.<\/span><span style=\"font-weight: 400;\"><br \/><\/span><\/p><\/div><\/div>\t\t\t\t\t\t\t\t<\/div>\n\t\t\t\t<\/div>\n\t\t<div class=\"elementor-element elementor-element-a0db0b7 e-con-full e-flex e-con e-child\" data-id=\"a0db0b7\" data-element_type=\"container\" data-e-type=\"container\">\n\t\t\t\t<div class=\"elementor-element elementor-element-a45be8a elementor-widget__width-initial elementor-widget elementor-widget-image\" data-id=\"a45be8a\" data-element_type=\"widget\" data-e-type=\"widget\" data-widget_type=\"image.default\">\n\t\t\t\t<div class=\"elementor-widget-container\">\n\t\t\t\t\t\t\t\t\t\t\t\t\t\t\t<img decoding=\"async\" width=\"500\" height=\"414\" src=\"https:\/\/shatranj.art\/wp-content\/uploads\/2026\/02\/tal-latvian-chess-set2-1.png\" class=\"attachment-large size-large wp-image-1270\" alt=\"\" srcset=\"https:\/\/shatranj.art\/wp-content\/uploads\/2026\/02\/tal-latvian-chess-set2-1.png 500w, https:\/\/shatranj.art\/wp-content\/uploads\/2026\/02\/tal-latvian-chess-set2-1-300x248.png 300w, https:\/\/shatranj.art\/wp-content\/uploads\/2026\/02\/tal-latvian-chess-set2-1-14x12.png 14w\" sizes=\"(max-width: 500px) 100vw, 500px\" \/>\t\t\t\t\t\t\t\t\t\t\t\t\t\t\t<\/div>\n\t\t\t\t<\/div>\n\t\t\t\t<div class=\"elementor-element elementor-element-85493a8 elementor-widget__width-initial elementor-widget elementor-widget-image\" data-id=\"85493a8\" data-element_type=\"widget\" data-e-type=\"widget\" data-widget_type=\"image.default\">\n\t\t\t\t<div class=\"elementor-widget-container\">\n\t\t\t\t\t\t\t\t\t\t\t\t\t\t\t<img decoding=\"async\" width=\"269\" height=\"320\" src=\"https:\/\/shatranj.art\/wp-content\/uploads\/2026\/02\/tal-latvian-chess-set-1.jpeg\" class=\"attachment-large size-large wp-image-1271\" alt=\"\" srcset=\"https:\/\/shatranj.art\/wp-content\/uploads\/2026\/02\/tal-latvian-chess-set-1.jpeg 269w, https:\/\/shatranj.art\/wp-content\/uploads\/2026\/02\/tal-latvian-chess-set-1-252x300.jpeg 252w, https:\/\/shatranj.art\/wp-content\/uploads\/2026\/02\/tal-latvian-chess-set-1-10x12.jpeg 10w\" sizes=\"(max-width: 269px) 100vw, 269px\" \/>\t\t\t\t\t\t\t\t\t\t\t\t\t\t\t<\/div>\n\t\t\t\t<\/div>\n\t\t\t\t<\/div>\n\t\t\t\t<div class=\"elementor-element elementor-element-e8465ed elementor-widget elementor-widget-image\" data-id=\"e8465ed\" data-element_type=\"widget\" data-e-type=\"widget\" data-widget_type=\"image.default\">\n\t\t\t\t<div class=\"elementor-widget-container\">\n\t\t\t\t\t\t\t\t\t\t\t\t\t\t\t<img loading=\"lazy\" decoding=\"async\" width=\"800\" height=\"431\" src=\"https:\/\/shatranj.art\/wp-content\/uploads\/2026\/02\/latvian-chess-set-1-1024x552.jpg\" class=\"attachment-large size-large wp-image-1273\" alt=\"\" srcset=\"https:\/\/shatranj.art\/wp-content\/uploads\/2026\/02\/latvian-chess-set-1-1024x552.jpg 1024w, https:\/\/shatranj.art\/wp-content\/uploads\/2026\/02\/latvian-chess-set-1-300x162.jpg 300w, https:\/\/shatranj.art\/wp-content\/uploads\/2026\/02\/latvian-chess-set-1-768x414.jpg 768w, https:\/\/shatranj.art\/wp-content\/uploads\/2026\/02\/latvian-chess-set-1-1536x828.jpg 1536w, https:\/\/shatranj.art\/wp-content\/uploads\/2026\/02\/latvian-chess-set-1-18x10.jpg 18w, https:\/\/shatranj.art\/wp-content\/uploads\/2026\/02\/latvian-chess-set-1.jpg 1588w\" sizes=\"(max-width: 800px) 100vw, 800px\" \/>\t\t\t\t\t\t\t\t\t\t\t\t\t\t\t<\/div>\n\t\t\t\t<\/div>\n\t\t\t\t<\/div>\n\t\t\t\t\t<\/div>\n\t\t\t\t<\/div>\n\t\t\t\t<\/div>","protected":false},"excerpt":{"rendered":"<p>A Masterpiece of Chess History: The Latvian Set \u265f\ufe0f \u00a0 Swipe through these four images to explore the details of the iconic Latvian Chess Set (1900-2000). Crafted from a blend of wood and plastic in the Baltic region, this set is celebrated for its highly functional, universal design that made it a staple across socialist [&hellip;]<\/p>\n","protected":false},"author":1,"featured_media":0,"parent":743,"menu_order":0,"comment_status":"closed","ping_status":"closed","template":"","meta":{"footnotes":""},"class_list":["post-1008","page","type-page","status-publish","hentry"],"_links":{"self":[{"href":"https:\/\/shatranj.art\/vi\/wp-json\/wp\/v2\/pages\/1008","targetHints":{"allow":["GET"]}}],"collection":[{"href":"https:\/\/shatranj.art\/vi\/wp-json\/wp\/v2\/pages"}],"about":[{"href":"https:\/\/shatranj.art\/vi\/wp-json\/wp\/v2\/types\/page"}],"author":[{"embeddable":true,"href":"https:\/\/shatranj.art\/vi\/wp-json\/wp\/v2\/users\/1"}],"replies":[{"embeddable":true,"href":"https:\/\/shatranj.art\/vi\/wp-json\/wp\/v2\/comments?post=1008"}],"version-history":[{"count":16,"href":"https:\/\/shatranj.art\/vi\/wp-json\/wp\/v2\/pages\/1008\/revisions"}],"predecessor-version":[{"id":1380,"href":"https:\/\/shatranj.art\/vi\/wp-json\/wp\/v2\/pages\/1008\/revisions\/1380"}],"up":[{"embeddable":true,"href":"https:\/\/shatranj.art\/vi\/wp-json\/wp\/v2\/pages\/743"}],"wp:attachment":[{"href":"https:\/\/shatranj.art\/vi\/wp-json\/wp\/v2\/media?parent=1008"}],"curies":[{"name":"wp","href":"https:\/\/api.w.org\/{rel}","templated":true}]}}