{"id":1016,"date":"2026-02-22T16:17:45","date_gmt":"2026-02-22T16:17:45","guid":{"rendered":"https:\/\/shatranj.art\/?page_id=1016"},"modified":"2026-02-24T09:42:49","modified_gmt":"2026-02-24T09:42:49","slug":"poster-24","status":"publish","type":"page","link":"https:\/\/shatranj.art\/vi\/exhibit\/poster-24\/","title":{"rendered":"Poster 24"},"content":{"rendered":"<div data-elementor-type=\"wp-page\" data-elementor-id=\"1016\" class=\"elementor elementor-1016\" data-elementor-post-type=\"page\">\n\t\t\t\t<div class=\"elementor-element elementor-element-cbef851 e-flex e-con-boxed e-con e-parent\" data-id=\"cbef851\" data-element_type=\"container\" data-e-type=\"container\" data-settings=\"{&quot;background_background&quot;:&quot;classic&quot;}\">\n\t\t\t\t\t<div class=\"e-con-inner\">\n\t\t<div class=\"elementor-element elementor-element-919ca16 e-con-full e-flex e-con e-child\" data-id=\"919ca16\" data-element_type=\"container\" data-e-type=\"container\">\n\t\t\t\t<div class=\"elementor-element elementor-element-3a8b40d elementor-widget elementor-widget-image\" data-id=\"3a8b40d\" data-element_type=\"widget\" data-e-type=\"widget\" data-widget_type=\"image.default\">\n\t\t\t\t<div class=\"elementor-widget-container\">\n\t\t\t\t\t\t\t\t\t\t\t\t\t\t\t<img fetchpriority=\"high\" decoding=\"async\" width=\"800\" height=\"534\" src=\"https:\/\/shatranj.art\/wp-content\/uploads\/2026\/02\/21-1024x683.jpg\" class=\"attachment-large size-large wp-image-995\" alt=\"\" srcset=\"https:\/\/shatranj.art\/wp-content\/uploads\/2026\/02\/21-1024x683.jpg 1024w, https:\/\/shatranj.art\/wp-content\/uploads\/2026\/02\/21-300x200.jpg 300w, https:\/\/shatranj.art\/wp-content\/uploads\/2026\/02\/21-768x512.jpg 768w, https:\/\/shatranj.art\/wp-content\/uploads\/2026\/02\/21-1536x1024.jpg 1536w, https:\/\/shatranj.art\/wp-content\/uploads\/2026\/02\/21-2048x1366.jpg 2048w\" sizes=\"(max-width: 800px) 100vw, 800px\" \/>\t\t\t\t\t\t\t\t\t\t\t\t\t\t\t<\/div>\n\t\t\t\t<\/div>\n\t\t\t\t<div class=\"elementor-element elementor-element-07a7613 elementor-widget elementor-widget-text-editor\" data-id=\"07a7613\" data-element_type=\"widget\" data-e-type=\"widget\" data-widget_type=\"text-editor.default\">\n\t\t\t\t<div class=\"elementor-widget-container\">\n\t\t\t\t\t\t\t\t\t<p>B\u1ed9 c\u1edd vua \u015eAH\u00ce kh\u00f4ng ch\u1ec9 l\u00e0 m\u1ed9t tr\u00f2 ch\u01a1i; n\u00f3 l\u00e0 c\u1ea7u n\u1ed1i gi\u1eefa c\u00e1c n\u1ec1n v\u0103n h\u00f3a, th\u1eddi \u0111\u1ea1i v\u00e0 tri\u1ebft l\u00fd. \u0110\u01b0\u1ee3c thi\u1ebft k\u1ebf \u0111\u1ec3 g\u1ee3i l\u00ean c\u1ea3m gi\u00e1c ho\u00e0ng gia v\u00e0 \u0111\u1ebf v\u01b0\u01a1ng, b\u1ed9 c\u1edd n\u00e0y l\u1ea5y t\u00ean t\u1eeb m\u1ed9t thu\u1eadt ng\u1eef \u0111\u01b0\u1ee3c s\u1eed d\u1ee5ng r\u1ed9ng r\u00e3i \u1edf Balkan v\u00e0 nhi\u1ec1u ng\u00f4n ng\u1eef Slav \u0111\u1ec3 ch\u1ec9 tr\u00f2 ch\u01a1i c\u1edd vua.<\/p><p>T\u1eeb \u201c\u015eAH\u00ce\u201d t\u1ef1 th\u00e2n mang \u00fd ngh\u0129a c\u1ee7a m\u1ed9t t\u00ednh t\u1eeb ho\u00e0ng gia, ch\u1ec9 \u201c\u0111\u1eb7c tr\u01b0ng cho Shah\u201d, mang m\u1ed9t s\u1ee9c n\u1eb7ng v\u0103n h\u1ecdc th\u1ec3 hi\u1ec7n s\u1ee9c m\u1ea1nh, s\u1ef1 tr\u00e1ng l\u1ec7 v\u00e0 chi\u1ec1u s\u00e2u chi\u1ebfn l\u01b0\u1ee3c.<\/p><h3><b>M\u1ed9t ki\u1ec7t t\u00e1c c\u1ee7a s\u1ef1 ti\u1ebfn h\u00f3a v\u0103n h\u00f3a<\/b><\/h3><p>\u0110\u01b0\u1ee3c thi\u1ebft k\u1ebf b\u1edfi Tamer Karatekin, m\u1ed9t nh\u00e0 gi\u00e1o d\u1ee5c c\u1edd vua gi\u00e0u kinh nghi\u1ec7m v\u00e0 t\u1eebng l\u00e0 k\u1ef3 th\u1ee7 h\u00e0ng \u0111\u1ea7u c\u1ee7a MIT, b\u1ed9 c\u1edd n\u00e0y tinh t\u1ebf t\u00e1i hi\u1ec7n l\u1ecbch s\u1eed c\u1ee7a tr\u00f2 ch\u01a1i. M\u1ed7i qu\u00e2n c\u1edd \u0111\u01b0\u1ee3c ch\u1ebf t\u00e1c \u0111\u1ec3 th\u1ec3 hi\u1ec7n m\u1ed9t c\u00e2u chuy\u1ec7n l\u1ecbch s\u1eed \u0111\u1ed9c \u0111\u00e1o:<\/p><ul><li style=\"font-weight: 400;\" aria-level=\"1\"><b>G\u00fcl\u015fah (Vua):<\/b><span style=\"font-weight: 400;\"> Th\u1ec3 hi\u1ec7n s\u1ef1 thi\u00eang li\u00eang c\u1ee7a m\u00e1i v\u00f2m l\u1ea5y c\u1ea3m h\u1ee9ng t\u1eeb c\u00e1c c\u00f4ng tr\u00ecnh nh\u01b0 Hagia Sophia v\u00e0 Pantheon, c\u00f9ng v\u1edbi di s\u1ea3n tr\u00ed tu\u1ec7 c\u1ee7a chi\u1ebfc kh\u0103n tr\u00f9m \u0111\u1ea7u.<\/span><\/li><li style=\"font-weight: 400;\" aria-level=\"1\"><b>Sokol (N\u1eef ho\u00e0ng\/Th\u00e1i th\u00fa):<\/b><span style=\"font-weight: 400;\"> \u0110\u01b0\u1ee3c \u0111\u1eb7t t\u00ean theo bi\u1ec3u t\u01b0\u1ee3ng qu\u00e2n s\u1ef1 chim \u01b0ng v\u00e0 l\u1ea5y c\u1ea3m h\u1ee9ng t\u1eeb thi\u1ebft k\u1ebf m\u00e1i v\u00f2m h\u00ecnh c\u1ee7 h\u00e0nh v\u00e0 m\u0169 b\u1ea3o hi\u1ec3m c\u1ee7a b\u1ed9 c\u1edd vua trong qu\u00e1n c\u00e0 ph\u00ea \u00c1o, n\u00f3 t\u01b0\u1ee3ng tr\u01b0ng cho quy\u1ec1n uy qu\u00e2n s\u1ef1 v\u00e0 s\u1ef1 kh\u00f4n ngoan c\u1ee7a \u201cth\u00e1i gi\u00e1m\u201d. Sokolovichi l\u00e0 qu\u00ea h\u01b0\u01a1ng c\u1ee7a Sokollu Mehmet Pasha, v\u1ecb th\u00e1i gi\u00e1m c\u00f3 \u1ea3nh h\u01b0\u1edfng nh\u1ea5t c\u1ee7a \u0110\u1ebf qu\u1ed1c Ottoman.<\/span><\/li><li style=\"font-weight: 400;\" aria-level=\"1\"><b>Bukefal (Hi\u1ec7p s\u0129):<\/b><span style=\"font-weight: 400;\"> \u0110\u01b0\u1ee3c \u0111\u1eb7t t\u00ean theo con ng\u1ef1a huy\u1ec1n tho\u1ea1i c\u1ee7a Alexander \u0110\u1ea1i \u0110\u1ebf, t\u01b0\u1ee3ng tr\u01b0ng cho s\u1ef1 giao l\u01b0u v\u0103n h\u00f3a hai chi\u1ec1u gi\u1eefa \u0110\u00f4ng v\u00e0 T\u00e2y.<\/span><\/li><li style=\"font-weight: 400;\" aria-level=\"1\"><b>Shahrukh (Con T\u01b0\u1ee3ng):<\/b><span style=\"font-weight: 400;\"> M\u1ed9t s\u1ef1 k\u1ebft h\u1ee3p tuy\u1ec7t v\u1eddi c\u1ee7a s\u1ef1 ph\u00e1t tri\u1ec3n qu\u00e2n s\u1ef1, k\u1ebft h\u1ee3p c\u00e1c y\u1ebfu t\u1ed1 c\u1ee7a xe chi\u1ebfn, th\u00e1p, ph\u00e1o v\u00e0 t\u00e0u. Nh\u00e0 v\u00f4 \u0111\u1ecbch c\u1edd vua v\u00e0 ch\u1ec9 huy Timur \u0111\u00e3 \u0111\u1eb7t t\u00ean cho con trai m\u00ecnh l\u00e0 Shahrukh, v\u00ec tin t\u1ee9c v\u1ec1 s\u1ef1 ra \u0111\u1eddi c\u1ee7a c\u1eadu b\u00e9 \u0111\u1ebfn trong m\u1ed9t tr\u1eadn c\u1edd vua.<\/span><\/li><li style=\"font-weight: 400;\" aria-level=\"1\"><b>Abul-Abbas (V\u1ecb Gi\u00e1m m\u1ee5c\/Con voi):<\/b><span style=\"font-weight: 400;\"> Ph\u1ea3n \u00e1nh h\u00e0nh tr\u00ecnh bi\u1ec3u t\u01b0\u1ee3ng c\u1ee7a con voi \u0111\u01b0\u1ee3c t\u1eb7ng cho Charlemagne, t\u00e1i hi\u1ec7n qu\u00e1 tr\u00ecnh lan truy\u1ec1n c\u1ee7a c\u1edd vua qua ba l\u1ee5c \u0111\u1ecba.<\/span><\/li><li style=\"font-weight: 400;\" aria-level=\"1\"><b>R\u00e9gence-Philidor (Con T\u1ed1t):<\/b><span style=\"font-weight: 400;\"> \u0110\u01b0\u1ee3c l\u1ea5y c\u1ea3m h\u1ee9ng t\u1eeb nh\u1eefng qu\u00e1n c\u00e0 ph\u00ea th\u1eddi Khai s\u00e1ng \u1edf Paris v\u00e0 c\u00e2u n\u00f3i n\u1ed5i ti\u1ebfng c\u1ee7a Philidor: \u201cNh\u1eefng qu\u00e2n t\u1ed1t l\u00e0 linh h\u1ed3n c\u1ee7a c\u1edd vua\u201d.<\/span><\/li><\/ul>\t\t\t\t\t\t\t\t<\/div>\n\t\t\t\t<\/div>\n\t\t\t\t<div class=\"elementor-element elementor-element-52a94ef elementor-widget elementor-widget-text-editor\" data-id=\"52a94ef\" data-element_type=\"widget\" data-e-type=\"widget\" data-widget_type=\"text-editor.default\">\n\t\t\t\t<div class=\"elementor-widget-container\">\n\t\t\t\t\t\t\t\t\t<h3><b>Thi\u1ebft k\u1ebf v\u00e0 M\u1ee5c \u0111\u00edch<\/b><\/h3><p>B\u1ed9 s\u1ea3n ph\u1ea9m \u015eAH\u00ce \u0111\u01b0\u1ee3c chu\u1ea9n b\u1ecb m\u1ed9t c\u00e1ch t\u1ec9 m\u1ec9 \u0111\u1ec3 v\u1eeba l\u00e0 m\u1ed9t t\u00e1c ph\u1ea9m ngh\u1ec7 thu\u1eadt tr\u01b0ng b\u00e0y, v\u1eeba l\u00e0 m\u1ed9t c\u00f4ng c\u1ee5 ch\u1ee9c n\u0103ng ph\u1ee5c v\u1ee5 cho m\u1ee5c \u0111\u00edch gi\u00e1o d\u1ee5c v\u00e0 thi \u0111\u1ea5u. Tri\u1ebft l\u00fd thi\u1ebft k\u1ebf c\u1ee7a n\u00f3 d\u1ef1a tr\u00ean s\u1ef1 bao h\u00e0m v\u0103n h\u00f3a v\u00e0 tinh th\u1ea7n, \u0111\u1ea3m b\u1ea3o r\u1eb1ng n\u00f3 c\u00f3 th\u1ec3 k\u1ebft n\u1ed1i v\u1edbi ng\u01b0\u1eddi ch\u01a1i tr\u00ean to\u00e0n th\u1ebf gi\u1edbi.<\/p><p><b>Di s\u1ea3n c\u1ee7a s\u1ef1 h\u1ed7 tr\u1ee3:<\/b><\/p><p>S\u1ef1 s\u1ea3n xu\u1ea5t c\u1ee7a b\u1ed9 s\u1ea3n ph\u1ea9m n\u00e0y \u0111\u01b0\u1ee3c th\u1ef1c hi\u1ec7n nh\u1edd s\u1ef1 h\u1ed7 tr\u1ee3 c\u1ee7a H\u1ed9i \u0111\u1ed3ng V\u0103n h\u00f3a Massachusetts v\u00e0 Ch\u01b0\u01a1ng tr\u00ecnh Thanh ni\u00ean c\u1ee7a Li\u00ean minh Ch\u00e2u \u00c2u.<\/p>\t\t\t\t\t\t\t\t<\/div>\n\t\t\t\t<\/div>\n\t\t\t\t<\/div>\n\t\t\t\t\t<\/div>\n\t\t\t\t<\/div>\n\t\t\t\t<\/div>","protected":false},"excerpt":{"rendered":"<p>The \u015eAH\u00ce Chess Set is more than just a game; it is a bridge between cultures, eras, and philosophies. Designed to evoke both imperial and royal sensations, the set draws its name from a term widely used in the Balkans and many Slavic languages to refer to the game of chess. The word &#8220;\u015eAH\u00ce&#8221; itself [&hellip;]<\/p>\n","protected":false},"author":1,"featured_media":0,"parent":743,"menu_order":0,"comment_status":"closed","ping_status":"closed","template":"","meta":{"footnotes":""},"class_list":["post-1016","page","type-page","status-publish","hentry"],"_links":{"self":[{"href":"https:\/\/shatranj.art\/vi\/wp-json\/wp\/v2\/pages\/1016","targetHints":{"allow":["GET"]}}],"collection":[{"href":"https:\/\/shatranj.art\/vi\/wp-json\/wp\/v2\/pages"}],"about":[{"href":"https:\/\/shatranj.art\/vi\/wp-json\/wp\/v2\/types\/page"}],"author":[{"embeddable":true,"href":"https:\/\/shatranj.art\/vi\/wp-json\/wp\/v2\/users\/1"}],"replies":[{"embeddable":true,"href":"https:\/\/shatranj.art\/vi\/wp-json\/wp\/v2\/comments?post=1016"}],"version-history":[{"count":19,"href":"https:\/\/shatranj.art\/vi\/wp-json\/wp\/v2\/pages\/1016\/revisions"}],"predecessor-version":[{"id":1601,"href":"https:\/\/shatranj.art\/vi\/wp-json\/wp\/v2\/pages\/1016\/revisions\/1601"}],"up":[{"embeddable":true,"href":"https:\/\/shatranj.art\/vi\/wp-json\/wp\/v2\/pages\/743"}],"wp:attachment":[{"href":"https:\/\/shatranj.art\/vi\/wp-json\/wp\/v2\/media?parent=1016"}],"curies":[{"name":"wp","href":"https:\/\/api.w.org\/{rel}","templated":true}]}}