{"id":1045,"date":"2026-02-22T18:00:08","date_gmt":"2026-02-22T18:00:08","guid":{"rendered":"https:\/\/shatranj.art\/?page_id=1045"},"modified":"2026-02-23T06:54:44","modified_gmt":"2026-02-23T06:54:44","slug":"poster-27","status":"publish","type":"page","link":"https:\/\/shatranj.art\/vi\/exhibit\/poster-27\/","title":{"rendered":"Banner 27"},"content":{"rendered":"<div data-elementor-type=\"wp-page\" data-elementor-id=\"1045\" class=\"elementor elementor-1045\" data-elementor-post-type=\"page\">\n\t\t\t\t<div class=\"elementor-element elementor-element-cb9e80e e-flex e-con-boxed e-con e-parent\" data-id=\"cb9e80e\" data-element_type=\"container\" data-e-type=\"container\" data-settings=\"{&quot;background_background&quot;:&quot;classic&quot;}\">\n\t\t\t\t\t<div class=\"e-con-inner\">\n\t\t<div class=\"elementor-element elementor-element-c0024d0 e-con-full e-flex e-con e-child\" data-id=\"c0024d0\" data-element_type=\"container\" data-e-type=\"container\">\n\t\t\t\t<div class=\"elementor-element elementor-element-99752bb elementor-widget elementor-widget-image\" data-id=\"99752bb\" data-element_type=\"widget\" data-e-type=\"widget\" data-widget_type=\"image.default\">\n\t\t\t\t<div class=\"elementor-widget-container\">\n\t\t\t\t\t\t\t\t\t\t\t\t\t\t\t<img fetchpriority=\"high\" decoding=\"async\" width=\"800\" height=\"720\" src=\"https:\/\/shatranj.art\/wp-content\/uploads\/2026\/02\/dede-takimi-kale-top-subotica.jpg\" class=\"attachment-large size-large wp-image-1047\" alt=\"\" srcset=\"https:\/\/shatranj.art\/wp-content\/uploads\/2026\/02\/dede-takimi-kale-top-subotica.jpg 1024w, https:\/\/shatranj.art\/wp-content\/uploads\/2026\/02\/dede-takimi-kale-top-subotica-300x270.jpg 300w, https:\/\/shatranj.art\/wp-content\/uploads\/2026\/02\/dede-takimi-kale-top-subotica-768x692.jpg 768w\" sizes=\"(max-width: 800px) 100vw, 800px\" \/>\t\t\t\t\t\t\t\t\t\t\t\t\t\t\t<\/div>\n\t\t\t\t<\/div>\n\t\t\t\t<div class=\"elementor-element elementor-element-d61bb1f elementor-widget elementor-widget-text-editor\" data-id=\"d61bb1f\" data-element_type=\"widget\" data-e-type=\"widget\" data-widget_type=\"text-editor.default\">\n\t\t\t\t<div class=\"elementor-widget-container\">\n\t\t\t\t\t\t\t\t\t<h3><b>Ph\u00e1o \u0111\u00e0i c\u1ee7a Balkan<\/b><\/h3><p><b>Thi\u1ebft k\u1ebf \u201cTop\u201d (Ph\u00e1o) c\u1ee7a ng\u01b0\u1eddi Nam Slav<\/b><\/p><p>Trong truy\u1ec1n th\u1ed1ng Nam Slav, bi\u1ec3u t\u01b0\u1ee3ng c\u1ee7a qu\u00e2n xe c\u1edd vua chuy\u1ec3n t\u1eeb ki\u1ebfn tr\u00fac sang ph\u00e1o binh. V\u00ec qu\u00e2n c\u1edd n\u00e0y \u0111\u01b0\u1ee3c g\u1ecdi l\u00e0 Top (ngh\u0129a l\u00e0 \u201cPh\u00e1o\u201d), nhi\u1ec1u thi\u1ebft k\u1ebf khu v\u1ef1c nh\u01b0 b\u1ed9 c\u1edd n\u1ed5i ti\u1ebfng Subotica \u0111\u00e3 t\u1eeb b\u1ecf c\u00e1c th\u00e1p th\u00e0nh truy\u1ec1n th\u1ed1ng. Thay v\u00e0o \u0111\u00f3, qu\u00e2n c\u1edd c\u00f3 h\u00ecnh d\u1ea1ng tr\u1ee5 tr\u00f2n ho\u1eb7c thu\u00f4n nh\u1ecdn, v\u1edbi ph\u1ea7n \u0111\u1ec9nh l\u00f5m, gi\u1ed1ng nh\u01b0 mi\u1ec7ng ph\u00e1o. S\u1ef1 ph\u00e1t tri\u1ec3n n\u00e0y ph\u1ea3n \u00e1nh c\u00e1c l\u1edbp ng\u00f4n ng\u1eef v\u00e0 v\u0103n h\u00f3a \u0111\u1ed9c \u0111\u00e1o c\u1ee7a Balkan, n\u01a1i \u1ea3nh h\u01b0\u1edfng c\u1ee7a Th\u1ed5 Nh\u0129 K\u1ef3, Slav v\u00e0 \u00c1o-Hungary th\u01b0\u1eddng khi\u1ebfn c\u00e1c qu\u00e2n c\u1edd c\u00f3 hai t\u00ean g\u1ecdi, nh\u01b0 Top v\u00e0 Kula (Th\u00e1p). S\u1ef1 giao thoa v\u0103n h\u00f3a n\u00e0y nh\u1ea5n m\u1ea1nh c\u00e1ch c\u1edd vua \u0111\u00f3ng vai tr\u00f2 c\u1ea7u n\u1ed1i gi\u1eefa c\u00e1c th\u1eddi k\u1ef3 l\u1ecbch s\u1eed v\u00e0 x\u00e3 h\u1ed9i kh\u00e1c nhau.<\/p>\t\t\t\t\t\t\t\t<\/div>\n\t\t\t\t<\/div>\n\t\t\t\t<\/div>\n\t\t<div class=\"elementor-element elementor-element-d9490d4 e-con-full e-flex e-con e-child\" data-id=\"d9490d4\" data-element_type=\"container\" data-e-type=\"container\">\n\t\t\t\t<div class=\"elementor-element elementor-element-53c002b elementor-widget elementor-widget-image\" data-id=\"53c002b\" data-element_type=\"widget\" data-e-type=\"widget\" data-widget_type=\"image.default\">\n\t\t\t\t<div class=\"elementor-widget-container\">\n\t\t\t\t\t\t\t\t\t\t\t\t\t\t\t<img decoding=\"async\" width=\"800\" height=\"921\" src=\"https:\/\/shatranj.art\/wp-content\/uploads\/2026\/02\/rook-nishapur-889x1024.jpeg\" class=\"attachment-large size-large wp-image-1048\" alt=\"\" srcset=\"https:\/\/shatranj.art\/wp-content\/uploads\/2026\/02\/rook-nishapur-889x1024.jpeg 889w, https:\/\/shatranj.art\/wp-content\/uploads\/2026\/02\/rook-nishapur-261x300.jpeg 261w, https:\/\/shatranj.art\/wp-content\/uploads\/2026\/02\/rook-nishapur-768x884.jpeg 768w, https:\/\/shatranj.art\/wp-content\/uploads\/2026\/02\/rook-nishapur.jpeg 1042w\" sizes=\"(max-width: 800px) 100vw, 800px\" \/>\t\t\t\t\t\t\t\t\t\t\t\t\t\t\t<\/div>\n\t\t\t\t<\/div>\n\t\t\t\t<div class=\"elementor-element elementor-element-7b2ef7f elementor-widget elementor-widget-text-editor\" data-id=\"7b2ef7f\" data-element_type=\"widget\" data-e-type=\"widget\" data-widget_type=\"text-editor.default\">\n\t\t\t\t<div class=\"elementor-widget-container\">\n\t\t\t\t\t\t\t\t\t<p><b>Nishapur Rook (Rukh)<\/b> <span style=\"font-weight: 400;\"><br \/><\/span><span style=\"font-weight: 400;\"><br \/><\/span>M\u1ea3nh \u0111\u00e1 n\u00e0y t\u1eeb Nishapur l\u00e0 m\u1ed9t qu\u00e2n T\u01b0\u1ee3ng c\u1ed5 x\u01b0a, ban \u0111\u1ea7u \u0111\u01b0\u1ee3c g\u1ecdi l\u00e0 Rukh. Trong khi ph\u1ea7n \u0111\u1ec9nh chia \u0111\u00f4i c\u1ee7a qu\u00e2n T\u01b0\u1ee3ng hi\u1ec7n \u0111\u1ea1i th\u01b0\u1eddng b\u1ecb nh\u1ea7m l\u1eabn l\u00e0 r\u0103ng nanh c\u1ee7a c\u00e1c qu\u00e2n voi c\u1ed5 x\u01b0a, th\u00ec th\u1ef1c t\u1ebf ch\u00ednh qu\u00e2n T\u01b0\u1ee3ng truy\u1ec1n th\u1ed1ng m\u1edbi c\u00f3 khe h\u1edf n\u1ed5i b\u1eadt gi\u1eefa hai c\u1ea1nh cao. H\u00ecnh d\u00e1ng ch\u1eef V n\u00e0y l\u00e0 bi\u1ec3u t\u01b0\u1ee3ng tr\u1eebu t\u01b0\u1ee3ng c\u1ee7a m\u1ed9t c\u1ed7 xe, nh\u1ea5n m\u1ea1nh ng\u00f4n ng\u1eef thi\u1ebft k\u1ebf h\u00ecnh h\u1ecdc \u0111\u00e3 \u0111\u1ecbnh h\u00ecnh c\u00e1c b\u1ed9 c\u1edd vua c\u1ed5 x\u01b0a c\u1ee7a Ba T\u01b0 v\u00e0 \u0110\u1ecba Trung H\u1ea3i.<\/p>\t\t\t\t\t\t\t\t<\/div>\n\t\t\t\t<\/div>\n\t\t\t\t<\/div>\n\t\t<div class=\"elementor-element elementor-element-03fdcd4 e-con-full e-flex e-con e-child\" data-id=\"03fdcd4\" data-element_type=\"container\" data-e-type=\"container\">\n\t\t\t\t<div class=\"elementor-element elementor-element-05ec882 elementor-widget elementor-widget-image\" data-id=\"05ec882\" data-element_type=\"widget\" data-e-type=\"widget\" data-widget_type=\"image.default\">\n\t\t\t\t<div class=\"elementor-widget-container\">\n\t\t\t\t\t\t\t\t\t\t\t\t\t\t\t<img decoding=\"async\" width=\"800\" height=\"800\" src=\"https:\/\/shatranj.art\/wp-content\/uploads\/2026\/02\/shahi-rook-shahkrukh-piece-1024x1024.png\" class=\"attachment-large size-large wp-image-1049\" alt=\"\" srcset=\"https:\/\/shatranj.art\/wp-content\/uploads\/2026\/02\/shahi-rook-shahkrukh-piece-1024x1024.png 1024w, https:\/\/shatranj.art\/wp-content\/uploads\/2026\/02\/shahi-rook-shahkrukh-piece-300x300.png 300w, https:\/\/shatranj.art\/wp-content\/uploads\/2026\/02\/shahi-rook-shahkrukh-piece-150x150.png 150w, https:\/\/shatranj.art\/wp-content\/uploads\/2026\/02\/shahi-rook-shahkrukh-piece-768x768.png 768w, https:\/\/shatranj.art\/wp-content\/uploads\/2026\/02\/shahi-rook-shahkrukh-piece-1536x1536.png 1536w, https:\/\/shatranj.art\/wp-content\/uploads\/2026\/02\/shahi-rook-shahkrukh-piece-2048x2048.png 2048w\" sizes=\"(max-width: 800px) 100vw, 800px\" \/>\t\t\t\t\t\t\t\t\t\t\t\t\t\t\t<\/div>\n\t\t\t\t<\/div>\n\t\t\t\t<div class=\"elementor-element elementor-element-cb65d08 elementor-widget elementor-widget-text-editor\" data-id=\"cb65d08\" data-element_type=\"widget\" data-e-type=\"widget\" data-widget_type=\"text-editor.default\">\n\t\t\t\t<div class=\"elementor-widget-container\">\n\t\t\t\t\t\t\t\t\t<p><b>\u015eAH\u00ce \u0111\u1eb7t qu\u00e2n xe: Shahrukh<\/b><span style=\"font-weight: 400;\"><br \/><\/span><span style=\"font-weight: 400;\"><br \/><\/span>Shahrukh, \u0111\u01b0\u1ee3c \u0111\u1eb7t theo t\u00ean con trai c\u1ee7a T\u01b0\u1edbng qu\u00e2n v\u00e0 k\u1ef3 th\u1ee7 c\u1edd vua Timur, c\u00f3 ngh\u0129a l\u00e0 \u201dV\u1ecb vua, B\u1eadc th\u1ea7y v\u00e0 V\u0129 \u0111\u1ea1i c\u1ee7a c\u00e1c qu\u00e2n xe\u201d. Shahrukh tr\u1edf th\u00e0nh m\u1ed9t nh\u00e0 b\u1ea3o tr\u1ee3 quan tr\u1ecdng cho khoa h\u1ecdc, v\u0103n h\u00f3a v\u00e0 ngh\u1ec7 thu\u1eadt. Thu\u1eadt ng\u1eef \u201cRukh\u201d c\u00f3 ngh\u0129a l\u00e0 xe chi\u1ebfn, sau n\u00e0y ph\u00e1t tri\u1ec3n th\u00e0nh \u201croca\u201d, c\u00f3 ngh\u0129a l\u00e0 th\u00e1p trong ti\u1ebfng T\u00e2y Ban Nha v\u00e0 \u00dd, \u1ea3nh h\u01b0\u1edfng \u0111\u1ebfn thi\u1ebft k\u1ebf c\u00e1c qu\u00e2n c\u1edd. Qu\u00e2n c\u1edd n\u00e0y \u0111\u00e3 \u0111\u01b0\u1ee3c g\u1ecdi l\u00e0 xe chi\u1ebfn, th\u00e1p, t\u00e0u v\u00e0 ph\u00e1o trong l\u1ecbch s\u1eed. Qu\u00e2n c\u1edd \u015eahruh k\u1ebft h\u1ee3p b\u00e1nh xe c\u1ee7a xe chi\u1ebfn, g\u1ea1ch c\u1ee7a th\u00e1p, n\u00f2ng ph\u00e1o v\u00e0 neo c\u1ee7a t\u00e0u.<\/p>\t\t\t\t\t\t\t\t<\/div>\n\t\t\t\t<\/div>\n\t\t\t\t<\/div>\n\t\t\t\t\t<\/div>\n\t\t\t\t<\/div>\n\t\t\t\t<\/div>","protected":false},"excerpt":{"rendered":"<p>The Cannon of the Balkans South Slavic &#8220;Top&#8221; (Cannon) Design In the South Slavic tradition, the iconography of the rook shifts from architecture to artillery. Because the piece is named Top (meaning &#8220;Cannon&#8221;), many regional designs such as the famous Subotica set abandon the traditional battlements of a castle tower. Instead, the piece takes on [&hellip;]<\/p>\n","protected":false},"author":1,"featured_media":0,"parent":743,"menu_order":0,"comment_status":"closed","ping_status":"closed","template":"","meta":{"footnotes":""},"class_list":["post-1045","page","type-page","status-publish","hentry"],"_links":{"self":[{"href":"https:\/\/shatranj.art\/vi\/wp-json\/wp\/v2\/pages\/1045","targetHints":{"allow":["GET"]}}],"collection":[{"href":"https:\/\/shatranj.art\/vi\/wp-json\/wp\/v2\/pages"}],"about":[{"href":"https:\/\/shatranj.art\/vi\/wp-json\/wp\/v2\/types\/page"}],"author":[{"embeddable":true,"href":"https:\/\/shatranj.art\/vi\/wp-json\/wp\/v2\/users\/1"}],"replies":[{"embeddable":true,"href":"https:\/\/shatranj.art\/vi\/wp-json\/wp\/v2\/comments?post=1045"}],"version-history":[{"count":10,"href":"https:\/\/shatranj.art\/vi\/wp-json\/wp\/v2\/pages\/1045\/revisions"}],"predecessor-version":[{"id":1292,"href":"https:\/\/shatranj.art\/vi\/wp-json\/wp\/v2\/pages\/1045\/revisions\/1292"}],"up":[{"embeddable":true,"href":"https:\/\/shatranj.art\/vi\/wp-json\/wp\/v2\/pages\/743"}],"wp:attachment":[{"href":"https:\/\/shatranj.art\/vi\/wp-json\/wp\/v2\/media?parent=1045"}],"curies":[{"name":"wp","href":"https:\/\/api.w.org\/{rel}","templated":true}]}}