{"id":1053,"date":"2026-02-22T18:09:29","date_gmt":"2026-02-22T18:09:29","guid":{"rendered":"https:\/\/shatranj.art\/?page_id=1053"},"modified":"2026-02-23T05:20:05","modified_gmt":"2026-02-23T05:20:05","slug":"poster-28","status":"publish","type":"page","link":"https:\/\/shatranj.art\/vi\/exhibit\/poster-28\/","title":{"rendered":"Poster 28"},"content":{"rendered":"<div data-elementor-type=\"wp-page\" data-elementor-id=\"1053\" class=\"elementor elementor-1053\" data-elementor-post-type=\"page\">\n\t\t\t\t<div class=\"elementor-element elementor-element-0bbd3b8 e-flex e-con-boxed e-con e-parent\" data-id=\"0bbd3b8\" data-element_type=\"container\" data-e-type=\"container\" data-settings=\"{&quot;background_background&quot;:&quot;classic&quot;}\">\n\t\t\t\t\t<div class=\"e-con-inner\">\n\t\t<div class=\"elementor-element elementor-element-c1f4b02 e-con-full e-flex e-con e-child\" data-id=\"c1f4b02\" data-element_type=\"container\" data-e-type=\"container\">\n\t\t\t\t<div class=\"elementor-element elementor-element-be9a805 elementor-widget__width-initial elementor-widget elementor-widget-image\" data-id=\"be9a805\" data-element_type=\"widget\" data-e-type=\"widget\" data-widget_type=\"image.default\">\n\t\t\t\t<div class=\"elementor-widget-container\">\n\t\t\t\t\t\t\t\t\t\t\t\t\t\t\t<img fetchpriority=\"high\" decoding=\"async\" width=\"683\" height=\"1024\" src=\"https:\/\/shatranj.art\/wp-content\/uploads\/2026\/02\/28-683x1024.jpg\" class=\"attachment-large size-large wp-image-1059\" alt=\"\" srcset=\"https:\/\/shatranj.art\/wp-content\/uploads\/2026\/02\/28-683x1024.jpg 683w, https:\/\/shatranj.art\/wp-content\/uploads\/2026\/02\/28-200x300.jpg 200w, https:\/\/shatranj.art\/wp-content\/uploads\/2026\/02\/28-768x1152.jpg 768w, https:\/\/shatranj.art\/wp-content\/uploads\/2026\/02\/28-1024x1536.jpg 1024w, https:\/\/shatranj.art\/wp-content\/uploads\/2026\/02\/28.jpg 1249w\" sizes=\"(max-width: 683px) 100vw, 683px\" \/>\t\t\t\t\t\t\t\t\t\t\t\t\t\t\t<\/div>\n\t\t\t\t<\/div>\n\t\t\t\t<div class=\"elementor-element elementor-element-b42301a elementor-widget__width-initial elementor-widget-tablet__width-inherit elementor-widget elementor-widget-text-editor\" data-id=\"b42301a\" data-element_type=\"widget\" data-e-type=\"widget\" data-widget_type=\"text-editor.default\">\n\t\t\t\t<div class=\"elementor-widget-container\">\n\t\t\t\t\t\t\t\t\t<p><b>B\u1ed9 \u015eah\u00ee: T\u1ed1t Philidor th\u1eddi Regency<\/b><\/p><p>\u00a0<\/p><p>S\u1ef1 lan r\u1ed9ng c\u1ee7a c\u00e0 ph\u00ea v\u00e0 c\u00e1c qu\u00e1n c\u00e0 ph\u00ea g\u1eafn li\u1ec1n v\u1edbi s\u1ef1 ph\u00e1t tri\u1ec3n c\u1ee7a c\u1edd vua. Qu\u00e2n t\u1ed1t R\u00e9gence Philidor \u0111\u01b0\u1ee3c l\u1ea5y c\u1ea3m h\u1ee9ng t\u1eeb b\u1ed9 c\u1edd vua g\u1ed1c t\u1eeb qu\u00e1n c\u00e0 ph\u00ea Paris-R\u00e9gence trong th\u1eddi k\u1ef3 Khai s\u00e1ng v\u00e0 c\u00e2u n\u00f3i n\u1ed5i ti\u1ebfng c\u1ee7a Philidor, k\u1ef3 th\u1ee7 m\u1ea1nh nh\u1ea5t th\u1eddi k\u1ef3 \u0111\u00f3: \u201cQu\u00e2n t\u1ed1t l\u00e0 linh h\u1ed3n c\u1ee7a c\u1edd vua.\u201d.<\/p><p>\u00a0<\/p><p>C\u1ea5u tr\u00fac qu\u00e2n t\u1ed1t l\u00e0 m\u1ed9t trong nh\u1eefng ti\u00eau ch\u00ed quan tr\u1ecdng nh\u1ea5t quy\u1ebft \u0111\u1ecbnh di\u1ec5n bi\u1ebfn c\u1ee7a m\u1ed9t v\u00e1n c\u1edd vua, v\u00e0 nhi\u1ec1u th\u1ebf c\u1edd \u0111\u01b0\u1ee3c ph\u00e2n lo\u1ea1i d\u1ef1a tr\u00ean c\u1ea5u tr\u00fac qu\u00e2n t\u1ed1t. Philidor, m\u1ed9t nh\u00e0 so\u1ea1n nh\u1ea1c opera v\u00e0 l\u00e0 m\u1ed9t trong s\u1ed1 \u00edt ng\u01b0\u1eddi ch\u01a1i \u0111\u00e3 \u0111\u00e1nh b\u1ea1i The Turk, m\u1ed9t c\u1ed7 m\u00e1y c\u1edd vua n\u1ed5i ti\u1ebfng, \u0111\u00e3 nh\u1ea5n m\u1ea1nh r\u1eb1ng ng\u01b0\u1eddi d\u00e2n b\u00ecnh th\u01b0\u1eddng l\u00e0 n\u1ec1n t\u1ea3ng v\u00e0 linh h\u1ed3n c\u1ee7a x\u00e3 h\u1ed9i.<\/p>\t\t\t\t\t\t\t\t<\/div>\n\t\t\t\t<\/div>\n\t\t\t\t<div class=\"elementor-element elementor-element-080136b elementor-widget__width-initial elementor-widget elementor-widget-image\" data-id=\"080136b\" data-element_type=\"widget\" data-e-type=\"widget\" data-widget_type=\"image.default\">\n\t\t\t\t<div class=\"elementor-widget-container\">\n\t\t\t\t\t\t\t\t\t\t\t\t\t\t\t<img decoding=\"async\" width=\"683\" height=\"1024\" src=\"https:\/\/shatranj.art\/wp-content\/uploads\/2026\/02\/28-1-683x1024.jpg\" class=\"attachment-large size-large wp-image-1060\" alt=\"\" srcset=\"https:\/\/shatranj.art\/wp-content\/uploads\/2026\/02\/28-1-683x1024.jpg 683w, https:\/\/shatranj.art\/wp-content\/uploads\/2026\/02\/28-1-200x300.jpg 200w, https:\/\/shatranj.art\/wp-content\/uploads\/2026\/02\/28-1-768x1152.jpg 768w, https:\/\/shatranj.art\/wp-content\/uploads\/2026\/02\/28-1-1024x1536.jpg 1024w, https:\/\/shatranj.art\/wp-content\/uploads\/2026\/02\/28-1.jpg 1262w\" sizes=\"(max-width: 683px) 100vw, 683px\" \/>\t\t\t\t\t\t\t\t\t\t\t\t\t\t\t<\/div>\n\t\t\t\t<\/div>\n\t\t\t\t<\/div>\n\t\t<div class=\"elementor-element elementor-element-94f3877 e-con-full e-flex e-con e-child\" data-id=\"94f3877\" data-element_type=\"container\" data-e-type=\"container\">\n\t\t<div class=\"elementor-element elementor-element-da14b56 e-con-full e-flex e-con e-child\" data-id=\"da14b56\" data-element_type=\"container\" data-e-type=\"container\">\n\t\t\t\t<div class=\"elementor-element elementor-element-3478291 elementor-widget elementor-widget-image\" data-id=\"3478291\" data-element_type=\"widget\" data-e-type=\"widget\" data-widget_type=\"image.default\">\n\t\t\t\t<div class=\"elementor-widget-container\">\n\t\t\t\t\t\t\t\t\t\t\t\t\t\t\t<img decoding=\"async\" width=\"800\" height=\"648\" src=\"https:\/\/shatranj.art\/wp-content\/uploads\/2026\/02\/28-2-1024x829.jpg\" class=\"attachment-large size-large wp-image-1064\" alt=\"\" srcset=\"https:\/\/shatranj.art\/wp-content\/uploads\/2026\/02\/28-2-1024x829.jpg 1024w, https:\/\/shatranj.art\/wp-content\/uploads\/2026\/02\/28-2-300x243.jpg 300w, https:\/\/shatranj.art\/wp-content\/uploads\/2026\/02\/28-2-768x622.jpg 768w, https:\/\/shatranj.art\/wp-content\/uploads\/2026\/02\/28-2-1536x1244.jpg 1536w, https:\/\/shatranj.art\/wp-content\/uploads\/2026\/02\/28-2.jpg 1973w\" sizes=\"(max-width: 800px) 100vw, 800px\" \/>\t\t\t\t\t\t\t\t\t\t\t\t\t\t\t<\/div>\n\t\t\t\t<\/div>\n\t\t\t\t<div class=\"elementor-element elementor-element-3621f13 elementor-widget-tablet__width-inherit elementor-widget elementor-widget-text-editor\" data-id=\"3621f13\" data-element_type=\"widget\" data-e-type=\"widget\" data-widget_type=\"text-editor.default\">\n\t\t\t\t<div class=\"elementor-widget-container\">\n\t\t\t\t\t\t\t\t\t<p><span style=\"font-weight: 400;\">M\u1ed9t qu\u00e2n c\u1edd vua th\u1eddi Abbasid t\u1eeb Baghdad, c\u00f3 h\u00ecnh d\u1ea1ng h\u00ecnh h\u1ecdc \u0111\u1eb7c tr\u01b0ng v\u00e0 c\u00e1c hoa v\u0103n ch\u1ea1m kh\u1eafc tinh x\u1ea3o tr\u00ean b\u1ec1 m\u1eb7t. M\u00f3n \u0111\u1ed3 n\u00e0y th\u1ec3 hi\u1ec7n k\u1ef9 thu\u1eadt ch\u1ebf t\u00e1c tinh x\u1ea3o c\u1ee7a th\u1eddi k\u1ef3 \u0111\u00f3, nh\u1ea5n m\u1ea1nh t\u1ea7m quan tr\u1ecdng chi\u1ebfn l\u01b0\u1ee3c c\u1ee7a qu\u00e2n c\u1edd th\u00f4ng qua thi\u1ebft k\u1ebf \u0111\u1ed9c \u0111\u00e1o v\u00e0 chi ti\u1ebft c\u1ee7a n\u00f3.<\/span><\/p>\t\t\t\t\t\t\t\t<\/div>\n\t\t\t\t<\/div>\n\t\t\t\t<\/div>\n\t\t<div class=\"elementor-element elementor-element-3a10b69 e-con-full e-flex e-con e-child\" data-id=\"3a10b69\" data-element_type=\"container\" data-e-type=\"container\">\n\t\t\t\t<div class=\"elementor-element elementor-element-9fad6d9 elementor-widget elementor-widget-image\" data-id=\"9fad6d9\" data-element_type=\"widget\" data-e-type=\"widget\" data-widget_type=\"image.default\">\n\t\t\t\t<div class=\"elementor-widget-container\">\n\t\t\t\t\t\t\t\t\t\t\t\t\t\t\t<img loading=\"lazy\" decoding=\"async\" width=\"768\" height=\"1024\" src=\"https:\/\/shatranj.art\/wp-content\/uploads\/2026\/02\/28-3-768x1024.jpg\" class=\"attachment-large size-large wp-image-1061\" alt=\"\" srcset=\"https:\/\/shatranj.art\/wp-content\/uploads\/2026\/02\/28-3-768x1024.jpg 768w, https:\/\/shatranj.art\/wp-content\/uploads\/2026\/02\/28-3-225x300.jpg 225w, https:\/\/shatranj.art\/wp-content\/uploads\/2026\/02\/28-3-1152x1536.jpg 1152w, https:\/\/shatranj.art\/wp-content\/uploads\/2026\/02\/28-3.jpg 1195w\" sizes=\"(max-width: 768px) 100vw, 768px\" \/>\t\t\t\t\t\t\t\t\t\t\t\t\t\t\t<\/div>\n\t\t\t\t<\/div>\n\t\t\t\t<div class=\"elementor-element elementor-element-7ad603d elementor-widget-tablet__width-inherit elementor-widget elementor-widget-text-editor\" data-id=\"7ad603d\" data-element_type=\"widget\" data-e-type=\"widget\" data-widget_type=\"text-editor.default\">\n\t\t\t\t<div class=\"elementor-widget-container\">\n\t\t\t\t\t\t\t\t\t<p><b>1820 \u0110\u00e1 c\u1edd vua \u1ea4n \u0110\u1ed9<\/b> <span style=\"font-weight: 400;\"><br \/><\/span><span style=\"font-weight: 400;\"><br \/><\/span><span style=\"font-weight: 400;\">M\u1ed9t qu\u00e2n c\u1edd vua h\u00ecnh ng\u01b0\u1eddi \u0111\u01b0\u1ee3c trang tr\u00ed b\u1eb1ng trang ph\u1ee5c v\u00e0 ph\u1ee5 ki\u1ec7n truy\u1ec1n th\u1ed1ng c\u1ee7a \u1ea4n \u0110\u1ed9, thu\u1ed9c th\u1ebf k\u1ef7 19. T\u00e1c ph\u1ea9m n\u00e0y ph\u1ea3n \u00e1nh c\u00e1c y\u1ebfu t\u1ed1 v\u0103n h\u00f3a c\u1ee7a \u1ea4n \u0110\u1ed9 v\u00e0o th\u1ebf k\u1ef7 19 v\u00e0 phong c\u00e1ch thi\u1ebft k\u1ebf th\u1ef1c t\u1ebf ph\u1ed5 bi\u1ebfn trong c\u00e1c b\u1ed9 c\u1edd vua th\u1eddi k\u1ef3 \u0111\u00f3.<\/span><\/p>\t\t\t\t\t\t\t\t<\/div>\n\t\t\t\t<\/div>\n\t\t\t\t<\/div>\n\t\t<div class=\"elementor-element elementor-element-926e3bd e-con-full e-flex e-con e-child\" data-id=\"926e3bd\" data-element_type=\"container\" data-e-type=\"container\">\n\t\t\t\t<div class=\"elementor-element elementor-element-8fc6637 elementor-widget elementor-widget-image\" data-id=\"8fc6637\" data-element_type=\"widget\" data-e-type=\"widget\" data-widget_type=\"image.default\">\n\t\t\t\t<div class=\"elementor-widget-container\">\n\t\t\t\t\t\t\t\t\t\t\t\t\t\t\t<img loading=\"lazy\" decoding=\"async\" width=\"800\" height=\"498\" src=\"https:\/\/shatranj.art\/wp-content\/uploads\/2026\/02\/28-5-1024x637.jpg\" class=\"attachment-large size-large wp-image-1062\" alt=\"\" srcset=\"https:\/\/shatranj.art\/wp-content\/uploads\/2026\/02\/28-5-1024x637.jpg 1024w, https:\/\/shatranj.art\/wp-content\/uploads\/2026\/02\/28-5-300x187.jpg 300w, https:\/\/shatranj.art\/wp-content\/uploads\/2026\/02\/28-5-768x478.jpg 768w, https:\/\/shatranj.art\/wp-content\/uploads\/2026\/02\/28-5-1536x955.jpg 1536w, https:\/\/shatranj.art\/wp-content\/uploads\/2026\/02\/28-5.jpg 1835w\" sizes=\"(max-width: 800px) 100vw, 800px\" \/>\t\t\t\t\t\t\t\t\t\t\t\t\t\t\t<\/div>\n\t\t\t\t<\/div>\n\t\t\t\t<div class=\"elementor-element elementor-element-ea860c4 elementor-widget-tablet__width-inherit elementor-widget elementor-widget-text-editor\" data-id=\"ea860c4\" data-element_type=\"widget\" data-e-type=\"widget\" data-widget_type=\"text-editor.default\">\n\t\t\t\t<div class=\"elementor-widget-container\">\n\t\t\t\t\t\t\t\t\t<p><b>C\u1eeda h\u00e0ng c\u1ea7m \u0111\u1ed3 th\u1eddi k\u1ef3 Regency c\u1ee7a Ph\u00e1p<\/b> <span style=\"font-weight: 400;\"><br \/><\/span><span style=\"font-weight: 400;\"><br \/><\/span><span style=\"font-weight: 400;\">Th\u1ec3 hi\u1ec7n phong c\u00e1ch thanh l\u1ecbch c\u1ee7a th\u1ebf k\u1ef7 18, qu\u00e2n t\u1ed1t phong c\u00e1ch Regency Ph\u00e1p th\u1ec3 hi\u1ec7n nguy\u00ean t\u1eafc n\u1ed5i ti\u1ebfng c\u1ee7a Philidor r\u1eb1ng \u201cqu\u00e2n t\u1ed1t l\u00e0 linh h\u1ed3n c\u1ee7a c\u1edd vua\u201d. Philidor, ng\u01b0\u1eddi \u0111\u00e3 g\u00f3p ph\u1ea7n ph\u1ed5 bi\u1ebfn phong c\u00e1ch n\u00e0y, c\u0169ng \u0111\u01b0\u1ee3c nh\u1edb \u0111\u1ebfn v\u00ec \u0111\u00e3 \u0111\u00e1nh b\u1ea1i c\u1ed7 m\u00e1y c\u1edd vua t\u1ef1 \u0111\u1ed9ng \u201cMechanical Turk\u201d, ch\u1ee9ng minh s\u1ef1 th\u00e0nh th\u1ea1o c\u1ee7a \u00f4ng c\u1ea3 v\u1ec1 tr\u00f2 ch\u01a1i l\u1eabn nh\u1eefng \u1ea3o \u1ea3nh n\u1ed5i ti\u1ebfng c\u1ee7a th\u1eddi \u0111\u1ea1i.<\/span><\/p>\t\t\t\t\t\t\t\t<\/div>\n\t\t\t\t<\/div>\n\t\t\t\t<\/div>\n\t\t\t\t<\/div>\n\t\t\t\t\t<\/div>\n\t\t\t\t<\/div>\n\t\t\t\t<\/div>","protected":false},"excerpt":{"rendered":"<p>The \u015eah\u00ee Set: Regency Philidor Pawn \u00a0 The spread of coffee and caf\u00e9s intertwines with the evolution of chess. The R\u00e9gence Philidor pawn is inspired by the authentic chess set from Paris-R\u00e9gence caf\u00e9 during the Age of Enlightenment and the famous phrase by the era&#8217;s strongest player, Philidor: &#8220;Pawns are the soul of chess. \u00a0 [&hellip;]<\/p>\n","protected":false},"author":1,"featured_media":0,"parent":743,"menu_order":0,"comment_status":"closed","ping_status":"closed","template":"","meta":{"footnotes":""},"class_list":["post-1053","page","type-page","status-publish","hentry"],"_links":{"self":[{"href":"https:\/\/shatranj.art\/vi\/wp-json\/wp\/v2\/pages\/1053","targetHints":{"allow":["GET"]}}],"collection":[{"href":"https:\/\/shatranj.art\/vi\/wp-json\/wp\/v2\/pages"}],"about":[{"href":"https:\/\/shatranj.art\/vi\/wp-json\/wp\/v2\/types\/page"}],"author":[{"embeddable":true,"href":"https:\/\/shatranj.art\/vi\/wp-json\/wp\/v2\/users\/1"}],"replies":[{"embeddable":true,"href":"https:\/\/shatranj.art\/vi\/wp-json\/wp\/v2\/comments?post=1053"}],"version-history":[{"count":10,"href":"https:\/\/shatranj.art\/vi\/wp-json\/wp\/v2\/pages\/1053\/revisions"}],"predecessor-version":[{"id":1252,"href":"https:\/\/shatranj.art\/vi\/wp-json\/wp\/v2\/pages\/1053\/revisions\/1252"}],"up":[{"embeddable":true,"href":"https:\/\/shatranj.art\/vi\/wp-json\/wp\/v2\/pages\/743"}],"wp:attachment":[{"href":"https:\/\/shatranj.art\/vi\/wp-json\/wp\/v2\/media?parent=1053"}],"curies":[{"name":"wp","href":"https:\/\/api.w.org\/{rel}","templated":true}]}}