{"id":1068,"date":"2026-02-22T18:39:42","date_gmt":"2026-02-22T18:39:42","guid":{"rendered":"https:\/\/shatranj.art\/?page_id=1068"},"modified":"2026-02-24T09:00:42","modified_gmt":"2026-02-24T09:00:42","slug":"poster-29","status":"publish","type":"page","link":"https:\/\/shatranj.art\/vi\/exhibit\/poster-29\/","title":{"rendered":"Poster 29"},"content":{"rendered":"<div data-elementor-type=\"wp-page\" data-elementor-id=\"1068\" class=\"elementor elementor-1068\" data-elementor-post-type=\"page\">\n\t\t\t\t<div class=\"elementor-element elementor-element-cfd54a0 e-flex e-con-boxed e-con e-parent\" data-id=\"cfd54a0\" data-element_type=\"container\" data-e-type=\"container\" data-settings=\"{&quot;background_background&quot;:&quot;classic&quot;}\">\n\t\t\t\t\t<div class=\"e-con-inner\">\n\t\t<div class=\"elementor-element elementor-element-00cae2a e-con-full e-flex e-con e-child\" data-id=\"00cae2a\" data-element_type=\"container\" data-e-type=\"container\">\n\t\t<div class=\"elementor-element elementor-element-edcf7ea e-con-full e-flex e-con e-child\" data-id=\"edcf7ea\" data-element_type=\"container\" data-e-type=\"container\">\n\t\t\t\t<div class=\"elementor-element elementor-element-411efec elementor-widget elementor-widget-image\" data-id=\"411efec\" data-element_type=\"widget\" data-e-type=\"widget\" data-widget_type=\"image.default\">\n\t\t\t\t<div class=\"elementor-widget-container\">\n\t\t\t\t\t\t\t\t\t\t\t\t\t\t\t<img fetchpriority=\"high\" decoding=\"async\" width=\"800\" height=\"384\" src=\"https:\/\/shatranj.art\/wp-content\/uploads\/2026\/02\/regence-cafe-chess-set-1780-1820-1-1024x491.png\" class=\"attachment-large size-large wp-image-1073\" alt=\"\" srcset=\"https:\/\/shatranj.art\/wp-content\/uploads\/2026\/02\/regence-cafe-chess-set-1780-1820-1-1024x491.png 1024w, https:\/\/shatranj.art\/wp-content\/uploads\/2026\/02\/regence-cafe-chess-set-1780-1820-1-300x144.png 300w, https:\/\/shatranj.art\/wp-content\/uploads\/2026\/02\/regence-cafe-chess-set-1780-1820-1-768x369.png 768w, https:\/\/shatranj.art\/wp-content\/uploads\/2026\/02\/regence-cafe-chess-set-1780-1820-1-1536x737.png 1536w, https:\/\/shatranj.art\/wp-content\/uploads\/2026\/02\/regence-cafe-chess-set-1780-1820-1.png 1886w\" sizes=\"(max-width: 800px) 100vw, 800px\" \/>\t\t\t\t\t\t\t\t\t\t\t\t\t\t\t<\/div>\n\t\t\t\t<\/div>\n\t\t\t\t<div class=\"elementor-element elementor-element-6e231da elementor-widget-tablet__width-inherit elementor-widget elementor-widget-text-editor\" data-id=\"6e231da\" data-element_type=\"widget\" data-e-type=\"widget\" data-widget_type=\"text-editor.default\">\n\t\t\t\t<div class=\"elementor-widget-container\">\n\t\t\t\t\t\t\t\t\t<p><strong>B\u1ed9 c\u1edd vua \u015eAH\u00ce: T\u01b0\u1ee3ng vua\/ho\u00e0ng \u0111\u1ebf\/shah: G\u00fcl\u015fah<\/strong><\/p><p>G\u00fcl\u015fah t\u01b0\u1ee3ng tr\u01b0ng cho s\u1ef1 kh\u00f4n ngoan c\u1ee7a chi\u1ebfc kh\u0103n tr\u00f9m \u0111\u1ea7u, s\u1ef1 thi\u00eang li\u00eang v\u00e0 uy quy\u1ec1n c\u1ee7a m\u00e1i v\u00f2m, v\u00e0 hoa h\u1ed3ng nh\u01b0 bi\u1ec3u t\u01b0\u1ee3ng c\u1ee7a cu\u1ed9c s\u1ed1ng v\u00e0 v\u1ebb \u0111\u1eb9p, c\u1ea7n \u0111\u01b0\u1ee3c b\u1ea3o v\u1ec7 kh\u1ecfi n\u01b0\u1edbc c\u1edd chi\u1ebfu t\u01b0\u1edbng. M\u00e1i v\u00f2m l\u1ea5y c\u1ea3m h\u1ee9ng t\u1eeb nh\u1eefng c\u00f4ng tr\u00ecnh ki\u1ebfn tr\u00fac bi\u1ec3u t\u01b0\u1ee3ng nh\u01b0 Hagia Sophia, Pantheon v\u00e0 MIT. Chi\u1ebfc kh\u0103n tr\u00f9m \u0111\u1ea7u ph\u1ea3n \u00e1nh di s\u1ea3n tr\u00ed tu\u1ec7 c\u1ee7a c\u00e1c t\u00e1c gi\u1ea3 c\u1edd vua \u0111\u1ea7u ti\u00ean nh\u01b0 As-Suli v\u00e0 Stamma, trong khi v\u01b0\u01a1ng mi\u1ec7n gi\u1ed1ng nh\u01b0 v\u00f2ng nguy\u1ec7t qu\u1ebf \u00f4 liu c\u1ee7a Th\u1ebf v\u1eadn h\u1ed9i c\u1ed5 \u0111\u1ea1i. L\u1ecbch s\u1eed, qu\u00e2n c\u1edd n\u00e0y \u0111\u01b0\u1ee3c g\u1ecdi l\u00e0 raja, shah, vua ho\u1eb7c ch\u1ec9 huy. \u201cG\u00fcl\u201d c\u00f3 ngh\u0129a l\u00e0 hoa h\u1ed3ng trong c\u00e1c ng\u00f4n ng\u1eef Trung \u00c1. \u201c\u015eah\u201d, ph\u00e1t \u00e2m l\u00e0 \u2018Shah\u2019, l\u00e0 t\u00ean g\u1ecdi c\u1ee7a c\u1edd vua trong nhi\u1ec1u ng\u00f4n ng\u1eef. M\u1eb7c d\u00f9 shah ban \u0111\u1ea7u ch\u1ec9 nam gi\u1edbi, nh\u01b0ng \u00fd ngh\u0129a \u1ea9n d\u1ee5 ho\u1eb7c s\u1eed d\u1ee5ng hi\u1ec7n \u0111\u1ea1i c\u1ee7a n\u00f3 \u0111\u00e3 tr\u1edf n\u00ean trung t\u00ednh v\u1ec1 gi\u1edbi t\u00ednh.<\/p>\t\t\t\t\t\t\t\t<\/div>\n\t\t\t\t<\/div>\n\t\t\t\t<div class=\"elementor-element elementor-element-10b021d elementor-widget elementor-widget-image\" data-id=\"10b021d\" data-element_type=\"widget\" data-e-type=\"widget\" data-widget_type=\"image.default\">\n\t\t\t\t<div class=\"elementor-widget-container\">\n\t\t\t\t\t\t\t\t\t\t\t\t\t\t\t<img decoding=\"async\" width=\"188\" height=\"237\" src=\"https:\/\/shatranj.art\/wp-content\/uploads\/2026\/02\/Philipp-Stamma-Public-Domain.jpg\" class=\"attachment-large size-large wp-image-1071\" alt=\"\" \/>\t\t\t\t\t\t\t\t\t\t\t\t\t\t\t<\/div>\n\t\t\t\t<\/div>\n\t\t\t\t<\/div>\n\t\t<div class=\"elementor-element elementor-element-538608d e-con-full e-flex e-con e-child\" data-id=\"538608d\" data-element_type=\"container\" data-e-type=\"container\">\n\t\t\t\t<div class=\"elementor-element elementor-element-60ca9fa elementor-widget elementor-widget-image\" data-id=\"60ca9fa\" data-element_type=\"widget\" data-e-type=\"widget\" data-widget_type=\"image.default\">\n\t\t\t\t<div class=\"elementor-widget-container\">\n\t\t\t\t\t\t\t\t\t\t\t\t\t\t\t<img decoding=\"async\" width=\"800\" height=\"800\" src=\"https:\/\/shatranj.art\/wp-content\/uploads\/2026\/02\/shahi-gulsah-king-piece-1-1024x1024.png\" class=\"attachment-large size-large wp-image-1074\" alt=\"\" srcset=\"https:\/\/shatranj.art\/wp-content\/uploads\/2026\/02\/shahi-gulsah-king-piece-1-1024x1024.png 1024w, https:\/\/shatranj.art\/wp-content\/uploads\/2026\/02\/shahi-gulsah-king-piece-1-300x300.png 300w, https:\/\/shatranj.art\/wp-content\/uploads\/2026\/02\/shahi-gulsah-king-piece-1-150x150.png 150w, https:\/\/shatranj.art\/wp-content\/uploads\/2026\/02\/shahi-gulsah-king-piece-1-768x768.png 768w, https:\/\/shatranj.art\/wp-content\/uploads\/2026\/02\/shahi-gulsah-king-piece-1-1536x1536.png 1536w, https:\/\/shatranj.art\/wp-content\/uploads\/2026\/02\/shahi-gulsah-king-piece-1-2048x2048.png 2048w\" sizes=\"(max-width: 800px) 100vw, 800px\" \/>\t\t\t\t\t\t\t\t\t\t\t\t\t\t\t<\/div>\n\t\t\t\t<\/div>\n\t\t\t\t<div class=\"elementor-element elementor-element-aa06c95 elementor-widget-tablet__width-inherit elementor-widget elementor-widget-text-editor\" data-id=\"aa06c95\" data-element_type=\"widget\" data-e-type=\"widget\" data-widget_type=\"text-editor.default\">\n\t\t\t\t<div class=\"elementor-widget-container\">\n\t\t\t\t\t\t\t\t\t<p><strong>M\u00f4 t\u1ea3 v\u00e0 Di s\u1ea3n<\/strong><\/p><p>T\u00e1c ph\u1ea9m G\u00fcl\u015fah n\u1ed5i b\u1eadt v\u1edbi thi\u1ebft k\u1ebf kh\u0103n tr\u00f9m \u0111\u1ea7u \u0111\u1ed9c \u0111\u00e1o, t\u00f4n vinh nh\u1eefng b\u1eadc th\u1ea7y v\u0129 \u0111\u1ea1i trong l\u1ecbch s\u1eed c\u1edd vua. M\u1eabu kh\u0103n tr\u00f9m \u0111\u1ea7u n\u00e0y \u0111\u01b0\u1ee3c l\u1ea5y c\u1ea3m h\u1ee9ng t\u1eeb nh\u1eefng chi\u1ebfc kh\u0103n turban truy\u1ec1n th\u1ed1ng m\u00e0 c\u00e1c nh\u00e2n v\u1eadt nh\u01b0 b\u1eadc th\u1ea7y trung c\u1ed5 as-Suli v\u00e0 Philipp Stamma, b\u1eadc th\u1ea7y th\u1ebf k\u1ef7 18 v\u00e0 d\u1ecbch gi\u1ea3 ho\u00e0ng gia, t\u1eebng m\u1eb7c. Sinh ra \u1edf Aleppo v\u00e0 ho\u1ea1t \u0111\u1ed9ng t\u1ea1i c\u00e1c trung t\u00e2m tr\u00ed th\u1ee9c l\u1edbn c\u1ee7a London v\u00e0 Paris, Stamma l\u00e0 m\u1ed9t nh\u00e2n v\u1eadt \u0111a v\u0103n h\u00f3a th\u1ef1c s\u1ef1, c\u00f4ng vi\u1ec7c c\u1ee7a \u00f4ng v\u1edbi t\u01b0 c\u00e1ch l\u00e0 th\u00f4ng d\u1ecbch vi\u00ean cho nh\u00e0 n\u01b0\u1edbc Anh v\u00e0 h\u1ec7 th\u1ed1ng k\u00fd hi\u1ec7u c\u1edd vua ti\u00ean phong c\u1ee7a \u00f4ng \u0111\u00e3 k\u1ebft n\u1ed1i truy\u1ec1n th\u1ed1ng \u0110\u00f4ng v\u00e0 T\u00e2y. Thi\u1ebft k\u1ebf n\u00e0y mang \u0111\u1ebfn cho t\u00e1c ph\u1ea9m c\u1ea3m gi\u00e1c v\u1ec1 s\u1ef1 uy\u00ean b\u00e1c s\u00e2u s\u1eafc v\u00e0 uy t\u00edn h\u1ecdc thu\u1eadt.<\/p>\t\t\t\t\t\t\t\t<\/div>\n\t\t\t\t<\/div>\n\t\t\t\t<div class=\"elementor-element elementor-element-117e242 elementor-widget elementor-widget-image\" data-id=\"117e242\" data-element_type=\"widget\" data-e-type=\"widget\" data-widget_type=\"image.default\">\n\t\t\t\t<div class=\"elementor-widget-container\">\n\t\t\t\t\t\t\t\t\t\t\t\t\t\t\t<img loading=\"lazy\" decoding=\"async\" width=\"800\" height=\"592\" src=\"https:\/\/shatranj.art\/wp-content\/uploads\/2026\/02\/olive-crown-olympos-1024x758.jpg\" class=\"attachment-large size-large wp-image-1558\" alt=\"\" srcset=\"https:\/\/shatranj.art\/wp-content\/uploads\/2026\/02\/olive-crown-olympos-1024x758.jpg 1024w, https:\/\/shatranj.art\/wp-content\/uploads\/2026\/02\/olive-crown-olympos-300x222.jpg 300w, https:\/\/shatranj.art\/wp-content\/uploads\/2026\/02\/olive-crown-olympos-768x568.jpg 768w, https:\/\/shatranj.art\/wp-content\/uploads\/2026\/02\/olive-crown-olympos-16x12.jpg 16w, https:\/\/shatranj.art\/wp-content\/uploads\/2026\/02\/olive-crown-olympos.jpg 1280w\" sizes=\"(max-width: 800px) 100vw, 800px\" \/>\t\t\t\t\t\t\t\t\t\t\t\t\t\t\t<\/div>\n\t\t\t\t<\/div>\n\t\t\t\t<div class=\"elementor-element elementor-element-07417e4 elementor-widget-tablet__width-inherit elementor-widget elementor-widget-text-editor\" data-id=\"07417e4\" data-element_type=\"widget\" data-e-type=\"widget\" data-widget_type=\"text-editor.default\">\n\t\t\t\t<div class=\"elementor-widget-container\">\n\t\t\t\t\t\t\t\t\t<p><strong>Nh\u1eefng c\u00e1nh hoa h\u1ed3ng v\u00e0 v\u01b0\u01a1ng mi\u1ec7n \u00f4 liu c\u1ee7a Olympos<\/strong><\/p><p>V\u01b0\u01a1ng mi\u1ec7n c\u1ee7a qu\u00e2n v\u01b0\u01a1ng \u015eAH\u00ce \u0111\u01b0\u1ee3c trang tr\u00ed b\u1eb1ng nh\u1eefng c\u00e1nh hoa h\u1ed3ng, t\u01b0\u1ee3ng tr\u01b0ng cho v\u1ebb \u0111\u1eb9p v\u00e0 s\u1ef1 mong manh c\u1ee7a cu\u1ed9c s\u1ed1ng \u2013 m\u1ed9t tr\u1ea1ng th\u00e1i qu\u00fd gi\u00e1 c\u1ea7n \u0111\u01b0\u1ee3c b\u1ea3o v\u1ec7 quy\u1ebft li\u1ec7t, gi\u1ed1ng nh\u01b0 c\u00e1ch vua \u0111\u01b0\u1ee3c b\u1ea3o v\u1ec7 tr\u00ean b\u00e0n c\u1edd \u0111\u1ec3 tr\u00e1nh b\u1ecb chi\u1ebfu t\u01b0\u1edbng. Thi\u1ebft k\u1ebf n\u00e0y c\u00f2n l\u1ea5y c\u1ea3m h\u1ee9ng t\u1eeb v\u01b0\u01a1ng mi\u1ec7n \u00f4 liu c\u1ee7a Olympus, k\u1ebft n\u1ed1i gi\u1eefa s\u1ef1 theo \u0111u\u1ed5i chi\u1ebfn th\u1eafng trong l\u1ecbch s\u1eed v\u1edbi vi\u1ec7c b\u1ea3o t\u1ed3n b\u1ea3n ch\u1ea5t mong manh c\u1ee7a cu\u1ed9c s\u1ed1ng.<\/p>\t\t\t\t\t\t\t\t<\/div>\n\t\t\t\t<\/div>\n\t\t\t\t<\/div>\n\t\t<div class=\"elementor-element elementor-element-2d81034 e-con-full e-flex e-con e-child\" data-id=\"2d81034\" data-element_type=\"container\" data-e-type=\"container\">\n\t\t\t\t<div class=\"elementor-element elementor-element-71345be elementor-widget elementor-widget-image\" data-id=\"71345be\" data-element_type=\"widget\" data-e-type=\"widget\" data-widget_type=\"image.default\">\n\t\t\t\t<div class=\"elementor-widget-container\">\n\t\t\t\t\t\t\t\t\t\t\t\t\t\t\t<img loading=\"lazy\" decoding=\"async\" width=\"600\" height=\"800\" src=\"https:\/\/shatranj.art\/wp-content\/uploads\/2026\/02\/suli-statue.jpg\" class=\"attachment-large size-large wp-image-1075\" alt=\"\" srcset=\"https:\/\/shatranj.art\/wp-content\/uploads\/2026\/02\/suli-statue.jpg 600w, https:\/\/shatranj.art\/wp-content\/uploads\/2026\/02\/suli-statue-225x300.jpg 225w\" sizes=\"(max-width: 600px) 100vw, 600px\" \/>\t\t\t\t\t\t\t\t\t\t\t\t\t\t\t<\/div>\n\t\t\t\t<\/div>\n\t\t\t\t<div class=\"elementor-element elementor-element-1f7e824 elementor-widget-tablet__width-inherit elementor-widget elementor-widget-text-editor\" data-id=\"1f7e824\" data-element_type=\"widget\" data-e-type=\"widget\" data-widget_type=\"text-editor.default\">\n\t\t\t\t<div class=\"elementor-widget-container\">\n\t\t\t\t\t\t\t\t\t<p><strong>Di s\u1ea3n Khai s\u00e1ng<\/strong><br \/><strong>Di s\u1ea3n R\u00e9gence trong b\u1ed9 s\u01b0u t\u1eadp \u015eah\u00ee<\/strong><\/p><p>\u00a0<\/p><p>B\u1ed9 c\u1edd vua R\u00e9gence c\u1ee7a Ph\u00e1p t\u01b0\u1ee3ng tr\u01b0ng cho Th\u1eddi k\u1ef3 Khai s\u00e1ng, m\u1ed9t th\u1eddi \u0111\u1ea1i \u0111\u01b0\u1ee3c \u0111\u1ecbnh h\u00ecnh b\u1edfi l\u00fd tr\u00ed v\u00e0 s\u1ef1 theo \u0111u\u1ed5i tri th\u1ee9c. B\u1ed9 c\u1edd n\u00e0y \u0111\u00e3 \u0111\u01b0\u1ee3c c\u00e1c nh\u00e2n v\u1eadt l\u1ecbch s\u1eed n\u1ed5i ti\u1ebfng nh\u01b0 Benjamin Franklin, Napoleon Bonaparte v\u00e0 b\u1eadc th\u1ea7y Philidor s\u1eed d\u1ee5ng t\u1ea1i qu\u00e1n c\u00e0 ph\u00ea n\u1ed5i ti\u1ebfng Caf\u00e9 de la R\u00e9gence, v\u00e0 tr\u1edf th\u00e0nh ti\u00eau chu\u1ea9n cho c\u00e1c cu\u1ed9c thi tr\u00ed tu\u1ec7. B\u1ed9 c\u1edd \u015eah\u00ee \u0111\u01b0\u1ee3c thi\u1ebft k\u1ebf \u0111\u1ec3 g\u00ecn gi\u1eef di s\u1ea3n n\u00e0y. B\u1eb1ng c\u00e1ch l\u1ea5y c\u1ea3m h\u1ee9ng t\u1eeb c\u00e1c h\u1ecda ti\u1ebft hoa l\u00e1 c\u1ee7a Vua R\u00e9gence cho qu\u00e2n G\u00fcl\u015fah, b\u1ed9 c\u1edd \u015eah\u00ee k\u1ebft n\u1ed1i s\u1ef1 thanh l\u1ecbch c\u1ee7a ch\u00e2u \u00c2u th\u1ebf k\u1ef7 18 v\u1edbi truy\u1ec1n th\u1ed1ng h\u1ecdc thu\u1eadt s\u00e2u s\u1eafc c\u1ee7a ph\u01b0\u01a1ng \u0110\u00f4ng, t\u00f4n vinh nh\u1eefng b\u1eadc th\u1ea7y \u0111\u00e3 \u0111\u1ecbnh h\u00ecnh th\u1eddi k\u1ef3 ho\u00e0ng kim c\u1ee7a tr\u00f2 ch\u01a1i.<\/p>\t\t\t\t\t\t\t\t<\/div>\n\t\t\t\t<\/div>\n\t\t\t\t<\/div>\n\t\t\t\t<\/div>\n\t\t\t\t\t<\/div>\n\t\t\t\t<\/div>\n\t\t\t\t<\/div>","protected":false},"excerpt":{"rendered":"<p>\u015eAH\u00ce set monarch\/king\/shah piece: G\u00fcl\u015fah G\u00fcl\u015fah represents the wisdom of the headwrap, the sanctity and authority of the dome, and rose as a symbol of life and beauty, which must be protected from checkmate. The dome draws inspiration from iconic structures like the Hagia Sophia, the Pantheon, and MIT. The headwrap reflects the intellectual legacy [&hellip;]<\/p>\n","protected":false},"author":1,"featured_media":0,"parent":743,"menu_order":0,"comment_status":"closed","ping_status":"closed","template":"","meta":{"footnotes":""},"class_list":["post-1068","page","type-page","status-publish","hentry"],"_links":{"self":[{"href":"https:\/\/shatranj.art\/vi\/wp-json\/wp\/v2\/pages\/1068","targetHints":{"allow":["GET"]}}],"collection":[{"href":"https:\/\/shatranj.art\/vi\/wp-json\/wp\/v2\/pages"}],"about":[{"href":"https:\/\/shatranj.art\/vi\/wp-json\/wp\/v2\/types\/page"}],"author":[{"embeddable":true,"href":"https:\/\/shatranj.art\/vi\/wp-json\/wp\/v2\/users\/1"}],"replies":[{"embeddable":true,"href":"https:\/\/shatranj.art\/vi\/wp-json\/wp\/v2\/comments?post=1068"}],"version-history":[{"count":10,"href":"https:\/\/shatranj.art\/vi\/wp-json\/wp\/v2\/pages\/1068\/revisions"}],"predecessor-version":[{"id":1561,"href":"https:\/\/shatranj.art\/vi\/wp-json\/wp\/v2\/pages\/1068\/revisions\/1561"}],"up":[{"embeddable":true,"href":"https:\/\/shatranj.art\/vi\/wp-json\/wp\/v2\/pages\/743"}],"wp:attachment":[{"href":"https:\/\/shatranj.art\/vi\/wp-json\/wp\/v2\/media?parent=1068"}],"curies":[{"name":"wp","href":"https:\/\/api.w.org\/{rel}","templated":true}]}}