{"id":1355,"date":"2026-02-23T08:47:26","date_gmt":"2026-02-23T08:47:26","guid":{"rendered":"https:\/\/shatranj.art\/?page_id=1355"},"modified":"2026-02-24T06:17:29","modified_gmt":"2026-02-24T06:17:29","slug":"poster-33","status":"publish","type":"page","link":"https:\/\/shatranj.art\/vi\/exhibit\/poster-33\/","title":{"rendered":"Banner 33"},"content":{"rendered":"<div data-elementor-type=\"wp-page\" data-elementor-id=\"1355\" class=\"elementor elementor-1355\" data-elementor-post-type=\"page\">\n\t\t\t\t<div class=\"elementor-element elementor-element-2851794 e-flex e-con-boxed e-con e-parent\" data-id=\"2851794\" data-element_type=\"container\" data-e-type=\"container\" data-settings=\"{&quot;background_background&quot;:&quot;classic&quot;}\">\n\t\t\t\t\t<div class=\"e-con-inner\">\n\t\t<div class=\"elementor-element elementor-element-ed4d108 e-con-full e-flex e-con e-child\" data-id=\"ed4d108\" data-element_type=\"container\" data-e-type=\"container\">\n\t\t\t\t<div class=\"elementor-element elementor-element-2753e94 elementor-widget elementor-widget-image\" data-id=\"2753e94\" data-element_type=\"widget\" data-e-type=\"widget\" data-widget_type=\"image.default\">\n\t\t\t\t<div class=\"elementor-widget-container\">\n\t\t\t\t\t\t\t\t\t\t\t\t\t\t\t<img fetchpriority=\"high\" decoding=\"async\" width=\"800\" height=\"534\" src=\"https:\/\/shatranj.art\/wp-content\/uploads\/2026\/02\/ulku-ve-dalkiran-kultur-un-1024x683.jpeg\" class=\"attachment-large size-large wp-image-1359\" alt=\"\" srcset=\"https:\/\/shatranj.art\/wp-content\/uploads\/2026\/02\/ulku-ve-dalkiran-kultur-un-1024x683.jpeg 1024w, https:\/\/shatranj.art\/wp-content\/uploads\/2026\/02\/ulku-ve-dalkiran-kultur-un-300x200.jpeg 300w, https:\/\/shatranj.art\/wp-content\/uploads\/2026\/02\/ulku-ve-dalkiran-kultur-un-768x512.jpeg 768w, https:\/\/shatranj.art\/wp-content\/uploads\/2026\/02\/ulku-ve-dalkiran-kultur-un-1536x1024.jpeg 1536w, https:\/\/shatranj.art\/wp-content\/uploads\/2026\/02\/ulku-ve-dalkiran-kultur-un-2048x1365.jpeg 2048w, https:\/\/shatranj.art\/wp-content\/uploads\/2026\/02\/ulku-ve-dalkiran-kultur-un-18x12.jpeg 18w\" sizes=\"(max-width: 800px) 100vw, 800px\" \/>\t\t\t\t\t\t\t\t\t\t\t\t\t\t\t<\/div>\n\t\t\t\t<\/div>\n\t\t\t\t<div class=\"elementor-element elementor-element-1b1dadb elementor-widget-tablet__width-inherit elementor-widget elementor-widget-text-editor\" data-id=\"1b1dadb\" data-element_type=\"widget\" data-e-type=\"widget\" data-widget_type=\"text-editor.default\">\n\t\t\t\t<div class=\"elementor-widget-container\">\n\t\t\t\t\t\t\t\t\t<h3><strong>B\u1ed9 c\u1edd vua c\u1ee7a Mustafa Kemal Atat\u00fcrk<\/strong><span style=\"font-weight: 400;\"><br \/><\/span><span style=\"font-weight: 400;\"><br \/><\/span><\/h3><p><span style=\"font-weight: 400;\">Ph\u1ea7n tr\u01b0ng b\u00e0y n\u00e0y gi\u1edbi thi\u1ec7u m\u1ed9t hi\u1ec7n v\u1eadt \u0111\u1ed9c \u0111\u00e1o trong l\u1ecbch s\u1eed Th\u1ed5 Nh\u0129 K\u1ef3: b\u1ed9 c\u1edd vua c\u00e1 nh\u00e2n c\u1ee7a Mustafa Kemal Atat\u00fcrk, ng\u01b0\u1eddi s\u00e1ng l\u1eadp C\u1ed9ng h\u00f2a Th\u1ed5 Nh\u0129 K\u1ef3. \u1ea2nh trong ph\u00f2ng tr\u01b0ng b\u00e0y cho th\u1ea5y H. Serta\u00e7 Dalk\u0131ran c\u00f9ng v\u1edbi con g\u00e1i nu\u00f4i c\u1ee7a Atat\u00fcrk, \u00dclk\u00fc Adatepe, t\u1ef1 h\u00e0o gi\u1edbi thi\u1ec7u b\u1ed9 c\u1edd vua n\u00e0y.<\/span><span style=\"font-weight: 400;\"><br \/><\/span><span style=\"font-weight: 400;\"><br \/><\/span><span style=\"font-weight: 400;\">B\u1ed9 c\u1edd vua n\u00e0y \u0111\u01b0\u1ee3c ch\u1ea1m kh\u1eafc \u0111\u1ed9c \u0111\u00e1o t\u1eeb g\u1ed7 h\u1ed9p, l\u00e0 m\u1ed9t thi\u1ebft k\u1ebf duy nh\u1ea5t. N\u00f3 \u0111\u01b0\u1ee3c l\u1ea5y c\u1ea3m h\u1ee9ng t\u1eeb Tr\u1eadn Gallipoli v\u00e0 \u0111\u01b0\u1ee3c ch\u1ebf t\u00e1c b\u1edfi Tahsin \u00c7ukurluo\u011flu, Tr\u01b0\u1edfng tr\u1ea1m c\u1ee7a Trang tr\u1ea1i R\u1eebng Atat\u00fcrk, ch\u1ed3ng c\u1ee7a Vasfiye Han\u0131m, con g\u00e1i nu\u00f4i c\u1ee7a Z\u00fcbeyde Han\u0131m, v\u00e0 l\u00e0 cha c\u1ee7a \u00dclk\u00fc Adatepe, con g\u00e1i nu\u00f4i c\u1ee7a Atat\u00fcrk. B\u1ed9 c\u1edd n\u00e0y \u0111\u00e3 \u0111\u01b0\u1ee3c t\u1eb7ng l\u00e0m qu\u00e0 cho Atat\u00fcrk. C\u00e1c qu\u00e2n xe \u0111\u01b0\u1ee3c kh\u1eafc th\u00e0nh h\u00ecnh ph\u00e1o, ph\u00f9 h\u1ee3p v\u1edbi thu\u1eadt ng\u1eef \u201cph\u00e1o\u201d, \"\u0111\u1ec9nh\" trong nhi\u1ec1u ng\u00f4n ng\u1eef Nam Slav v\u00e0 Balkan.\u00a0<\/span><\/p><p><span style=\"font-weight: 400;\">Sau khi Atat\u00fcrk qua \u0111\u1eddi, b\u1ed9 c\u1edd vua n\u00e0y \u0111\u01b0\u1ee3c gia \u0111\u00ecnh \u00f4ng b\u1ea3o qu\u1ea3n. Khi Tahsin \u00c7ukurluo\u011flu qua \u0111\u1eddi, b\u1ed9 c\u1edd vua \u0111\u01b0\u1ee3c t\u1eb7ng l\u00e0m k\u1ef7 v\u1eadt cho ng\u01b0\u1eddi b\u1ea1n th\u00e2n thi\u1ebft c\u1ee7a \u00f4ng l\u00e0 Selahattin A\u015fkan, m\u1ed9t nh\u00e2n v\u1eadt c\u00f3 uy t\u00edn trong c\u1ed9ng \u0111\u1ed3ng c\u1edd vua, t\u1ea1i ng\u00f4i nh\u00e0 c\u1ee7a h\u1ecd \u1edf Cevizli, Istanbul.<\/span><\/p><p><span style=\"font-weight: 400;\">Sau n\u00e0y, b\u1ed9 c\u1edd n\u00e0y \u0111\u00e3 \u0111\u01b0\u1ee3c t\u1eb7ng cho H. Serta\u00e7 Dalk\u0131ran, ng\u01b0\u1eddi \u0111\u00e3 th\u00e0nh l\u1eadp tr\u01b0\u1eddng c\u1edd vua v\u00e0 b\u1ea3o t\u00e0ng c\u1edd vua \u0111\u1ea7u ti\u00ean c\u1ee7a \u0111\u1ea5t n\u01b0\u1edbc ch\u00fang ta, \u0111\u1ec3 vinh danh nh\u1eefng \u0111\u00f3ng g\u00f3p xu\u1ea5t s\u1eafc c\u1ee7a \u00f4ng cho m\u00f4n c\u1edd vua t\u1ea1i Th\u1ed5 Nh\u0129 K\u1ef3. \u0110\u01b0\u1ee3c bi\u1ebft, Atat\u00fcrk \u0111\u00e3 ch\u01a1i b\u1ed9 c\u1edd n\u00e0y v\u1edbi \u0130smet \u0130n\u00f6n\u00fc, Selahattin Adil Pasha v\u00e0 c\u00e1c \u0111\u1ed3ng ch\u00ed kh\u00e1c.<\/span><\/p>\t\t\t\t\t\t\t\t<\/div>\n\t\t\t\t<\/div>\n\t\t\t\t<div class=\"elementor-element elementor-element-8077669 elementor-widget elementor-widget-image\" data-id=\"8077669\" data-element_type=\"widget\" data-e-type=\"widget\" data-widget_type=\"image.default\">\n\t\t\t\t<div class=\"elementor-widget-container\">\n\t\t\t\t\t\t\t\t\t\t\t\t\t\t\t<img decoding=\"async\" width=\"800\" height=\"576\" src=\"https:\/\/shatranj.art\/wp-content\/uploads\/2026\/02\/ataturkun-takimi-afis-calismasi-1-1024x737.jpg\" class=\"attachment-large size-large wp-image-1358\" alt=\"\" srcset=\"https:\/\/shatranj.art\/wp-content\/uploads\/2026\/02\/ataturkun-takimi-afis-calismasi-1-1024x737.jpg 1024w, https:\/\/shatranj.art\/wp-content\/uploads\/2026\/02\/ataturkun-takimi-afis-calismasi-1-300x216.jpg 300w, https:\/\/shatranj.art\/wp-content\/uploads\/2026\/02\/ataturkun-takimi-afis-calismasi-1-768x553.jpg 768w, https:\/\/shatranj.art\/wp-content\/uploads\/2026\/02\/ataturkun-takimi-afis-calismasi-1-1536x1106.jpg 1536w, https:\/\/shatranj.art\/wp-content\/uploads\/2026\/02\/ataturkun-takimi-afis-calismasi-1-2048x1475.jpg 2048w, https:\/\/shatranj.art\/wp-content\/uploads\/2026\/02\/ataturkun-takimi-afis-calismasi-1-18x12.jpg 18w\" sizes=\"(max-width: 800px) 100vw, 800px\" \/>\t\t\t\t\t\t\t\t\t\t\t\t\t\t\t<\/div>\n\t\t\t\t<\/div>\n\t\t\t\t<div class=\"elementor-element elementor-element-887b309 elementor-widget elementor-widget-image\" data-id=\"887b309\" data-element_type=\"widget\" data-e-type=\"widget\" data-widget_type=\"image.default\">\n\t\t\t\t<div class=\"elementor-widget-container\">\n\t\t\t\t\t\t\t\t\t\t\t\t\t\t\t<img decoding=\"async\" width=\"800\" height=\"504\" src=\"https:\/\/shatranj.art\/wp-content\/uploads\/2026\/02\/mustafa-kemal-ataturk-chess-set-reduced-size-1024x645.jpg\" class=\"attachment-large size-large wp-image-1446\" alt=\"\" srcset=\"https:\/\/shatranj.art\/wp-content\/uploads\/2026\/02\/mustafa-kemal-ataturk-chess-set-reduced-size-1024x645.jpg 1024w, https:\/\/shatranj.art\/wp-content\/uploads\/2026\/02\/mustafa-kemal-ataturk-chess-set-reduced-size-300x189.jpg 300w, https:\/\/shatranj.art\/wp-content\/uploads\/2026\/02\/mustafa-kemal-ataturk-chess-set-reduced-size-768x484.jpg 768w, https:\/\/shatranj.art\/wp-content\/uploads\/2026\/02\/mustafa-kemal-ataturk-chess-set-reduced-size-1536x968.jpg 1536w, https:\/\/shatranj.art\/wp-content\/uploads\/2026\/02\/mustafa-kemal-ataturk-chess-set-reduced-size-2048x1291.jpg 2048w, https:\/\/shatranj.art\/wp-content\/uploads\/2026\/02\/mustafa-kemal-ataturk-chess-set-reduced-size-18x12.jpg 18w\" sizes=\"(max-width: 800px) 100vw, 800px\" \/>\t\t\t\t\t\t\t\t\t\t\t\t\t\t\t<\/div>\n\t\t\t\t<\/div>\n\t\t\t\t<div class=\"elementor-element elementor-element-67db2a3 elementor-widget elementor-widget-image\" data-id=\"67db2a3\" data-element_type=\"widget\" data-e-type=\"widget\" data-widget_type=\"image.default\">\n\t\t\t\t<div class=\"elementor-widget-container\">\n\t\t\t\t\t\t\t\t\t\t\t\t\t\t\t<img loading=\"lazy\" decoding=\"async\" width=\"768\" height=\"1024\" src=\"https:\/\/shatranj.art\/wp-content\/uploads\/2026\/02\/ulku-adatepe-my-childhood-with-ataturk-768x1024.jpg\" class=\"attachment-large size-large wp-image-1451\" alt=\"\" srcset=\"https:\/\/shatranj.art\/wp-content\/uploads\/2026\/02\/ulku-adatepe-my-childhood-with-ataturk-768x1024.jpg 768w, https:\/\/shatranj.art\/wp-content\/uploads\/2026\/02\/ulku-adatepe-my-childhood-with-ataturk-225x300.jpg 225w, https:\/\/shatranj.art\/wp-content\/uploads\/2026\/02\/ulku-adatepe-my-childhood-with-ataturk-1152x1536.jpg 1152w, https:\/\/shatranj.art\/wp-content\/uploads\/2026\/02\/ulku-adatepe-my-childhood-with-ataturk-1536x2048.jpg 1536w, https:\/\/shatranj.art\/wp-content\/uploads\/2026\/02\/ulku-adatepe-my-childhood-with-ataturk-9x12.jpg 9w, https:\/\/shatranj.art\/wp-content\/uploads\/2026\/02\/ulku-adatepe-my-childhood-with-ataturk-scaled.jpg 1920w\" sizes=\"(max-width: 768px) 100vw, 768px\" \/>\t\t\t\t\t\t\t\t\t\t\t\t\t\t\t<\/div>\n\t\t\t\t<\/div>\n\t\t\t\t<div class=\"elementor-element elementor-element-00467b4 elementor-widget elementor-widget-image\" data-id=\"00467b4\" data-element_type=\"widget\" data-e-type=\"widget\" data-widget_type=\"image.default\">\n\t\t\t\t<div class=\"elementor-widget-container\">\n\t\t\t\t\t\t\t\t\t\t\t\t\t\t\t<img loading=\"lazy\" decoding=\"async\" width=\"768\" height=\"1024\" src=\"https:\/\/shatranj.art\/wp-content\/uploads\/2026\/02\/ulku-adatepe-ataturk-memoirs-768x1024.jpg\" class=\"attachment-large size-large wp-image-1447\" alt=\"\" srcset=\"https:\/\/shatranj.art\/wp-content\/uploads\/2026\/02\/ulku-adatepe-ataturk-memoirs-768x1024.jpg 768w, https:\/\/shatranj.art\/wp-content\/uploads\/2026\/02\/ulku-adatepe-ataturk-memoirs-225x300.jpg 225w, https:\/\/shatranj.art\/wp-content\/uploads\/2026\/02\/ulku-adatepe-ataturk-memoirs-1152x1536.jpg 1152w, https:\/\/shatranj.art\/wp-content\/uploads\/2026\/02\/ulku-adatepe-ataturk-memoirs-1536x2048.jpg 1536w, https:\/\/shatranj.art\/wp-content\/uploads\/2026\/02\/ulku-adatepe-ataturk-memoirs-9x12.jpg 9w, https:\/\/shatranj.art\/wp-content\/uploads\/2026\/02\/ulku-adatepe-ataturk-memoirs-scaled.jpg 1920w\" sizes=\"(max-width: 768px) 100vw, 768px\" \/>\t\t\t\t\t\t\t\t\t\t\t\t\t\t\t<\/div>\n\t\t\t\t<\/div>\n\t\t\t\t<div class=\"elementor-element elementor-element-9bf6bee elementor-widget elementor-widget-image\" data-id=\"9bf6bee\" data-element_type=\"widget\" data-e-type=\"widget\" data-widget_type=\"image.default\">\n\t\t\t\t<div class=\"elementor-widget-container\">\n\t\t\t\t\t\t\t\t\t\t\t\t\t\t\t<img loading=\"lazy\" decoding=\"async\" width=\"530\" height=\"800\" src=\"https:\/\/shatranj.art\/wp-content\/uploads\/2026\/02\/mustafa-kemal-atatur-ulku-adatepe.jpg\" class=\"attachment-large size-large wp-image-1449\" alt=\"\" srcset=\"https:\/\/shatranj.art\/wp-content\/uploads\/2026\/02\/mustafa-kemal-atatur-ulku-adatepe.jpg 530w, https:\/\/shatranj.art\/wp-content\/uploads\/2026\/02\/mustafa-kemal-atatur-ulku-adatepe-199x300.jpg 199w, https:\/\/shatranj.art\/wp-content\/uploads\/2026\/02\/mustafa-kemal-atatur-ulku-adatepe-8x12.jpg 8w\" sizes=\"(max-width: 530px) 100vw, 530px\" \/>\t\t\t\t\t\t\t\t\t\t\t\t\t\t\t<\/div>\n\t\t\t\t<\/div>\n\t\t\t\t<div class=\"elementor-element elementor-element-c32a832 elementor-widget elementor-widget-image\" data-id=\"c32a832\" data-element_type=\"widget\" data-e-type=\"widget\" data-widget_type=\"image.default\">\n\t\t\t\t<div class=\"elementor-widget-container\">\n\t\t\t\t\t\t\t\t\t\t\t\t\t\t\t<img loading=\"lazy\" decoding=\"async\" width=\"640\" height=\"1024\" src=\"https:\/\/shatranj.art\/wp-content\/uploads\/2026\/02\/tahsin-cukurluoglu-ulku-adatepe-chesset-memory-640x1024.jpg\" class=\"attachment-large size-large wp-image-1450\" alt=\"\" srcset=\"https:\/\/shatranj.art\/wp-content\/uploads\/2026\/02\/tahsin-cukurluoglu-ulku-adatepe-chesset-memory-640x1024.jpg 640w, https:\/\/shatranj.art\/wp-content\/uploads\/2026\/02\/tahsin-cukurluoglu-ulku-adatepe-chesset-memory-187x300.jpg 187w, https:\/\/shatranj.art\/wp-content\/uploads\/2026\/02\/tahsin-cukurluoglu-ulku-adatepe-chesset-memory-7x12.jpg 7w, https:\/\/shatranj.art\/wp-content\/uploads\/2026\/02\/tahsin-cukurluoglu-ulku-adatepe-chesset-memory.jpg 652w\" sizes=\"(max-width: 640px) 100vw, 640px\" \/>\t\t\t\t\t\t\t\t\t\t\t\t\t\t\t<\/div>\n\t\t\t\t<\/div>\n\t\t\t\t<div class=\"elementor-element elementor-element-4fc3267 elementor-widget elementor-widget-image\" data-id=\"4fc3267\" data-element_type=\"widget\" data-e-type=\"widget\" data-widget_type=\"image.default\">\n\t\t\t\t<div class=\"elementor-widget-container\">\n\t\t\t\t\t\t\t\t\t\t\t\t\t\t\t<img loading=\"lazy\" decoding=\"async\" width=\"580\" height=\"984\" src=\"https:\/\/shatranj.art\/wp-content\/uploads\/2026\/02\/Tahsin-Cukurluoglu.jpg\" class=\"attachment-large size-large wp-image-1448\" alt=\"\" srcset=\"https:\/\/shatranj.art\/wp-content\/uploads\/2026\/02\/Tahsin-Cukurluoglu.jpg 580w, https:\/\/shatranj.art\/wp-content\/uploads\/2026\/02\/Tahsin-Cukurluoglu-177x300.jpg 177w, https:\/\/shatranj.art\/wp-content\/uploads\/2026\/02\/Tahsin-Cukurluoglu-7x12.jpg 7w\" sizes=\"(max-width: 580px) 100vw, 580px\" \/>\t\t\t\t\t\t\t\t\t\t\t\t\t\t\t<\/div>\n\t\t\t\t<\/div>\n\t\t\t\t<div class=\"elementor-element elementor-element-7c081ec elementor-widget-tablet__width-inherit elementor-widget elementor-widget-text-editor\" data-id=\"7c081ec\" data-element_type=\"widget\" data-e-type=\"widget\" data-widget_type=\"text-editor.default\">\n\t\t\t\t<div class=\"elementor-widget-container\">\n\t\t\t\t\t\t\t\t\t<h3><b>Tr\u1eadn c\u1edd vua kh\u1ed5ng l\u1ed3 tr\u1ef1c ti\u1ebfp t\u1ea1i S\u00e2n v\u1eadn \u0111\u1ed9ng Fenerbah\u00e7e (1997)<\/b><\/h3><p><b>D\u1ef1a tr\u00ean b\u1ee9c tranh gh\u00e9p h\u00ecnh s\u00e2n v\u1eadn \u0111\u1ed9ng.<\/b><\/p><p><span style=\"font-weight: 400;\">H\u00ecnh \u1ea3nh \u1ea5n t\u01b0\u1ee3ng n\u00e0y gi\u1edbi thi\u1ec7u m\u1ed9t s\u1ef1 ki\u1ec7n c\u1edd vua tr\u1ef1c ti\u1ebfp quy m\u00f4 l\u1edbn \u0111\u01b0\u1ee3c t\u1ed5 ch\u1ee9c v\u00e0o n\u0103m 1997 t\u1ea1i s\u00e2n v\u1eadn \u0111\u1ed9ng c\u1ee7a Fenerbah\u00e7e, m\u1ed9t trong nh\u1eefng c\u00e2u l\u1ea1c b\u1ed9 th\u1ec3 thao l\u00e2u \u0111\u1eddi v\u00e0 uy t\u00edn nh\u1ea5t c\u1ee7a Th\u1ed5 Nh\u0129 K\u1ef3.<\/span><\/p><p><span style=\"font-weight: 400;\">Trong s\u1ef1 ki\u1ec7n n\u00e0y, s\u00e2n b\u00f3ng \u0111\u00e1 \u0111\u00e3 \u0111\u01b0\u1ee3c bi\u1ebfn th\u00e0nh m\u1ed9t b\u00e0n c\u1edd kh\u1ed5ng l\u1ed3, c\u00e1c di\u1ec5n vi\u00ean m\u1eb7c trang ph\u1ee5c \u0111\u1eb7c bi\u1ec7t \u0111\u00e3 mang tr\u00f2 ch\u01a1i chi\u1ebfn thu\u1eadt n\u00e0y \u0111\u1ebfn v\u1edbi kh\u00e1n gi\u1ea3 s\u00e2n v\u1eadn \u0111\u1ed9ng b\u1eb1ng c\u00e1ch h\u00f3a th\u00e2n th\u00e0nh c\u00e1c qu\u00e2n c\u1edd. H\u00ecnh \u1ea3nh n\u00e0y k\u1ebft h\u1ee3p m\u1ed9t c\u00e1ch h\u00e0i h\u00f2a gi\u1eefa chi\u1ec1u s\u00e2u tr\u00ed tu\u1ec7 c\u1ee7a c\u1edd vua v\u1edbi m\u1ed9t b\u1eefa ti\u1ec7c th\u1ecb gi\u00e1c \u0111\u1ea7y s\u1ee9c s\u1ed1ng v\u00e0 v\u0103n h\u00f3a th\u1ec3 thao. \u1ea2nh c\u1ee7a Ataturk c\u00f3 th\u1ec3 \u0111\u01b0\u1ee3c nh\u00ecn th\u1ea5y tr\u00ean m\u1ed9t l\u00e1 c\u1edd trong s\u00e2n v\u1eadn \u0111\u1ed9ng.<\/span><\/p><p><b>Ghi ch\u00fa l\u01b0u tr\u1eef:<\/b><span style=\"font-weight: 400;\"> Nh\u01b0 \u0111\u00e3 n\u00eau tr\u00ean b\u1ee9c \u1ea3nh g\u1ed1c, t\u00e1c ph\u1ea9m \u0111\u1eb7c bi\u1ec7t n\u00e0y trong l\u1ecbch s\u1eed c\u1edd vua \u0111\u01b0\u1ee3c tr\u01b0ng b\u00e0y t\u1eeb kho l\u01b0u tr\u1eef v\u00e0 b\u1ed9 s\u01b0u t\u1eadp c\u00e1 nh\u00e2n c\u1ee7a Tr\u1ecdng t\u00e0i C\u1edd vua Qu\u1ed1c t\u1ebf FIDE v\u00e0 Nh\u00e0 v\u0103n, <\/span><b>H. Serta\u00e7 Dalk\u0131ran<\/b><span style=\"font-weight: 400;\">.<\/span><\/p>\t\t\t\t\t\t\t\t<\/div>\n\t\t\t\t<\/div>\n\t\t\t\t<div class=\"elementor-element elementor-element-2284ad2 elementor-widget elementor-widget-image\" data-id=\"2284ad2\" data-element_type=\"widget\" data-e-type=\"widget\" data-widget_type=\"image.default\">\n\t\t\t\t<div class=\"elementor-widget-container\">\n\t\t\t\t\t\t\t\t\t\t\t\t\t\t\t<img loading=\"lazy\" decoding=\"async\" width=\"800\" height=\"557\" src=\"https:\/\/shatranj.art\/wp-content\/uploads\/2026\/02\/Fenerbahce-stadi-bale-1997-1024x713.jpg\" class=\"attachment-large size-large wp-image-1360\" alt=\"\" srcset=\"https:\/\/shatranj.art\/wp-content\/uploads\/2026\/02\/Fenerbahce-stadi-bale-1997-1024x713.jpg 1024w, https:\/\/shatranj.art\/wp-content\/uploads\/2026\/02\/Fenerbahce-stadi-bale-1997-300x209.jpg 300w, https:\/\/shatranj.art\/wp-content\/uploads\/2026\/02\/Fenerbahce-stadi-bale-1997-768x535.jpg 768w, https:\/\/shatranj.art\/wp-content\/uploads\/2026\/02\/Fenerbahce-stadi-bale-1997-1536x1070.jpg 1536w, https:\/\/shatranj.art\/wp-content\/uploads\/2026\/02\/Fenerbahce-stadi-bale-1997-2048x1426.jpg 2048w, https:\/\/shatranj.art\/wp-content\/uploads\/2026\/02\/Fenerbahce-stadi-bale-1997-18x12.jpg 18w\" sizes=\"(max-width: 800px) 100vw, 800px\" \/>\t\t\t\t\t\t\t\t\t\t\t\t\t\t\t<\/div>\n\t\t\t\t<\/div>\n\t\t\t\t<\/div>\n\t\t\t\t\t<\/div>\n\t\t\t\t<\/div>\n\t\t\t\t<\/div>","protected":false},"excerpt":{"rendered":"<p>The chess set of Mustafa Kemal Atat\u00fcrk This section of the exhibit highlights a unique piece of Turkish history: the personal chess set of Mustafa Kemal Atat\u00fcrk, the founder of the Republic of Turkey. The gallery photo shows H. Serta\u00e7 Dalk\u0131ran alongside Atat\u00fcrk&#8217;s adopted daughter, \u00dclk\u00fc Adatepe, proudly presenting the set. This chess set was [&hellip;]<\/p>\n","protected":false},"author":1,"featured_media":0,"parent":743,"menu_order":0,"comment_status":"closed","ping_status":"closed","template":"","meta":{"footnotes":""},"class_list":["post-1355","page","type-page","status-publish","hentry"],"_links":{"self":[{"href":"https:\/\/shatranj.art\/vi\/wp-json\/wp\/v2\/pages\/1355","targetHints":{"allow":["GET"]}}],"collection":[{"href":"https:\/\/shatranj.art\/vi\/wp-json\/wp\/v2\/pages"}],"about":[{"href":"https:\/\/shatranj.art\/vi\/wp-json\/wp\/v2\/types\/page"}],"author":[{"embeddable":true,"href":"https:\/\/shatranj.art\/vi\/wp-json\/wp\/v2\/users\/1"}],"replies":[{"embeddable":true,"href":"https:\/\/shatranj.art\/vi\/wp-json\/wp\/v2\/comments?post=1355"}],"version-history":[{"count":16,"href":"https:\/\/shatranj.art\/vi\/wp-json\/wp\/v2\/pages\/1355\/revisions"}],"predecessor-version":[{"id":1457,"href":"https:\/\/shatranj.art\/vi\/wp-json\/wp\/v2\/pages\/1355\/revisions\/1457"}],"up":[{"embeddable":true,"href":"https:\/\/shatranj.art\/vi\/wp-json\/wp\/v2\/pages\/743"}],"wp:attachment":[{"href":"https:\/\/shatranj.art\/vi\/wp-json\/wp\/v2\/media?parent=1355"}],"curies":[{"name":"wp","href":"https:\/\/api.w.org\/{rel}","templated":true}]}}