{"id":1465,"date":"2026-02-24T06:30:11","date_gmt":"2026-02-24T06:30:11","guid":{"rendered":"https:\/\/shatranj.art\/?page_id=1465"},"modified":"2026-02-24T07:42:10","modified_gmt":"2026-02-24T07:42:10","slug":"poster-35","status":"publish","type":"page","link":"https:\/\/shatranj.art\/vi\/exhibit\/poster-35\/","title":{"rendered":"poster-35"},"content":{"rendered":"<div data-elementor-type=\"wp-page\" data-elementor-id=\"1465\" class=\"elementor elementor-1465\" data-elementor-post-type=\"page\">\n\t\t\t\t<div class=\"elementor-element elementor-element-08b263e e-flex e-con-boxed e-con e-parent\" data-id=\"08b263e\" data-element_type=\"container\" data-e-type=\"container\" data-settings=\"{&quot;background_background&quot;:&quot;classic&quot;}\">\n\t\t\t\t\t<div class=\"e-con-inner\">\n\t\t<div class=\"elementor-element elementor-element-7869a40 e-con-full e-flex e-con e-child\" data-id=\"7869a40\" data-element_type=\"container\" data-e-type=\"container\">\n\t\t\t\t<div class=\"elementor-element elementor-element-1c616f4 elementor-widget elementor-widget-image\" data-id=\"1c616f4\" data-element_type=\"widget\" data-e-type=\"widget\" data-widget_type=\"image.default\">\n\t\t\t\t<div class=\"elementor-widget-container\">\n\t\t\t\t\t\t\t\t\t\t\t\t\t\t\t<img fetchpriority=\"high\" decoding=\"async\" width=\"453\" height=\"371\" src=\"https:\/\/shatranj.art\/wp-content\/uploads\/2026\/02\/Cambridge_Springs_Staunton_Chessmen.jpg\" class=\"attachment-full size-full wp-image-1468\" alt=\"\" srcset=\"https:\/\/shatranj.art\/wp-content\/uploads\/2026\/02\/Cambridge_Springs_Staunton_Chessmen.jpg 453w, https:\/\/shatranj.art\/wp-content\/uploads\/2026\/02\/Cambridge_Springs_Staunton_Chessmen-300x246.jpg 300w, https:\/\/shatranj.art\/wp-content\/uploads\/2026\/02\/Cambridge_Springs_Staunton_Chessmen-15x12.jpg 15w\" sizes=\"(max-width: 453px) 100vw, 453px\" \/>\t\t\t\t\t\t\t\t\t\t\t\t\t\t\t<\/div>\n\t\t\t\t<\/div>\n\t\t\t\t<div class=\"elementor-element elementor-element-a5ffbc0 elementor-widget elementor-widget-text-editor\" data-id=\"a5ffbc0\" data-element_type=\"widget\" data-e-type=\"widget\" data-widget_type=\"text-editor.default\">\n\t\t\t\t<div class=\"elementor-widget-container\">\n\t\t\t\t\t\t\t\t\t<h3 data-path-to-node=\"0\">B\u1ed9 s\u01b0u t\u1eadp qu\u1ed1c t\u1ebf Cambridge Springs n\u0103m 1904<\/h3><p data-path-to-node=\"2\">H\u1ed9i ngh\u1ecb C\u1edd vua Qu\u1ed1c t\u1ebf n\u0103m 1904 t\u1ea1i Cambridge Springs, Pennsylvania, \u0111\u00e3 \u0111\u00e1nh d\u1ea5u m\u1ed9t c\u1ed9t m\u1ed1c l\u1ecbch s\u1eed khi tr\u1edf th\u00e0nh gi\u1ea3i \u0111\u1ea5u qu\u1ed1c t\u1ebf l\u1edbn \u0111\u1ea7u ti\u00ean \u0111\u01b0\u1ee3c t\u1ed5 ch\u1ee9c t\u1ea1i Hoa K\u1ef3. S\u1ef1 ki\u1ec7n n\u00e0y \u0111\u00e3 tr\u1edf th\u00e0nh m\u1ed9t b\u01b0\u1edbc ngo\u1eb7t quan tr\u1ecdng trong Th\u1eddi k\u1ef3 Ho\u00e0ng kim c\u1ee7a c\u1edd vua, th\u1ec3 hi\u1ec7n s\u1ef1 k\u1ebft n\u1ed1i gi\u1eefa truy\u1ec1n th\u1ed1ng c\u1edd vua ch\u00e2u \u00c2u c\u1ed5 \u0111i\u1ec3n v\u00e0 s\u1ef1 tr\u1ed7i d\u1eady c\u1ee7a n\u1ec1n c\u1edd vua M\u1ef9.<\/p><p data-path-to-node=\"2\">\u00a0<\/p><p data-path-to-node=\"3\"><strong>Cu\u1ed9c t\u1ee5 h\u1ecdp c\u1ee7a c\u00e1c b\u1eadc th\u1ea7y huy\u1ec1n tho\u1ea1i<\/strong><\/p><p data-path-to-node=\"3\">\u00a0<\/p><p data-path-to-node=\"4\">Gi\u1ea3i \u0111\u1ea5u quy t\u1ee5 16 tay v\u1ee3t h\u00e0ng \u0111\u1ea7u th\u1ebf gi\u1edbi, tr\u1edf th\u00e0nh m\u1ed9t trong nh\u1eefng gi\u1ea3i \u0111\u1ea5u m\u1ea1nh nh\u1ea5t c\u1ee7a \u0111\u1ea7u th\u1ebf k\u1ef7 20. Danh s\u00e1ch c\u00e1c tay v\u1ee3t tham gia bao g\u1ed3m:<\/p><p data-path-to-node=\"5,0,0\">Emanuel Lasker: Nh\u00e0 v\u00f4 \u0111\u1ecbch th\u1ebf gi\u1edbi \u0111\u01b0\u01a1ng nhi\u1ec7m v\u00e0 l\u00e0 m\u1ed9t th\u1ebf l\u1ef1c th\u1ed1ng tr\u1ecb trong chi\u1ebfn thu\u1eadt c\u1edd vua.<\/p><p data-path-to-node=\"5,1,0\">Mikhail Chigorin: B\u1eadc th\u1ea7y c\u1edd vua huy\u1ec1n tho\u1ea1i ng\u01b0\u1eddi Nga v\u00e0 l\u00e0 ng\u01b0\u1eddi ti\u00ean phong c\u1ee7a tr\u01b0\u1eddng ph\u00e1i c\u1edd vua X\u00f4 Vi\u1ebft.<\/p><p data-path-to-node=\"5,2,0\">Dawid Janowski: M\u1ed9t nh\u00e0 chi\u1ebfn thu\u1eadt t\u00e0i ba ng\u01b0\u1eddi Ba Lan-Ph\u00e1p, n\u1ed5i ti\u1ebfng v\u1edbi l\u1ed1i ch\u01a1i t\u1ea5n c\u00f4ng m\u1ea1nh m\u1ebd v\u00e0 s\u00e1ng t\u1ea1o.<\/p><p data-path-to-node=\"5,3,0\">Frank James Marshall: Tay \u0111\u1ea5m tr\u1ebb ng\u01b0\u1eddi M\u1ef9 \u0111\u00e3 g\u00e2y ch\u1ea5n \u0111\u1ed9ng th\u1ebf gi\u1edbi khi v\u00f4 \u0111\u1ecbch gi\u1ea3i \u0111\u1ea5u m\u00e0 kh\u00f4ng thua tr\u1eadn n\u00e0o, v\u01b0\u1ee3t qua nh\u00e0 v\u00f4 \u0111\u1ecbch th\u1ebf gi\u1edbi.<\/p><p data-path-to-node=\"5,4,0\">C\u00e1c tham d\u1ef1 vi\u00ean n\u1ed5i b\u1eadt kh\u00e1c bao g\u1ed3m Harry Nelson Pillsbury, Carl Schlechter v\u00e0 Richard Teichmann.<\/p><p data-path-to-node=\"5,4,0\">\u00a0<\/p><p>Vi\u1ec7c lo\u1ea1i b\u1ecf bi\u1ec3u t\u01b0\u1ee3ng Th\u00e1nh gi\u00e1 c\u1ee7a Vua kh\u1ecfi thi\u1ebft k\u1ebf g\u1ed1c c\u1ee7a Staunton l\u00e0 m\u1ed9t quy\u1ebft \u0111\u1ecbnh c\u00f3 ch\u1ee7 \u0111\u00edch nh\u1eb1m h\u01b0\u1edbng t\u1edbi s\u1ef1 bao dung, t\u00f4n vinh s\u1ef1 \u0111a d\u1ea1ng v\u1ec1 ngu\u1ed3n g\u1ed1c c\u1ee7a c\u00e1c k\u1ef3 th\u1ee7 qu\u1ed1c t\u1ebf b\u1eb1ng c\u00e1ch \u0111\u01b0a tr\u00f2 ch\u01a1i tr\u1edf l\u1ea1i v\u1edbi b\u1ea3n ch\u1ea5t th\u1ebf t\u1ee5c v\u00e0 tr\u1eebu t\u01b0\u1ee3ng ban \u0111\u1ea7u. Thi\u1ebft k\u1ebf n\u00e0y \u0111\u00e3 x\u00e1c l\u1eadp b\u00e0n c\u1edd vua nh\u01b0 m\u1ed9t s\u00e2n ch\u01a1i trung l\u1eadp c\u1ee7a logic, kh\u00f4ng mang b\u1ea5t k\u1ef3 \u00fd ngh\u0129a t\u00f4n gi\u00e1o c\u1ee5 th\u1ec3 n\u00e0o.<\/p>\t\t\t\t\t\t\t\t<\/div>\n\t\t\t\t<\/div>\n\t\t\t\t<div class=\"elementor-element elementor-element-26ec034 elementor-widget elementor-widget-image\" data-id=\"26ec034\" data-element_type=\"widget\" data-e-type=\"widget\" data-widget_type=\"image.default\">\n\t\t\t\t<div class=\"elementor-widget-container\">\n\t\t\t\t\t\t\t\t\t\t\t\t\t\t\t<img decoding=\"async\" width=\"413\" height=\"520\" src=\"https:\/\/shatranj.art\/wp-content\/uploads\/2026\/02\/1904-cambridge-springs-chess-tournament.jpeg\" class=\"attachment-full size-full wp-image-1517\" alt=\"\" srcset=\"https:\/\/shatranj.art\/wp-content\/uploads\/2026\/02\/1904-cambridge-springs-chess-tournament.jpeg 413w, https:\/\/shatranj.art\/wp-content\/uploads\/2026\/02\/1904-cambridge-springs-chess-tournament-238x300.jpeg 238w, https:\/\/shatranj.art\/wp-content\/uploads\/2026\/02\/1904-cambridge-springs-chess-tournament-10x12.jpeg 10w\" sizes=\"(max-width: 413px) 100vw, 413px\" \/>\t\t\t\t\t\t\t\t\t\t\t\t\t\t\t<\/div>\n\t\t\t\t<\/div>\n\t\t\t\t<\/div>\n\t\t\t\t\t<\/div>\n\t\t\t\t<\/div>\n\t\t\t\t<\/div>","protected":false},"excerpt":{"rendered":"<p>The 1904 Cambridge Springs International Set The 1904 International Chess Congress in Cambridge Springs, Pennsylvania, marked a historic milestone as the first major international tournament hosted in the United States. This event became a defining moment for the Golden Age of chess, representing a bridge between the classic European traditions and the rising prominence of [&hellip;]<\/p>\n","protected":false},"author":1,"featured_media":0,"parent":743,"menu_order":0,"comment_status":"closed","ping_status":"closed","template":"","meta":{"footnotes":""},"class_list":["post-1465","page","type-page","status-publish","hentry"],"_links":{"self":[{"href":"https:\/\/shatranj.art\/vi\/wp-json\/wp\/v2\/pages\/1465","targetHints":{"allow":["GET"]}}],"collection":[{"href":"https:\/\/shatranj.art\/vi\/wp-json\/wp\/v2\/pages"}],"about":[{"href":"https:\/\/shatranj.art\/vi\/wp-json\/wp\/v2\/types\/page"}],"author":[{"embeddable":true,"href":"https:\/\/shatranj.art\/vi\/wp-json\/wp\/v2\/users\/1"}],"replies":[{"embeddable":true,"href":"https:\/\/shatranj.art\/vi\/wp-json\/wp\/v2\/comments?post=1465"}],"version-history":[{"count":17,"href":"https:\/\/shatranj.art\/vi\/wp-json\/wp\/v2\/pages\/1465\/revisions"}],"predecessor-version":[{"id":1520,"href":"https:\/\/shatranj.art\/vi\/wp-json\/wp\/v2\/pages\/1465\/revisions\/1520"}],"up":[{"embeddable":true,"href":"https:\/\/shatranj.art\/vi\/wp-json\/wp\/v2\/pages\/743"}],"wp:attachment":[{"href":"https:\/\/shatranj.art\/vi\/wp-json\/wp\/v2\/media?parent=1465"}],"curies":[{"name":"wp","href":"https:\/\/api.w.org\/{rel}","templated":true}]}}