{"id":1488,"date":"2026-02-24T06:58:44","date_gmt":"2026-02-24T06:58:44","guid":{"rendered":"https:\/\/shatranj.art\/?page_id=1488"},"modified":"2026-02-24T07:15:32","modified_gmt":"2026-02-24T07:15:32","slug":"poster-36","status":"publish","type":"page","link":"https:\/\/shatranj.art\/vi\/exhibit\/poster-36\/","title":{"rendered":"poster-36"},"content":{"rendered":"<div data-elementor-type=\"wp-page\" data-elementor-id=\"1488\" class=\"elementor elementor-1488\" data-elementor-post-type=\"page\">\n\t\t\t\t<div class=\"elementor-element elementor-element-ffdb7d2 e-flex e-con-boxed e-con e-parent\" data-id=\"ffdb7d2\" data-element_type=\"container\" data-e-type=\"container\" data-settings=\"{&quot;background_background&quot;:&quot;classic&quot;}\">\n\t\t\t\t\t<div class=\"e-con-inner\">\n\t\t<div class=\"elementor-element elementor-element-5551562 e-con-full e-flex e-con e-child\" data-id=\"5551562\" data-element_type=\"container\" data-e-type=\"container\">\n\t\t\t\t<div class=\"elementor-element elementor-element-1e762c9 elementor-widget elementor-widget-image\" data-id=\"1e762c9\" data-element_type=\"widget\" data-e-type=\"widget\" data-widget_type=\"image.default\">\n\t\t\t\t<div class=\"elementor-widget-container\">\n\t\t\t\t\t\t\t\t\t\t\t\t\t\t\t<img fetchpriority=\"high\" decoding=\"async\" width=\"569\" height=\"860\" src=\"https:\/\/shatranj.art\/wp-content\/uploads\/2026\/02\/damiano.jpg\" class=\"attachment-full size-full wp-image-1490\" alt=\"\" srcset=\"https:\/\/shatranj.art\/wp-content\/uploads\/2026\/02\/damiano.jpg 569w, https:\/\/shatranj.art\/wp-content\/uploads\/2026\/02\/damiano-198x300.jpg 198w, https:\/\/shatranj.art\/wp-content\/uploads\/2026\/02\/damiano-8x12.jpg 8w\" sizes=\"(max-width: 569px) 100vw, 569px\" \/>\t\t\t\t\t\t\t\t\t\t\t\t\t\t\t<\/div>\n\t\t\t\t<\/div>\n\t\t\t\t<div class=\"elementor-element elementor-element-4488bb1 elementor-widget elementor-widget-text-editor\" data-id=\"4488bb1\" data-element_type=\"widget\" data-e-type=\"widget\" data-widget_type=\"text-editor.default\">\n\t\t\t\t<div class=\"elementor-widget-container\">\n\t\t\t\t\t\t\t\t\t<h3 data-path-to-node=\"0\">B\u1ed9 c\u1edd vua Damiano (kho\u1ea3ng n\u0103m 1512)<\/h3><p data-path-to-node=\"1\">\u0110\u01b0\u1ee3c \u0111\u1eb7t t\u00ean theo Pedro Damiano, d\u01b0\u1ee3c s\u0129 ng\u01b0\u1eddi B\u1ed3 \u0110\u00e0o Nha l\u00e0 t\u00e1c gi\u1ea3 c\u1ee7a cu\u1ed1n s\u00e1ch c\u00f3 \u1ea3nh h\u01b0\u1edfng l\u1edbn n\u0103m 1512 Questo Libro e da Imparare Giocare a Scacchi, b\u1ed9 c\u1edd n\u00e0y \u0111\u1ea1i di\u1ec7n cho m\u1ed9t b\u01b0\u1edbc ngo\u1eb7t quan tr\u1ecdng trong thi\u1ebft k\u1ebf c\u1edd vua. C\u00e1c qu\u00e2n c\u1edd k\u1ebft n\u1ed1i kho\u1ea3ng c\u00e1ch gi\u1eefa c\u00e1c h\u00ecnh th\u1ee9c bi\u1ec3u t\u01b0\u1ee3ng ban \u0111\u1ea7u v\u00e0 bi\u1ec3u di\u1ec5n hi\u1ec7n \u0111\u1ea1i. Trong khi Vua v\u00e0 H\u1eadu c\u00f3 thi\u1ebft k\u1ebf t\u1ea7ng xo\u1eafn \u1ed1c tinh t\u1ebf, v\u00e0 M\u00e3 \u0111\u01b0\u1ee3c th\u1ec3 hi\u1ec7n d\u01b0\u1edbi d\u1ea1ng \u0111\u1ea7u ng\u1ef1a ch\u1ea1m kh\u1eafc, th\u00ec Xe v\u00e0 T\u01b0\u1ee3ng v\u1eabn mang \u0111\u1eadm d\u1ea5u \u1ea5n c\u1ee7a c\u00e1c ti\u1ec1n th\u00e2n trung c\u1ed5. C\u1ee5 th\u1ec3, Xe v\u1eabn gi\u1eef d\u00e1ng v\u1ebb tr\u1eebu t\u01b0\u1ee3ng c\u1ee7a c\u1ed7 xe chi\u1ebfn tranh c\u1ed5 \u0111\u1ea1i, m\u1ed9t h\u00ecnh th\u1ee9c s\u1ebd s\u1edbm ph\u00e1t tri\u1ec3n th\u00e0nh th\u00e1p th\u00e0nh hi\u1ec7n \u0111\u1ea1i.<\/p><p data-path-to-node=\"2\">B\u00e0i lu\u1eadn c\u1ee7a Damiano l\u00e0 cu\u1ed1n s\u00e1ch b\u00e1n ch\u1ea1y nh\u1ea5t \u0111\u1ea7u ti\u00ean c\u1ee7a th\u1eddi hi\u1ec7n \u0111\u1ea1i, thi\u1ebft l\u1eadp nh\u1eefng ti\u00eau chu\u1ea9n c\u01a1 b\u1ea3n nh\u01b0 y\u00eau c\u1ea7u ph\u1ea3i c\u00f3 m\u1ed9t \u00f4 vu\u00f4ng tr\u1eafng \u1edf b\u00ean ph\u1ea3i ng\u01b0\u1eddi ch\u01a1i. L\u1eddi khuy\u00ean b\u1ea5t h\u1ee7 c\u1ee7a \u00f4ng, \u201cN\u1ebfu b\u1ea1n th\u1ea5y m\u1ed9t n\u01b0\u1edbc \u0111i hay, h\u00e3y t\u00ecm m\u1ed9t n\u01b0\u1edbc \u0111i hay h\u01a1n\u201d, ph\u1ea3n \u00e1nh chi\u1ec1u s\u00e2u tr\u00ed tu\u1ec7 m\u00e0 \u00f4ng mang \u0111\u1ebfn cho tr\u00f2 ch\u01a1i. B\u1ed9 s\u01b0u t\u1eadp n\u00e0y l\u00e0 m\u1ed9t ghi ch\u00e9p tr\u1ef1c quan v\u1ec1 s\u1ef1 ph\u00e1t tri\u1ec3n c\u1ee7a th\u1ebf k\u1ef7 16, \u0111\u00e3 bi\u1ebfn tr\u00f2 ch\u01a1i shatranj c\u1ed5 \u0111\u1ea1i th\u00e0nh m\u00f4n th\u1ec3 thao qu\u1ed1c t\u1ebf c\u1ee7a th\u1ebf gi\u1edbi hi\u1ec7n \u0111\u1ea1i.<\/p>\t\t\t\t\t\t\t\t<\/div>\n\t\t\t\t<\/div>\n\t\t\t\t<\/div>\n\t\t\t\t\t<\/div>\n\t\t\t\t<\/div>\n\t\t\t\t<\/div>","protected":false},"excerpt":{"rendered":"<p>The Damiano Chess Set (c. 1512) Named after Pedro Damiano, the Portuguese apothecary who authored the influential 1512 manual Questo Libro e da Imparare Giocare a Scacchi, this set represents a significant transitional moment in chess design. The pieces bridge the gap between early symbolic forms and modern representation. While the Kings and Queens feature [&hellip;]<\/p>\n","protected":false},"author":1,"featured_media":0,"parent":743,"menu_order":0,"comment_status":"closed","ping_status":"closed","template":"","meta":{"footnotes":""},"class_list":["post-1488","page","type-page","status-publish","hentry"],"_links":{"self":[{"href":"https:\/\/shatranj.art\/vi\/wp-json\/wp\/v2\/pages\/1488","targetHints":{"allow":["GET"]}}],"collection":[{"href":"https:\/\/shatranj.art\/vi\/wp-json\/wp\/v2\/pages"}],"about":[{"href":"https:\/\/shatranj.art\/vi\/wp-json\/wp\/v2\/types\/page"}],"author":[{"embeddable":true,"href":"https:\/\/shatranj.art\/vi\/wp-json\/wp\/v2\/users\/1"}],"replies":[{"embeddable":true,"href":"https:\/\/shatranj.art\/vi\/wp-json\/wp\/v2\/comments?post=1488"}],"version-history":[{"count":5,"href":"https:\/\/shatranj.art\/vi\/wp-json\/wp\/v2\/pages\/1488\/revisions"}],"predecessor-version":[{"id":1501,"href":"https:\/\/shatranj.art\/vi\/wp-json\/wp\/v2\/pages\/1488\/revisions\/1501"}],"up":[{"embeddable":true,"href":"https:\/\/shatranj.art\/vi\/wp-json\/wp\/v2\/pages\/743"}],"wp:attachment":[{"href":"https:\/\/shatranj.art\/vi\/wp-json\/wp\/v2\/media?parent=1488"}],"curies":[{"name":"wp","href":"https:\/\/api.w.org\/{rel}","templated":true}]}}