{"id":1504,"date":"2026-02-24T07:16:45","date_gmt":"2026-02-24T07:16:45","guid":{"rendered":"https:\/\/shatranj.art\/?page_id=1504"},"modified":"2026-02-24T07:21:26","modified_gmt":"2026-02-24T07:21:26","slug":"poster-38","status":"publish","type":"page","link":"https:\/\/shatranj.art\/vi\/exhibit\/poster-38\/","title":{"rendered":"poster-38"},"content":{"rendered":"<div data-elementor-type=\"wp-page\" data-elementor-id=\"1504\" class=\"elementor elementor-1504\" data-elementor-post-type=\"page\">\n\t\t\t\t<div class=\"elementor-element elementor-element-d6ea98c e-flex e-con-boxed e-con e-parent\" data-id=\"d6ea98c\" data-element_type=\"container\" data-e-type=\"container\" data-settings=\"{&quot;background_background&quot;:&quot;classic&quot;}\">\n\t\t\t\t\t<div class=\"e-con-inner\">\n\t\t<div class=\"elementor-element elementor-element-8942b74 e-con-full e-flex e-con e-child\" data-id=\"8942b74\" data-element_type=\"container\" data-e-type=\"container\">\n\t\t\t\t<div class=\"elementor-element elementor-element-f1e4538 elementor-widget elementor-widget-image\" data-id=\"f1e4538\" data-element_type=\"widget\" data-e-type=\"widget\" data-widget_type=\"image.default\">\n\t\t\t\t<div class=\"elementor-widget-container\">\n\t\t\t\t\t\t\t\t\t\t\t\t\t\t\t<img fetchpriority=\"high\" decoding=\"async\" width=\"1893\" height=\"798\" src=\"https:\/\/shatranj.art\/wp-content\/uploads\/2026\/02\/romanian-cafe-house-langer-collection.jpg\" class=\"attachment-full size-full wp-image-1506\" alt=\"\" srcset=\"https:\/\/shatranj.art\/wp-content\/uploads\/2026\/02\/romanian-cafe-house-langer-collection.jpg 1893w, https:\/\/shatranj.art\/wp-content\/uploads\/2026\/02\/romanian-cafe-house-langer-collection-300x126.jpg 300w, https:\/\/shatranj.art\/wp-content\/uploads\/2026\/02\/romanian-cafe-house-langer-collection-1024x432.jpg 1024w, https:\/\/shatranj.art\/wp-content\/uploads\/2026\/02\/romanian-cafe-house-langer-collection-768x324.jpg 768w, https:\/\/shatranj.art\/wp-content\/uploads\/2026\/02\/romanian-cafe-house-langer-collection-1536x648.jpg 1536w, https:\/\/shatranj.art\/wp-content\/uploads\/2026\/02\/romanian-cafe-house-langer-collection-18x8.jpg 18w\" sizes=\"(max-width: 1893px) 100vw, 1893px\" \/>\t\t\t\t\t\t\t\t\t\t\t\t\t\t\t<\/div>\n\t\t\t\t<\/div>\n\t\t\t\t<div class=\"elementor-element elementor-element-dced84d elementor-widget elementor-widget-text-editor\" data-id=\"dced84d\" data-element_type=\"widget\" data-e-type=\"widget\" data-widget_type=\"text-editor.default\">\n\t\t\t\t<div class=\"elementor-widget-container\">\n\t\t\t\t\t\t\t\t\t<div id=\"1440505187\" class=\"u_1440505187 dmNewParagraph\"><h3><strong>B\u1ed9 c\u1edd vua c\u1ee7a Qu\u00e1n c\u00e0 ph\u00ea Romania, kho\u1ea3ng n\u0103m 1920-1940<\/strong><br \/><br \/><\/h3><div>Cho \u0111\u1ebfn Chi\u1ebfn tranh th\u1ebf gi\u1edbi th\u1ee9 nh\u1ea5t, m\u1ed9t s\u1ed1 v\u00f9ng c\u1ee7a Romania ng\u00e0y nay \u2013 c\u1ee5 th\u1ec3 l\u00e0 khu v\u1ef1c \u0111\u01b0\u1ee3c g\u1ecdi l\u00e0 Transylvania \u2013 thu\u1ed9c v\u1ec1 \u0110\u1ebf qu\u1ed1c \u00c1o-Hung do d\u00f2ng h\u1ecd Habsburg cai tr\u1ecb. C\u00f3 th\u1ec3 gi\u1ea3 \u0111\u1ecbnh r\u1eb1ng th\u00f4ng qua m\u1ed1i li\u00ean h\u1ec7 n\u00e0y, v\u0103n h\u00f3a qu\u00e1n c\u00e0 ph\u00ea \u00c1o v\u00e0 c\u00e1c b\u1ed9 c\u1edd vua theo phong c\u00e1ch Vienna Coffee House c\u0169ng \u0111\u00e3 du nh\u1eadp v\u00e0o V\u01b0\u01a1ng qu\u1ed1c Romania ph\u00eda nam, n\u01a1i b\u1ed9 c\u1edd n\u00e0y \u0111\u01b0\u1ee3c s\u1eed d\u1ee5ng v\u00e0o nh\u1eefng n\u0103m \u0111\u1ea7u c\u1ee7a th\u1ebf k\u1ef7 20. B\u1ed9 c\u1edd \u0111\u01b0\u1ee3c l\u00e0m t\u1eeb g\u1ed7 xoay, m\u1ed9t m\u1eb7t \u0111\u1ec3 nguy\u00ean m\u00e0u t\u1ef1 nhi\u00ean, m\u1eb7t c\u00f2n l\u1ea1i \u0111\u01b0\u1ee3c s\u01a1n ph\u1ee7 s\u01a1n m\u00e0i \u0111en. N\u00f3 c\u00f3 m\u1ed9t s\u1ed1 \u0111\u1eb7c \u0111i\u1ec3m thi\u1ebft k\u1ebf t\u01b0\u01a1ng \u0111\u1ed3ng v\u1edbi c\u00e1c b\u1ed9 c\u1edd Vienna \u0111\u00e3 \u0111\u1ec1 c\u1eadp, \u0111\u1eb7c bi\u1ec7t l\u00e0 v\u01b0\u01a1ng mi\u1ec7n c\u1ee7a c\u00e1c qu\u00e2n h\u1eadu c\u00f3 h\u00ecnh d\u00e1ng nh\u01b0 m\u0169, c\u00e1c qu\u00e2n gi\u00e1m m\u1ee5c c\u00f3 \u0111\u1ea7u h\u00ecnh c\u1ea7u v\u1edbi m\u00e0u s\u1eafc \u0111\u1ed1i l\u1eadp, ho\u1eb7c c\u00e1c qu\u00e2n xe c\u00f3 thi\u1ebft k\u1ebf ch\u1eafc ch\u1eafn. \u0110i\u1ec1u \u0111\u1eb7c bi\u1ec7t th\u00fa v\u1ecb l\u00e0 h\u00ecnh d\u00e1ng b\u1ea5t th\u01b0\u1eddng c\u1ee7a vua, v\u01b0\u01a1ng mi\u1ec7n c\u1ee7a n\u00f3 \u1edf ph\u00eda tr\u00ean thu h\u1eb9p th\u00e0nh m\u1ed9t ph\u1ea7n nh\u1ecdn k\u00e9o d\u00e0i, \u0111\u1ec9nh l\u00e0 m\u1ed9t qu\u1ea3 c\u1ea7u nh\u1ecf, g\u1ea7n nh\u01b0 th\u1ec3 m\u1ed9t qu\u00e2n t\u1ed1t nh\u1ecf \u0111ang ng\u1ed3i tr\u00ean v\u01b0\u01a1ng mi\u1ec7n c\u1ee7a vua. B\u1ed9 c\u1edd cho th\u1ea5y m\u1ed9t s\u1ed1 d\u1ea5u hi\u1ec7u c\u1ee7a vi\u1ec7c s\u1eed d\u1ee5ng nhi\u1ec1u. M\u1ed9t s\u1ed1 qu\u00e2n c\u1edd d\u01b0\u1eddng nh\u01b0 \u0111\u00e3 \u0111\u01b0\u1ee3c thay th\u1ebf, nh\u01b0ng \u0111i\u1ec1u n\u00e0y kh\u00f4ng l\u00e0m gi\u1ea3m \u0111i \u1ea5n t\u01b0\u1ee3ng t\u1ed5ng th\u1ec3. H\u00ecnh \u1ea3nh v\u00e0 v\u0103n b\u1ea3n \u0111\u01b0\u1ee3c l\u1ea5y t\u1eeb b\u1ed9 s\u01b0u t\u1eadp Langer.<\/div><\/div>\t\t\t\t\t\t\t\t<\/div>\n\t\t\t\t<\/div>\n\t\t\t\t<\/div>\n\t\t\t\t\t<\/div>\n\t\t\t\t<\/div>\n\t\t\t\t<\/div>","protected":false},"excerpt":{"rendered":"<p>Romanian Coffee House Chess set, ca. 1920-1940 Until WWI, some parts of today&#8217;s Romania &#8211; namely the region known as Transylvania &#8211; belonged to the Austro-Hungarian Empire ruled by the Habsburg dynasty. It can be assumed that through this connection the Austrian coffee house culture and the common chess sets of the so called Vienna [&hellip;]<\/p>\n","protected":false},"author":1,"featured_media":0,"parent":743,"menu_order":0,"comment_status":"closed","ping_status":"closed","template":"","meta":{"footnotes":""},"class_list":["post-1504","page","type-page","status-publish","hentry"],"_links":{"self":[{"href":"https:\/\/shatranj.art\/vi\/wp-json\/wp\/v2\/pages\/1504","targetHints":{"allow":["GET"]}}],"collection":[{"href":"https:\/\/shatranj.art\/vi\/wp-json\/wp\/v2\/pages"}],"about":[{"href":"https:\/\/shatranj.art\/vi\/wp-json\/wp\/v2\/types\/page"}],"author":[{"embeddable":true,"href":"https:\/\/shatranj.art\/vi\/wp-json\/wp\/v2\/users\/1"}],"replies":[{"embeddable":true,"href":"https:\/\/shatranj.art\/vi\/wp-json\/wp\/v2\/comments?post=1504"}],"version-history":[{"count":4,"href":"https:\/\/shatranj.art\/vi\/wp-json\/wp\/v2\/pages\/1504\/revisions"}],"predecessor-version":[{"id":1509,"href":"https:\/\/shatranj.art\/vi\/wp-json\/wp\/v2\/pages\/1504\/revisions\/1509"}],"up":[{"embeddable":true,"href":"https:\/\/shatranj.art\/vi\/wp-json\/wp\/v2\/pages\/743"}],"wp:attachment":[{"href":"https:\/\/shatranj.art\/vi\/wp-json\/wp\/v2\/media?parent=1504"}],"curies":[{"name":"wp","href":"https:\/\/api.w.org\/{rel}","templated":true}]}}